{"id":50234,"date":"2026-01-30T10:06:19","date_gmt":"2026-01-30T09:06:19","guid":{"rendered":"https:\/\/cambraterrassa.org\/?post_type=product&#038;p=50234"},"modified":"2026-01-30T10:24:49","modified_gmt":"2026-01-30T09:24:49","slug":"gestio-administrativa-en-el-comerc-internacional","status":"publish","type":"product","link":"https:\/\/cambraterrassa.org\/es\/producte\/gestio-administrativa-en-el-comerc-internacional\/","title":{"rendered":"Gesti\u00f3 administrativa en el Comer\u00e7 Internacional"},"content":{"rendered":"<h5 style=\"margin-bottom: 8px;\"><strong>OBJECTIUS<\/strong><\/h5>\n<p style=\"margin-top: 0;\">Introduir els assistents a la pr\u00e0ctica del comer\u00e7 exterior, de manera que en acabar el curs disposin dels coneixements i la pr\u00e0ctica necess\u00e0ria que els permeti desenvolupar els treballs administratius b\u00e0sics que requereix tota activitat exportadora i\/o importadora.<\/p>\n<h5 style=\"margin-bottom: 8px;\"><strong>DESTINATARIS<\/strong><\/h5>\n<p style=\"margin-top: 0;\">El curs va dirigit tant a persones que desitgin introduir-se en el camp del comer\u00e7 internacional com a persones amb menys d\u2019un any d\u2019experi\u00e8ncia que vulguin aprofundir en els coneixements i t\u00e8cniques de gesti\u00f3 d\u2019una operaci\u00f3 d\u2019importaci\u00f3 i exportaci\u00f3.<\/p>\n<h5 style=\"margin-bottom: 8px;\"><strong>CONTINGUTS<\/strong><\/h5>\n<ol>\n<li><strong>Introducci\u00f3<\/strong>\n<ul style=\"list-style: none; padding-left: 0; margin-top: 6px;\">\n<li>Per qu\u00e8 internacionalitzar el negoci<\/li>\n<li>Raons i elements clau per a les empreses<\/li>\n<li>Vies per a la internacionalitzaci\u00f3<\/li>\n<\/ul>\n<\/li>\n<li><strong>La compravenda internacional<\/strong>\n<ul style=\"list-style: none; padding-left: 0; margin-top: 6px;\">\n<li>L\u2019oferta internacional<\/li>\n<li>El contracte i les condicions de compravenda<\/li>\n<li>Els Incoterms 2020 i casos pr\u00e0ctics de c\u00e0lcul de costos<\/li>\n<\/ul>\n<\/li>\n<li><strong>Gesti\u00f3 duanera<\/strong>\n<ul style=\"list-style: none; padding-left: 0; margin-top: 6px;\">\n<li>El CAU i la documentaci\u00f3<\/li>\n<li>Duanes<\/li>\n<li>El TARIC i el tractament aranzelari<\/li>\n<li>L\u2019origen de les mercaderies<\/li>\n<li>El valor en duana<\/li>\n<\/ul>\n<\/li>\n<li><strong>Fiscalitat i operacions especials<\/strong>\n<ul style=\"list-style: none; padding-left: 0; margin-top: 6px;\">\n<li>El deute duaner<\/li>\n<li>L\u2019IVA de les importacions i exportacions i altres impostos<\/li>\n<li>Casos de c\u00e0lcul del deute duaner<\/li>\n<li>Operacions triangulars i assimilades<\/li>\n<\/ul>\n<\/li>\n<li><strong>Transport i log\u00edstica internacional<\/strong>\n<ul style=\"list-style: none; padding-left: 0; margin-top: 6px;\">\n<li>L\u2019aventura log\u00edstica i els diferents mitjans de transport<\/li>\n<li>Els documents del transport<\/li>\n<\/ul>\n<\/li>\n<li><strong>Formes i mitjans de pagament i finan\u00e7ament internacional<\/strong>\n<ul style=\"list-style: none; padding-left: 0; margin-top: 6px;\">\n<li>Principals mitjans de pagament internacionals<\/li>\n<li>Mitjans documentaris CAD (Remesa i Cr\u00e8dit)<\/li>\n<li>Garanties banc\u00e0ries<\/li>\n<li>Mitjans de finan\u00e7ament<\/li>\n<\/ul>\n<\/li>\n<li><strong>An\u00e0lisi de riscos i assegurances<\/strong>\n<ul style=\"list-style: none; padding-left: 0; margin-top: 6px;\">\n<li>Els riscos del comer\u00e7 internacional<\/li>\n<li>L\u2019asseguran\u00e7a de canvi<\/li>\n<li>Aspectes b\u00e0sics de l\u2019asseguran\u00e7a en el comer\u00e7 internacional<\/li>\n<li>L\u2019asseguran\u00e7a de la mercaderia<\/li>\n<li>L\u2019asseguran\u00e7a del transport<\/li>\n<li>L\u2019asseguran\u00e7a de cr\u00e8dit a l\u2019exportaci\u00f3 (CESCE)<\/li>\n<\/ul>\n<\/li>\n<\/ol>\n<h5 style=\"margin-bottom: 8px;\"><strong>PROFESSORAT<\/strong><\/h5>\n<p style=\"margin-top: 0;\"><strong>Daniel Gonz\u00e1lez<\/strong><br \/>\nResponsable d\u2019Assessoria Jur\u00eddica Internacional en la Cambra Oficial de Comer\u00e7, Ind\u00fastria i Serveis de Terrassa.<\/p>\n<p>Advocat i Assessor d\u2019empresa en Fiscalitat de l\u2019empresa, Compravenda internacional, Comer\u00e7 exterior i Dret internacional privat, RGPD-LOPD i E-commerce, marques i imatge corporativa, Formador en Comer\u00e7 Internacional, Finances internacionals i fiscalitat empresarial.<\/p>\n<h5 style=\"margin-bottom: 8px;\"><strong>CALENDARI<\/strong><\/h5>\n<p style=\"margin-top: 0;\"><strong>Durada:<\/strong> 14, 21 i 28 d\u2019abril; 5, 12, 19 i 26 de maig; 2, 9 i 16 de juny de 2026 (40 hores)<\/p>\n<p>De 9.30 a 13.30 h<\/p>\n<p><strong>UBICACI\u00d3:<\/strong><br \/>\nCambra de Comer\u00e7, Ind\u00fastria i Serveis de Terrassa<br \/>\nC\/ Blasco de Garay, 29-49<br \/>\n08224 Terrassa<\/p>\n<p>&nbsp;<\/p>\n<p><em>*La Cambra no gestiona la bonificaci\u00f3 dels cursos*<\/em><\/p>\n","protected":false},"excerpt":{"rendered":"<p data-start=\"246\" data-end=\"499\">Aquest curs est\u00e0 dissenyat per introduir els participants a la pr\u00e0ctica del comer\u00e7 exterior, proporcionant els coneixements i les eines necess\u00e0ries per gestionar els processos administratius b\u00e0sics vinculats a les operacions d\u2019importaci\u00f3 i exportaci\u00f3.<\/p>\n<p data-start=\"506\" data-end=\"955\">Adre\u00e7at a persones que volen iniciar-se en el comer\u00e7 internacional o que compten amb menys d\u2019un any d\u2019experi\u00e8ncia i desitgen aprofundir en la gesti\u00f3 d\u2019operacions internacionals. El programa aborda aspectes clau com la compravenda internacional, els incoterms 2020, la gesti\u00f3 duanera i fiscal, el transport i la log\u00edstica internacional, les formes de pagament i finan\u00e7ament, aix\u00ed com l\u2019an\u00e0lisi de riscos i les assegurances en el comer\u00e7 internacional.<\/p>\n","protected":false},"featured_media":0,"comment_status":"open","ping_status":"closed","template":"","meta":{"_acf_changed":false,"content-type":"","site-sidebar-layout":"default","site-content-layout":"","ast-site-content-layout":"default","site-content-style":"default","site-sidebar-style":"default","ast-global-header-display":"","ast-banner-title-visibility":"","ast-main-header-display":"","ast-hfb-above-header-display":"","ast-hfb-below-header-display":"","ast-hfb-mobile-header-display":"","site-post-title":"","ast-breadcrumbs-content":"","ast-featured-img":"","footer-sml-layout":"","ast-disable-related-posts":"","theme-transparent-header-meta":"default","adv-header-id-meta":"","stick-header-meta":"","header-above-stick-meta":"","header-main-stick-meta":"","header-below-stick-meta":"","astra-migrate-meta-layouts":"set","ast-page-background-enabled":"default","ast-page-background-meta":{"desktop":{"background-color":"var(--ast-global-color-4)","background-image":"","background-repeat":"repeat","background-position":"center center","background-size":"auto","background-attachment":"scroll","background-type":"","background-media":"","overlay-type":"","overlay-color":"","overlay-opacity":"","overlay-gradient":""},"tablet":{"background-color":"","background-image":"","background-repeat":"repeat","background-position":"center center","background-size":"auto","background-attachment":"scroll","background-type":"","background-media":"","overlay-type":"","overlay-color":"","overlay-opacity":"","overlay-gradient":""},"mobile":{"background-color":"","background-image":"","background-repeat":"repeat","background-position":"center center","background-size":"auto","background-attachment":"scroll","background-type":"","background-media":"","overlay-type":"","overlay-color":"","overlay-opacity":"","overlay-gradient":""}},"ast-content-background-meta":{"desktop":{"background-color":"var(--ast-global-color-5)","background-image":"","background-repeat":"repeat","background-position":"center center","background-size":"auto","background-attachment":"scroll","background-type":"","background-media":"","overlay-type":"","overlay-color":"","overlay-opacity":"","overlay-gradient":""},"tablet":{"background-color":"var(--ast-global-color-5)","background-image":"","background-repeat":"repeat","background-position":"center center","background-size":"auto","background-attachment":"scroll","background-type":"","background-media":"","overlay-type":"","overlay-color":"","overlay-opacity":"","overlay-gradient":""},"mobile":{"background-color":"var(--ast-global-color-5)","background-image":"","background-repeat":"repeat","background-position":"center center","background-size":"auto","background-attachment":"scroll","background-type":"","background-media":"","overlay-type":"","overlay-color":"","overlay-opacity":"","overlay-gradient":""}}},"product_brand":[],"product_cat":[67],"product_tag":[],"class_list":{"0":"post-50234","1":"product","2":"type-product","3":"status-publish","5":"product_cat-cursos-i-tallers","6":"desktop-align-left","7":"tablet-align-left","8":"mobile-align-left","10":"first","11":"instock","12":"shipping-taxable","13":"purchasable","14":"product-type-simple"},"acf":[],"yoast_head":"<title>Gesti\u00f3 administrativa en el Comer\u00e7 Internacional - Cambra de Comer\u00e7 de Terrassa<\/title>\n<meta name=\"description\" content=\"Coneixements i pr\u00e0ctica necess\u00e0ria per desenvolupar els treballs administratius que requereix tota activitat exportadora i\/o importadora.\" \/>\n<meta name=\"robots\" content=\"noindex, follow\" \/>\n<meta property=\"og:locale\" content=\"es_ES\" \/>\n<meta property=\"og:type\" content=\"article\" \/>\n<meta property=\"og:title\" content=\"Gesti\u00f3 administrativa en el Comer\u00e7 Internacional - Cambra de Comer\u00e7 de Terrassa\" \/>\n<meta property=\"og:description\" content=\"Coneixements i pr\u00e0ctica necess\u00e0ria per desenvolupar els treballs administratius que requereix tota activitat exportadora i\/o importadora.\" \/>\n<meta property=\"og:url\" content=\"https:\/\/cambraterrassa.org\/producte\/gestio-administrativa-en-el-comerc-internacional\/\" \/>\n<meta property=\"og:site_name\" content=\"Cambra de Comer\u00e7 de Terrassa\" \/>\n<meta property=\"article:modified_time\" content=\"2026-01-30T09:24:49+00:00\" \/>\n<meta name=\"twitter:card\" content=\"summary_large_image\" \/>\n<meta name=\"twitter:label1\" content=\"Tiempo de lectura\" \/>\n\t<meta name=\"twitter:data1\" content=\"2 minutos\" \/>\n<script type=\"application\/ld+json\" class=\"yoast-schema-graph\">{\"@context\":\"https:\\\/\\\/schema.org\",\"@graph\":[{\"@type\":\"WebPage\",\"@id\":\"https:\\\/\\\/cambraterrassa.org\\\/producte\\\/gestio-administrativa-en-el-comerc-internacional\\\/\",\"url\":\"https:\\\/\\\/cambraterrassa.org\\\/producte\\\/gestio-administrativa-en-el-comerc-internacional\\\/\",\"name\":\"Gesti\u00f3 administrativa en el Comer\u00e7 Internacional - Cambra de Comer\u00e7 de Terrassa\",\"isPartOf\":{\"@id\":\"https:\\\/\\\/cambraterrassa.org\\\/#website\"},\"datePublished\":\"2026-01-30T09:06:19+00:00\",\"dateModified\":\"2026-01-30T09:24:49+00:00\",\"description\":\"Coneixements i pr\u00e0ctica necess\u00e0ria per desenvolupar els treballs administratius que requereix tota activitat exportadora i\\\/o importadora.\",\"breadcrumb\":{\"@id\":\"https:\\\/\\\/cambraterrassa.org\\\/producte\\\/gestio-administrativa-en-el-comerc-internacional\\\/#breadcrumb\"},\"inLanguage\":\"es\",\"potentialAction\":[{\"@type\":\"ReadAction\",\"target\":[\"https:\\\/\\\/cambraterrassa.org\\\/producte\\\/gestio-administrativa-en-el-comerc-internacional\\\/\"]}]},{\"@type\":\"BreadcrumbList\",\"@id\":\"https:\\\/\\\/cambraterrassa.org\\\/producte\\\/gestio-administrativa-en-el-comerc-internacional\\\/#breadcrumb\",\"itemListElement\":[{\"@type\":\"ListItem\",\"position\":1,\"name\":\"Inici\",\"item\":\"https:\\\/\\\/cambraterrassa.org\\\/\"},{\"@type\":\"ListItem\",\"position\":2,\"name\":\"Botiga\",\"item\":\"https:\\\/\\\/cambraterrassa.org\\\/botiga\\\/\"},{\"@type\":\"ListItem\",\"position\":3,\"name\":\"Gesti\u00f3 administrativa en el Comer\u00e7 Internacional\"}]},{\"@type\":\"WebSite\",\"@id\":\"https:\\\/\\\/cambraterrassa.org\\\/#website\",\"url\":\"https:\\\/\\\/cambraterrassa.org\\\/\",\"name\":\"Cambra de Comer\u00e7 de Terrassa\",\"description\":\"\",\"potentialAction\":[{\"@type\":\"SearchAction\",\"target\":{\"@type\":\"EntryPoint\",\"urlTemplate\":\"https:\\\/\\\/cambraterrassa.org\\\/?s={search_term_string}\"},\"query-input\":{\"@type\":\"PropertyValueSpecification\",\"valueRequired\":true,\"valueName\":\"search_term_string\"}}],\"inLanguage\":\"es\"}]}<\/script>","yoast_head_json":{"title":"Gesti\u00f3 administrativa en el Comer\u00e7 Internacional - Cambra de Comer\u00e7 de Terrassa","description":"Coneixements i pr\u00e0ctica necess\u00e0ria per desenvolupar els treballs administratius que requereix tota activitat exportadora i\/o importadora.","robots":{"index":"noindex","follow":"follow"},"og_locale":"es_ES","og_type":"article","og_title":"Gesti\u00f3 administrativa en el Comer\u00e7 Internacional - Cambra de Comer\u00e7 de Terrassa","og_description":"Coneixements i pr\u00e0ctica necess\u00e0ria per desenvolupar els treballs administratius que requereix tota activitat exportadora i\/o importadora.","og_url":"https:\/\/cambraterrassa.org\/producte\/gestio-administrativa-en-el-comerc-internacional\/","og_site_name":"Cambra de Comer\u00e7 de Terrassa","article_modified_time":"2026-01-30T09:24:49+00:00","twitter_card":"summary_large_image","twitter_misc":{"Tiempo de lectura":"2 minutos"},"schema":{"@context":"https:\/\/schema.org","@graph":[{"@type":"WebPage","@id":"https:\/\/cambraterrassa.org\/producte\/gestio-administrativa-en-el-comerc-internacional\/","url":"https:\/\/cambraterrassa.org\/producte\/gestio-administrativa-en-el-comerc-internacional\/","name":"Gesti\u00f3 administrativa en el Comer\u00e7 Internacional - Cambra de Comer\u00e7 de Terrassa","isPartOf":{"@id":"https:\/\/cambraterrassa.org\/#website"},"datePublished":"2026-01-30T09:06:19+00:00","dateModified":"2026-01-30T09:24:49+00:00","description":"Coneixements i pr\u00e0ctica necess\u00e0ria per desenvolupar els treballs administratius que requereix tota activitat exportadora i\/o importadora.","breadcrumb":{"@id":"https:\/\/cambraterrassa.org\/producte\/gestio-administrativa-en-el-comerc-internacional\/#breadcrumb"},"inLanguage":"es","potentialAction":[{"@type":"ReadAction","target":["https:\/\/cambraterrassa.org\/producte\/gestio-administrativa-en-el-comerc-internacional\/"]}]},{"@type":"BreadcrumbList","@id":"https:\/\/cambraterrassa.org\/producte\/gestio-administrativa-en-el-comerc-internacional\/#breadcrumb","itemListElement":[{"@type":"ListItem","position":1,"name":"Inici","item":"https:\/\/cambraterrassa.org\/"},{"@type":"ListItem","position":2,"name":"Botiga","item":"https:\/\/cambraterrassa.org\/botiga\/"},{"@type":"ListItem","position":3,"name":"Gesti\u00f3 administrativa en el Comer\u00e7 Internacional"}]},{"@type":"WebSite","@id":"https:\/\/cambraterrassa.org\/#website","url":"https:\/\/cambraterrassa.org\/","name":"Cambra de Comer\u00e7 de Terrassa","description":"","potentialAction":[{"@type":"SearchAction","target":{"@type":"EntryPoint","urlTemplate":"https:\/\/cambraterrassa.org\/?s={search_term_string}"},"query-input":{"@type":"PropertyValueSpecification","valueRequired":true,"valueName":"search_term_string"}}],"inLanguage":"es"}]}},"_links":{"self":[{"href":"https:\/\/cambraterrassa.org\/es\/wp-json\/wp\/v2\/product\/50234","targetHints":{"allow":["GET"]}}],"collection":[{"href":"https:\/\/cambraterrassa.org\/es\/wp-json\/wp\/v2\/product"}],"about":[{"href":"https:\/\/cambraterrassa.org\/es\/wp-json\/wp\/v2\/types\/product"}],"replies":[{"embeddable":true,"href":"https:\/\/cambraterrassa.org\/es\/wp-json\/wp\/v2\/comments?post=50234"}],"wp:attachment":[{"href":"https:\/\/cambraterrassa.org\/es\/wp-json\/wp\/v2\/media?parent=50234"}],"wp:term":[{"taxonomy":"product_brand","embeddable":true,"href":"https:\/\/cambraterrassa.org\/es\/wp-json\/wp\/v2\/product_brand?post=50234"},{"taxonomy":"product_cat","embeddable":true,"href":"https:\/\/cambraterrassa.org\/es\/wp-json\/wp\/v2\/product_cat?post=50234"},{"taxonomy":"product_tag","embeddable":true,"href":"https:\/\/cambraterrassa.org\/es\/wp-json\/wp\/v2\/product_tag?post=50234"}],"curies":[{"name":"wp","href":"https:\/\/api.w.org\/{rel}","templated":true}]}}