{"id":48241,"date":"2025-11-17T10:48:57","date_gmt":"2025-11-17T09:48:57","guid":{"rendered":"https:\/\/cambraterrassa.org\/?post_type=product&#038;p=48241"},"modified":"2025-11-17T11:07:06","modified_gmt":"2025-11-17T10:07:06","slug":"fiscalitat-de-liva-en-lexportacio","status":"publish","type":"product","link":"https:\/\/cambraterrassa.org\/es\/producte\/fiscalitat-de-liva-en-lexportacio\/","title":{"rendered":"Fiscalitat de l&#8217;IVA en l&#8217;exportaci\u00f3"},"content":{"rendered":"","protected":false},"excerpt":{"rendered":"<p>La gesti\u00f3 de l\u2019IVA en les importacions \u00e9s cada cop m\u00e9s exigent a causa d\u2019un marc normatiu en constant canvi. Per ajudar els professionals del comer\u00e7 internacional a aplicar correctament aquesta normativa, la Universitat Aut\u00f2noma de Barcelona i la Cambra de Terrassa han creat una microcredencial clara i actualitzada sobre l\u2019IVA en el tr\u00e0fic exterior de mercaderies.<\/p>\n<p>El curs ofereix una aproximaci\u00f3 pr\u00e0ctica al fet imposable, la base imposable, les exempcions i la relaci\u00f3 entre duanes i IVA, incorporant casos reals per facilitar la comprensi\u00f3 i l\u2019adaptaci\u00f3 a les obligacions fiscals vigents.<\/p>\n","protected":false},"featured_media":0,"comment_status":"open","ping_status":"closed","template":"","meta":{"_acf_changed":false,"site-sidebar-layout":"default","site-content-layout":"","ast-site-content-layout":"default","site-content-style":"default","site-sidebar-style":"default","ast-global-header-display":"","ast-banner-title-visibility":"","ast-main-header-display":"","ast-hfb-above-header-display":"","ast-hfb-below-header-display":"","ast-hfb-mobile-header-display":"","site-post-title":"","ast-breadcrumbs-content":"","ast-featured-img":"","footer-sml-layout":"","ast-disable-related-posts":"","theme-transparent-header-meta":"default","adv-header-id-meta":"","stick-header-meta":"","header-above-stick-meta":"","header-main-stick-meta":"","header-below-stick-meta":"","astra-migrate-meta-layouts":"set","ast-page-background-enabled":"default","ast-page-background-meta":{"desktop":{"background-color":"var(--ast-global-color-4)","background-image":"","background-repeat":"repeat","background-position":"center center","background-size":"auto","background-attachment":"scroll","background-type":"","background-media":"","overlay-type":"","overlay-color":"","overlay-opacity":"","overlay-gradient":""},"tablet":{"background-color":"","background-image":"","background-repeat":"repeat","background-position":"center center","background-size":"auto","background-attachment":"scroll","background-type":"","background-media":"","overlay-type":"","overlay-color":"","overlay-opacity":"","overlay-gradient":""},"mobile":{"background-color":"","background-image":"","background-repeat":"repeat","background-position":"center center","background-size":"auto","background-attachment":"scroll","background-type":"","background-media":"","overlay-type":"","overlay-color":"","overlay-opacity":"","overlay-gradient":""}},"ast-content-background-meta":{"desktop":{"background-color":"var(--ast-global-color-5)","background-image":"","background-repeat":"repeat","background-position":"center center","background-size":"auto","background-attachment":"scroll","background-type":"","background-media":"","overlay-type":"","overlay-color":"","overlay-opacity":"","overlay-gradient":""},"tablet":{"background-color":"var(--ast-global-color-5)","background-image":"","background-repeat":"repeat","background-position":"center center","background-size":"auto","background-attachment":"scroll","background-type":"","background-media":"","overlay-type":"","overlay-color":"","overlay-opacity":"","overlay-gradient":""},"mobile":{"background-color":"var(--ast-global-color-5)","background-image":"","background-repeat":"repeat","background-position":"center center","background-size":"auto","background-attachment":"scroll","background-type":"","background-media":"","overlay-type":"","overlay-color":"","overlay-opacity":"","overlay-gradient":""}}},"product_brand":[],"product_cat":[67],"product_tag":[],"class_list":{"0":"post-48241","1":"product","2":"type-product","3":"status-publish","5":"product_cat-cursos-i-tallers","6":"desktop-align-left","7":"tablet-align-left","8":"mobile-align-left","10":"first","11":"instock","12":"sale","13":"shipping-taxable","14":"purchasable","15":"product-type-simple"},"acf":[],"yoast_head":"<title>Fiscalitat de l&#039;IVA en l&#039;exportaci\u00f3 - Cambra de Comer\u00e7 de Terrassa<\/title>\n<meta name=\"robots\" content=\"noindex, follow\" \/>\n<meta property=\"og:locale\" content=\"es_ES\" \/>\n<meta property=\"og:type\" content=\"article\" \/>\n<meta property=\"og:title\" content=\"Fiscalitat de l&#039;IVA en l&#039;exportaci\u00f3 - Cambra de Comer\u00e7 de Terrassa\" \/>\n<meta property=\"og:description\" content=\"La gesti\u00f3 de l\u2019IVA en les importacions \u00e9s cada cop m\u00e9s exigent a causa d\u2019un marc normatiu en constant canvi. Per ajudar els professionals del comer\u00e7 internacional a aplicar correctament aquesta normativa, la Universitat Aut\u00f2noma de Barcelona i la Cambra de Terrassa han creat una microcredencial clara i actualitzada sobre l\u2019IVA en el tr\u00e0fic exterior de mercaderies.  El curs ofereix una aproximaci\u00f3 pr\u00e0ctica al fet imposable, la base imposable, les exempcions i la relaci\u00f3 entre duanes i IVA, incorporant casos reals per facilitar la comprensi\u00f3 i l\u2019adaptaci\u00f3 a les obligacions fiscals vigents.\" \/>\n<meta property=\"og:url\" content=\"https:\/\/cambraterrassa.org\/producte\/fiscalitat-de-liva-en-lexportacio\/\" \/>\n<meta property=\"og:site_name\" content=\"Cambra de Comer\u00e7 de Terrassa\" \/>\n<meta property=\"article:modified_time\" content=\"2025-11-17T10:07:06+00:00\" \/>\n<meta name=\"twitter:card\" content=\"summary_large_image\" \/>\n<script type=\"application\/ld+json\" class=\"yoast-schema-graph\">{\"@context\":\"https:\\\/\\\/schema.org\",\"@graph\":[{\"@type\":\"WebPage\",\"@id\":\"https:\\\/\\\/cambraterrassa.org\\\/producte\\\/fiscalitat-de-liva-en-lexportacio\\\/\",\"url\":\"https:\\\/\\\/cambraterrassa.org\\\/producte\\\/fiscalitat-de-liva-en-lexportacio\\\/\",\"name\":\"Fiscalitat de l'IVA en l'exportaci\u00f3 - Cambra de Comer\u00e7 de Terrassa\",\"isPartOf\":{\"@id\":\"https:\\\/\\\/cambraterrassa.org\\\/#website\"},\"datePublished\":\"2025-11-17T09:48:57+00:00\",\"dateModified\":\"2025-11-17T10:07:06+00:00\",\"breadcrumb\":{\"@id\":\"https:\\\/\\\/cambraterrassa.org\\\/producte\\\/fiscalitat-de-liva-en-lexportacio\\\/#breadcrumb\"},\"inLanguage\":\"es\",\"potentialAction\":[{\"@type\":\"ReadAction\",\"target\":[\"https:\\\/\\\/cambraterrassa.org\\\/producte\\\/fiscalitat-de-liva-en-lexportacio\\\/\"]}]},{\"@type\":\"BreadcrumbList\",\"@id\":\"https:\\\/\\\/cambraterrassa.org\\\/producte\\\/fiscalitat-de-liva-en-lexportacio\\\/#breadcrumb\",\"itemListElement\":[{\"@type\":\"ListItem\",\"position\":1,\"name\":\"Inici\",\"item\":\"https:\\\/\\\/cambraterrassa.org\\\/\"},{\"@type\":\"ListItem\",\"position\":2,\"name\":\"Botiga\",\"item\":\"https:\\\/\\\/cambraterrassa.org\\\/botiga\\\/\"},{\"@type\":\"ListItem\",\"position\":3,\"name\":\"Fiscalitat de l&#8217;IVA en l&#8217;exportaci\u00f3\"}]},{\"@type\":\"WebSite\",\"@id\":\"https:\\\/\\\/cambraterrassa.org\\\/#website\",\"url\":\"https:\\\/\\\/cambraterrassa.org\\\/\",\"name\":\"Cambra de Comer\u00e7 de Terrassa\",\"description\":\"\",\"potentialAction\":[{\"@type\":\"SearchAction\",\"target\":{\"@type\":\"EntryPoint\",\"urlTemplate\":\"https:\\\/\\\/cambraterrassa.org\\\/?s={search_term_string}\"},\"query-input\":{\"@type\":\"PropertyValueSpecification\",\"valueRequired\":true,\"valueName\":\"search_term_string\"}}],\"inLanguage\":\"es\"}]}<\/script>","yoast_head_json":{"title":"Fiscalitat de l'IVA en l'exportaci\u00f3 - Cambra de Comer\u00e7 de Terrassa","robots":{"index":"noindex","follow":"follow"},"og_locale":"es_ES","og_type":"article","og_title":"Fiscalitat de l'IVA en l'exportaci\u00f3 - Cambra de Comer\u00e7 de Terrassa","og_description":"La gesti\u00f3 de l\u2019IVA en les importacions \u00e9s cada cop m\u00e9s exigent a causa d\u2019un marc normatiu en constant canvi. Per ajudar els professionals del comer\u00e7 internacional a aplicar correctament aquesta normativa, la Universitat Aut\u00f2noma de Barcelona i la Cambra de Terrassa han creat una microcredencial clara i actualitzada sobre l\u2019IVA en el tr\u00e0fic exterior de mercaderies.  El curs ofereix una aproximaci\u00f3 pr\u00e0ctica al fet imposable, la base imposable, les exempcions i la relaci\u00f3 entre duanes i IVA, incorporant casos reals per facilitar la comprensi\u00f3 i l\u2019adaptaci\u00f3 a les obligacions fiscals vigents.","og_url":"https:\/\/cambraterrassa.org\/producte\/fiscalitat-de-liva-en-lexportacio\/","og_site_name":"Cambra de Comer\u00e7 de Terrassa","article_modified_time":"2025-11-17T10:07:06+00:00","twitter_card":"summary_large_image","schema":{"@context":"https:\/\/schema.org","@graph":[{"@type":"WebPage","@id":"https:\/\/cambraterrassa.org\/producte\/fiscalitat-de-liva-en-lexportacio\/","url":"https:\/\/cambraterrassa.org\/producte\/fiscalitat-de-liva-en-lexportacio\/","name":"Fiscalitat de l'IVA en l'exportaci\u00f3 - Cambra de Comer\u00e7 de Terrassa","isPartOf":{"@id":"https:\/\/cambraterrassa.org\/#website"},"datePublished":"2025-11-17T09:48:57+00:00","dateModified":"2025-11-17T10:07:06+00:00","breadcrumb":{"@id":"https:\/\/cambraterrassa.org\/producte\/fiscalitat-de-liva-en-lexportacio\/#breadcrumb"},"inLanguage":"es","potentialAction":[{"@type":"ReadAction","target":["https:\/\/cambraterrassa.org\/producte\/fiscalitat-de-liva-en-lexportacio\/"]}]},{"@type":"BreadcrumbList","@id":"https:\/\/cambraterrassa.org\/producte\/fiscalitat-de-liva-en-lexportacio\/#breadcrumb","itemListElement":[{"@type":"ListItem","position":1,"name":"Inici","item":"https:\/\/cambraterrassa.org\/"},{"@type":"ListItem","position":2,"name":"Botiga","item":"https:\/\/cambraterrassa.org\/botiga\/"},{"@type":"ListItem","position":3,"name":"Fiscalitat de l&#8217;IVA en l&#8217;exportaci\u00f3"}]},{"@type":"WebSite","@id":"https:\/\/cambraterrassa.org\/#website","url":"https:\/\/cambraterrassa.org\/","name":"Cambra de Comer\u00e7 de Terrassa","description":"","potentialAction":[{"@type":"SearchAction","target":{"@type":"EntryPoint","urlTemplate":"https:\/\/cambraterrassa.org\/?s={search_term_string}"},"query-input":{"@type":"PropertyValueSpecification","valueRequired":true,"valueName":"search_term_string"}}],"inLanguage":"es"}]}},"_links":{"self":[{"href":"https:\/\/cambraterrassa.org\/es\/wp-json\/wp\/v2\/product\/48241","targetHints":{"allow":["GET"]}}],"collection":[{"href":"https:\/\/cambraterrassa.org\/es\/wp-json\/wp\/v2\/product"}],"about":[{"href":"https:\/\/cambraterrassa.org\/es\/wp-json\/wp\/v2\/types\/product"}],"replies":[{"embeddable":true,"href":"https:\/\/cambraterrassa.org\/es\/wp-json\/wp\/v2\/comments?post=48241"}],"wp:attachment":[{"href":"https:\/\/cambraterrassa.org\/es\/wp-json\/wp\/v2\/media?parent=48241"}],"wp:term":[{"taxonomy":"product_brand","embeddable":true,"href":"https:\/\/cambraterrassa.org\/es\/wp-json\/wp\/v2\/product_brand?post=48241"},{"taxonomy":"product_cat","embeddable":true,"href":"https:\/\/cambraterrassa.org\/es\/wp-json\/wp\/v2\/product_cat?post=48241"},{"taxonomy":"product_tag","embeddable":true,"href":"https:\/\/cambraterrassa.org\/es\/wp-json\/wp\/v2\/product_tag?post=48241"}],"curies":[{"name":"wp","href":"https:\/\/api.w.org\/{rel}","templated":true}]}}