{"id":47086,"date":"2025-10-22T11:33:55","date_gmt":"2025-10-22T09:33:55","guid":{"rendered":"https:\/\/cambraterrassa.org\/?post_type=product&#038;p=47086"},"modified":"2025-10-22T11:37:04","modified_gmt":"2025-10-22T09:37:04","slug":"els-nous-sistemes-verifactu-i-la-nova-factura-electronica-b2b-i-sii","status":"publish","type":"product","link":"https:\/\/cambraterrassa.org\/es\/producte\/els-nous-sistemes-verifactu-i-la-nova-factura-electronica-b2b-i-sii\/","title":{"rendered":"Els nous sistemes Veri*factu i la nova factura electr\u00f2nica B2B i SII"},"content":{"rendered":"","protected":false},"excerpt":{"rendered":"<p>L\u2019Ag\u00e8ncia Estatal d\u2019Administraci\u00f3 Tribut\u00e0ria est\u00e0 implementant noves obligacions en l\u2019\u00e0mbit de la funci\u00f3 fiscal digital dins de la seva estrat\u00e8gia de compliment tributari per disseny. Entre elles, destaquen els nous sistemes Veri*Factu i la nova factura electr\u00f2nica B2B.<\/p>\n<p>El curs est\u00e0 destinada a aquells professionals que necessiten entendre en qu\u00e8 consisteixen aquestes noves obligacions, com funcionaran i com s\u2019hauran d\u2019adaptar les empreses i professionals a ells. L\u2019enfocament ser\u00e0 pr\u00e0ctic i comprensible, explicant el contingut de les noves obligacions, els seus terminis d\u2019 implementaci\u00f3, els modes de funcionament, necessitats d\u2019 adaptaci\u00f3, i exemples.<\/p>\n","protected":false},"featured_media":0,"comment_status":"open","ping_status":"closed","template":"","meta":{"_acf_changed":false,"site-sidebar-layout":"default","site-content-layout":"","ast-site-content-layout":"default","site-content-style":"default","site-sidebar-style":"default","ast-global-header-display":"","ast-banner-title-visibility":"","ast-main-header-display":"","ast-hfb-above-header-display":"","ast-hfb-below-header-display":"","ast-hfb-mobile-header-display":"","site-post-title":"","ast-breadcrumbs-content":"","ast-featured-img":"","footer-sml-layout":"","ast-disable-related-posts":"","theme-transparent-header-meta":"default","adv-header-id-meta":"","stick-header-meta":"","header-above-stick-meta":"","header-main-stick-meta":"","header-below-stick-meta":"","astra-migrate-meta-layouts":"set","ast-page-background-enabled":"default","ast-page-background-meta":{"desktop":{"background-color":"var(--ast-global-color-4)","background-image":"","background-repeat":"repeat","background-position":"center center","background-size":"auto","background-attachment":"scroll","background-type":"","background-media":"","overlay-type":"","overlay-color":"","overlay-opacity":"","overlay-gradient":""},"tablet":{"background-color":"","background-image":"","background-repeat":"repeat","background-position":"center center","background-size":"auto","background-attachment":"scroll","background-type":"","background-media":"","overlay-type":"","overlay-color":"","overlay-opacity":"","overlay-gradient":""},"mobile":{"background-color":"","background-image":"","background-repeat":"repeat","background-position":"center center","background-size":"auto","background-attachment":"scroll","background-type":"","background-media":"","overlay-type":"","overlay-color":"","overlay-opacity":"","overlay-gradient":""}},"ast-content-background-meta":{"desktop":{"background-color":"var(--ast-global-color-5)","background-image":"","background-repeat":"repeat","background-position":"center center","background-size":"auto","background-attachment":"scroll","background-type":"","background-media":"","overlay-type":"","overlay-color":"","overlay-opacity":"","overlay-gradient":""},"tablet":{"background-color":"var(--ast-global-color-5)","background-image":"","background-repeat":"repeat","background-position":"center center","background-size":"auto","background-attachment":"scroll","background-type":"","background-media":"","overlay-type":"","overlay-color":"","overlay-opacity":"","overlay-gradient":""},"mobile":{"background-color":"var(--ast-global-color-5)","background-image":"","background-repeat":"repeat","background-position":"center center","background-size":"auto","background-attachment":"scroll","background-type":"","background-media":"","overlay-type":"","overlay-color":"","overlay-opacity":"","overlay-gradient":""}}},"product_brand":[],"product_cat":[67],"product_tag":[],"class_list":{"0":"post-47086","1":"product","2":"type-product","3":"status-publish","5":"product_cat-cursos-i-tallers","6":"desktop-align-left","7":"tablet-align-left","8":"mobile-align-left","10":"first","11":"instock","12":"shipping-taxable","13":"purchasable","14":"product-type-simple"},"acf":[],"yoast_head":"<title>Els nous sistemes Veri*factu i la nova factura electr\u00f2nica B2B i SII - Cambra de Comer\u00e7 de Terrassa<\/title>\n<meta name=\"robots\" content=\"noindex, follow\" \/>\n<meta property=\"og:locale\" content=\"es_ES\" \/>\n<meta property=\"og:type\" content=\"article\" \/>\n<meta property=\"og:title\" content=\"Els nous sistemes Veri*factu i la nova factura electr\u00f2nica B2B i SII - Cambra de Comer\u00e7 de Terrassa\" \/>\n<meta property=\"og:description\" content=\"L\u2019Ag\u00e8ncia Estatal d\u2019Administraci\u00f3 Tribut\u00e0ria est\u00e0 implementant noves obligacions en l\u2019\u00e0mbit de la funci\u00f3 fiscal digital dins de la seva estrat\u00e8gia de compliment tributari per disseny. Entre elles, destaquen els nous sistemes Veri*Factu i la nova factura electr\u00f2nica B2B.  El curs est\u00e0 destinada a aquells professionals que necessiten entendre en qu\u00e8 consisteixen aquestes noves obligacions, com funcionaran i com s\u2019hauran d\u2019adaptar les empreses i professionals a ells. L\u2019enfocament ser\u00e0 pr\u00e0ctic i comprensible, explicant el contingut de les noves obligacions, els seus terminis d\u2019 implementaci\u00f3, els modes de funcionament, necessitats d\u2019 adaptaci\u00f3, i exemples.\" \/>\n<meta property=\"og:url\" content=\"https:\/\/cambraterrassa.org\/producte\/els-nous-sistemes-verifactu-i-la-nova-factura-electronica-b2b-i-sii\/\" \/>\n<meta property=\"og:site_name\" content=\"Cambra de Comer\u00e7 de Terrassa\" \/>\n<meta property=\"article:modified_time\" content=\"2025-10-22T09:37:04+00:00\" \/>\n<meta name=\"twitter:card\" content=\"summary_large_image\" \/>\n<script type=\"application\/ld+json\" class=\"yoast-schema-graph\">{\"@context\":\"https:\\\/\\\/schema.org\",\"@graph\":[{\"@type\":\"WebPage\",\"@id\":\"https:\\\/\\\/cambraterrassa.org\\\/producte\\\/els-nous-sistemes-verifactu-i-la-nova-factura-electronica-b2b-i-sii\\\/\",\"url\":\"https:\\\/\\\/cambraterrassa.org\\\/producte\\\/els-nous-sistemes-verifactu-i-la-nova-factura-electronica-b2b-i-sii\\\/\",\"name\":\"Els nous sistemes Veri*factu i la nova factura electr\u00f2nica B2B i SII - Cambra de Comer\u00e7 de Terrassa\",\"isPartOf\":{\"@id\":\"https:\\\/\\\/cambraterrassa.org\\\/#website\"},\"datePublished\":\"2025-10-22T09:33:55+00:00\",\"dateModified\":\"2025-10-22T09:37:04+00:00\",\"breadcrumb\":{\"@id\":\"https:\\\/\\\/cambraterrassa.org\\\/producte\\\/els-nous-sistemes-verifactu-i-la-nova-factura-electronica-b2b-i-sii\\\/#breadcrumb\"},\"inLanguage\":\"es\",\"potentialAction\":[{\"@type\":\"ReadAction\",\"target\":[\"https:\\\/\\\/cambraterrassa.org\\\/producte\\\/els-nous-sistemes-verifactu-i-la-nova-factura-electronica-b2b-i-sii\\\/\"]}]},{\"@type\":\"BreadcrumbList\",\"@id\":\"https:\\\/\\\/cambraterrassa.org\\\/producte\\\/els-nous-sistemes-verifactu-i-la-nova-factura-electronica-b2b-i-sii\\\/#breadcrumb\",\"itemListElement\":[{\"@type\":\"ListItem\",\"position\":1,\"name\":\"Inici\",\"item\":\"https:\\\/\\\/cambraterrassa.org\\\/\"},{\"@type\":\"ListItem\",\"position\":2,\"name\":\"Botiga\",\"item\":\"https:\\\/\\\/cambraterrassa.org\\\/botiga\\\/\"},{\"@type\":\"ListItem\",\"position\":3,\"name\":\"Els nous sistemes Veri*factu i la nova factura electr\u00f2nica B2B i SII\"}]},{\"@type\":\"WebSite\",\"@id\":\"https:\\\/\\\/cambraterrassa.org\\\/#website\",\"url\":\"https:\\\/\\\/cambraterrassa.org\\\/\",\"name\":\"Cambra de Comer\u00e7 de Terrassa\",\"description\":\"\",\"potentialAction\":[{\"@type\":\"SearchAction\",\"target\":{\"@type\":\"EntryPoint\",\"urlTemplate\":\"https:\\\/\\\/cambraterrassa.org\\\/?s={search_term_string}\"},\"query-input\":{\"@type\":\"PropertyValueSpecification\",\"valueRequired\":true,\"valueName\":\"search_term_string\"}}],\"inLanguage\":\"es\"}]}<\/script>","yoast_head_json":{"title":"Els nous sistemes Veri*factu i la nova factura electr\u00f2nica B2B i SII - Cambra de Comer\u00e7 de Terrassa","robots":{"index":"noindex","follow":"follow"},"og_locale":"es_ES","og_type":"article","og_title":"Els nous sistemes Veri*factu i la nova factura electr\u00f2nica B2B i SII - Cambra de Comer\u00e7 de Terrassa","og_description":"L\u2019Ag\u00e8ncia Estatal d\u2019Administraci\u00f3 Tribut\u00e0ria est\u00e0 implementant noves obligacions en l\u2019\u00e0mbit de la funci\u00f3 fiscal digital dins de la seva estrat\u00e8gia de compliment tributari per disseny. Entre elles, destaquen els nous sistemes Veri*Factu i la nova factura electr\u00f2nica B2B.  El curs est\u00e0 destinada a aquells professionals que necessiten entendre en qu\u00e8 consisteixen aquestes noves obligacions, com funcionaran i com s\u2019hauran d\u2019adaptar les empreses i professionals a ells. L\u2019enfocament ser\u00e0 pr\u00e0ctic i comprensible, explicant el contingut de les noves obligacions, els seus terminis d\u2019 implementaci\u00f3, els modes de funcionament, necessitats d\u2019 adaptaci\u00f3, i exemples.","og_url":"https:\/\/cambraterrassa.org\/producte\/els-nous-sistemes-verifactu-i-la-nova-factura-electronica-b2b-i-sii\/","og_site_name":"Cambra de Comer\u00e7 de Terrassa","article_modified_time":"2025-10-22T09:37:04+00:00","twitter_card":"summary_large_image","schema":{"@context":"https:\/\/schema.org","@graph":[{"@type":"WebPage","@id":"https:\/\/cambraterrassa.org\/producte\/els-nous-sistemes-verifactu-i-la-nova-factura-electronica-b2b-i-sii\/","url":"https:\/\/cambraterrassa.org\/producte\/els-nous-sistemes-verifactu-i-la-nova-factura-electronica-b2b-i-sii\/","name":"Els nous sistemes Veri*factu i la nova factura electr\u00f2nica B2B i SII - Cambra de Comer\u00e7 de Terrassa","isPartOf":{"@id":"https:\/\/cambraterrassa.org\/#website"},"datePublished":"2025-10-22T09:33:55+00:00","dateModified":"2025-10-22T09:37:04+00:00","breadcrumb":{"@id":"https:\/\/cambraterrassa.org\/producte\/els-nous-sistemes-verifactu-i-la-nova-factura-electronica-b2b-i-sii\/#breadcrumb"},"inLanguage":"es","potentialAction":[{"@type":"ReadAction","target":["https:\/\/cambraterrassa.org\/producte\/els-nous-sistemes-verifactu-i-la-nova-factura-electronica-b2b-i-sii\/"]}]},{"@type":"BreadcrumbList","@id":"https:\/\/cambraterrassa.org\/producte\/els-nous-sistemes-verifactu-i-la-nova-factura-electronica-b2b-i-sii\/#breadcrumb","itemListElement":[{"@type":"ListItem","position":1,"name":"Inici","item":"https:\/\/cambraterrassa.org\/"},{"@type":"ListItem","position":2,"name":"Botiga","item":"https:\/\/cambraterrassa.org\/botiga\/"},{"@type":"ListItem","position":3,"name":"Els nous sistemes Veri*factu i la nova factura electr\u00f2nica B2B i SII"}]},{"@type":"WebSite","@id":"https:\/\/cambraterrassa.org\/#website","url":"https:\/\/cambraterrassa.org\/","name":"Cambra de Comer\u00e7 de Terrassa","description":"","potentialAction":[{"@type":"SearchAction","target":{"@type":"EntryPoint","urlTemplate":"https:\/\/cambraterrassa.org\/?s={search_term_string}"},"query-input":{"@type":"PropertyValueSpecification","valueRequired":true,"valueName":"search_term_string"}}],"inLanguage":"es"}]}},"_links":{"self":[{"href":"https:\/\/cambraterrassa.org\/es\/wp-json\/wp\/v2\/product\/47086","targetHints":{"allow":["GET"]}}],"collection":[{"href":"https:\/\/cambraterrassa.org\/es\/wp-json\/wp\/v2\/product"}],"about":[{"href":"https:\/\/cambraterrassa.org\/es\/wp-json\/wp\/v2\/types\/product"}],"replies":[{"embeddable":true,"href":"https:\/\/cambraterrassa.org\/es\/wp-json\/wp\/v2\/comments?post=47086"}],"wp:attachment":[{"href":"https:\/\/cambraterrassa.org\/es\/wp-json\/wp\/v2\/media?parent=47086"}],"wp:term":[{"taxonomy":"product_brand","embeddable":true,"href":"https:\/\/cambraterrassa.org\/es\/wp-json\/wp\/v2\/product_brand?post=47086"},{"taxonomy":"product_cat","embeddable":true,"href":"https:\/\/cambraterrassa.org\/es\/wp-json\/wp\/v2\/product_cat?post=47086"},{"taxonomy":"product_tag","embeddable":true,"href":"https:\/\/cambraterrassa.org\/es\/wp-json\/wp\/v2\/product_tag?post=47086"}],"curies":[{"name":"wp","href":"https:\/\/api.w.org\/{rel}","templated":true}]}}