{"id":4155,"date":"2024-07-05T16:31:26","date_gmt":"2024-07-05T14:31:26","guid":{"rendered":"http:\/\/cambraterrassa.org\/?post_type=product&#038;p=4155"},"modified":"2024-11-25T17:05:22","modified_gmt":"2024-11-25T16:05:22","slug":"les-mostres-com-les-hem-denviar-que-identifica-la-duana","status":"publish","type":"product","link":"https:\/\/cambraterrassa.org\/es\/producte\/les-mostres-com-les-hem-denviar-que-identifica-la-duana\/","title":{"rendered":"Les \u201cMostres\u201d, com les hem d\u2019enviar? Qu\u00e8 identifica la duana?"},"content":{"rendered":"","protected":false},"excerpt":{"rendered":"<p>Aquest curs est\u00e0 dissenyat per ajudar les empreses a gestionar l&#8217;enviament de mostres a nous clients i de nous productes a clients existents. Els participants aprendran a declarar les mostres davant la duana, entendran la seva implicaci\u00f3 comercial i resoldran els problemes comuns associats amb aquests enviaments. Adre\u00e7at a directors, comandaments, t\u00e8cnics i personal administratiu o log\u00edstic d\u2019empreses amb activitat internacional.<\/p>\n","protected":false},"featured_media":0,"comment_status":"open","ping_status":"closed","template":"","meta":{"_acf_changed":false,"site-sidebar-layout":"default","site-content-layout":"","ast-site-content-layout":"default","site-content-style":"default","site-sidebar-style":"default","ast-global-header-display":"","ast-banner-title-visibility":"","ast-main-header-display":"","ast-hfb-above-header-display":"","ast-hfb-below-header-display":"","ast-hfb-mobile-header-display":"","site-post-title":"","ast-breadcrumbs-content":"","ast-featured-img":"","footer-sml-layout":"","ast-disable-related-posts":"","theme-transparent-header-meta":"default","adv-header-id-meta":"","stick-header-meta":"","header-above-stick-meta":"","header-main-stick-meta":"","header-below-stick-meta":"","astra-migrate-meta-layouts":"set","ast-page-background-enabled":"default","ast-page-background-meta":{"desktop":{"background-color":"var(--ast-global-color-4)","background-image":"","background-repeat":"repeat","background-position":"center center","background-size":"auto","background-attachment":"scroll","background-type":"","background-media":"","overlay-type":"","overlay-color":"","overlay-opacity":"","overlay-gradient":""},"tablet":{"background-color":"","background-image":"","background-repeat":"repeat","background-position":"center center","background-size":"auto","background-attachment":"scroll","background-type":"","background-media":"","overlay-type":"","overlay-color":"","overlay-opacity":"","overlay-gradient":""},"mobile":{"background-color":"","background-image":"","background-repeat":"repeat","background-position":"center center","background-size":"auto","background-attachment":"scroll","background-type":"","background-media":"","overlay-type":"","overlay-color":"","overlay-opacity":"","overlay-gradient":""}},"ast-content-background-meta":{"desktop":{"background-color":"var(--ast-global-color-5)","background-image":"","background-repeat":"repeat","background-position":"center center","background-size":"auto","background-attachment":"scroll","background-type":"","background-media":"","overlay-type":"","overlay-color":"","overlay-opacity":"","overlay-gradient":""},"tablet":{"background-color":"var(--ast-global-color-5)","background-image":"","background-repeat":"repeat","background-position":"center center","background-size":"auto","background-attachment":"scroll","background-type":"","background-media":"","overlay-type":"","overlay-color":"","overlay-opacity":"","overlay-gradient":""},"mobile":{"background-color":"var(--ast-global-color-5)","background-image":"","background-repeat":"repeat","background-position":"center center","background-size":"auto","background-attachment":"scroll","background-type":"","background-media":"","overlay-type":"","overlay-color":"","overlay-opacity":"","overlay-gradient":""}}},"product_brand":[],"product_cat":[67],"product_tag":[],"class_list":{"0":"post-4155","1":"product","2":"type-product","3":"status-publish","5":"product_cat-cursos-i-tallers","6":"desktop-align-left","7":"tablet-align-left","8":"mobile-align-left","10":"first","11":"instock","12":"shipping-taxable","13":"purchasable","14":"product-type-simple"},"acf":[],"yoast_head":"<title>Les \u201cMostres\u201d, com les hem d\u2019enviar? Qu\u00e8 identifica la duana? - Cambra de Comer\u00e7 de Terrassa<\/title>\n<meta name=\"description\" content=\"Curs per ajudar a les empreses a gestionar l&#039;enviament de mostres a nous clients i de nous productes a clients existents davant la duana.\" \/>\n<meta name=\"robots\" content=\"noindex, follow\" \/>\n<meta property=\"og:locale\" content=\"es_ES\" \/>\n<meta property=\"og:type\" content=\"article\" \/>\n<meta property=\"og:title\" content=\"Les \u201cMostres\u201d, com les hem d\u2019enviar? Qu\u00e8 identifica la duana? - Cambra de Comer\u00e7 de Terrassa\" \/>\n<meta property=\"og:description\" content=\"Curs per ajudar a les empreses a gestionar l&#039;enviament de mostres a nous clients i de nous productes a clients existents davant la duana.\" \/>\n<meta property=\"og:url\" content=\"https:\/\/cambraterrassa.org\/producte\/les-mostres-com-les-hem-denviar-que-identifica-la-duana\/\" \/>\n<meta property=\"og:site_name\" content=\"Cambra de Comer\u00e7 de Terrassa\" \/>\n<meta property=\"article:modified_time\" content=\"2024-11-25T16:05:22+00:00\" \/>\n<meta name=\"twitter:card\" content=\"summary_large_image\" \/>\n<script type=\"application\/ld+json\" class=\"yoast-schema-graph\">{\"@context\":\"https:\\\/\\\/schema.org\",\"@graph\":[{\"@type\":\"WebPage\",\"@id\":\"https:\\\/\\\/cambraterrassa.org\\\/producte\\\/les-mostres-com-les-hem-denviar-que-identifica-la-duana\\\/\",\"url\":\"https:\\\/\\\/cambraterrassa.org\\\/producte\\\/les-mostres-com-les-hem-denviar-que-identifica-la-duana\\\/\",\"name\":\"Les \u201cMostres\u201d, com les hem d\u2019enviar? Qu\u00e8 identifica la duana? - Cambra de Comer\u00e7 de Terrassa\",\"isPartOf\":{\"@id\":\"https:\\\/\\\/cambraterrassa.org\\\/#website\"},\"datePublished\":\"2024-07-05T14:31:26+00:00\",\"dateModified\":\"2024-11-25T16:05:22+00:00\",\"description\":\"Curs per ajudar a les empreses a gestionar l'enviament de mostres a nous clients i de nous productes a clients existents davant la duana.\",\"breadcrumb\":{\"@id\":\"https:\\\/\\\/cambraterrassa.org\\\/producte\\\/les-mostres-com-les-hem-denviar-que-identifica-la-duana\\\/#breadcrumb\"},\"inLanguage\":\"es\",\"potentialAction\":[{\"@type\":\"ReadAction\",\"target\":[\"https:\\\/\\\/cambraterrassa.org\\\/producte\\\/les-mostres-com-les-hem-denviar-que-identifica-la-duana\\\/\"]}]},{\"@type\":\"BreadcrumbList\",\"@id\":\"https:\\\/\\\/cambraterrassa.org\\\/producte\\\/les-mostres-com-les-hem-denviar-que-identifica-la-duana\\\/#breadcrumb\",\"itemListElement\":[{\"@type\":\"ListItem\",\"position\":1,\"name\":\"Inici\",\"item\":\"https:\\\/\\\/cambraterrassa.org\\\/\"},{\"@type\":\"ListItem\",\"position\":2,\"name\":\"Botiga\",\"item\":\"https:\\\/\\\/cambraterrassa.org\\\/botiga\\\/\"},{\"@type\":\"ListItem\",\"position\":3,\"name\":\"Les \u201cMostres\u201d, com les hem d\u2019enviar? Qu\u00e8 identifica la duana?\"}]},{\"@type\":\"WebSite\",\"@id\":\"https:\\\/\\\/cambraterrassa.org\\\/#website\",\"url\":\"https:\\\/\\\/cambraterrassa.org\\\/\",\"name\":\"Cambra de Comer\u00e7 de Terrassa\",\"description\":\"\",\"potentialAction\":[{\"@type\":\"SearchAction\",\"target\":{\"@type\":\"EntryPoint\",\"urlTemplate\":\"https:\\\/\\\/cambraterrassa.org\\\/?s={search_term_string}\"},\"query-input\":{\"@type\":\"PropertyValueSpecification\",\"valueRequired\":true,\"valueName\":\"search_term_string\"}}],\"inLanguage\":\"es\"}]}<\/script>","yoast_head_json":{"title":"Les \u201cMostres\u201d, com les hem d\u2019enviar? Qu\u00e8 identifica la duana? - Cambra de Comer\u00e7 de Terrassa","description":"Curs per ajudar a les empreses a gestionar l'enviament de mostres a nous clients i de nous productes a clients existents davant la duana.","robots":{"index":"noindex","follow":"follow"},"og_locale":"es_ES","og_type":"article","og_title":"Les \u201cMostres\u201d, com les hem d\u2019enviar? Qu\u00e8 identifica la duana? - Cambra de Comer\u00e7 de Terrassa","og_description":"Curs per ajudar a les empreses a gestionar l'enviament de mostres a nous clients i de nous productes a clients existents davant la duana.","og_url":"https:\/\/cambraterrassa.org\/producte\/les-mostres-com-les-hem-denviar-que-identifica-la-duana\/","og_site_name":"Cambra de Comer\u00e7 de Terrassa","article_modified_time":"2024-11-25T16:05:22+00:00","twitter_card":"summary_large_image","schema":{"@context":"https:\/\/schema.org","@graph":[{"@type":"WebPage","@id":"https:\/\/cambraterrassa.org\/producte\/les-mostres-com-les-hem-denviar-que-identifica-la-duana\/","url":"https:\/\/cambraterrassa.org\/producte\/les-mostres-com-les-hem-denviar-que-identifica-la-duana\/","name":"Les \u201cMostres\u201d, com les hem d\u2019enviar? Qu\u00e8 identifica la duana? - Cambra de Comer\u00e7 de Terrassa","isPartOf":{"@id":"https:\/\/cambraterrassa.org\/#website"},"datePublished":"2024-07-05T14:31:26+00:00","dateModified":"2024-11-25T16:05:22+00:00","description":"Curs per ajudar a les empreses a gestionar l'enviament de mostres a nous clients i de nous productes a clients existents davant la duana.","breadcrumb":{"@id":"https:\/\/cambraterrassa.org\/producte\/les-mostres-com-les-hem-denviar-que-identifica-la-duana\/#breadcrumb"},"inLanguage":"es","potentialAction":[{"@type":"ReadAction","target":["https:\/\/cambraterrassa.org\/producte\/les-mostres-com-les-hem-denviar-que-identifica-la-duana\/"]}]},{"@type":"BreadcrumbList","@id":"https:\/\/cambraterrassa.org\/producte\/les-mostres-com-les-hem-denviar-que-identifica-la-duana\/#breadcrumb","itemListElement":[{"@type":"ListItem","position":1,"name":"Inici","item":"https:\/\/cambraterrassa.org\/"},{"@type":"ListItem","position":2,"name":"Botiga","item":"https:\/\/cambraterrassa.org\/botiga\/"},{"@type":"ListItem","position":3,"name":"Les \u201cMostres\u201d, com les hem d\u2019enviar? Qu\u00e8 identifica la duana?"}]},{"@type":"WebSite","@id":"https:\/\/cambraterrassa.org\/#website","url":"https:\/\/cambraterrassa.org\/","name":"Cambra de Comer\u00e7 de Terrassa","description":"","potentialAction":[{"@type":"SearchAction","target":{"@type":"EntryPoint","urlTemplate":"https:\/\/cambraterrassa.org\/?s={search_term_string}"},"query-input":{"@type":"PropertyValueSpecification","valueRequired":true,"valueName":"search_term_string"}}],"inLanguage":"es"}]}},"_links":{"self":[{"href":"https:\/\/cambraterrassa.org\/es\/wp-json\/wp\/v2\/product\/4155","targetHints":{"allow":["GET"]}}],"collection":[{"href":"https:\/\/cambraterrassa.org\/es\/wp-json\/wp\/v2\/product"}],"about":[{"href":"https:\/\/cambraterrassa.org\/es\/wp-json\/wp\/v2\/types\/product"}],"replies":[{"embeddable":true,"href":"https:\/\/cambraterrassa.org\/es\/wp-json\/wp\/v2\/comments?post=4155"}],"wp:attachment":[{"href":"https:\/\/cambraterrassa.org\/es\/wp-json\/wp\/v2\/media?parent=4155"}],"wp:term":[{"taxonomy":"product_brand","embeddable":true,"href":"https:\/\/cambraterrassa.org\/es\/wp-json\/wp\/v2\/product_brand?post=4155"},{"taxonomy":"product_cat","embeddable":true,"href":"https:\/\/cambraterrassa.org\/es\/wp-json\/wp\/v2\/product_cat?post=4155"},{"taxonomy":"product_tag","embeddable":true,"href":"https:\/\/cambraterrassa.org\/es\/wp-json\/wp\/v2\/product_tag?post=4155"}],"curies":[{"name":"wp","href":"https:\/\/api.w.org\/{rel}","templated":true}]}}