{"id":4154,"date":"2024-07-05T16:30:33","date_gmt":"2024-07-05T14:30:33","guid":{"rendered":"http:\/\/cambraterrassa.org\/?post_type=product&#038;p=4154"},"modified":"2025-12-29T11:09:58","modified_gmt":"2025-12-29T10:09:58","slug":"com-tractar-les-devolucions-i-errors-en-els-enviaments-internacionals-logistica-inversa","status":"publish","type":"product","link":"https:\/\/cambraterrassa.org\/es\/producte\/com-tractar-les-devolucions-i-errors-en-els-enviaments-internacionals-logistica-inversa\/","title":{"rendered":"Com tractar les devolucions i errors en els enviaments internacionals. Log\u00edstica inversa"},"content":{"rendered":"<p><strong>OBJECTIUS:<\/strong><br \/>\nUn dels grans problemes de la comercialitzaci\u00f3 \u00e9s la \u201cdevoluci\u00f3\u201d de materials enviats a clients, ja sigui per error de producte, estoc, est\u00e0ndards o altres situacions inesperades que es poden donar en el dia a dia. Com es poden organitzar aquestes \u201cdevolucions\u201d i com es poden salvar els costos que aquestes originen?<\/p>\n<p><strong>DESTINATARIS:<\/strong><br \/>\nAquest curs s\u2019adre\u00e7a a directors, comandaments, t\u00e8cnics amb responsabilitat en la gesti\u00f3 d\u2019operacions internacionals i personal de departaments administratius i\/o log\u00edstics d\u2019empreses amb activitat internacional.<\/p>\n<p><strong>TEMARI:<\/strong><br \/>\n<strong>1.Qu\u00e8 significa una \u201cdevoluci\u00f3\u201d.<\/strong><br \/>\n1.1.Tractament duaner, aranzels i impostos.<br \/>\n1.2.En qu\u00e8 consisteix el \u201cretorn\u201d?<br \/>\n<strong>2.Resoluci\u00f3 de les despeses en la Log\u00edstica Inversa.<\/strong><br \/>\n2.1.C\u00e0lcul de l\u2019error.<br \/>\n2.2.Tramitaci\u00f3 contractual o necessitat comercial.<br \/>\n2.3.Canvi?<br \/>\n<strong>3.Documentaci\u00f3 espec\u00edfica.<\/strong><br \/>\n3.1.La factura \u201cd\u2019abonament o Credit Note\u201d.<br \/>\n3.2.DUAs<br \/>\n<strong>4.Casos pr\u00e0ctics.<\/strong><\/p>\n<p><strong>PROFESSORAT:<\/strong><br \/>\n<strong>Albert Garcia.<\/strong>\u00a0CEO d\u2019APPSESOR empresa d\u2019assessorament en l\u2019\u00e0mbit internacional, i formador i assessor de la Cambra de Comer\u00e7 de Terrassa en aquest \u00e0mbit.<\/p>\n<p><strong>DURADA, CALENDARI I HORARI:<\/strong><br \/>\n15 d\u2019octubre de 2024 de 9:00 a 14:00 hores.<\/p>\n<p><strong>DRETS D\u2019INSCRIPCI\u00d3:<\/strong><br \/>\nPreu curs: 120 euros.<\/p>\n<p>*+info:\u00a0<a href=\"http:\/\/www.cambraterrassa.org\/exit\/\">www.cambraterrassa.org\/exit\/<\/a><\/p>\n<p><strong>LA CAMBRA NO GESTIONA LA BONIFICACI\u00d3 DELS CURSOS.<\/strong><\/p>\n<p><strong><u>LLOC DE CELEBRACI\u00d3:<\/u><\/strong><br \/>\nCambra de Comer\u00e7, Ind\u00fastria i Serveis de Terrassa<br \/>\nC\/ Blasco de Garay, 29-49<br \/>\n08224 Terrassa<\/p>\n<h4>Descarrega\u2019t el programa\u00a0<a href=\"http:\/\/cambraterrassa.org\/wp-content\/uploads\/2024\/07\/LOGISTICA-INVERSA-16.pdf\">AQU\u00cd<\/a><\/h4>\n","protected":false},"excerpt":{"rendered":"<p>Aquest curs est\u00e0 dissenyat per abordar la gesti\u00f3 de devolucions de materials enviats a clients, un problema com\u00fa en la comercialitzaci\u00f3 internacional. Els participants aprendran a organitzar eficientment les devolucions i a mitigar els costos associats. Adre\u00e7at a directors, comandaments, t\u00e8cnics amb responsabilitat en operacions internacionals i personal administratiu o log\u00edstic d\u2019empreses amb activitat internacional.<\/p>\n","protected":false},"featured_media":0,"comment_status":"open","ping_status":"closed","template":"","meta":{"_acf_changed":false,"site-sidebar-layout":"default","site-content-layout":"","ast-site-content-layout":"default","site-content-style":"default","site-sidebar-style":"default","ast-global-header-display":"","ast-banner-title-visibility":"","ast-main-header-display":"","ast-hfb-above-header-display":"","ast-hfb-below-header-display":"","ast-hfb-mobile-header-display":"","site-post-title":"","ast-breadcrumbs-content":"","ast-featured-img":"","footer-sml-layout":"","ast-disable-related-posts":"","theme-transparent-header-meta":"default","adv-header-id-meta":"","stick-header-meta":"","header-above-stick-meta":"","header-main-stick-meta":"","header-below-stick-meta":"","astra-migrate-meta-layouts":"set","ast-page-background-enabled":"default","ast-page-background-meta":{"desktop":{"background-color":"var(--ast-global-color-4)","background-image":"","background-repeat":"repeat","background-position":"center center","background-size":"auto","background-attachment":"scroll","background-type":"","background-media":"","overlay-type":"","overlay-color":"","overlay-opacity":"","overlay-gradient":""},"tablet":{"background-color":"","background-image":"","background-repeat":"repeat","background-position":"center center","background-size":"auto","background-attachment":"scroll","background-type":"","background-media":"","overlay-type":"","overlay-color":"","overlay-opacity":"","overlay-gradient":""},"mobile":{"background-color":"","background-image":"","background-repeat":"repeat","background-position":"center center","background-size":"auto","background-attachment":"scroll","background-type":"","background-media":"","overlay-type":"","overlay-color":"","overlay-opacity":"","overlay-gradient":""}},"ast-content-background-meta":{"desktop":{"background-color":"var(--ast-global-color-5)","background-image":"","background-repeat":"repeat","background-position":"center center","background-size":"auto","background-attachment":"scroll","background-type":"","background-media":"","overlay-type":"","overlay-color":"","overlay-opacity":"","overlay-gradient":""},"tablet":{"background-color":"var(--ast-global-color-5)","background-image":"","background-repeat":"repeat","background-position":"center center","background-size":"auto","background-attachment":"scroll","background-type":"","background-media":"","overlay-type":"","overlay-color":"","overlay-opacity":"","overlay-gradient":""},"mobile":{"background-color":"var(--ast-global-color-5)","background-image":"","background-repeat":"repeat","background-position":"center center","background-size":"auto","background-attachment":"scroll","background-type":"","background-media":"","overlay-type":"","overlay-color":"","overlay-opacity":"","overlay-gradient":""}}},"product_brand":[],"product_cat":[67],"product_tag":[],"class_list":{"0":"post-4154","1":"product","2":"type-product","3":"status-publish","5":"product_cat-cursos-i-tallers","6":"desktop-align-left","7":"tablet-align-left","8":"mobile-align-left","10":"first","11":"instock","12":"shipping-taxable","13":"purchasable","14":"product-type-simple"},"acf":[],"yoast_head":"<title>Com tractar les devolucions i errors en els enviaments internacionals. Log\u00edstica inversa - Cambra de Comer\u00e7 de Terrassa<\/title>\n<meta name=\"robots\" content=\"noindex, follow\" \/>\n<meta property=\"og:locale\" content=\"es_ES\" \/>\n<meta property=\"og:type\" content=\"article\" \/>\n<meta property=\"og:title\" content=\"Com tractar les devolucions i errors en els enviaments internacionals. Log\u00edstica inversa - Cambra de Comer\u00e7 de Terrassa\" \/>\n<meta property=\"og:description\" content=\"Aquest curs est\u00e0 dissenyat per abordar la gesti\u00f3 de devolucions de materials enviats a clients, un problema com\u00fa en la comercialitzaci\u00f3 internacional. Els participants aprendran a organitzar eficientment les devolucions i a mitigar els costos associats. Adre\u00e7at a directors, comandaments, t\u00e8cnics amb responsabilitat en operacions internacionals i personal administratiu o log\u00edstic d\u2019empreses amb activitat internacional.\" \/>\n<meta property=\"og:url\" content=\"https:\/\/cambraterrassa.org\/producte\/com-tractar-les-devolucions-i-errors-en-els-enviaments-internacionals-logistica-inversa\/\" \/>\n<meta property=\"og:site_name\" content=\"Cambra de Comer\u00e7 de Terrassa\" \/>\n<meta property=\"article:modified_time\" content=\"2025-12-29T10:09:58+00:00\" \/>\n<meta name=\"twitter:card\" content=\"summary_large_image\" \/>\n<meta name=\"twitter:label1\" content=\"Tiempo de lectura\" \/>\n\t<meta name=\"twitter:data1\" content=\"2 minutos\" \/>\n<script type=\"application\/ld+json\" class=\"yoast-schema-graph\">{\"@context\":\"https:\\\/\\\/schema.org\",\"@graph\":[{\"@type\":\"WebPage\",\"@id\":\"https:\\\/\\\/cambraterrassa.org\\\/producte\\\/com-tractar-les-devolucions-i-errors-en-els-enviaments-internacionals-logistica-inversa\\\/\",\"url\":\"https:\\\/\\\/cambraterrassa.org\\\/producte\\\/com-tractar-les-devolucions-i-errors-en-els-enviaments-internacionals-logistica-inversa\\\/\",\"name\":\"Com tractar les devolucions i errors en els enviaments internacionals. Log\u00edstica inversa - Cambra de Comer\u00e7 de Terrassa\",\"isPartOf\":{\"@id\":\"https:\\\/\\\/cambraterrassa.org\\\/#website\"},\"datePublished\":\"2024-07-05T14:30:33+00:00\",\"dateModified\":\"2025-12-29T10:09:58+00:00\",\"breadcrumb\":{\"@id\":\"https:\\\/\\\/cambraterrassa.org\\\/producte\\\/com-tractar-les-devolucions-i-errors-en-els-enviaments-internacionals-logistica-inversa\\\/#breadcrumb\"},\"inLanguage\":\"es\",\"potentialAction\":[{\"@type\":\"ReadAction\",\"target\":[\"https:\\\/\\\/cambraterrassa.org\\\/producte\\\/com-tractar-les-devolucions-i-errors-en-els-enviaments-internacionals-logistica-inversa\\\/\"]}]},{\"@type\":\"BreadcrumbList\",\"@id\":\"https:\\\/\\\/cambraterrassa.org\\\/producte\\\/com-tractar-les-devolucions-i-errors-en-els-enviaments-internacionals-logistica-inversa\\\/#breadcrumb\",\"itemListElement\":[{\"@type\":\"ListItem\",\"position\":1,\"name\":\"Inici\",\"item\":\"https:\\\/\\\/cambraterrassa.org\\\/\"},{\"@type\":\"ListItem\",\"position\":2,\"name\":\"Botiga\",\"item\":\"https:\\\/\\\/cambraterrassa.org\\\/botiga\\\/\"},{\"@type\":\"ListItem\",\"position\":3,\"name\":\"Com tractar les devolucions i errors en els enviaments internacionals. Log\u00edstica inversa\"}]},{\"@type\":\"WebSite\",\"@id\":\"https:\\\/\\\/cambraterrassa.org\\\/#website\",\"url\":\"https:\\\/\\\/cambraterrassa.org\\\/\",\"name\":\"Cambra de Comer\u00e7 de Terrassa\",\"description\":\"\",\"potentialAction\":[{\"@type\":\"SearchAction\",\"target\":{\"@type\":\"EntryPoint\",\"urlTemplate\":\"https:\\\/\\\/cambraterrassa.org\\\/?s={search_term_string}\"},\"query-input\":{\"@type\":\"PropertyValueSpecification\",\"valueRequired\":true,\"valueName\":\"search_term_string\"}}],\"inLanguage\":\"es\"}]}<\/script>","yoast_head_json":{"title":"Com tractar les devolucions i errors en els enviaments internacionals. Log\u00edstica inversa - Cambra de Comer\u00e7 de Terrassa","robots":{"index":"noindex","follow":"follow"},"og_locale":"es_ES","og_type":"article","og_title":"Com tractar les devolucions i errors en els enviaments internacionals. Log\u00edstica inversa - Cambra de Comer\u00e7 de Terrassa","og_description":"Aquest curs est\u00e0 dissenyat per abordar la gesti\u00f3 de devolucions de materials enviats a clients, un problema com\u00fa en la comercialitzaci\u00f3 internacional. Els participants aprendran a organitzar eficientment les devolucions i a mitigar els costos associats. Adre\u00e7at a directors, comandaments, t\u00e8cnics amb responsabilitat en operacions internacionals i personal administratiu o log\u00edstic d\u2019empreses amb activitat internacional.","og_url":"https:\/\/cambraterrassa.org\/producte\/com-tractar-les-devolucions-i-errors-en-els-enviaments-internacionals-logistica-inversa\/","og_site_name":"Cambra de Comer\u00e7 de Terrassa","article_modified_time":"2025-12-29T10:09:58+00:00","twitter_card":"summary_large_image","twitter_misc":{"Tiempo de lectura":"2 minutos"},"schema":{"@context":"https:\/\/schema.org","@graph":[{"@type":"WebPage","@id":"https:\/\/cambraterrassa.org\/producte\/com-tractar-les-devolucions-i-errors-en-els-enviaments-internacionals-logistica-inversa\/","url":"https:\/\/cambraterrassa.org\/producte\/com-tractar-les-devolucions-i-errors-en-els-enviaments-internacionals-logistica-inversa\/","name":"Com tractar les devolucions i errors en els enviaments internacionals. Log\u00edstica inversa - Cambra de Comer\u00e7 de Terrassa","isPartOf":{"@id":"https:\/\/cambraterrassa.org\/#website"},"datePublished":"2024-07-05T14:30:33+00:00","dateModified":"2025-12-29T10:09:58+00:00","breadcrumb":{"@id":"https:\/\/cambraterrassa.org\/producte\/com-tractar-les-devolucions-i-errors-en-els-enviaments-internacionals-logistica-inversa\/#breadcrumb"},"inLanguage":"es","potentialAction":[{"@type":"ReadAction","target":["https:\/\/cambraterrassa.org\/producte\/com-tractar-les-devolucions-i-errors-en-els-enviaments-internacionals-logistica-inversa\/"]}]},{"@type":"BreadcrumbList","@id":"https:\/\/cambraterrassa.org\/producte\/com-tractar-les-devolucions-i-errors-en-els-enviaments-internacionals-logistica-inversa\/#breadcrumb","itemListElement":[{"@type":"ListItem","position":1,"name":"Inici","item":"https:\/\/cambraterrassa.org\/"},{"@type":"ListItem","position":2,"name":"Botiga","item":"https:\/\/cambraterrassa.org\/botiga\/"},{"@type":"ListItem","position":3,"name":"Com tractar les devolucions i errors en els enviaments internacionals. Log\u00edstica inversa"}]},{"@type":"WebSite","@id":"https:\/\/cambraterrassa.org\/#website","url":"https:\/\/cambraterrassa.org\/","name":"Cambra de Comer\u00e7 de Terrassa","description":"","potentialAction":[{"@type":"SearchAction","target":{"@type":"EntryPoint","urlTemplate":"https:\/\/cambraterrassa.org\/?s={search_term_string}"},"query-input":{"@type":"PropertyValueSpecification","valueRequired":true,"valueName":"search_term_string"}}],"inLanguage":"es"}]}},"_links":{"self":[{"href":"https:\/\/cambraterrassa.org\/es\/wp-json\/wp\/v2\/product\/4154","targetHints":{"allow":["GET"]}}],"collection":[{"href":"https:\/\/cambraterrassa.org\/es\/wp-json\/wp\/v2\/product"}],"about":[{"href":"https:\/\/cambraterrassa.org\/es\/wp-json\/wp\/v2\/types\/product"}],"replies":[{"embeddable":true,"href":"https:\/\/cambraterrassa.org\/es\/wp-json\/wp\/v2\/comments?post=4154"}],"wp:attachment":[{"href":"https:\/\/cambraterrassa.org\/es\/wp-json\/wp\/v2\/media?parent=4154"}],"wp:term":[{"taxonomy":"product_brand","embeddable":true,"href":"https:\/\/cambraterrassa.org\/es\/wp-json\/wp\/v2\/product_brand?post=4154"},{"taxonomy":"product_cat","embeddable":true,"href":"https:\/\/cambraterrassa.org\/es\/wp-json\/wp\/v2\/product_cat?post=4154"},{"taxonomy":"product_tag","embeddable":true,"href":"https:\/\/cambraterrassa.org\/es\/wp-json\/wp\/v2\/product_tag?post=4154"}],"curies":[{"name":"wp","href":"https:\/\/api.w.org\/{rel}","templated":true}]}}