{"id":4153,"date":"2024-07-05T16:29:57","date_gmt":"2024-07-05T14:29:57","guid":{"rendered":"http:\/\/cambraterrassa.org\/?post_type=product&#038;p=4153"},"modified":"2025-12-29T11:09:40","modified_gmt":"2025-12-29T10:09:40","slug":"origen-i-aranzels-com-afecten-a-la-meva-mercaderia","status":"publish","type":"product","link":"https:\/\/cambraterrassa.org\/es\/producte\/origen-i-aranzels-com-afecten-a-la-meva-mercaderia\/","title":{"rendered":"Origen i Aranzels. Com afecten a la meva mercaderia?"},"content":{"rendered":"<p><strong>OBJECTIUS:<\/strong><br \/>\n-Con\u00e8ixer el funcionament de la classificaci\u00f3 aranzel\u00e0ria, i com trobar la qu\u00e8 correspon al meu producte?<br \/>\n-Entendre el concepte d\u2019origen, qu\u00e8 el determina? I com condiciona el moviment de la nostra mercaderia?<\/p>\n<p><strong>DESTINATARIS:<\/strong><br \/>\nAquest curs s\u2019adre\u00e7a als departaments d\u2019importaci\u00f3 \u2013 exportaci\u00f3 de les empreses internacionalitzades o en vies d\u2019internacionalitzaci\u00f3.<\/p>\n<p><strong>TEMARI:<\/strong><br \/>\n<strong>1.Determinaci\u00f3 de la Classificaci\u00f3 aranzel\u00e0ria<\/strong><br \/>\n1.1.Recerca de la Classificaci\u00f3 aranzel\u00e0ria a trav\u00e9s d\u2019internet. Criteris d\u2019elecci\u00f3 en cas de dubte o de diverses opcions.<br \/>\n1.2.Informaci\u00f3 aranzel\u00e0ria vinculant.<br \/>\n1.3.Identificaci\u00f3 dels drets aranzelaris: Aranzel d\u2019importaci\u00f3. Tipus d\u2019aranzels.<br \/>\n1.4.Contingents aranzelaris i contingents. Mesures anti-dumping, anti-subvenci\u00f3 i de salvaguarda.<\/p>\n<p><strong>2.L\u2019Origen de la mercaderia<\/strong><br \/>\n2.1.La declaraci\u00f3 d\u2019origen dels exportadors: Tipus de certificats preferencials i no preferencials: EUR-1, ATR, la declaraci\u00f3 en factura amb n\u00famero d\u2019exportador autoritzat, n\u00famero d\u2019exportador registrat.<br \/>\n2.2.La declaraci\u00f3 de prove\u00efdor: LONG TERMS DECLARATION.<br \/>\n2.3.La import\u00e0ncia de la prova de l\u2019origen.<\/p>\n<p><strong>3.Normes d\u2019origen: El lligam entre partida i origen<\/strong><br \/>\n3.1.Necessitat d\u2019aplicar l\u2019origen. Origen versus proced\u00e8ncia. Difer\u00e8ncia entre origen i estatus comunitari.<br \/>\n3.2.Normes d\u2019origen: Regles per determinar l\u2019origen per a mercaderies amb diferents or\u00edgens preferencials i no preferencials.<br \/>\n\uf06eLa norma del canvi de partida aranzel\u00e0ria.<br \/>\n\uf06eLa norma del valor afegit.<br \/>\n\uf06eLa norma de la fabricaci\u00f3 a partir de (x).<br \/>\n3.3.B\u00e9ns totalment obtinguts i b\u00e9ns transformats substancialment. Qu\u00e8 \u00e9s transformaci\u00f3 substancial i no substancial per determinar l\u2019origen. Operacions m\u00ednimes que mai donen origen a una mercaderia.<\/p>\n<p><strong>4.El valor en Duana.<\/strong><br \/>\n4.1.Tanquem el cercle de l\u2019exportaci\u00f3 o importaci\u00f3n.<br \/>\n4.2.La nova Informaci\u00f3 vinculant de Valor.<\/p>\n<p><strong>PROFESSORAT:<br \/>\nDaniel Gonz\u00e1lez.<\/strong><br \/>\nResponsable d\u2019Assessoria Jur\u00eddica Internacional en la Cambra Oficial de Comer\u00e7, Ind\u00fastria i Serveis de Terrassa.<br \/>\nAdvocat i Assessor d\u2019empresa en Fiscalitat de l\u2019empresa, Compravenda internacional, Comer\u00e7 exterior i Dret internacional privat, RGPD- LOPD i E-commerce, marques i imatge corporativa, Formador en Comer\u00e7 Internacional , Finances internacionals i fiscalitat empresarial.<\/p>\n<p><strong>DURADA, CALENDARI I HORARI:<\/strong><br \/>\n4 hores.<br \/>\n13 de novembre de 9:30 a 13:30 hores.<\/p>\n<p><strong>DRETS D\u2019INSCRIPCI\u00d3:<\/strong><br \/>\nPreu curs: 105 euros.<\/p>\n<p>*+info:\u00a0<a href=\"http:\/\/www.cambraterrassa.org\/exit\/\">www.cambraterrassa.org\/exit\/<\/a><br \/>\nLA CAMBRA NO GESTIONA LA BONIFICACI\u00d3 DELS CURSOS.<\/p>\n<p><strong>LLOC DE CELEBRACI\u00d3:<\/strong><br \/>\n<strong>Cambra de Comer\u00e7, Ind\u00fastria i Serveis de Terrassa<\/strong><br \/>\nC\/ Blasco de Garay, 29-49<br \/>\n08224 Terrassa<\/p>\n<h4>Descarrega\u2019t el programa\u00a0<a href=\"http:\/\/cambraterrassa.org\/wp-content\/uploads\/2024\/07\/ORIGEN-I-ARANZELS-2.pdf\">AQU\u00cd<\/a><\/h4>\n","protected":false},"excerpt":{"rendered":"<p>Aquest curs est\u00e0 dissenyat per con\u00e8ixer el funcionament de la classificaci\u00f3 aranzel\u00e0ria i entendre el concepte d\u2019origen de les mercaderies. Els participants aprendran a identificar la classificaci\u00f3 aranzel\u00e0ria adequada per als seus productes, a m\u00e9s de comprendre com l&#8217;origen condiciona el moviment de les mercaderies. Ideal per a departaments d\u2019importaci\u00f3-exportaci\u00f3 d\u2019empreses internacionalitzades o en proc\u00e9s d\u2019internacionalitzaci\u00f3.<\/p>\n","protected":false},"featured_media":0,"comment_status":"open","ping_status":"closed","template":"","meta":{"_acf_changed":false,"site-sidebar-layout":"default","site-content-layout":"","ast-site-content-layout":"default","site-content-style":"default","site-sidebar-style":"default","ast-global-header-display":"","ast-banner-title-visibility":"","ast-main-header-display":"","ast-hfb-above-header-display":"","ast-hfb-below-header-display":"","ast-hfb-mobile-header-display":"","site-post-title":"","ast-breadcrumbs-content":"","ast-featured-img":"","footer-sml-layout":"","ast-disable-related-posts":"","theme-transparent-header-meta":"default","adv-header-id-meta":"","stick-header-meta":"","header-above-stick-meta":"","header-main-stick-meta":"","header-below-stick-meta":"","astra-migrate-meta-layouts":"set","ast-page-background-enabled":"default","ast-page-background-meta":{"desktop":{"background-color":"var(--ast-global-color-4)","background-image":"","background-repeat":"repeat","background-position":"center center","background-size":"auto","background-attachment":"scroll","background-type":"","background-media":"","overlay-type":"","overlay-color":"","overlay-opacity":"","overlay-gradient":""},"tablet":{"background-color":"","background-image":"","background-repeat":"repeat","background-position":"center center","background-size":"auto","background-attachment":"scroll","background-type":"","background-media":"","overlay-type":"","overlay-color":"","overlay-opacity":"","overlay-gradient":""},"mobile":{"background-color":"","background-image":"","background-repeat":"repeat","background-position":"center center","background-size":"auto","background-attachment":"scroll","background-type":"","background-media":"","overlay-type":"","overlay-color":"","overlay-opacity":"","overlay-gradient":""}},"ast-content-background-meta":{"desktop":{"background-color":"var(--ast-global-color-5)","background-image":"","background-repeat":"repeat","background-position":"center center","background-size":"auto","background-attachment":"scroll","background-type":"","background-media":"","overlay-type":"","overlay-color":"","overlay-opacity":"","overlay-gradient":""},"tablet":{"background-color":"var(--ast-global-color-5)","background-image":"","background-repeat":"repeat","background-position":"center center","background-size":"auto","background-attachment":"scroll","background-type":"","background-media":"","overlay-type":"","overlay-color":"","overlay-opacity":"","overlay-gradient":""},"mobile":{"background-color":"var(--ast-global-color-5)","background-image":"","background-repeat":"repeat","background-position":"center center","background-size":"auto","background-attachment":"scroll","background-type":"","background-media":"","overlay-type":"","overlay-color":"","overlay-opacity":"","overlay-gradient":""}}},"product_brand":[],"product_cat":[67],"product_tag":[],"class_list":{"0":"post-4153","1":"product","2":"type-product","3":"status-publish","5":"product_cat-cursos-i-tallers","6":"desktop-align-left","7":"tablet-align-left","8":"mobile-align-left","10":"first","11":"instock","12":"shipping-taxable","13":"purchasable","14":"product-type-simple"},"acf":[],"yoast_head":"<title>Origen i Aranzels. Com afecten a la meva mercaderia? - Cambra de Comer\u00e7 de Terrassa<\/title>\n<meta name=\"robots\" content=\"noindex, follow\" \/>\n<meta property=\"og:locale\" content=\"es_ES\" \/>\n<meta property=\"og:type\" content=\"article\" \/>\n<meta property=\"og:title\" content=\"Origen i Aranzels. Com afecten a la meva mercaderia? - Cambra de Comer\u00e7 de Terrassa\" \/>\n<meta property=\"og:description\" content=\"Aquest curs est\u00e0 dissenyat per con\u00e8ixer el funcionament de la classificaci\u00f3 aranzel\u00e0ria i entendre el concepte d\u2019origen de les mercaderies. Els participants aprendran a identificar la classificaci\u00f3 aranzel\u00e0ria adequada per als seus productes, a m\u00e9s de comprendre com l&#039;origen condiciona el moviment de les mercaderies. Ideal per a departaments d\u2019importaci\u00f3-exportaci\u00f3 d\u2019empreses internacionalitzades o en proc\u00e9s d\u2019internacionalitzaci\u00f3.\" \/>\n<meta property=\"og:url\" content=\"https:\/\/cambraterrassa.org\/producte\/origen-i-aranzels-com-afecten-a-la-meva-mercaderia\/\" \/>\n<meta property=\"og:site_name\" content=\"Cambra de Comer\u00e7 de Terrassa\" \/>\n<meta property=\"article:modified_time\" content=\"2025-12-29T10:09:40+00:00\" \/>\n<meta name=\"twitter:card\" content=\"summary_large_image\" \/>\n<meta name=\"twitter:label1\" content=\"Tiempo de lectura\" \/>\n\t<meta name=\"twitter:data1\" content=\"2 minutos\" \/>\n<script type=\"application\/ld+json\" class=\"yoast-schema-graph\">{\"@context\":\"https:\\\/\\\/schema.org\",\"@graph\":[{\"@type\":\"WebPage\",\"@id\":\"https:\\\/\\\/cambraterrassa.org\\\/producte\\\/origen-i-aranzels-com-afecten-a-la-meva-mercaderia\\\/\",\"url\":\"https:\\\/\\\/cambraterrassa.org\\\/producte\\\/origen-i-aranzels-com-afecten-a-la-meva-mercaderia\\\/\",\"name\":\"Origen i Aranzels. Com afecten a la meva mercaderia? - Cambra de Comer\u00e7 de Terrassa\",\"isPartOf\":{\"@id\":\"https:\\\/\\\/cambraterrassa.org\\\/#website\"},\"datePublished\":\"2024-07-05T14:29:57+00:00\",\"dateModified\":\"2025-12-29T10:09:40+00:00\",\"breadcrumb\":{\"@id\":\"https:\\\/\\\/cambraterrassa.org\\\/producte\\\/origen-i-aranzels-com-afecten-a-la-meva-mercaderia\\\/#breadcrumb\"},\"inLanguage\":\"es\",\"potentialAction\":[{\"@type\":\"ReadAction\",\"target\":[\"https:\\\/\\\/cambraterrassa.org\\\/producte\\\/origen-i-aranzels-com-afecten-a-la-meva-mercaderia\\\/\"]}]},{\"@type\":\"BreadcrumbList\",\"@id\":\"https:\\\/\\\/cambraterrassa.org\\\/producte\\\/origen-i-aranzels-com-afecten-a-la-meva-mercaderia\\\/#breadcrumb\",\"itemListElement\":[{\"@type\":\"ListItem\",\"position\":1,\"name\":\"Inici\",\"item\":\"https:\\\/\\\/cambraterrassa.org\\\/\"},{\"@type\":\"ListItem\",\"position\":2,\"name\":\"Botiga\",\"item\":\"https:\\\/\\\/cambraterrassa.org\\\/botiga\\\/\"},{\"@type\":\"ListItem\",\"position\":3,\"name\":\"Origen i Aranzels. Com afecten a la meva mercaderia?\"}]},{\"@type\":\"WebSite\",\"@id\":\"https:\\\/\\\/cambraterrassa.org\\\/#website\",\"url\":\"https:\\\/\\\/cambraterrassa.org\\\/\",\"name\":\"Cambra de Comer\u00e7 de Terrassa\",\"description\":\"\",\"potentialAction\":[{\"@type\":\"SearchAction\",\"target\":{\"@type\":\"EntryPoint\",\"urlTemplate\":\"https:\\\/\\\/cambraterrassa.org\\\/?s={search_term_string}\"},\"query-input\":{\"@type\":\"PropertyValueSpecification\",\"valueRequired\":true,\"valueName\":\"search_term_string\"}}],\"inLanguage\":\"es\"}]}<\/script>","yoast_head_json":{"title":"Origen i Aranzels. Com afecten a la meva mercaderia? - Cambra de Comer\u00e7 de Terrassa","robots":{"index":"noindex","follow":"follow"},"og_locale":"es_ES","og_type":"article","og_title":"Origen i Aranzels. Com afecten a la meva mercaderia? - Cambra de Comer\u00e7 de Terrassa","og_description":"Aquest curs est\u00e0 dissenyat per con\u00e8ixer el funcionament de la classificaci\u00f3 aranzel\u00e0ria i entendre el concepte d\u2019origen de les mercaderies. Els participants aprendran a identificar la classificaci\u00f3 aranzel\u00e0ria adequada per als seus productes, a m\u00e9s de comprendre com l'origen condiciona el moviment de les mercaderies. Ideal per a departaments d\u2019importaci\u00f3-exportaci\u00f3 d\u2019empreses internacionalitzades o en proc\u00e9s d\u2019internacionalitzaci\u00f3.","og_url":"https:\/\/cambraterrassa.org\/producte\/origen-i-aranzels-com-afecten-a-la-meva-mercaderia\/","og_site_name":"Cambra de Comer\u00e7 de Terrassa","article_modified_time":"2025-12-29T10:09:40+00:00","twitter_card":"summary_large_image","twitter_misc":{"Tiempo de lectura":"2 minutos"},"schema":{"@context":"https:\/\/schema.org","@graph":[{"@type":"WebPage","@id":"https:\/\/cambraterrassa.org\/producte\/origen-i-aranzels-com-afecten-a-la-meva-mercaderia\/","url":"https:\/\/cambraterrassa.org\/producte\/origen-i-aranzels-com-afecten-a-la-meva-mercaderia\/","name":"Origen i Aranzels. Com afecten a la meva mercaderia? - Cambra de Comer\u00e7 de Terrassa","isPartOf":{"@id":"https:\/\/cambraterrassa.org\/#website"},"datePublished":"2024-07-05T14:29:57+00:00","dateModified":"2025-12-29T10:09:40+00:00","breadcrumb":{"@id":"https:\/\/cambraterrassa.org\/producte\/origen-i-aranzels-com-afecten-a-la-meva-mercaderia\/#breadcrumb"},"inLanguage":"es","potentialAction":[{"@type":"ReadAction","target":["https:\/\/cambraterrassa.org\/producte\/origen-i-aranzels-com-afecten-a-la-meva-mercaderia\/"]}]},{"@type":"BreadcrumbList","@id":"https:\/\/cambraterrassa.org\/producte\/origen-i-aranzels-com-afecten-a-la-meva-mercaderia\/#breadcrumb","itemListElement":[{"@type":"ListItem","position":1,"name":"Inici","item":"https:\/\/cambraterrassa.org\/"},{"@type":"ListItem","position":2,"name":"Botiga","item":"https:\/\/cambraterrassa.org\/botiga\/"},{"@type":"ListItem","position":3,"name":"Origen i Aranzels. Com afecten a la meva mercaderia?"}]},{"@type":"WebSite","@id":"https:\/\/cambraterrassa.org\/#website","url":"https:\/\/cambraterrassa.org\/","name":"Cambra de Comer\u00e7 de Terrassa","description":"","potentialAction":[{"@type":"SearchAction","target":{"@type":"EntryPoint","urlTemplate":"https:\/\/cambraterrassa.org\/?s={search_term_string}"},"query-input":{"@type":"PropertyValueSpecification","valueRequired":true,"valueName":"search_term_string"}}],"inLanguage":"es"}]}},"_links":{"self":[{"href":"https:\/\/cambraterrassa.org\/es\/wp-json\/wp\/v2\/product\/4153","targetHints":{"allow":["GET"]}}],"collection":[{"href":"https:\/\/cambraterrassa.org\/es\/wp-json\/wp\/v2\/product"}],"about":[{"href":"https:\/\/cambraterrassa.org\/es\/wp-json\/wp\/v2\/types\/product"}],"replies":[{"embeddable":true,"href":"https:\/\/cambraterrassa.org\/es\/wp-json\/wp\/v2\/comments?post=4153"}],"wp:attachment":[{"href":"https:\/\/cambraterrassa.org\/es\/wp-json\/wp\/v2\/media?parent=4153"}],"wp:term":[{"taxonomy":"product_brand","embeddable":true,"href":"https:\/\/cambraterrassa.org\/es\/wp-json\/wp\/v2\/product_brand?post=4153"},{"taxonomy":"product_cat","embeddable":true,"href":"https:\/\/cambraterrassa.org\/es\/wp-json\/wp\/v2\/product_cat?post=4153"},{"taxonomy":"product_tag","embeddable":true,"href":"https:\/\/cambraterrassa.org\/es\/wp-json\/wp\/v2\/product_tag?post=4153"}],"curies":[{"name":"wp","href":"https:\/\/api.w.org\/{rel}","templated":true}]}}