{"id":4151,"date":"2024-07-05T16:28:50","date_gmt":"2024-07-05T14:28:50","guid":{"rendered":"http:\/\/cambraterrassa.org\/?post_type=product&#038;p=4151"},"modified":"2025-12-29T11:07:24","modified_gmt":"2025-12-29T10:07:24","slug":"incoterms-2020-errors-mes-habituals-i-lus-correcte","status":"publish","type":"product","link":"https:\/\/cambraterrassa.org\/es\/producte\/incoterms-2020-errors-mes-habituals-i-lus-correcte\/","title":{"rendered":"INCOTERMS 2020: Errors m\u00e9s habituals i l\u2019\u00fas correcte"},"content":{"rendered":"<p><strong>OBJECTIUS:<\/strong><br \/>\n\u2022Con\u00e8ixer els Incoterms 2020 i com utilitzar-los correctament.<br \/>\n\u2022Con\u00e8ixer quins s\u00f3n els errors m\u00e9s comuns i com ens afecten.<\/p>\n<p><strong>DESTINATARIS:<\/strong><br \/>\nEl programa es dirigeix a tots aquells gerents, directius i administratius de pimes que hagin de desenvolupar tasques relacionades amb les vendes i compres internacionals.<\/p>\n<p><strong>TEMARI:<\/strong><br \/>\n<strong>1.L\u2019\u00fas correcte del Incoterms 2020.<\/strong><br \/>\n<strong>2.Risc de modificar\/desvirtuar els Incoterms: Els pactes entre exportador i venedor que alteren els Incoterms.<\/strong><br \/>\n<strong>3.Errors comuns.<\/strong><br \/>\n<strong>4.Quins Incoterms em convenen m\u00e9s?<\/strong><\/p>\n<p><strong>PROFESSORAT:<br \/>\nDaniel Gonz\u00e1lez.<\/strong><br \/>\nResponsable d\u2019Assessoria Jur\u00eddica Internacional en la Cambra Oficial de Comer\u00e7, Ind\u00fastria i Serveis de Terrassa.<br \/>\nAdvocat i Assessor d\u2019empresa en Fiscalitat de l\u2019empresa, Compravenda internacional, Comer\u00e7 exterior i Dret internacional privat, RGPD- LOPD i E-commerce, marques i imatge corporativa,<br \/>\nFormador en Comer\u00e7 Internacional , Finances internacionals i fiscalitat empresarial.<\/p>\n<p><strong>DURADA, CALENDARI I HORARI:<\/strong><br \/>\n3 hores.<br \/>\n20 de novembre de 9:30 a 12:30 hores.<\/p>\n<p><strong>DRETS D\u2019INSCRIPCI\u00d3:<\/strong><br \/>\nPreu curs 90 euros.<\/p>\n<p>*+info:\u00a0<a href=\"http:\/\/www.cambraterrassa.org\/exit\/\">www.cambraterrassa.org\/exit\/<\/a><br \/>\nLA CAMBRA NO GESTIONA LA BONIFICACI\u00d3 DELS CURSOS.<\/p>\n<p><strong>LLOC DE CELEBRACI\u00d3:<\/strong><br \/>\n<strong>Cambra de Comer\u00e7, Ind\u00fastria i Serveis de Terrassa<\/strong><br \/>\nC\/ Blasco de Garay, 29-49<br \/>\n08224 Terrassa<\/p>\n<h4>Descarrega\u2019t el programa\u00a0<a href=\"http:\/\/cambraterrassa.org\/wp-content\/uploads\/2024\/07\/INCOTERMS-9.pdf\">AQU\u00cd<\/a><\/h4>\n","protected":false},"excerpt":{"rendered":"<p>Aquest curs est\u00e0 dissenyat per con\u00e8ixer els Incoterms 2020 i com utilitzar-los correctament. Els participants aprendran a identificar els errors m\u00e9s comuns i com aquests poden afectar les operacions internacionals, actualitzant i millorant els seus coneixements en vendes i compres internacionals.<\/p>\n","protected":false},"featured_media":0,"comment_status":"open","ping_status":"closed","template":"","meta":{"_acf_changed":false,"site-sidebar-layout":"default","site-content-layout":"","ast-site-content-layout":"default","site-content-style":"default","site-sidebar-style":"default","ast-global-header-display":"","ast-banner-title-visibility":"","ast-main-header-display":"","ast-hfb-above-header-display":"","ast-hfb-below-header-display":"","ast-hfb-mobile-header-display":"","site-post-title":"","ast-breadcrumbs-content":"","ast-featured-img":"","footer-sml-layout":"","ast-disable-related-posts":"","theme-transparent-header-meta":"default","adv-header-id-meta":"","stick-header-meta":"","header-above-stick-meta":"","header-main-stick-meta":"","header-below-stick-meta":"","astra-migrate-meta-layouts":"set","ast-page-background-enabled":"default","ast-page-background-meta":{"desktop":{"background-color":"var(--ast-global-color-4)","background-image":"","background-repeat":"repeat","background-position":"center center","background-size":"auto","background-attachment":"scroll","background-type":"","background-media":"","overlay-type":"","overlay-color":"","overlay-opacity":"","overlay-gradient":""},"tablet":{"background-color":"","background-image":"","background-repeat":"repeat","background-position":"center center","background-size":"auto","background-attachment":"scroll","background-type":"","background-media":"","overlay-type":"","overlay-color":"","overlay-opacity":"","overlay-gradient":""},"mobile":{"background-color":"","background-image":"","background-repeat":"repeat","background-position":"center center","background-size":"auto","background-attachment":"scroll","background-type":"","background-media":"","overlay-type":"","overlay-color":"","overlay-opacity":"","overlay-gradient":""}},"ast-content-background-meta":{"desktop":{"background-color":"var(--ast-global-color-5)","background-image":"","background-repeat":"repeat","background-position":"center center","background-size":"auto","background-attachment":"scroll","background-type":"","background-media":"","overlay-type":"","overlay-color":"","overlay-opacity":"","overlay-gradient":""},"tablet":{"background-color":"var(--ast-global-color-5)","background-image":"","background-repeat":"repeat","background-position":"center center","background-size":"auto","background-attachment":"scroll","background-type":"","background-media":"","overlay-type":"","overlay-color":"","overlay-opacity":"","overlay-gradient":""},"mobile":{"background-color":"var(--ast-global-color-5)","background-image":"","background-repeat":"repeat","background-position":"center center","background-size":"auto","background-attachment":"scroll","background-type":"","background-media":"","overlay-type":"","overlay-color":"","overlay-opacity":"","overlay-gradient":""}}},"product_brand":[],"product_cat":[67],"product_tag":[],"class_list":{"0":"post-4151","1":"product","2":"type-product","3":"status-publish","5":"product_cat-cursos-i-tallers","6":"desktop-align-left","7":"tablet-align-left","8":"mobile-align-left","10":"first","11":"instock","12":"shipping-taxable","13":"purchasable","14":"product-type-simple"},"acf":[],"yoast_head":"<title>INCOTERMS 2020: Errors m\u00e9s habituals i l\u2019\u00fas correcte - Cambra de Comer\u00e7 de Terrassa<\/title>\n<meta name=\"robots\" content=\"noindex, follow\" \/>\n<meta property=\"og:locale\" content=\"es_ES\" \/>\n<meta property=\"og:type\" content=\"article\" \/>\n<meta property=\"og:title\" content=\"INCOTERMS 2020: Errors m\u00e9s habituals i l\u2019\u00fas correcte - Cambra de Comer\u00e7 de Terrassa\" \/>\n<meta property=\"og:description\" content=\"Aquest curs est\u00e0 dissenyat per con\u00e8ixer els Incoterms 2020 i com utilitzar-los correctament. Els participants aprendran a identificar els errors m\u00e9s comuns i com aquests poden afectar les operacions internacionals, actualitzant i millorant els seus coneixements en vendes i compres internacionals.\" \/>\n<meta property=\"og:url\" content=\"https:\/\/cambraterrassa.org\/producte\/incoterms-2020-errors-mes-habituals-i-lus-correcte\/\" \/>\n<meta property=\"og:site_name\" content=\"Cambra de Comer\u00e7 de Terrassa\" \/>\n<meta property=\"article:modified_time\" content=\"2025-12-29T10:07:24+00:00\" \/>\n<meta name=\"twitter:card\" content=\"summary_large_image\" \/>\n<meta name=\"twitter:label1\" content=\"Tiempo de lectura\" \/>\n\t<meta name=\"twitter:data1\" content=\"1 minuto\" \/>\n<script type=\"application\/ld+json\" class=\"yoast-schema-graph\">{\"@context\":\"https:\\\/\\\/schema.org\",\"@graph\":[{\"@type\":\"WebPage\",\"@id\":\"https:\\\/\\\/cambraterrassa.org\\\/producte\\\/incoterms-2020-errors-mes-habituals-i-lus-correcte\\\/\",\"url\":\"https:\\\/\\\/cambraterrassa.org\\\/producte\\\/incoterms-2020-errors-mes-habituals-i-lus-correcte\\\/\",\"name\":\"INCOTERMS 2020: Errors m\u00e9s habituals i l\u2019\u00fas correcte - Cambra de Comer\u00e7 de Terrassa\",\"isPartOf\":{\"@id\":\"https:\\\/\\\/cambraterrassa.org\\\/#website\"},\"datePublished\":\"2024-07-05T14:28:50+00:00\",\"dateModified\":\"2025-12-29T10:07:24+00:00\",\"breadcrumb\":{\"@id\":\"https:\\\/\\\/cambraterrassa.org\\\/producte\\\/incoterms-2020-errors-mes-habituals-i-lus-correcte\\\/#breadcrumb\"},\"inLanguage\":\"es\",\"potentialAction\":[{\"@type\":\"ReadAction\",\"target\":[\"https:\\\/\\\/cambraterrassa.org\\\/producte\\\/incoterms-2020-errors-mes-habituals-i-lus-correcte\\\/\"]}]},{\"@type\":\"BreadcrumbList\",\"@id\":\"https:\\\/\\\/cambraterrassa.org\\\/producte\\\/incoterms-2020-errors-mes-habituals-i-lus-correcte\\\/#breadcrumb\",\"itemListElement\":[{\"@type\":\"ListItem\",\"position\":1,\"name\":\"Inici\",\"item\":\"https:\\\/\\\/cambraterrassa.org\\\/\"},{\"@type\":\"ListItem\",\"position\":2,\"name\":\"Botiga\",\"item\":\"https:\\\/\\\/cambraterrassa.org\\\/botiga\\\/\"},{\"@type\":\"ListItem\",\"position\":3,\"name\":\"INCOTERMS 2020: Errors m\u00e9s habituals i l\u2019\u00fas correcte\"}]},{\"@type\":\"WebSite\",\"@id\":\"https:\\\/\\\/cambraterrassa.org\\\/#website\",\"url\":\"https:\\\/\\\/cambraterrassa.org\\\/\",\"name\":\"Cambra de Comer\u00e7 de Terrassa\",\"description\":\"\",\"potentialAction\":[{\"@type\":\"SearchAction\",\"target\":{\"@type\":\"EntryPoint\",\"urlTemplate\":\"https:\\\/\\\/cambraterrassa.org\\\/?s={search_term_string}\"},\"query-input\":{\"@type\":\"PropertyValueSpecification\",\"valueRequired\":true,\"valueName\":\"search_term_string\"}}],\"inLanguage\":\"es\"}]}<\/script>","yoast_head_json":{"title":"INCOTERMS 2020: Errors m\u00e9s habituals i l\u2019\u00fas correcte - Cambra de Comer\u00e7 de Terrassa","robots":{"index":"noindex","follow":"follow"},"og_locale":"es_ES","og_type":"article","og_title":"INCOTERMS 2020: Errors m\u00e9s habituals i l\u2019\u00fas correcte - Cambra de Comer\u00e7 de Terrassa","og_description":"Aquest curs est\u00e0 dissenyat per con\u00e8ixer els Incoterms 2020 i com utilitzar-los correctament. Els participants aprendran a identificar els errors m\u00e9s comuns i com aquests poden afectar les operacions internacionals, actualitzant i millorant els seus coneixements en vendes i compres internacionals.","og_url":"https:\/\/cambraterrassa.org\/producte\/incoterms-2020-errors-mes-habituals-i-lus-correcte\/","og_site_name":"Cambra de Comer\u00e7 de Terrassa","article_modified_time":"2025-12-29T10:07:24+00:00","twitter_card":"summary_large_image","twitter_misc":{"Tiempo de lectura":"1 minuto"},"schema":{"@context":"https:\/\/schema.org","@graph":[{"@type":"WebPage","@id":"https:\/\/cambraterrassa.org\/producte\/incoterms-2020-errors-mes-habituals-i-lus-correcte\/","url":"https:\/\/cambraterrassa.org\/producte\/incoterms-2020-errors-mes-habituals-i-lus-correcte\/","name":"INCOTERMS 2020: Errors m\u00e9s habituals i l\u2019\u00fas correcte - Cambra de Comer\u00e7 de Terrassa","isPartOf":{"@id":"https:\/\/cambraterrassa.org\/#website"},"datePublished":"2024-07-05T14:28:50+00:00","dateModified":"2025-12-29T10:07:24+00:00","breadcrumb":{"@id":"https:\/\/cambraterrassa.org\/producte\/incoterms-2020-errors-mes-habituals-i-lus-correcte\/#breadcrumb"},"inLanguage":"es","potentialAction":[{"@type":"ReadAction","target":["https:\/\/cambraterrassa.org\/producte\/incoterms-2020-errors-mes-habituals-i-lus-correcte\/"]}]},{"@type":"BreadcrumbList","@id":"https:\/\/cambraterrassa.org\/producte\/incoterms-2020-errors-mes-habituals-i-lus-correcte\/#breadcrumb","itemListElement":[{"@type":"ListItem","position":1,"name":"Inici","item":"https:\/\/cambraterrassa.org\/"},{"@type":"ListItem","position":2,"name":"Botiga","item":"https:\/\/cambraterrassa.org\/botiga\/"},{"@type":"ListItem","position":3,"name":"INCOTERMS 2020: Errors m\u00e9s habituals i l\u2019\u00fas correcte"}]},{"@type":"WebSite","@id":"https:\/\/cambraterrassa.org\/#website","url":"https:\/\/cambraterrassa.org\/","name":"Cambra de Comer\u00e7 de Terrassa","description":"","potentialAction":[{"@type":"SearchAction","target":{"@type":"EntryPoint","urlTemplate":"https:\/\/cambraterrassa.org\/?s={search_term_string}"},"query-input":{"@type":"PropertyValueSpecification","valueRequired":true,"valueName":"search_term_string"}}],"inLanguage":"es"}]}},"_links":{"self":[{"href":"https:\/\/cambraterrassa.org\/es\/wp-json\/wp\/v2\/product\/4151","targetHints":{"allow":["GET"]}}],"collection":[{"href":"https:\/\/cambraterrassa.org\/es\/wp-json\/wp\/v2\/product"}],"about":[{"href":"https:\/\/cambraterrassa.org\/es\/wp-json\/wp\/v2\/types\/product"}],"replies":[{"embeddable":true,"href":"https:\/\/cambraterrassa.org\/es\/wp-json\/wp\/v2\/comments?post=4151"}],"wp:attachment":[{"href":"https:\/\/cambraterrassa.org\/es\/wp-json\/wp\/v2\/media?parent=4151"}],"wp:term":[{"taxonomy":"product_brand","embeddable":true,"href":"https:\/\/cambraterrassa.org\/es\/wp-json\/wp\/v2\/product_brand?post=4151"},{"taxonomy":"product_cat","embeddable":true,"href":"https:\/\/cambraterrassa.org\/es\/wp-json\/wp\/v2\/product_cat?post=4151"},{"taxonomy":"product_tag","embeddable":true,"href":"https:\/\/cambraterrassa.org\/es\/wp-json\/wp\/v2\/product_tag?post=4151"}],"curies":[{"name":"wp","href":"https:\/\/api.w.org\/{rel}","templated":true}]}}