{"id":4139,"date":"2024-07-05T16:13:31","date_gmt":"2024-07-05T14:13:31","guid":{"rendered":"http:\/\/cambraterrassa.org\/?post_type=product&#038;p=4139"},"modified":"2024-11-07T09:12:08","modified_gmt":"2024-11-07T08:12:08","slug":"operacions-triangulars-una-aventura-logistica-o-un-malson-fiscal","status":"publish","type":"product","link":"https:\/\/cambraterrassa.org\/es\/producte\/operacions-triangulars-una-aventura-logistica-o-un-malson-fiscal\/","title":{"rendered":"Operacions Triangulars. Una aventura log\u00edstica o un malson fiscal?"},"content":{"rendered":"<p><strong>INTRODUCCI\u00d3:<\/strong><br \/>\nEn el marc de la internacionalitzaci\u00f3, les empreses emprenen nous projectes empresarials i cada vegada m\u00e9s es pret\u00e9n arribar al client el m\u00e9s r\u00e0pid possible i amb els millors costos, punt pel qu\u00e8 la log\u00edstica \u00e9s part fonamental, aix\u00f2 genera cada dia operacions en les qu\u00e8 poden apar\u00e8ixer m\u00e9s figures a part del venedor i el comprador a les qu\u00e8 anomenem Operacions Triangulars.<\/p>\n<p><strong>OBJECTIUS:<\/strong><br \/>\nEl m\u00f3n de les operacions triangulars en el comer\u00e7 exterior obre noves possibilitats per a importadors i exportadors i agilitza les operacions de compra-venda en un mercat cada vegada m\u00e9s global, per\u00f2 perqu\u00e8 cada dia m\u00e9s empreses treballen amb aquest tipus d\u2019operacions? Quins s\u00f3n els requisits formals i documentals? Quins beneficis obtindr\u00e9 a trav\u00e9s d\u2019una operaci\u00f3 triangular?<\/p>\n<p><strong>DESTINATARIS:<\/strong><br \/>\nDirectors, comandaments i t\u00e8cnics amb responsabilitat en la gesti\u00f3 d\u2019operacions internacionals.<br \/>\nIndispensable experi\u00e8ncia pr\u00e0ctica en tramitacions internacionals.<\/p>\n<p><strong>METODOLOGIA:<\/strong><br \/>\nEn aquesta sessi\u00f3 pr\u00e0ctica es treballaran exemples a trav\u00e9s de RA, per aquest motiu \u00e9s necessari que els participants portin m\u00f2bil o tableta, ambd\u00f3s Android, doncs durant la sessi\u00f3 s\u2019instal.lar\u00e0 una petita aplicaci\u00f3 que permetr\u00e0 visualitzar els formats RA*.<\/p>\n<p><strong>TEMARI:<br \/>\n1.Definici\u00f3 i actors que intervenen en una operaci\u00f3 triangular.<br \/>\n2.Operacions triangulars en el comer\u00e7 intracomunitari.<br \/>\n3.Operacions triangulars a l\u2019exportaci\u00f3.<br \/>\n4.Operaci\u00f3 triangulars a la importaci\u00f3.<br \/>\n5.Casos triangulars.<\/strong><\/p>\n<p><strong>PROFESSORAT:<br \/>\nAlbert Garcia.<\/strong>CEO d\u2019APPSESOR empresa d\u2019assessorament en l\u2019\u00e0mbit internacional, i formador i assessor de la Cambra de Comer\u00e7 de Terrassa en aquest \u00e0mbit.<\/p>\n<p><strong>DURADA, CALENDARI I HORARI:<\/strong><br \/>\n6 hores.<br \/>\n18 de juliol de 2024.<br \/>\nDe 9:00 a 15:00 hores.<\/p>\n<p><strong>DRETS D\u2019INSCRIPCI\u00d3:<\/strong><br \/>\nPreu curs: 150 euros.<\/p>\n<p>+info:\u00a0<a href=\"http:\/\/www.cambraterrassa.org\/exit\/\">www.cambraterrassa.org\/exit\/<\/a><br \/>\nLA CAMBRA NO GESTIONA LA BONIFICACI\u00d3 DELS CURSOS.<\/p>\n<p><strong>LLOC DE CELEBRACI\u00d3:<\/strong><br \/>\nCambra de Comer\u00e7, Ind\u00fastria i Serveis de Terrassa<br \/>\nC\/ Blasco de Garay, 29-49<br \/>\n08224 Terrassa<\/p>\n<p><em>*El m\u00f2bil o tableta hauran de complir amb les seg\u00fcents caracter\u00edstiques m\u00ednimes:<br \/>\n\u2013 Espai lliure m\u00ednim 15M.<br \/>\n\u2013 Sistema operatiu Android 4.4 o posteriors versions.<br \/>\n\u2013 Acc\u00e9s al mode desenvolupador per a la instal.laci\u00f3 directa d\u2019aplicacions.<\/em><\/p>\n<p><em>Es far\u00e0 \u00fas d\u2019aquest software \u00fanicament durant la sessi\u00f3, i es desinstal\u00b7lar\u00e0 en finalitzar la mateixa.<br \/>\nL\u2019\u00fas o la instal\u00b7laci\u00f3 de las aplicacions subministrades durant la formaci\u00f3, aix\u00ed como l\u2019\u00fas que pugui fer-se de la informaci\u00f3 continguda, \u00e9s de l\u2019exclusiva responsabilitat de qui la realitza. La Cambra no respondr\u00e0 de cap conseq\u00fc\u00e8ncia, dany o perjudici que pugui derivar-se d\u2019aquest acc\u00e9s o us de la informaci\u00f3.<br \/>\nLa Cambra s\u2019 eximeix de qualsevol garantia pr\u00e8via, impl\u00edcites o expl\u00edcites, en el qu\u00e8 a l\u2019\u00fas de d\u2019aquesta aplicaci\u00f3 es refereix, aix\u00ed com de cap indole de danys, inclosos entre d\u2019altres, els danys especial, incidentals o resultants. La Cambra no es fa responsable dels possibles errors de seguretat que puguin esdevenir ni de los possibles danys que puguin causar-se al dispositiu de l\u2019usuari, fitxers o documents, aplicacions, programes o qualsevol altre informaci\u00f3, emmagatzemada en el dispositiu.<\/em><\/p>\n","protected":false},"excerpt":{"rendered":"<p>En el marc de la internacionalitzaci\u00f3, les empreses emprenen nous projectes empresarials i cada vegada m\u00e9s es pret\u00e9n arribar al client el m\u00e9s r\u00e0pid possible i amb els millors costos, punt pel qu\u00e8 la log\u00edstica \u00e9s part fonamental, aix\u00f2 genera cada dia operacions en les qu\u00e8 poden apar\u00e8ixer m\u00e9s figures a part del venedor i el comprador a les qu\u00e8 anomenem Operacions Triangulars.<\/p>\n","protected":false},"featured_media":0,"comment_status":"open","ping_status":"closed","template":"","meta":{"_acf_changed":false,"site-sidebar-layout":"default","site-content-layout":"","ast-site-content-layout":"default","site-content-style":"default","site-sidebar-style":"default","ast-global-header-display":"","ast-banner-title-visibility":"","ast-main-header-display":"","ast-hfb-above-header-display":"","ast-hfb-below-header-display":"","ast-hfb-mobile-header-display":"","site-post-title":"","ast-breadcrumbs-content":"","ast-featured-img":"","footer-sml-layout":"","ast-disable-related-posts":"","theme-transparent-header-meta":"default","adv-header-id-meta":"","stick-header-meta":"","header-above-stick-meta":"","header-main-stick-meta":"","header-below-stick-meta":"","astra-migrate-meta-layouts":"set","ast-page-background-enabled":"default","ast-page-background-meta":{"desktop":{"background-color":"var(--ast-global-color-4)","background-image":"","background-repeat":"repeat","background-position":"center center","background-size":"auto","background-attachment":"scroll","background-type":"","background-media":"","overlay-type":"","overlay-color":"","overlay-opacity":"","overlay-gradient":""},"tablet":{"background-color":"","background-image":"","background-repeat":"repeat","background-position":"center center","background-size":"auto","background-attachment":"scroll","background-type":"","background-media":"","overlay-type":"","overlay-color":"","overlay-opacity":"","overlay-gradient":""},"mobile":{"background-color":"","background-image":"","background-repeat":"repeat","background-position":"center center","background-size":"auto","background-attachment":"scroll","background-type":"","background-media":"","overlay-type":"","overlay-color":"","overlay-opacity":"","overlay-gradient":""}},"ast-content-background-meta":{"desktop":{"background-color":"var(--ast-global-color-5)","background-image":"","background-repeat":"repeat","background-position":"center center","background-size":"auto","background-attachment":"scroll","background-type":"","background-media":"","overlay-type":"","overlay-color":"","overlay-opacity":"","overlay-gradient":""},"tablet":{"background-color":"var(--ast-global-color-5)","background-image":"","background-repeat":"repeat","background-position":"center center","background-size":"auto","background-attachment":"scroll","background-type":"","background-media":"","overlay-type":"","overlay-color":"","overlay-opacity":"","overlay-gradient":""},"mobile":{"background-color":"var(--ast-global-color-5)","background-image":"","background-repeat":"repeat","background-position":"center center","background-size":"auto","background-attachment":"scroll","background-type":"","background-media":"","overlay-type":"","overlay-color":"","overlay-opacity":"","overlay-gradient":""}}},"product_brand":[],"product_cat":[67],"product_tag":[],"class_list":{"0":"post-4139","1":"product","2":"type-product","3":"status-publish","5":"product_cat-cursos-i-tallers","6":"desktop-align-left","7":"tablet-align-left","8":"mobile-align-left","10":"first","11":"instock","12":"shipping-taxable","13":"purchasable","14":"product-type-simple"},"acf":[],"yoast_head":"<title>Operacions Triangulars. Una aventura log\u00edstica o un malson fiscal? - Cambra de Comer\u00e7 de Terrassa<\/title>\n<meta name=\"robots\" content=\"noindex, follow\" \/>\n<meta property=\"og:locale\" content=\"es_ES\" \/>\n<meta property=\"og:type\" content=\"article\" \/>\n<meta property=\"og:title\" content=\"Operacions Triangulars. Una aventura log\u00edstica o un malson fiscal? - Cambra de Comer\u00e7 de Terrassa\" \/>\n<meta property=\"og:description\" content=\"En el marc de la internacionalitzaci\u00f3, les empreses emprenen nous projectes empresarials i cada vegada m\u00e9s es pret\u00e9n arribar al client el m\u00e9s r\u00e0pid possible i amb els millors costos, punt pel qu\u00e8 la log\u00edstica \u00e9s part fonamental, aix\u00f2 genera cada dia operacions en les qu\u00e8 poden apar\u00e8ixer m\u00e9s figures a part del venedor i el comprador a les qu\u00e8 anomenem Operacions Triangulars.\" \/>\n<meta property=\"og:url\" content=\"https:\/\/cambraterrassa.org\/producte\/operacions-triangulars-una-aventura-logistica-o-un-malson-fiscal\/\" \/>\n<meta property=\"og:site_name\" content=\"Cambra de Comer\u00e7 de Terrassa\" \/>\n<meta property=\"article:modified_time\" content=\"2024-11-07T08:12:08+00:00\" \/>\n<meta name=\"twitter:card\" content=\"summary_large_image\" \/>\n<meta name=\"twitter:label1\" content=\"Tiempo de lectura\" \/>\n\t<meta name=\"twitter:data1\" content=\"3 minutos\" \/>\n<script type=\"application\/ld+json\" class=\"yoast-schema-graph\">{\"@context\":\"https:\\\/\\\/schema.org\",\"@graph\":[{\"@type\":\"WebPage\",\"@id\":\"https:\\\/\\\/cambraterrassa.org\\\/producte\\\/operacions-triangulars-una-aventura-logistica-o-un-malson-fiscal\\\/\",\"url\":\"https:\\\/\\\/cambraterrassa.org\\\/producte\\\/operacions-triangulars-una-aventura-logistica-o-un-malson-fiscal\\\/\",\"name\":\"Operacions Triangulars. Una aventura log\u00edstica o un malson fiscal? - Cambra de Comer\u00e7 de Terrassa\",\"isPartOf\":{\"@id\":\"https:\\\/\\\/cambraterrassa.org\\\/#website\"},\"datePublished\":\"2024-07-05T14:13:31+00:00\",\"dateModified\":\"2024-11-07T08:12:08+00:00\",\"breadcrumb\":{\"@id\":\"https:\\\/\\\/cambraterrassa.org\\\/producte\\\/operacions-triangulars-una-aventura-logistica-o-un-malson-fiscal\\\/#breadcrumb\"},\"inLanguage\":\"es\",\"potentialAction\":[{\"@type\":\"ReadAction\",\"target\":[\"https:\\\/\\\/cambraterrassa.org\\\/producte\\\/operacions-triangulars-una-aventura-logistica-o-un-malson-fiscal\\\/\"]}]},{\"@type\":\"BreadcrumbList\",\"@id\":\"https:\\\/\\\/cambraterrassa.org\\\/producte\\\/operacions-triangulars-una-aventura-logistica-o-un-malson-fiscal\\\/#breadcrumb\",\"itemListElement\":[{\"@type\":\"ListItem\",\"position\":1,\"name\":\"Inici\",\"item\":\"https:\\\/\\\/cambraterrassa.org\\\/\"},{\"@type\":\"ListItem\",\"position\":2,\"name\":\"Botiga\",\"item\":\"https:\\\/\\\/cambraterrassa.org\\\/botiga\\\/\"},{\"@type\":\"ListItem\",\"position\":3,\"name\":\"Operacions Triangulars. Una aventura log\u00edstica o un malson fiscal?\"}]},{\"@type\":\"WebSite\",\"@id\":\"https:\\\/\\\/cambraterrassa.org\\\/#website\",\"url\":\"https:\\\/\\\/cambraterrassa.org\\\/\",\"name\":\"Cambra de Comer\u00e7 de Terrassa\",\"description\":\"\",\"potentialAction\":[{\"@type\":\"SearchAction\",\"target\":{\"@type\":\"EntryPoint\",\"urlTemplate\":\"https:\\\/\\\/cambraterrassa.org\\\/?s={search_term_string}\"},\"query-input\":{\"@type\":\"PropertyValueSpecification\",\"valueRequired\":true,\"valueName\":\"search_term_string\"}}],\"inLanguage\":\"es\"}]}<\/script>","yoast_head_json":{"title":"Operacions Triangulars. Una aventura log\u00edstica o un malson fiscal? - Cambra de Comer\u00e7 de Terrassa","robots":{"index":"noindex","follow":"follow"},"og_locale":"es_ES","og_type":"article","og_title":"Operacions Triangulars. Una aventura log\u00edstica o un malson fiscal? - Cambra de Comer\u00e7 de Terrassa","og_description":"En el marc de la internacionalitzaci\u00f3, les empreses emprenen nous projectes empresarials i cada vegada m\u00e9s es pret\u00e9n arribar al client el m\u00e9s r\u00e0pid possible i amb els millors costos, punt pel qu\u00e8 la log\u00edstica \u00e9s part fonamental, aix\u00f2 genera cada dia operacions en les qu\u00e8 poden apar\u00e8ixer m\u00e9s figures a part del venedor i el comprador a les qu\u00e8 anomenem Operacions Triangulars.","og_url":"https:\/\/cambraterrassa.org\/producte\/operacions-triangulars-una-aventura-logistica-o-un-malson-fiscal\/","og_site_name":"Cambra de Comer\u00e7 de Terrassa","article_modified_time":"2024-11-07T08:12:08+00:00","twitter_card":"summary_large_image","twitter_misc":{"Tiempo de lectura":"3 minutos"},"schema":{"@context":"https:\/\/schema.org","@graph":[{"@type":"WebPage","@id":"https:\/\/cambraterrassa.org\/producte\/operacions-triangulars-una-aventura-logistica-o-un-malson-fiscal\/","url":"https:\/\/cambraterrassa.org\/producte\/operacions-triangulars-una-aventura-logistica-o-un-malson-fiscal\/","name":"Operacions Triangulars. Una aventura log\u00edstica o un malson fiscal? - Cambra de Comer\u00e7 de Terrassa","isPartOf":{"@id":"https:\/\/cambraterrassa.org\/#website"},"datePublished":"2024-07-05T14:13:31+00:00","dateModified":"2024-11-07T08:12:08+00:00","breadcrumb":{"@id":"https:\/\/cambraterrassa.org\/producte\/operacions-triangulars-una-aventura-logistica-o-un-malson-fiscal\/#breadcrumb"},"inLanguage":"es","potentialAction":[{"@type":"ReadAction","target":["https:\/\/cambraterrassa.org\/producte\/operacions-triangulars-una-aventura-logistica-o-un-malson-fiscal\/"]}]},{"@type":"BreadcrumbList","@id":"https:\/\/cambraterrassa.org\/producte\/operacions-triangulars-una-aventura-logistica-o-un-malson-fiscal\/#breadcrumb","itemListElement":[{"@type":"ListItem","position":1,"name":"Inici","item":"https:\/\/cambraterrassa.org\/"},{"@type":"ListItem","position":2,"name":"Botiga","item":"https:\/\/cambraterrassa.org\/botiga\/"},{"@type":"ListItem","position":3,"name":"Operacions Triangulars. Una aventura log\u00edstica o un malson fiscal?"}]},{"@type":"WebSite","@id":"https:\/\/cambraterrassa.org\/#website","url":"https:\/\/cambraterrassa.org\/","name":"Cambra de Comer\u00e7 de Terrassa","description":"","potentialAction":[{"@type":"SearchAction","target":{"@type":"EntryPoint","urlTemplate":"https:\/\/cambraterrassa.org\/?s={search_term_string}"},"query-input":{"@type":"PropertyValueSpecification","valueRequired":true,"valueName":"search_term_string"}}],"inLanguage":"es"}]}},"_links":{"self":[{"href":"https:\/\/cambraterrassa.org\/es\/wp-json\/wp\/v2\/product\/4139","targetHints":{"allow":["GET"]}}],"collection":[{"href":"https:\/\/cambraterrassa.org\/es\/wp-json\/wp\/v2\/product"}],"about":[{"href":"https:\/\/cambraterrassa.org\/es\/wp-json\/wp\/v2\/types\/product"}],"replies":[{"embeddable":true,"href":"https:\/\/cambraterrassa.org\/es\/wp-json\/wp\/v2\/comments?post=4139"}],"wp:attachment":[{"href":"https:\/\/cambraterrassa.org\/es\/wp-json\/wp\/v2\/media?parent=4139"}],"wp:term":[{"taxonomy":"product_brand","embeddable":true,"href":"https:\/\/cambraterrassa.org\/es\/wp-json\/wp\/v2\/product_brand?post=4139"},{"taxonomy":"product_cat","embeddable":true,"href":"https:\/\/cambraterrassa.org\/es\/wp-json\/wp\/v2\/product_cat?post=4139"},{"taxonomy":"product_tag","embeddable":true,"href":"https:\/\/cambraterrassa.org\/es\/wp-json\/wp\/v2\/product_tag?post=4139"}],"curies":[{"name":"wp","href":"https:\/\/api.w.org\/{rel}","templated":true}]}}