{"id":37108,"date":"2024-11-27T13:23:03","date_gmt":"2024-11-27T12:23:03","guid":{"rendered":"https:\/\/cambraterrassa.org\/?post_type=product&#038;p=37108"},"modified":"2025-12-29T11:07:48","modified_gmt":"2025-12-29T10:07:48","slug":"logistica-internacional","status":"publish","type":"product","link":"https:\/\/cambraterrassa.org\/es\/producte\/logistica-internacional\/","title":{"rendered":"Log\u00edstica internacional"},"content":{"rendered":"<p><strong>OBJECTIUS<\/strong><\/p>\n<ul>\n<li>Con\u00e8ixer amb profunditat la gesti\u00f3 de la log\u00edstica internacional i la seva aplicaci\u00f3 a la realitat.<\/li>\n<li>Adquirir els coneixements necessaris per poder negociar correctament un transport, reduint els costos i millorant la seguretat.<\/li>\n<li>Obtenir una visi\u00f3 transversal del comer\u00e7 internacional, relacionant el transport internacional, la log\u00edstica internacional, Incoterms, duanes, assegurances, operacions triangulars, formes de pagament i fiscalitat, entre d\u2019altres.<\/li>\n<li>Actualitzar i millorar els coneixements en comer\u00e7 internacional.<\/li>\n<\/ul>\n<p><strong>DESTINATARIS<\/strong><\/p>\n<p>Directius, comandaments i t\u00e8cnics d\u2019empreses que hagin de desenvolupar tasques relacionades amb les vendes, les compres i la log\u00edstica internacional, especialment relacionat amb el transport de contenidors.<\/p>\n<p><strong>TEMARI<br \/>\n<\/strong><\/p>\n<ol>\n<li><strong>Persones, infraestructures i equips en la gesti\u00f3 del transport<\/strong>\n<ul>\n<li>Transitari, Agent IATA, consignatari, NVOCC, naviliera, agent de duanes, operador log\u00edstic, etc<\/li>\n<li>Intermodal, transport combinat i multimodal. Documents.<\/li>\n<li>Hub, port sec, <em>hinterland, foreland<\/em>, ZAL, CIM.<\/li>\n<li>Externalitzacions de la log\u00edstica, 1PL, 2PL, 3PL, 4PL, 5PL.<\/li>\n<\/ul>\n<\/li>\n<\/ol>\n<ol start=\"2\">\n<li><strong>Tend\u00e8ncies i futur del transport i la log\u00edstica internacional<\/strong>\n<ul>\n<li>Tend\u00e8ncies log\u00edstiques i de transport.<\/li>\n<li>Comer\u00e7 d\u2019emissions en el transport EU ETS.<\/li>\n<li>Avantatges i desavantatges de cada tipus de transport.<\/li>\n<\/ul>\n<\/li>\n<\/ol>\n<ol start=\"3\">\n<li><strong>Incoterms en la cadena de subministrament internacional<\/strong>\n<ul>\n<li>Incoterms 2020.<\/li>\n<li>EXW, prohibit en contenidors i camions.<\/li>\n<li>Per qu\u00e8 no s\u2019hauria d\u2019utilitzar el FOB, el CFR i el CIF amb contenidors?<\/li>\n<li>FCA i DAP com a eines essencials.<\/li>\n<li>Propietat mar\u00edtima i propietat jur\u00eddica de les mercaderies.<\/li>\n<\/ul>\n<\/li>\n<\/ol>\n<ol start=\"4\">\n<li><strong>Processos operatius en la gesti\u00f3 del transport internacional.<\/strong>\n<ul>\n<li>Proc\u00e9s d\u2019importaci\u00f3 i exportaci\u00f3.<\/li>\n<li>Proc\u00e9s duaner i documentaci\u00f3.<\/li>\n<\/ul>\n<\/li>\n<\/ol>\n<ol start=\"5\">\n<li><strong>Els documents en el transport.<\/strong>\n<ul>\n<li><em>Bill of lading (Master, House, Express).<\/em><\/li>\n<li>CMR i la seva gesti\u00f3.<\/li>\n<li>Legislaci\u00f3 del transport.<strong style=\"font-size: 16px;\">\u00a0<\/strong><\/li>\n<\/ul>\n<\/li>\n<\/ol>\n<ol start=\"6\">\n<li><strong>Costos log\u00edstics i del transport<\/strong>\n<ul>\n<li>Esquema i processos de gesti\u00f3 dels costos en el transport.<\/li>\n<li>L\u2019asseguran\u00e7a de mercaderies.<\/li>\n<li>Els costos en la gesti\u00f3 dels contenidors.<\/li>\n<li>Proc\u00e9s de contractaci\u00f3 del transport internacional.<\/li>\n<\/ul>\n<\/li>\n<\/ol>\n<ol start=\"7\">\n<li><strong>Exemples de visi\u00f3 transversal en la gesti\u00f3 del transport.<\/strong>\n<ul>\n<li>Embalatge i processos de c\u00e0rrega i estiba.<\/li>\n<li>Problem\u00e0tica de les formes de cobrament pagament amb els diferents tipus de transport.<br \/>\n&#8211; Els cr\u00e8dits documentaris i els B\/L en transport per contenidor.<br \/>\n&#8211; Els contenidors i el CAD.<br \/>\n&#8211; Els camions i avions amb el FCA.<\/p>\n<ul>\n<li>Contenidors i operacions triangulars.<\/li>\n<li>Gesti\u00f3 de sinistres en contenidors i camions. Exemples pr\u00e0ctics.<\/li>\n<\/ul>\n<\/li>\n<\/ul>\n<\/li>\n<\/ol>\n<p><strong>PROFESSORAT<br \/>\n<\/strong><strong>Remigi Palm\u00e9s<br \/>\n<\/strong>Llicenciat en management internacional per ESMA. Gerent de Formaci\u00f3 Pime, empresa dedicada a la formaci\u00f3 empresarial de gerents i comandaments intermedis, en mat\u00e8ria de direcci\u00f3 i gesti\u00f3 empresarial i comer\u00e7 internacional. Gerent de Gerent Pime, empresa de consultoria estrat\u00e8gica especialitzada en pimes.<\/p>\n<p><strong>DURADA, CALENDARI I HORARI<br \/>\n<\/strong>15 hores<br \/>\n7, 14 i 21 de maig<br \/>\nDe 9:00 a 14:00 h.<\/p>\n<p><strong>DRETS D\u2019INSCRIPCI\u00d3<\/strong><br \/>\nPreu del curs: 325 euros.<\/p>\n<p>LA CAMBRA NO GESTIONA LA BONIFICACI\u00d3 DELS CURSOS.<\/p>\n<p><strong>UBICACI\u00d3<\/strong><br \/>\nCambra de Comer\u00e7, Ind\u00fastria i Serveis de Terrassa<br \/>\nC\/ Blasco de Garay, 29-49<br \/>\n08224 Terrassa<\/p>\n","protected":false},"excerpt":{"rendered":"<p>Formaci\u00f3 empresarial per con\u00e8ixer amb profunditat la gesti\u00f3 de la log\u00edstica internacional i la seva aplicaci\u00f3 a la realitat; adquirir els coneixements necessaris per poder negociar correctament un transport, reduint els costos i millorant la seguretat; obtenir una visi\u00f3 transversal del comer\u00e7 internacional, relacionant el transport internacional, la log\u00edstica internacional, Incoterms, duanes, assegurances, operacions triangulars, formes de pagament i fiscalitat, entre d\u2019altres. Adre\u00e7at a directius, comandaments i t\u00e8cnics d\u2019empreses que hagin de desenvolupar tasques relacionades amb les vendes, les compres i la log\u00edstica internacional, especialment relacionat amb el transport de contenidors.<\/p>\n","protected":false},"featured_media":0,"comment_status":"open","ping_status":"closed","template":"","meta":{"_acf_changed":false,"site-sidebar-layout":"default","site-content-layout":"","ast-site-content-layout":"default","site-content-style":"default","site-sidebar-style":"default","ast-global-header-display":"","ast-banner-title-visibility":"","ast-main-header-display":"","ast-hfb-above-header-display":"","ast-hfb-below-header-display":"","ast-hfb-mobile-header-display":"","site-post-title":"","ast-breadcrumbs-content":"","ast-featured-img":"","footer-sml-layout":"","ast-disable-related-posts":"","theme-transparent-header-meta":"default","adv-header-id-meta":"","stick-header-meta":"","header-above-stick-meta":"","header-main-stick-meta":"","header-below-stick-meta":"","astra-migrate-meta-layouts":"set","ast-page-background-enabled":"default","ast-page-background-meta":{"desktop":{"background-color":"var(--ast-global-color-4)","background-image":"","background-repeat":"repeat","background-position":"center center","background-size":"auto","background-attachment":"scroll","background-type":"","background-media":"","overlay-type":"","overlay-color":"","overlay-opacity":"","overlay-gradient":""},"tablet":{"background-color":"","background-image":"","background-repeat":"repeat","background-position":"center center","background-size":"auto","background-attachment":"scroll","background-type":"","background-media":"","overlay-type":"","overlay-color":"","overlay-opacity":"","overlay-gradient":""},"mobile":{"background-color":"","background-image":"","background-repeat":"repeat","background-position":"center center","background-size":"auto","background-attachment":"scroll","background-type":"","background-media":"","overlay-type":"","overlay-color":"","overlay-opacity":"","overlay-gradient":""}},"ast-content-background-meta":{"desktop":{"background-color":"var(--ast-global-color-5)","background-image":"","background-repeat":"repeat","background-position":"center center","background-size":"auto","background-attachment":"scroll","background-type":"","background-media":"","overlay-type":"","overlay-color":"","overlay-opacity":"","overlay-gradient":""},"tablet":{"background-color":"var(--ast-global-color-5)","background-image":"","background-repeat":"repeat","background-position":"center center","background-size":"auto","background-attachment":"scroll","background-type":"","background-media":"","overlay-type":"","overlay-color":"","overlay-opacity":"","overlay-gradient":""},"mobile":{"background-color":"var(--ast-global-color-5)","background-image":"","background-repeat":"repeat","background-position":"center center","background-size":"auto","background-attachment":"scroll","background-type":"","background-media":"","overlay-type":"","overlay-color":"","overlay-opacity":"","overlay-gradient":""}}},"product_brand":[],"product_cat":[67],"product_tag":[],"class_list":{"0":"post-37108","1":"product","2":"type-product","3":"status-publish","5":"product_cat-cursos-i-tallers","6":"desktop-align-left","7":"tablet-align-left","8":"mobile-align-left","10":"first","11":"instock","12":"shipping-taxable","13":"purchasable","14":"product-type-simple"},"acf":[],"yoast_head":"<title>Log\u00edstica internacional - Cambra de Comer\u00e7 de Terrassa<\/title>\n<meta name=\"description\" content=\"Formaci\u00f3 empresarial per con\u00e8ixer amb profunditat la gesti\u00f3 de la log\u00edstica internacional i la seva aplicaci\u00f3 a la realitat.\" \/>\n<meta name=\"robots\" content=\"noindex, follow\" \/>\n<meta property=\"og:locale\" content=\"es_ES\" \/>\n<meta property=\"og:type\" content=\"article\" \/>\n<meta property=\"og:title\" content=\"Log\u00edstica internacional - Cambra de Comer\u00e7 de Terrassa\" \/>\n<meta property=\"og:description\" content=\"Formaci\u00f3 empresarial per con\u00e8ixer amb profunditat la gesti\u00f3 de la log\u00edstica internacional i la seva aplicaci\u00f3 a la realitat.\" \/>\n<meta property=\"og:url\" content=\"https:\/\/cambraterrassa.org\/producte\/logistica-internacional\/\" \/>\n<meta property=\"og:site_name\" content=\"Cambra de Comer\u00e7 de Terrassa\" \/>\n<meta property=\"article:modified_time\" content=\"2025-12-29T10:07:48+00:00\" \/>\n<meta name=\"twitter:card\" content=\"summary_large_image\" \/>\n<meta name=\"twitter:label1\" content=\"Tiempo de lectura\" \/>\n\t<meta name=\"twitter:data1\" content=\"3 minutos\" \/>\n<script type=\"application\/ld+json\" class=\"yoast-schema-graph\">{\"@context\":\"https:\\\/\\\/schema.org\",\"@graph\":[{\"@type\":\"WebPage\",\"@id\":\"https:\\\/\\\/cambraterrassa.org\\\/producte\\\/logistica-internacional\\\/\",\"url\":\"https:\\\/\\\/cambraterrassa.org\\\/producte\\\/logistica-internacional\\\/\",\"name\":\"Log\u00edstica internacional - Cambra de Comer\u00e7 de Terrassa\",\"isPartOf\":{\"@id\":\"https:\\\/\\\/cambraterrassa.org\\\/#website\"},\"datePublished\":\"2024-11-27T12:23:03+00:00\",\"dateModified\":\"2025-12-29T10:07:48+00:00\",\"description\":\"Formaci\u00f3 empresarial per con\u00e8ixer amb profunditat la gesti\u00f3 de la log\u00edstica internacional i la seva aplicaci\u00f3 a la realitat.\",\"breadcrumb\":{\"@id\":\"https:\\\/\\\/cambraterrassa.org\\\/producte\\\/logistica-internacional\\\/#breadcrumb\"},\"inLanguage\":\"es\",\"potentialAction\":[{\"@type\":\"ReadAction\",\"target\":[\"https:\\\/\\\/cambraterrassa.org\\\/producte\\\/logistica-internacional\\\/\"]}]},{\"@type\":\"BreadcrumbList\",\"@id\":\"https:\\\/\\\/cambraterrassa.org\\\/producte\\\/logistica-internacional\\\/#breadcrumb\",\"itemListElement\":[{\"@type\":\"ListItem\",\"position\":1,\"name\":\"Inici\",\"item\":\"https:\\\/\\\/cambraterrassa.org\\\/\"},{\"@type\":\"ListItem\",\"position\":2,\"name\":\"Botiga\",\"item\":\"https:\\\/\\\/cambraterrassa.org\\\/botiga\\\/\"},{\"@type\":\"ListItem\",\"position\":3,\"name\":\"Log\u00edstica internacional\"}]},{\"@type\":\"WebSite\",\"@id\":\"https:\\\/\\\/cambraterrassa.org\\\/#website\",\"url\":\"https:\\\/\\\/cambraterrassa.org\\\/\",\"name\":\"Cambra de Comer\u00e7 de Terrassa\",\"description\":\"\",\"potentialAction\":[{\"@type\":\"SearchAction\",\"target\":{\"@type\":\"EntryPoint\",\"urlTemplate\":\"https:\\\/\\\/cambraterrassa.org\\\/?s={search_term_string}\"},\"query-input\":{\"@type\":\"PropertyValueSpecification\",\"valueRequired\":true,\"valueName\":\"search_term_string\"}}],\"inLanguage\":\"es\"}]}<\/script>","yoast_head_json":{"title":"Log\u00edstica internacional - Cambra de Comer\u00e7 de Terrassa","description":"Formaci\u00f3 empresarial per con\u00e8ixer amb profunditat la gesti\u00f3 de la log\u00edstica internacional i la seva aplicaci\u00f3 a la realitat.","robots":{"index":"noindex","follow":"follow"},"og_locale":"es_ES","og_type":"article","og_title":"Log\u00edstica internacional - Cambra de Comer\u00e7 de Terrassa","og_description":"Formaci\u00f3 empresarial per con\u00e8ixer amb profunditat la gesti\u00f3 de la log\u00edstica internacional i la seva aplicaci\u00f3 a la realitat.","og_url":"https:\/\/cambraterrassa.org\/producte\/logistica-internacional\/","og_site_name":"Cambra de Comer\u00e7 de Terrassa","article_modified_time":"2025-12-29T10:07:48+00:00","twitter_card":"summary_large_image","twitter_misc":{"Tiempo de lectura":"3 minutos"},"schema":{"@context":"https:\/\/schema.org","@graph":[{"@type":"WebPage","@id":"https:\/\/cambraterrassa.org\/producte\/logistica-internacional\/","url":"https:\/\/cambraterrassa.org\/producte\/logistica-internacional\/","name":"Log\u00edstica internacional - Cambra de Comer\u00e7 de Terrassa","isPartOf":{"@id":"https:\/\/cambraterrassa.org\/#website"},"datePublished":"2024-11-27T12:23:03+00:00","dateModified":"2025-12-29T10:07:48+00:00","description":"Formaci\u00f3 empresarial per con\u00e8ixer amb profunditat la gesti\u00f3 de la log\u00edstica internacional i la seva aplicaci\u00f3 a la realitat.","breadcrumb":{"@id":"https:\/\/cambraterrassa.org\/producte\/logistica-internacional\/#breadcrumb"},"inLanguage":"es","potentialAction":[{"@type":"ReadAction","target":["https:\/\/cambraterrassa.org\/producte\/logistica-internacional\/"]}]},{"@type":"BreadcrumbList","@id":"https:\/\/cambraterrassa.org\/producte\/logistica-internacional\/#breadcrumb","itemListElement":[{"@type":"ListItem","position":1,"name":"Inici","item":"https:\/\/cambraterrassa.org\/"},{"@type":"ListItem","position":2,"name":"Botiga","item":"https:\/\/cambraterrassa.org\/botiga\/"},{"@type":"ListItem","position":3,"name":"Log\u00edstica internacional"}]},{"@type":"WebSite","@id":"https:\/\/cambraterrassa.org\/#website","url":"https:\/\/cambraterrassa.org\/","name":"Cambra de Comer\u00e7 de Terrassa","description":"","potentialAction":[{"@type":"SearchAction","target":{"@type":"EntryPoint","urlTemplate":"https:\/\/cambraterrassa.org\/?s={search_term_string}"},"query-input":{"@type":"PropertyValueSpecification","valueRequired":true,"valueName":"search_term_string"}}],"inLanguage":"es"}]}},"_links":{"self":[{"href":"https:\/\/cambraterrassa.org\/es\/wp-json\/wp\/v2\/product\/37108","targetHints":{"allow":["GET"]}}],"collection":[{"href":"https:\/\/cambraterrassa.org\/es\/wp-json\/wp\/v2\/product"}],"about":[{"href":"https:\/\/cambraterrassa.org\/es\/wp-json\/wp\/v2\/types\/product"}],"replies":[{"embeddable":true,"href":"https:\/\/cambraterrassa.org\/es\/wp-json\/wp\/v2\/comments?post=37108"}],"wp:attachment":[{"href":"https:\/\/cambraterrassa.org\/es\/wp-json\/wp\/v2\/media?parent=37108"}],"wp:term":[{"taxonomy":"product_brand","embeddable":true,"href":"https:\/\/cambraterrassa.org\/es\/wp-json\/wp\/v2\/product_brand?post=37108"},{"taxonomy":"product_cat","embeddable":true,"href":"https:\/\/cambraterrassa.org\/es\/wp-json\/wp\/v2\/product_cat?post=37108"},{"taxonomy":"product_tag","embeddable":true,"href":"https:\/\/cambraterrassa.org\/es\/wp-json\/wp\/v2\/product_tag?post=37108"}],"curies":[{"name":"wp","href":"https:\/\/api.w.org\/{rel}","templated":true}]}}