{"id":37100,"date":"2024-11-27T13:08:20","date_gmt":"2024-11-27T12:08:20","guid":{"rendered":"https:\/\/cambraterrassa.org\/?post_type=product&#038;p=37100"},"modified":"2025-12-29T11:09:25","modified_gmt":"2025-12-29T10:09:25","slug":"formes-i-mitjans-de-pagament-internacionals","status":"publish","type":"product","link":"https:\/\/cambraterrassa.org\/es\/producte\/formes-i-mitjans-de-pagament-internacionals\/","title":{"rendered":"Formes i mitjans de pagament internacionals"},"content":{"rendered":"<p><strong>OBJECTIUS<\/strong><\/p>\n<p>Con\u00e8ixer les formes i els mitjans de pagament internacionals, els seus riscos, despeses i novetats en alguns pa\u00efsos. Aix\u00ed com els mitjans de pagament online.<\/p>\n<p><strong>DESTINATARIS<\/strong><\/p>\n<p>Ger\u00e8ncia, Export\/import managers, Departament financer, Export\/import backoffice.<\/p>\n<p><strong>TEMARI<\/strong><\/p>\n<ol>\n<li><strong> Les Formes de Pagament.<\/strong><\/li>\n<li><strong>Els Mitjans de Pagament: la seva Elecci\u00f3.<\/strong><\/li>\n<li><strong>La Seguretat, Risc i Despeses dels Mitjans de Pagament.<\/strong><\/li>\n<li><strong>Els Mitjans de Pagament i el Finan\u00e7ament a trav\u00e9s d\u2019ells.<\/strong><\/li>\n<li><strong>Especial atenci\u00f3 al Cr\u00e8dit Documentari (L\/C).\u00a0\u00a0\u00a0\u00a0\u00a0\u00a0\u00a0\u00a0 <\/strong><\/li>\n<li><strong>Mitjans de Pagament Online: Qualsevol mitj\u00e0 i per a qualsevol pa\u00eds?<\/strong><\/li>\n<li><strong>Les Novetats en Mitjans de Pagament en alguns Pa\u00efsos.<\/strong><\/li>\n<li><strong>Casos pr\u00e0ctics.<\/strong><\/li>\n<\/ol>\n<p><strong>PROFESSORAT<\/strong><br \/>\n<strong>Daniel Gonz\u00e1lez<br \/>\n<\/strong>Responsable d\u2019Assessoria Jur\u00eddica Internacional en la Cambra Oficial de Comer\u00e7, Ind\u00fastria i Serveis de Terrassa.<br \/>\nAdvocat i Assessor d\u2019empresa en Fiscalitat de l\u2019empresa, Compravenda internacional, Comer\u00e7 exterior i Dret internacional privat, RGPD- LOPD i E-commerce, marques i imatge corporativa, Formador en Comer\u00e7 Internacional , Finances internacionals i fiscalitat empresarial.<\/p>\n<p><strong>DURADA, CALENDARI I HORARI<br \/>\n<\/strong>3 hores<br \/>\n2 d&#8217;abril<br \/>\nDe 9:30 a 12:30 h.<\/p>\n<p><strong>DRETS D\u2019INSCRIPCI\u00d3<\/strong><br \/>\nPreu del curs: 90 euros<\/p>\n<p>LA CAMBRA NO GESTIONA LA BONIFICACI\u00d3 DELS CURSOS.<\/p>\n<p><strong>UBICACI\u00d3<\/strong><br \/>\nCambra de Comer\u00e7, Ind\u00fastria i Serveis de Terrassa<br \/>\nC\/ Blasco de Garay, 29-49<br \/>\n08224 Terrassa<\/p>\n","protected":false},"excerpt":{"rendered":"<p>Formaci\u00f3 empresarial per con\u00e8ixer les formes i els mitjans de pagament internacionals, els seus riscos i les novetats en alguns pa\u00efsos. Adre\u00e7at a ger\u00e8ncia, export\/import managers, departament financer, export\/import backoffice.<\/p>\n","protected":false},"featured_media":0,"comment_status":"closed","ping_status":"closed","template":"","meta":{"_acf_changed":false,"site-sidebar-layout":"default","site-content-layout":"","ast-site-content-layout":"default","site-content-style":"default","site-sidebar-style":"default","ast-global-header-display":"","ast-banner-title-visibility":"","ast-main-header-display":"","ast-hfb-above-header-display":"","ast-hfb-below-header-display":"","ast-hfb-mobile-header-display":"","site-post-title":"","ast-breadcrumbs-content":"","ast-featured-img":"","footer-sml-layout":"","ast-disable-related-posts":"","theme-transparent-header-meta":"default","adv-header-id-meta":"","stick-header-meta":"","header-above-stick-meta":"","header-main-stick-meta":"","header-below-stick-meta":"","astra-migrate-meta-layouts":"set","ast-page-background-enabled":"default","ast-page-background-meta":{"desktop":{"background-color":"var(--ast-global-color-4)","background-image":"","background-repeat":"repeat","background-position":"center center","background-size":"auto","background-attachment":"scroll","background-type":"","background-media":"","overlay-type":"","overlay-color":"","overlay-opacity":"","overlay-gradient":""},"tablet":{"background-color":"","background-image":"","background-repeat":"repeat","background-position":"center center","background-size":"auto","background-attachment":"scroll","background-type":"","background-media":"","overlay-type":"","overlay-color":"","overlay-opacity":"","overlay-gradient":""},"mobile":{"background-color":"","background-image":"","background-repeat":"repeat","background-position":"center center","background-size":"auto","background-attachment":"scroll","background-type":"","background-media":"","overlay-type":"","overlay-color":"","overlay-opacity":"","overlay-gradient":""}},"ast-content-background-meta":{"desktop":{"background-color":"var(--ast-global-color-5)","background-image":"","background-repeat":"repeat","background-position":"center center","background-size":"auto","background-attachment":"scroll","background-type":"","background-media":"","overlay-type":"","overlay-color":"","overlay-opacity":"","overlay-gradient":""},"tablet":{"background-color":"var(--ast-global-color-5)","background-image":"","background-repeat":"repeat","background-position":"center center","background-size":"auto","background-attachment":"scroll","background-type":"","background-media":"","overlay-type":"","overlay-color":"","overlay-opacity":"","overlay-gradient":""},"mobile":{"background-color":"var(--ast-global-color-5)","background-image":"","background-repeat":"repeat","background-position":"center center","background-size":"auto","background-attachment":"scroll","background-type":"","background-media":"","overlay-type":"","overlay-color":"","overlay-opacity":"","overlay-gradient":""}}},"product_brand":[],"product_cat":[67],"product_tag":[],"class_list":{"0":"post-37100","1":"product","2":"type-product","3":"status-publish","5":"product_cat-cursos-i-tallers","6":"desktop-align-left","7":"tablet-align-left","8":"mobile-align-left","10":"first","11":"instock","12":"shipping-taxable","13":"purchasable","14":"product-type-simple"},"acf":[],"yoast_head":"<title>Formes i mitjans de pagament internacionals - Cambra de Comer\u00e7 de Terrassa<\/title>\n<meta name=\"description\" content=\"Formaci\u00f3 empresarial per con\u00e8ixer la contractaci\u00f3 Smart Contract, per qu\u00e8 els podem emprar i qu\u00e8 suposa per a l\u2019empresa automatitzar les seves relacions contractuals.\" \/>\n<meta name=\"robots\" content=\"noindex, follow\" \/>\n<meta property=\"og:locale\" content=\"es_ES\" \/>\n<meta property=\"og:type\" content=\"article\" \/>\n<meta property=\"og:title\" content=\"Formes i mitjans de pagament internacionals - Cambra de Comer\u00e7 de Terrassa\" \/>\n<meta property=\"og:description\" content=\"Formaci\u00f3 empresarial per con\u00e8ixer la contractaci\u00f3 Smart Contract, per qu\u00e8 els podem emprar i qu\u00e8 suposa per a l\u2019empresa automatitzar les seves relacions contractuals.\" \/>\n<meta property=\"og:url\" content=\"https:\/\/cambraterrassa.org\/producte\/formes-i-mitjans-de-pagament-internacionals\/\" \/>\n<meta property=\"og:site_name\" content=\"Cambra de Comer\u00e7 de Terrassa\" \/>\n<meta property=\"article:modified_time\" content=\"2025-12-29T10:09:25+00:00\" \/>\n<meta name=\"twitter:card\" content=\"summary_large_image\" \/>\n<meta name=\"twitter:label1\" content=\"Tiempo de lectura\" \/>\n\t<meta name=\"twitter:data1\" content=\"2 minutos\" \/>\n<script type=\"application\/ld+json\" class=\"yoast-schema-graph\">{\"@context\":\"https:\\\/\\\/schema.org\",\"@graph\":[{\"@type\":\"WebPage\",\"@id\":\"https:\\\/\\\/cambraterrassa.org\\\/producte\\\/formes-i-mitjans-de-pagament-internacionals\\\/\",\"url\":\"https:\\\/\\\/cambraterrassa.org\\\/producte\\\/formes-i-mitjans-de-pagament-internacionals\\\/\",\"name\":\"Formes i mitjans de pagament internacionals - Cambra de Comer\u00e7 de Terrassa\",\"isPartOf\":{\"@id\":\"https:\\\/\\\/cambraterrassa.org\\\/#website\"},\"datePublished\":\"2024-11-27T12:08:20+00:00\",\"dateModified\":\"2025-12-29T10:09:25+00:00\",\"description\":\"Formaci\u00f3 empresarial per con\u00e8ixer la contractaci\u00f3 Smart Contract, per qu\u00e8 els podem emprar i qu\u00e8 suposa per a l\u2019empresa automatitzar les seves relacions contractuals.\",\"breadcrumb\":{\"@id\":\"https:\\\/\\\/cambraterrassa.org\\\/producte\\\/formes-i-mitjans-de-pagament-internacionals\\\/#breadcrumb\"},\"inLanguage\":\"es\",\"potentialAction\":[{\"@type\":\"ReadAction\",\"target\":[\"https:\\\/\\\/cambraterrassa.org\\\/producte\\\/formes-i-mitjans-de-pagament-internacionals\\\/\"]}]},{\"@type\":\"BreadcrumbList\",\"@id\":\"https:\\\/\\\/cambraterrassa.org\\\/producte\\\/formes-i-mitjans-de-pagament-internacionals\\\/#breadcrumb\",\"itemListElement\":[{\"@type\":\"ListItem\",\"position\":1,\"name\":\"Inici\",\"item\":\"https:\\\/\\\/cambraterrassa.org\\\/\"},{\"@type\":\"ListItem\",\"position\":2,\"name\":\"Botiga\",\"item\":\"https:\\\/\\\/cambraterrassa.org\\\/botiga\\\/\"},{\"@type\":\"ListItem\",\"position\":3,\"name\":\"Formes i mitjans de pagament internacionals\"}]},{\"@type\":\"WebSite\",\"@id\":\"https:\\\/\\\/cambraterrassa.org\\\/#website\",\"url\":\"https:\\\/\\\/cambraterrassa.org\\\/\",\"name\":\"Cambra de Comer\u00e7 de Terrassa\",\"description\":\"\",\"potentialAction\":[{\"@type\":\"SearchAction\",\"target\":{\"@type\":\"EntryPoint\",\"urlTemplate\":\"https:\\\/\\\/cambraterrassa.org\\\/?s={search_term_string}\"},\"query-input\":{\"@type\":\"PropertyValueSpecification\",\"valueRequired\":true,\"valueName\":\"search_term_string\"}}],\"inLanguage\":\"es\"}]}<\/script>","yoast_head_json":{"title":"Formes i mitjans de pagament internacionals - Cambra de Comer\u00e7 de Terrassa","description":"Formaci\u00f3 empresarial per con\u00e8ixer la contractaci\u00f3 Smart Contract, per qu\u00e8 els podem emprar i qu\u00e8 suposa per a l\u2019empresa automatitzar les seves relacions contractuals.","robots":{"index":"noindex","follow":"follow"},"og_locale":"es_ES","og_type":"article","og_title":"Formes i mitjans de pagament internacionals - Cambra de Comer\u00e7 de Terrassa","og_description":"Formaci\u00f3 empresarial per con\u00e8ixer la contractaci\u00f3 Smart Contract, per qu\u00e8 els podem emprar i qu\u00e8 suposa per a l\u2019empresa automatitzar les seves relacions contractuals.","og_url":"https:\/\/cambraterrassa.org\/producte\/formes-i-mitjans-de-pagament-internacionals\/","og_site_name":"Cambra de Comer\u00e7 de Terrassa","article_modified_time":"2025-12-29T10:09:25+00:00","twitter_card":"summary_large_image","twitter_misc":{"Tiempo de lectura":"2 minutos"},"schema":{"@context":"https:\/\/schema.org","@graph":[{"@type":"WebPage","@id":"https:\/\/cambraterrassa.org\/producte\/formes-i-mitjans-de-pagament-internacionals\/","url":"https:\/\/cambraterrassa.org\/producte\/formes-i-mitjans-de-pagament-internacionals\/","name":"Formes i mitjans de pagament internacionals - Cambra de Comer\u00e7 de Terrassa","isPartOf":{"@id":"https:\/\/cambraterrassa.org\/#website"},"datePublished":"2024-11-27T12:08:20+00:00","dateModified":"2025-12-29T10:09:25+00:00","description":"Formaci\u00f3 empresarial per con\u00e8ixer la contractaci\u00f3 Smart Contract, per qu\u00e8 els podem emprar i qu\u00e8 suposa per a l\u2019empresa automatitzar les seves relacions contractuals.","breadcrumb":{"@id":"https:\/\/cambraterrassa.org\/producte\/formes-i-mitjans-de-pagament-internacionals\/#breadcrumb"},"inLanguage":"es","potentialAction":[{"@type":"ReadAction","target":["https:\/\/cambraterrassa.org\/producte\/formes-i-mitjans-de-pagament-internacionals\/"]}]},{"@type":"BreadcrumbList","@id":"https:\/\/cambraterrassa.org\/producte\/formes-i-mitjans-de-pagament-internacionals\/#breadcrumb","itemListElement":[{"@type":"ListItem","position":1,"name":"Inici","item":"https:\/\/cambraterrassa.org\/"},{"@type":"ListItem","position":2,"name":"Botiga","item":"https:\/\/cambraterrassa.org\/botiga\/"},{"@type":"ListItem","position":3,"name":"Formes i mitjans de pagament internacionals"}]},{"@type":"WebSite","@id":"https:\/\/cambraterrassa.org\/#website","url":"https:\/\/cambraterrassa.org\/","name":"Cambra de Comer\u00e7 de Terrassa","description":"","potentialAction":[{"@type":"SearchAction","target":{"@type":"EntryPoint","urlTemplate":"https:\/\/cambraterrassa.org\/?s={search_term_string}"},"query-input":{"@type":"PropertyValueSpecification","valueRequired":true,"valueName":"search_term_string"}}],"inLanguage":"es"}]}},"_links":{"self":[{"href":"https:\/\/cambraterrassa.org\/es\/wp-json\/wp\/v2\/product\/37100","targetHints":{"allow":["GET"]}}],"collection":[{"href":"https:\/\/cambraterrassa.org\/es\/wp-json\/wp\/v2\/product"}],"about":[{"href":"https:\/\/cambraterrassa.org\/es\/wp-json\/wp\/v2\/types\/product"}],"replies":[{"embeddable":true,"href":"https:\/\/cambraterrassa.org\/es\/wp-json\/wp\/v2\/comments?post=37100"}],"wp:attachment":[{"href":"https:\/\/cambraterrassa.org\/es\/wp-json\/wp\/v2\/media?parent=37100"}],"wp:term":[{"taxonomy":"product_brand","embeddable":true,"href":"https:\/\/cambraterrassa.org\/es\/wp-json\/wp\/v2\/product_brand?post=37100"},{"taxonomy":"product_cat","embeddable":true,"href":"https:\/\/cambraterrassa.org\/es\/wp-json\/wp\/v2\/product_cat?post=37100"},{"taxonomy":"product_tag","embeddable":true,"href":"https:\/\/cambraterrassa.org\/es\/wp-json\/wp\/v2\/product_tag?post=37100"}],"curies":[{"name":"wp","href":"https:\/\/api.w.org\/{rel}","templated":true}]}}