{"id":37044,"date":"2024-11-25T17:16:44","date_gmt":"2024-11-25T16:16:44","guid":{"rendered":"https:\/\/cambraterrassa.org\/?post_type=product&#038;p=37044"},"modified":"2025-12-29T11:08:23","modified_gmt":"2025-12-29T10:08:23","slug":"intrastat-i-model-349-declaracions-informatives-al-comerc-internacional","status":"publish","type":"product","link":"https:\/\/cambraterrassa.org\/es\/producte\/intrastat-i-model-349-declaracions-informatives-al-comerc-internacional\/","title":{"rendered":"Intrastat i Model 349. Declaracions informatives al comer\u00e7 internacional"},"content":{"rendered":"<p><strong>OBJECTIUS<br \/>\n<\/strong>Identificar les principals caracter\u00edstiques i operativa de les dues declaracions informatives obligat\u00f2ries al comer\u00e7 internacional (Intrastat i Model 349).<\/p>\n<p><strong>DESTINATARIS<br \/>\n<\/strong>Personal de pimes amb activitat internacional que vulguin adquirir, actualitzar o millorar els seus coneixements en mat\u00e8ria de gesti\u00f3 administrativa del comer\u00e7 intracomunitari.<\/p>\n<p><strong>TEMARI<br \/>\n<\/strong><\/p>\n<ol>\n<li><strong>Tr\u00e0fic Intracomunitari de b\u00e9ns.<\/strong><\/li>\n<li><strong>Verificaci\u00f3 Cens VIES.<\/strong><\/li>\n<li><strong>Estad\u00edstica Intracomunit\u00e0ria i el Sistema INTRASTAT.<\/strong><\/li>\n<\/ol>\n<ul>\n<li>Novetats 2022: Reglament (UE) 2019\/2152<\/li>\n<li>Declaraci\u00f3 Intrastat a mercaderies:<\/li>\n<li>Finalitat, contingut, obligats, terminis, llindar, valors, agrupacions d\u2019informaci\u00f3,&#8230;<\/li>\n<\/ul>\n<ol start=\"4\">\n<li><strong>Model 349 a mercaderies i serveis:<\/strong><\/li>\n<\/ol>\n<ul>\n<li>Finalitat, contingut, obligats, terminis, llindar, valors&#8230;<\/li>\n<\/ul>\n<ol start=\"5\">\n<li><strong>Casos pr\u00e0ctics: complementaci\u00f3 d\u2019Intrastat i Model 349<\/strong><\/li>\n<\/ol>\n<p><strong>PROFESSORAT<br \/>\nAlbert Garcia.\u00a0<\/strong>International Development Advisor en MBE Airport Group i formador i assessor de la Cambra de Comer\u00e7 de Terrassa en aquest \u00e0mbit.<\/p>\n<p><strong>DURADA, CALENDARI I HORARI<\/strong><br \/>\n5 hores.<br \/>\n28 de maig de 2025.<br \/>\nDe 9:00 a 14:00 h.<\/p>\n<p><strong>DRETS D\u2019INSCRIPCI\u00d3<\/strong><br \/>\nPreu curs: 120 euros.<\/p>\n<p>LA CAMBRA NO GESTIONA LA BONIFICACI\u00d3 DELS CURSOS.<\/p>\n<p><strong>UBICACI\u00d3<\/strong><br \/>\nCambra de Comer\u00e7, Ind\u00fastria i Serveis de Terrassa<br \/>\nC\/ Blasco de Garay, 29-49<br \/>\n08224 Terrassa<\/p>\n","protected":false},"excerpt":{"rendered":"<p>Aquest curs est\u00e0 dissenyat per identificar les principals caracter\u00edstiques i operativa de les dues declaracions informatives obligat\u00f2ries al comer\u00e7 internacional (Intrastat i Model 349). Adre\u00e7at a personal de pimes amb activitat internacional que vulguin adquirir, actualitzar o millorar els seus coneixements en mat\u00e8ria de gesti\u00f3 administrativa del comer\u00e7 intracomunitari.<\/p>\n","protected":false},"featured_media":0,"comment_status":"open","ping_status":"closed","template":"","meta":{"_acf_changed":false,"site-sidebar-layout":"default","site-content-layout":"","ast-site-content-layout":"default","site-content-style":"default","site-sidebar-style":"default","ast-global-header-display":"","ast-banner-title-visibility":"","ast-main-header-display":"","ast-hfb-above-header-display":"","ast-hfb-below-header-display":"","ast-hfb-mobile-header-display":"","site-post-title":"","ast-breadcrumbs-content":"","ast-featured-img":"","footer-sml-layout":"","ast-disable-related-posts":"","theme-transparent-header-meta":"default","adv-header-id-meta":"","stick-header-meta":"","header-above-stick-meta":"","header-main-stick-meta":"","header-below-stick-meta":"","astra-migrate-meta-layouts":"set","ast-page-background-enabled":"default","ast-page-background-meta":{"desktop":{"background-color":"var(--ast-global-color-4)","background-image":"","background-repeat":"repeat","background-position":"center center","background-size":"auto","background-attachment":"scroll","background-type":"","background-media":"","overlay-type":"","overlay-color":"","overlay-opacity":"","overlay-gradient":""},"tablet":{"background-color":"","background-image":"","background-repeat":"repeat","background-position":"center center","background-size":"auto","background-attachment":"scroll","background-type":"","background-media":"","overlay-type":"","overlay-color":"","overlay-opacity":"","overlay-gradient":""},"mobile":{"background-color":"","background-image":"","background-repeat":"repeat","background-position":"center center","background-size":"auto","background-attachment":"scroll","background-type":"","background-media":"","overlay-type":"","overlay-color":"","overlay-opacity":"","overlay-gradient":""}},"ast-content-background-meta":{"desktop":{"background-color":"var(--ast-global-color-5)","background-image":"","background-repeat":"repeat","background-position":"center center","background-size":"auto","background-attachment":"scroll","background-type":"","background-media":"","overlay-type":"","overlay-color":"","overlay-opacity":"","overlay-gradient":""},"tablet":{"background-color":"var(--ast-global-color-5)","background-image":"","background-repeat":"repeat","background-position":"center center","background-size":"auto","background-attachment":"scroll","background-type":"","background-media":"","overlay-type":"","overlay-color":"","overlay-opacity":"","overlay-gradient":""},"mobile":{"background-color":"var(--ast-global-color-5)","background-image":"","background-repeat":"repeat","background-position":"center center","background-size":"auto","background-attachment":"scroll","background-type":"","background-media":"","overlay-type":"","overlay-color":"","overlay-opacity":"","overlay-gradient":""}}},"product_brand":[],"product_cat":[67],"product_tag":[],"class_list":{"0":"post-37044","1":"product","2":"type-product","3":"status-publish","5":"product_cat-cursos-i-tallers","6":"desktop-align-left","7":"tablet-align-left","8":"mobile-align-left","10":"first","11":"instock","12":"shipping-taxable","13":"purchasable","14":"product-type-simple"},"acf":[],"yoast_head":"<title>Intrastat i Model 349. Declaracions informatives al comer\u00e7 internacional - Cambra de Comer\u00e7 de Terrassa<\/title>\n<meta name=\"description\" content=\"Formaci\u00f3 empresarial per identificar les principals caracter\u00edstiques i operativa de les dues declaracions informatives obligat\u00f2ries al comer\u00e7 internacional (Intrastat i Model 349).\" \/>\n<meta name=\"robots\" content=\"noindex, follow\" \/>\n<meta property=\"og:locale\" content=\"es_ES\" \/>\n<meta property=\"og:type\" content=\"article\" \/>\n<meta property=\"og:title\" content=\"Intrastat i Model 349. Declaracions informatives al comer\u00e7 internacional - Cambra de Comer\u00e7 de Terrassa\" \/>\n<meta property=\"og:description\" content=\"Formaci\u00f3 empresarial per identificar les principals caracter\u00edstiques i operativa de les dues declaracions informatives obligat\u00f2ries al comer\u00e7 internacional (Intrastat i Model 349).\" \/>\n<meta property=\"og:url\" content=\"https:\/\/cambraterrassa.org\/producte\/intrastat-i-model-349-declaracions-informatives-al-comerc-internacional\/\" \/>\n<meta property=\"og:site_name\" content=\"Cambra de Comer\u00e7 de Terrassa\" \/>\n<meta property=\"article:modified_time\" content=\"2025-12-29T10:08:23+00:00\" \/>\n<meta name=\"twitter:card\" content=\"summary_large_image\" \/>\n<meta name=\"twitter:label1\" content=\"Tiempo de lectura\" \/>\n\t<meta name=\"twitter:data1\" content=\"1 minuto\" \/>\n<script type=\"application\/ld+json\" class=\"yoast-schema-graph\">{\"@context\":\"https:\\\/\\\/schema.org\",\"@graph\":[{\"@type\":\"WebPage\",\"@id\":\"https:\\\/\\\/cambraterrassa.org\\\/producte\\\/intrastat-i-model-349-declaracions-informatives-al-comerc-internacional\\\/\",\"url\":\"https:\\\/\\\/cambraterrassa.org\\\/producte\\\/intrastat-i-model-349-declaracions-informatives-al-comerc-internacional\\\/\",\"name\":\"Intrastat i Model 349. Declaracions informatives al comer\u00e7 internacional - Cambra de Comer\u00e7 de Terrassa\",\"isPartOf\":{\"@id\":\"https:\\\/\\\/cambraterrassa.org\\\/#website\"},\"datePublished\":\"2024-11-25T16:16:44+00:00\",\"dateModified\":\"2025-12-29T10:08:23+00:00\",\"description\":\"Formaci\u00f3 empresarial per identificar les principals caracter\u00edstiques i operativa de les dues declaracions informatives obligat\u00f2ries al comer\u00e7 internacional (Intrastat i Model 349).\",\"breadcrumb\":{\"@id\":\"https:\\\/\\\/cambraterrassa.org\\\/producte\\\/intrastat-i-model-349-declaracions-informatives-al-comerc-internacional\\\/#breadcrumb\"},\"inLanguage\":\"es\",\"potentialAction\":[{\"@type\":\"ReadAction\",\"target\":[\"https:\\\/\\\/cambraterrassa.org\\\/producte\\\/intrastat-i-model-349-declaracions-informatives-al-comerc-internacional\\\/\"]}]},{\"@type\":\"BreadcrumbList\",\"@id\":\"https:\\\/\\\/cambraterrassa.org\\\/producte\\\/intrastat-i-model-349-declaracions-informatives-al-comerc-internacional\\\/#breadcrumb\",\"itemListElement\":[{\"@type\":\"ListItem\",\"position\":1,\"name\":\"Inici\",\"item\":\"https:\\\/\\\/cambraterrassa.org\\\/\"},{\"@type\":\"ListItem\",\"position\":2,\"name\":\"Botiga\",\"item\":\"https:\\\/\\\/cambraterrassa.org\\\/botiga\\\/\"},{\"@type\":\"ListItem\",\"position\":3,\"name\":\"Intrastat i Model 349. Declaracions informatives al comer\u00e7 internacional\"}]},{\"@type\":\"WebSite\",\"@id\":\"https:\\\/\\\/cambraterrassa.org\\\/#website\",\"url\":\"https:\\\/\\\/cambraterrassa.org\\\/\",\"name\":\"Cambra de Comer\u00e7 de Terrassa\",\"description\":\"\",\"potentialAction\":[{\"@type\":\"SearchAction\",\"target\":{\"@type\":\"EntryPoint\",\"urlTemplate\":\"https:\\\/\\\/cambraterrassa.org\\\/?s={search_term_string}\"},\"query-input\":{\"@type\":\"PropertyValueSpecification\",\"valueRequired\":true,\"valueName\":\"search_term_string\"}}],\"inLanguage\":\"es\"}]}<\/script>","yoast_head_json":{"title":"Intrastat i Model 349. Declaracions informatives al comer\u00e7 internacional - Cambra de Comer\u00e7 de Terrassa","description":"Formaci\u00f3 empresarial per identificar les principals caracter\u00edstiques i operativa de les dues declaracions informatives obligat\u00f2ries al comer\u00e7 internacional (Intrastat i Model 349).","robots":{"index":"noindex","follow":"follow"},"og_locale":"es_ES","og_type":"article","og_title":"Intrastat i Model 349. Declaracions informatives al comer\u00e7 internacional - Cambra de Comer\u00e7 de Terrassa","og_description":"Formaci\u00f3 empresarial per identificar les principals caracter\u00edstiques i operativa de les dues declaracions informatives obligat\u00f2ries al comer\u00e7 internacional (Intrastat i Model 349).","og_url":"https:\/\/cambraterrassa.org\/producte\/intrastat-i-model-349-declaracions-informatives-al-comerc-internacional\/","og_site_name":"Cambra de Comer\u00e7 de Terrassa","article_modified_time":"2025-12-29T10:08:23+00:00","twitter_card":"summary_large_image","twitter_misc":{"Tiempo de lectura":"1 minuto"},"schema":{"@context":"https:\/\/schema.org","@graph":[{"@type":"WebPage","@id":"https:\/\/cambraterrassa.org\/producte\/intrastat-i-model-349-declaracions-informatives-al-comerc-internacional\/","url":"https:\/\/cambraterrassa.org\/producte\/intrastat-i-model-349-declaracions-informatives-al-comerc-internacional\/","name":"Intrastat i Model 349. Declaracions informatives al comer\u00e7 internacional - Cambra de Comer\u00e7 de Terrassa","isPartOf":{"@id":"https:\/\/cambraterrassa.org\/#website"},"datePublished":"2024-11-25T16:16:44+00:00","dateModified":"2025-12-29T10:08:23+00:00","description":"Formaci\u00f3 empresarial per identificar les principals caracter\u00edstiques i operativa de les dues declaracions informatives obligat\u00f2ries al comer\u00e7 internacional (Intrastat i Model 349).","breadcrumb":{"@id":"https:\/\/cambraterrassa.org\/producte\/intrastat-i-model-349-declaracions-informatives-al-comerc-internacional\/#breadcrumb"},"inLanguage":"es","potentialAction":[{"@type":"ReadAction","target":["https:\/\/cambraterrassa.org\/producte\/intrastat-i-model-349-declaracions-informatives-al-comerc-internacional\/"]}]},{"@type":"BreadcrumbList","@id":"https:\/\/cambraterrassa.org\/producte\/intrastat-i-model-349-declaracions-informatives-al-comerc-internacional\/#breadcrumb","itemListElement":[{"@type":"ListItem","position":1,"name":"Inici","item":"https:\/\/cambraterrassa.org\/"},{"@type":"ListItem","position":2,"name":"Botiga","item":"https:\/\/cambraterrassa.org\/botiga\/"},{"@type":"ListItem","position":3,"name":"Intrastat i Model 349. Declaracions informatives al comer\u00e7 internacional"}]},{"@type":"WebSite","@id":"https:\/\/cambraterrassa.org\/#website","url":"https:\/\/cambraterrassa.org\/","name":"Cambra de Comer\u00e7 de Terrassa","description":"","potentialAction":[{"@type":"SearchAction","target":{"@type":"EntryPoint","urlTemplate":"https:\/\/cambraterrassa.org\/?s={search_term_string}"},"query-input":{"@type":"PropertyValueSpecification","valueRequired":true,"valueName":"search_term_string"}}],"inLanguage":"es"}]}},"_links":{"self":[{"href":"https:\/\/cambraterrassa.org\/es\/wp-json\/wp\/v2\/product\/37044","targetHints":{"allow":["GET"]}}],"collection":[{"href":"https:\/\/cambraterrassa.org\/es\/wp-json\/wp\/v2\/product"}],"about":[{"href":"https:\/\/cambraterrassa.org\/es\/wp-json\/wp\/v2\/types\/product"}],"replies":[{"embeddable":true,"href":"https:\/\/cambraterrassa.org\/es\/wp-json\/wp\/v2\/comments?post=37044"}],"wp:attachment":[{"href":"https:\/\/cambraterrassa.org\/es\/wp-json\/wp\/v2\/media?parent=37044"}],"wp:term":[{"taxonomy":"product_brand","embeddable":true,"href":"https:\/\/cambraterrassa.org\/es\/wp-json\/wp\/v2\/product_brand?post=37044"},{"taxonomy":"product_cat","embeddable":true,"href":"https:\/\/cambraterrassa.org\/es\/wp-json\/wp\/v2\/product_cat?post=37044"},{"taxonomy":"product_tag","embeddable":true,"href":"https:\/\/cambraterrassa.org\/es\/wp-json\/wp\/v2\/product_tag?post=37044"}],"curies":[{"name":"wp","href":"https:\/\/api.w.org\/{rel}","templated":true}]}}