{"id":36069,"date":"2024-11-05T16:02:42","date_gmt":"2024-11-05T15:02:42","guid":{"rendered":"https:\/\/cambraterrassa.org\/?post_type=product&#038;p=36069"},"modified":"2024-11-07T09:04:09","modified_gmt":"2024-11-07T08:04:09","slug":"les-normes-que-implanten-verifactu-els-softwares-de-facturacio-antifrau-i-la-facturacio-electronica-b2b","status":"publish","type":"product","link":"https:\/\/cambraterrassa.org\/es\/producte\/les-normes-que-implanten-verifactu-els-softwares-de-facturacio-antifrau-i-la-facturacio-electronica-b2b\/","title":{"rendered":"Les normes que implanten Veri*factu, els softwares de facturaci\u00f3 antifrau i la facturaci\u00f3 electr\u00f2nica B2B"},"content":{"rendered":"<p><strong>INTRODUCCI\u00d3<\/strong><\/p>\n<p>El Reial decret 1007\/2023, de 5 desembre, ha aprovat el nou Reglament que estableix els requisits dels programes inform\u00e0tics de facturaci\u00f3 antifrau per evitar el software que permeti amagar ingressos per vendes. Aquest Reglament desenvolupa el que estableix la Llei de mesures de prevenci\u00f3 i lluita contra el frau fiscal, i impulsa la lluita contra l&#8217;economia submergida derivada de l&#8217;\u00fas de programari de supressi\u00f3 de vendes. Una de les novetats que introdueix el Reial decret 1007\/2023 \u00e9s el sistema d&#8217;emissi\u00f3 de factures verificables denominat Veri*factu. Aquest terme es refereix als sistemes inform\u00e0tics de facturaci\u00f3 que remeten de manera electr\u00f2nica tots els registres de facturaci\u00f3 a Hisenda de manera simult\u00e0nia o immediatament anterior a l&#8217;expedici\u00f3 de la factura.<\/p>\n<p>Per altra banda, la Llei 18\/2022, de 28 de setembre, de creaci\u00f3 i creixement d&#8217;empreses t\u00e9 per objecte la reducci\u00f3 de la morositat comercial. Aquesta llei ha fet un canvi important Llei 56\/2007, afegint-hi l&#8217;article 2 bis que dicta que tots els empresaris i professionals hauran d&#8217;expedir, trametre i rebre factures electr\u00f2niques en les relacions comercials amb altres empresaris. Aix\u00ed mateix, empreses i aut\u00f2noms hauran d&#8217;enviar una c\u00f2pia del fitxer de cada factura electr\u00f2nica a l&#8217;AEAT i informar de quan han fet el pagament.<\/p>\n<p>En aquests moments estem a l&#8217;espera de la publicaci\u00f3 al BOE del Reial decret que desenvolupa reglament\u00e0riament la implantaci\u00f3 de la factura electr\u00f2nica.<\/p>\n<p><strong>OBJECTIUS<\/strong><\/p>\n<p>En aquest curs es treballaran les caracter\u00edstiques del nou sistema Veri*factu que \u00e9s un sistema impulsat per l&#8217;Ag\u00e8ncia Tribut\u00e0ria que t\u00e9 l&#8217;objectiu de lluitar contra el frau fiscal i impulsar la digitalitzaci\u00f3. Veri*factu afectar\u00e0 a tots els contribuents que desenvolupin activitats econ\u00f2miques i consisteix a enviar de manera autom\u00e0tica cada registre de facturaci\u00f3 a Hisenda de manera simult\u00e0nia o immediatament anterior a l&#8217;expedici\u00f3 de la factura. S&#8217;explicaran els requisits que han de tenir les aplicacions inform\u00e0tiques de facturaci\u00f3 antifrau per a que compleixin amb el que es disposa en el Reglament aprovat pel Reial decret 1007\/2023. Tots els obligats tributaris hauran d&#8217;estar adaptats amb anterioritat a l&#8217;1 de juliol de 2025.<\/p>\n<p>Aix\u00ed mateix, en aquest curs donarem a con\u00e8ixer els diferents requisits i caracter\u00edstiques per implantar la facturaci\u00f3 electr\u00f2nica B2B i l&#8217;enviament d&#8217;una c\u00f2pia del fitxer de cada factura electr\u00f2nica a l&#8217;AEAT. Entre d&#8217;altres, els requisits t\u00e8cnics i d&#8217;informaci\u00f3 a incloure en la factura electr\u00f2nica a l&#8217;efecte de verificar la data de pagament i obtenir els per\u00edodes mitjans de pagament i els requisits d&#8217;interoperabilitat m\u00ednima entre els prestadors de solucions tecnol\u00f2giques de factures electr\u00f2niques.<\/p>\n<p><strong>PROGRAMA<\/strong><\/p>\n<ol>\n<li><strong>L&#8217;ocultaci\u00f3 de vendes mitjan\u00e7ant els software de facturaci\u00f3 de doble \u00fas.<\/strong><strong style=\"font-size: 16px;\">\u00a0<\/strong><\/li>\n<\/ol>\n<ol start=\"2\">\n<li><strong>La Llei 11\/2021, del 9 de juliol, de mesures de prevenci\u00f3 i lluita contra el frau fiscal i la prohibici\u00f3 del software de doble \u00fas.<\/strong><strong style=\"font-size: 16px;\">\u00a0<\/strong><\/li>\n<\/ol>\n<ol start=\"3\">\n<li><strong>L&#8217;antecedent de Veri*factu; el TicketBai adoptat per les hisendes forals basques i navarresa.<\/strong><strong style=\"font-size: 16px;\">\u00a0<\/strong><\/li>\n<\/ol>\n<ol start=\"4\">\n<li><strong>El Reial decret 1007\/2023, de 5 de desembre, pel qual s&#8217;aprova el Reglament que estableix els requisits que han d&#8217;adoptar els sistemes i programes inform\u00e0tics de facturaci\u00f3 i desenvolupa el sistema Veri*factu i l&#8217;Ordre HAC7\/1177\/2024, de 17 d&#8217;octubre que completa el desenvolupament normatiu.<\/strong><strong style=\"font-size: 16px;\">\u00a0<\/strong><\/li>\n<\/ol>\n<ol start=\"5\">\n<li><strong>Qu\u00e8 \u00e9s una factura electr\u00f2nica segons la normativa europea.<\/strong><strong style=\"font-size: 16px;\">\u00a0<\/strong><\/li>\n<\/ol>\n<ol start=\"6\">\n<li><strong>La Llei 18\/2022 (Llei Crea i Creix), la Llei 56\/2007 (Llei d&#8217;impuls de la factura electr\u00f2nica) i les altres normes que implanten la factura electr\u00f2nica obligat\u00f2ria en el B2B.<br \/>\n<\/strong><\/li>\n<\/ol>\n<p><strong>PROFESSORAT<\/strong><\/p>\n<p><strong>Sr. Pere Brachfield, <\/strong><\/p>\n<p>Advocat col\u00b7legiat en l&#8217;Il\u00b7lustre Col\u00b7legi d&#8217;Advocats de Barcelona (ICAB). Membre associat del Col\u00b7legi d&#8217;Economistes de Catalunya. Soci director de <em>Brachfield Credit &amp; Risk Consultants<\/em>, consultors especialistes en la gesti\u00f3 integral del risc de cr\u00e8dit<em>, credit &amp; collection management<\/em> i atorgament de <em>trade credit<\/em>.<\/p>\n<p><strong>DURADA, CALENDARI I HORARI<\/strong><\/p>\n<p>4 hores.<\/p>\n<p>19 de novembre de 10:00 a 14:00 hores.<\/p>\n<p><strong>DRETS D\u2019INSCRIPCI\u00d3<\/strong><\/p>\n<p>Preu curs: 205 euros.<\/p>\n<p><em>LA CAMBRA NO GESTIONA LA BONIFICACI\u00d3 DELS CURSOS.<\/em><\/p>\n<p><strong>UBICACI\u00d3<\/strong><\/p>\n<p>Cambra de Comer\u00e7, Ind\u00fastria i Serveis de Terrassa<\/p>\n<p>C\/ Blasco de Garay, 29-49<\/p>\n<p>08224 Terrassa<\/p>\n","protected":false},"excerpt":{"rendered":"<p>El Reial decret 1007\/2023, de 5 desembre, ha aprovat el nou Reglament que estableix els requisits dels programes inform\u00e0tics de facturaci\u00f3 antifrau per evitar el software que permeti amagar ingressos per vendes. Aquest Reglament desenvolupa el que estableix la Llei de mesures de prevenci\u00f3 i lluita contra el frau fiscal, i impulsa la lluita contra l&#8217;economia submergida derivada de l&#8217;\u00fas de programari de supressi\u00f3 de vendes. Una de les novetats que introdueix el Reial decret 1007\/2023 \u00e9s el sistema d&#8217;emissi\u00f3 de factures verificables denominat Veri*factu. Aquest terme es refereix als sistemes inform\u00e0tics de facturaci\u00f3 que remeten de manera electr\u00f2nica tots els registres de facturaci\u00f3 a Hisenda de manera simult\u00e0nia o immediatament anterior a l&#8217;expedici\u00f3 de la factura.<\/p>\n<p>Per altra banda, la Llei 18\/2022, de 28 de setembre, de creaci\u00f3 i creixement d&#8217;empreses t\u00e9 per objecte la reducci\u00f3 de la morositat comercial. Aquesta llei ha fet un canvi important Llei 56\/2007, afegint-hi l&#8217;article 2 bis que dicta que tots els empresaris i professionals hauran d&#8217;expedir, trametre i rebre factures electr\u00f2niques en les relacions comercials amb altres empresaris. Aix\u00ed mateix, empreses i aut\u00f2noms hauran d&#8217;enviar una c\u00f2pia del fitxer de cada factura electr\u00f2nica a l&#8217;AEAT i informar de quan han fet el pagament.<\/p>\n<p>En aquests moments estem a l&#8217;espera de la publicaci\u00f3 al BOE del Reial decret que desenvolupa reglament\u00e0riament la implantaci\u00f3 de la factura electr\u00f2nica.<\/p>\n","protected":false},"featured_media":0,"comment_status":"open","ping_status":"closed","template":"","meta":{"_acf_changed":false,"site-sidebar-layout":"default","site-content-layout":"","ast-site-content-layout":"default","site-content-style":"default","site-sidebar-style":"default","ast-global-header-display":"","ast-banner-title-visibility":"","ast-main-header-display":"","ast-hfb-above-header-display":"","ast-hfb-below-header-display":"","ast-hfb-mobile-header-display":"","site-post-title":"","ast-breadcrumbs-content":"","ast-featured-img":"","footer-sml-layout":"","ast-disable-related-posts":"","theme-transparent-header-meta":"default","adv-header-id-meta":"","stick-header-meta":"","header-above-stick-meta":"","header-main-stick-meta":"","header-below-stick-meta":"","astra-migrate-meta-layouts":"set","ast-page-background-enabled":"default","ast-page-background-meta":{"desktop":{"background-color":"var(--ast-global-color-4)","background-image":"","background-repeat":"repeat","background-position":"center center","background-size":"auto","background-attachment":"scroll","background-type":"","background-media":"","overlay-type":"","overlay-color":"","overlay-opacity":"","overlay-gradient":""},"tablet":{"background-color":"","background-image":"","background-repeat":"repeat","background-position":"center center","background-size":"auto","background-attachment":"scroll","background-type":"","background-media":"","overlay-type":"","overlay-color":"","overlay-opacity":"","overlay-gradient":""},"mobile":{"background-color":"","background-image":"","background-repeat":"repeat","background-position":"center center","background-size":"auto","background-attachment":"scroll","background-type":"","background-media":"","overlay-type":"","overlay-color":"","overlay-opacity":"","overlay-gradient":""}},"ast-content-background-meta":{"desktop":{"background-color":"var(--ast-global-color-5)","background-image":"","background-repeat":"repeat","background-position":"center center","background-size":"auto","background-attachment":"scroll","background-type":"","background-media":"","overlay-type":"","overlay-color":"","overlay-opacity":"","overlay-gradient":""},"tablet":{"background-color":"var(--ast-global-color-5)","background-image":"","background-repeat":"repeat","background-position":"center center","background-size":"auto","background-attachment":"scroll","background-type":"","background-media":"","overlay-type":"","overlay-color":"","overlay-opacity":"","overlay-gradient":""},"mobile":{"background-color":"var(--ast-global-color-5)","background-image":"","background-repeat":"repeat","background-position":"center center","background-size":"auto","background-attachment":"scroll","background-type":"","background-media":"","overlay-type":"","overlay-color":"","overlay-opacity":"","overlay-gradient":""}}},"product_brand":[],"product_cat":[67],"product_tag":[],"class_list":{"0":"post-36069","1":"product","2":"type-product","3":"status-publish","5":"product_cat-cursos-i-tallers","6":"desktop-align-left","7":"tablet-align-left","8":"mobile-align-left","10":"first","11":"instock","12":"shipping-taxable","13":"purchasable","14":"product-type-simple"},"acf":[],"yoast_head":"<title>Les normes que implanten Veri*factu, els softwares de facturaci\u00f3 antifrau i la facturaci\u00f3 electr\u00f2nica B2B - Cambra de Comer\u00e7 de Terrassa<\/title>\n<meta name=\"robots\" content=\"noindex, follow\" \/>\n<meta property=\"og:locale\" content=\"es_ES\" \/>\n<meta property=\"og:type\" content=\"article\" \/>\n<meta property=\"og:title\" content=\"Les normes que implanten Veri*factu, els softwares de facturaci\u00f3 antifrau i la facturaci\u00f3 electr\u00f2nica B2B - Cambra de Comer\u00e7 de Terrassa\" \/>\n<meta property=\"og:description\" content=\"El Reial decret 1007\/2023, de 5 desembre, ha aprovat el nou Reglament que estableix els requisits dels programes inform\u00e0tics de facturaci\u00f3 antifrau per evitar el software que permeti amagar ingressos per vendes. Aquest Reglament desenvolupa el que estableix la Llei de mesures de prevenci\u00f3 i lluita contra el frau fiscal, i impulsa la lluita contra l&#039;economia submergida derivada de l&#039;\u00fas de programari de supressi\u00f3 de vendes. Una de les novetats que introdueix el Reial decret 1007\/2023 \u00e9s el sistema d&#039;emissi\u00f3 de factures verificables denominat Veri*factu. Aquest terme es refereix als sistemes inform\u00e0tics de facturaci\u00f3 que remeten de manera electr\u00f2nica tots els registres de facturaci\u00f3 a Hisenda de manera simult\u00e0nia o immediatament anterior a l&#039;expedici\u00f3 de la factura.  Per altra banda, la Llei 18\/2022, de 28 de setembre, de creaci\u00f3 i creixement d&#039;empreses t\u00e9 per objecte la reducci\u00f3 de la morositat comercial. Aquesta llei ha fet un canvi important Llei 56\/2007, afegint-hi l&#039;article 2 bis que dicta que tots els empresaris i professionals hauran d&#039;expedir, trametre i rebre factures electr\u00f2niques en les relacions comercials amb altres empresaris. Aix\u00ed mateix, empreses i aut\u00f2noms hauran d&#039;enviar una c\u00f2pia del fitxer de cada factura electr\u00f2nica a l&#039;AEAT i informar de quan han fet el pagament.  En aquests moments estem a l&#039;espera de la publicaci\u00f3 al BOE del Reial decret que desenvolupa reglament\u00e0riament la implantaci\u00f3 de la factura electr\u00f2nica.\" \/>\n<meta property=\"og:url\" content=\"https:\/\/cambraterrassa.org\/producte\/les-normes-que-implanten-verifactu-els-softwares-de-facturacio-antifrau-i-la-facturacio-electronica-b2b\/\" \/>\n<meta property=\"og:site_name\" content=\"Cambra de Comer\u00e7 de Terrassa\" \/>\n<meta property=\"article:modified_time\" content=\"2024-11-07T08:04:09+00:00\" \/>\n<meta name=\"twitter:card\" content=\"summary_large_image\" \/>\n<meta name=\"twitter:label1\" content=\"Tiempo de lectura\" \/>\n\t<meta name=\"twitter:data1\" content=\"4 minutos\" \/>\n<script type=\"application\/ld+json\" class=\"yoast-schema-graph\">{\"@context\":\"https:\\\/\\\/schema.org\",\"@graph\":[{\"@type\":\"WebPage\",\"@id\":\"https:\\\/\\\/cambraterrassa.org\\\/producte\\\/les-normes-que-implanten-verifactu-els-softwares-de-facturacio-antifrau-i-la-facturacio-electronica-b2b\\\/\",\"url\":\"https:\\\/\\\/cambraterrassa.org\\\/producte\\\/les-normes-que-implanten-verifactu-els-softwares-de-facturacio-antifrau-i-la-facturacio-electronica-b2b\\\/\",\"name\":\"Les normes que implanten Veri*factu, els softwares de facturaci\u00f3 antifrau i la facturaci\u00f3 electr\u00f2nica B2B - Cambra de Comer\u00e7 de Terrassa\",\"isPartOf\":{\"@id\":\"https:\\\/\\\/cambraterrassa.org\\\/#website\"},\"datePublished\":\"2024-11-05T15:02:42+00:00\",\"dateModified\":\"2024-11-07T08:04:09+00:00\",\"breadcrumb\":{\"@id\":\"https:\\\/\\\/cambraterrassa.org\\\/producte\\\/les-normes-que-implanten-verifactu-els-softwares-de-facturacio-antifrau-i-la-facturacio-electronica-b2b\\\/#breadcrumb\"},\"inLanguage\":\"es\",\"potentialAction\":[{\"@type\":\"ReadAction\",\"target\":[\"https:\\\/\\\/cambraterrassa.org\\\/producte\\\/les-normes-que-implanten-verifactu-els-softwares-de-facturacio-antifrau-i-la-facturacio-electronica-b2b\\\/\"]}]},{\"@type\":\"BreadcrumbList\",\"@id\":\"https:\\\/\\\/cambraterrassa.org\\\/producte\\\/les-normes-que-implanten-verifactu-els-softwares-de-facturacio-antifrau-i-la-facturacio-electronica-b2b\\\/#breadcrumb\",\"itemListElement\":[{\"@type\":\"ListItem\",\"position\":1,\"name\":\"Inici\",\"item\":\"https:\\\/\\\/cambraterrassa.org\\\/\"},{\"@type\":\"ListItem\",\"position\":2,\"name\":\"Botiga\",\"item\":\"https:\\\/\\\/cambraterrassa.org\\\/botiga\\\/\"},{\"@type\":\"ListItem\",\"position\":3,\"name\":\"Les normes que implanten Veri*factu, els softwares de facturaci\u00f3 antifrau i la facturaci\u00f3 electr\u00f2nica B2B\"}]},{\"@type\":\"WebSite\",\"@id\":\"https:\\\/\\\/cambraterrassa.org\\\/#website\",\"url\":\"https:\\\/\\\/cambraterrassa.org\\\/\",\"name\":\"Cambra de Comer\u00e7 de Terrassa\",\"description\":\"\",\"potentialAction\":[{\"@type\":\"SearchAction\",\"target\":{\"@type\":\"EntryPoint\",\"urlTemplate\":\"https:\\\/\\\/cambraterrassa.org\\\/?s={search_term_string}\"},\"query-input\":{\"@type\":\"PropertyValueSpecification\",\"valueRequired\":true,\"valueName\":\"search_term_string\"}}],\"inLanguage\":\"es\"}]}<\/script>","yoast_head_json":{"title":"Les normes que implanten Veri*factu, els softwares de facturaci\u00f3 antifrau i la facturaci\u00f3 electr\u00f2nica B2B - Cambra de Comer\u00e7 de Terrassa","robots":{"index":"noindex","follow":"follow"},"og_locale":"es_ES","og_type":"article","og_title":"Les normes que implanten Veri*factu, els softwares de facturaci\u00f3 antifrau i la facturaci\u00f3 electr\u00f2nica B2B - Cambra de Comer\u00e7 de Terrassa","og_description":"El Reial decret 1007\/2023, de 5 desembre, ha aprovat el nou Reglament que estableix els requisits dels programes inform\u00e0tics de facturaci\u00f3 antifrau per evitar el software que permeti amagar ingressos per vendes. Aquest Reglament desenvolupa el que estableix la Llei de mesures de prevenci\u00f3 i lluita contra el frau fiscal, i impulsa la lluita contra l'economia submergida derivada de l'\u00fas de programari de supressi\u00f3 de vendes. Una de les novetats que introdueix el Reial decret 1007\/2023 \u00e9s el sistema d'emissi\u00f3 de factures verificables denominat Veri*factu. Aquest terme es refereix als sistemes inform\u00e0tics de facturaci\u00f3 que remeten de manera electr\u00f2nica tots els registres de facturaci\u00f3 a Hisenda de manera simult\u00e0nia o immediatament anterior a l'expedici\u00f3 de la factura.  Per altra banda, la Llei 18\/2022, de 28 de setembre, de creaci\u00f3 i creixement d'empreses t\u00e9 per objecte la reducci\u00f3 de la morositat comercial. Aquesta llei ha fet un canvi important Llei 56\/2007, afegint-hi l'article 2 bis que dicta que tots els empresaris i professionals hauran d'expedir, trametre i rebre factures electr\u00f2niques en les relacions comercials amb altres empresaris. Aix\u00ed mateix, empreses i aut\u00f2noms hauran d'enviar una c\u00f2pia del fitxer de cada factura electr\u00f2nica a l'AEAT i informar de quan han fet el pagament.  En aquests moments estem a l'espera de la publicaci\u00f3 al BOE del Reial decret que desenvolupa reglament\u00e0riament la implantaci\u00f3 de la factura electr\u00f2nica.","og_url":"https:\/\/cambraterrassa.org\/producte\/les-normes-que-implanten-verifactu-els-softwares-de-facturacio-antifrau-i-la-facturacio-electronica-b2b\/","og_site_name":"Cambra de Comer\u00e7 de Terrassa","article_modified_time":"2024-11-07T08:04:09+00:00","twitter_card":"summary_large_image","twitter_misc":{"Tiempo de lectura":"4 minutos"},"schema":{"@context":"https:\/\/schema.org","@graph":[{"@type":"WebPage","@id":"https:\/\/cambraterrassa.org\/producte\/les-normes-que-implanten-verifactu-els-softwares-de-facturacio-antifrau-i-la-facturacio-electronica-b2b\/","url":"https:\/\/cambraterrassa.org\/producte\/les-normes-que-implanten-verifactu-els-softwares-de-facturacio-antifrau-i-la-facturacio-electronica-b2b\/","name":"Les normes que implanten Veri*factu, els softwares de facturaci\u00f3 antifrau i la facturaci\u00f3 electr\u00f2nica B2B - Cambra de Comer\u00e7 de Terrassa","isPartOf":{"@id":"https:\/\/cambraterrassa.org\/#website"},"datePublished":"2024-11-05T15:02:42+00:00","dateModified":"2024-11-07T08:04:09+00:00","breadcrumb":{"@id":"https:\/\/cambraterrassa.org\/producte\/les-normes-que-implanten-verifactu-els-softwares-de-facturacio-antifrau-i-la-facturacio-electronica-b2b\/#breadcrumb"},"inLanguage":"es","potentialAction":[{"@type":"ReadAction","target":["https:\/\/cambraterrassa.org\/producte\/les-normes-que-implanten-verifactu-els-softwares-de-facturacio-antifrau-i-la-facturacio-electronica-b2b\/"]}]},{"@type":"BreadcrumbList","@id":"https:\/\/cambraterrassa.org\/producte\/les-normes-que-implanten-verifactu-els-softwares-de-facturacio-antifrau-i-la-facturacio-electronica-b2b\/#breadcrumb","itemListElement":[{"@type":"ListItem","position":1,"name":"Inici","item":"https:\/\/cambraterrassa.org\/"},{"@type":"ListItem","position":2,"name":"Botiga","item":"https:\/\/cambraterrassa.org\/botiga\/"},{"@type":"ListItem","position":3,"name":"Les normes que implanten Veri*factu, els softwares de facturaci\u00f3 antifrau i la facturaci\u00f3 electr\u00f2nica B2B"}]},{"@type":"WebSite","@id":"https:\/\/cambraterrassa.org\/#website","url":"https:\/\/cambraterrassa.org\/","name":"Cambra de Comer\u00e7 de Terrassa","description":"","potentialAction":[{"@type":"SearchAction","target":{"@type":"EntryPoint","urlTemplate":"https:\/\/cambraterrassa.org\/?s={search_term_string}"},"query-input":{"@type":"PropertyValueSpecification","valueRequired":true,"valueName":"search_term_string"}}],"inLanguage":"es"}]}},"_links":{"self":[{"href":"https:\/\/cambraterrassa.org\/es\/wp-json\/wp\/v2\/product\/36069","targetHints":{"allow":["GET"]}}],"collection":[{"href":"https:\/\/cambraterrassa.org\/es\/wp-json\/wp\/v2\/product"}],"about":[{"href":"https:\/\/cambraterrassa.org\/es\/wp-json\/wp\/v2\/types\/product"}],"replies":[{"embeddable":true,"href":"https:\/\/cambraterrassa.org\/es\/wp-json\/wp\/v2\/comments?post=36069"}],"wp:attachment":[{"href":"https:\/\/cambraterrassa.org\/es\/wp-json\/wp\/v2\/media?parent=36069"}],"wp:term":[{"taxonomy":"product_brand","embeddable":true,"href":"https:\/\/cambraterrassa.org\/es\/wp-json\/wp\/v2\/product_brand?post=36069"},{"taxonomy":"product_cat","embeddable":true,"href":"https:\/\/cambraterrassa.org\/es\/wp-json\/wp\/v2\/product_cat?post=36069"},{"taxonomy":"product_tag","embeddable":true,"href":"https:\/\/cambraterrassa.org\/es\/wp-json\/wp\/v2\/product_tag?post=36069"}],"curies":[{"name":"wp","href":"https:\/\/api.w.org\/{rel}","templated":true}]}}