{"id":31583,"date":"2024-09-06T12:08:01","date_gmt":"2024-09-06T10:08:01","guid":{"rendered":"https:\/\/cambraterrassa.org\/?post_type=product&#038;p=31583"},"modified":"2025-12-29T11:08:42","modified_gmt":"2025-12-29T10:08:42","slug":"contractacio-internacional-els-smart-contracts-automatitzar-les-relacions-contractuals","status":"publish","type":"product","link":"https:\/\/cambraterrassa.org\/es\/producte\/contractacio-internacional-els-smart-contracts-automatitzar-les-relacions-contractuals\/","title":{"rendered":"Contractaci\u00f3 internacional: els Smart Contracts. Automatitzar les relacions contractuals"},"content":{"rendered":"<p><strong>INTRODUCCI\u00d3:<\/strong><br \/>\nEn aquesta sessi\u00f3, volem posar en valor aquest tipus de contractaci\u00f3 que, cada vegada t\u00e9 m\u00e9s usos, i m\u00e9s usuaris en el comer\u00e7 exterior. Veurem per qu\u00e8 els podem emprar i qu\u00e8 suposa, per a l\u2019empresa internacionalitzada, automatitzar les seves relacions contractuals<\/p>\n<p><strong>TEMARI:<\/strong><\/p>\n<ol>\n<li><strong>Qu\u00e8 s\u00f3n els SMART CONTRACT?<br \/>\n<\/strong><\/li>\n<li><strong>La tecnologia Blockchain<br \/>\n<\/strong><\/li>\n<li><strong>Com funcionen?<br \/>\n<\/strong><\/li>\n<li><strong>Tipus d\u00b4SMART CONTRACT<\/strong><\/li>\n<li><strong>Les aplicacions i utilitats en les relacions comercials internacionals<br \/>\n<\/strong><\/li>\n<li><strong>Consells legals en la utilitzaci\u00f3 dels SMART CONTRACT<br \/>\n<\/strong><\/li>\n<\/ol>\n<p><strong>PROFESSORAT:<\/strong><br \/>\n<strong>Daniel Gonz\u00e1lez.<br \/>\n<\/strong>Responsable d\u2019Assessoria Jur\u00eddica Internacional en la Cambra Oficial de Comer\u00e7, Ind\u00fastria i Serveis de Terrassa.<br \/>\nAdvocat i Assessor d\u2019empresa en Fiscalitat de l\u2019empresa, Compravenda internacional, Comer\u00e7 exterior i Dret internacional privat, RGPD- LOPD i E-commerce, marques i imatge corporativa, Formador en Comer\u00e7 Internacional , Finances internacionals i fiscalitat empresarial.<\/p>\n<p><strong>DURADA, CALENDARI I HORARI:<\/strong><br \/>\n3 hores.<br \/>\n1 d\u2019octubre de 9:30 a 12:30 hores.<\/p>\n<p><strong>DRETS D\u2019INSCRIPCI\u00d3:<\/strong><br \/>\nPreu curs: 90 euros.<\/p>\n<p>*+info:\u00a0<a href=\"http:\/\/www.cambraterrassa.org\/exit\/\">www.cambraterrassa.org\/exit\/<\/a><br \/>\nLA CAMBRA NO GESTIONA LA BONIFICACI\u00d3 DELS CURSOS.<\/p>\n<p><strong>UBICACI\u00d3:<\/strong><br \/>\nCambra de Comer\u00e7, Ind\u00fastria i Serveis de Terrassa<br \/>\nC\/ Blasco de Garay, 29-49<br \/>\n08224 Terrassa<\/p>\n","protected":false},"excerpt":{"rendered":"<p>Formaci\u00f3 empresarial per con\u00e8ixer la contractaci\u00f3 Smart Contract, per qu\u00e8 els podem emprar i qu\u00e8 suposa per a l\u2019empresa automatitzar les seves relacions contractuals.<\/p>\n","protected":false},"featured_media":0,"comment_status":"closed","ping_status":"closed","template":"","meta":{"_acf_changed":false,"site-sidebar-layout":"default","site-content-layout":"","ast-site-content-layout":"default","site-content-style":"default","site-sidebar-style":"default","ast-global-header-display":"","ast-banner-title-visibility":"","ast-main-header-display":"","ast-hfb-above-header-display":"","ast-hfb-below-header-display":"","ast-hfb-mobile-header-display":"","site-post-title":"","ast-breadcrumbs-content":"","ast-featured-img":"","footer-sml-layout":"","ast-disable-related-posts":"","theme-transparent-header-meta":"default","adv-header-id-meta":"","stick-header-meta":"","header-above-stick-meta":"","header-main-stick-meta":"","header-below-stick-meta":"","astra-migrate-meta-layouts":"set","ast-page-background-enabled":"default","ast-page-background-meta":{"desktop":{"background-color":"var(--ast-global-color-4)","background-image":"","background-repeat":"repeat","background-position":"center center","background-size":"auto","background-attachment":"scroll","background-type":"","background-media":"","overlay-type":"","overlay-color":"","overlay-opacity":"","overlay-gradient":""},"tablet":{"background-color":"","background-image":"","background-repeat":"repeat","background-position":"center center","background-size":"auto","background-attachment":"scroll","background-type":"","background-media":"","overlay-type":"","overlay-color":"","overlay-opacity":"","overlay-gradient":""},"mobile":{"background-color":"","background-image":"","background-repeat":"repeat","background-position":"center center","background-size":"auto","background-attachment":"scroll","background-type":"","background-media":"","overlay-type":"","overlay-color":"","overlay-opacity":"","overlay-gradient":""}},"ast-content-background-meta":{"desktop":{"background-color":"var(--ast-global-color-5)","background-image":"","background-repeat":"repeat","background-position":"center center","background-size":"auto","background-attachment":"scroll","background-type":"","background-media":"","overlay-type":"","overlay-color":"","overlay-opacity":"","overlay-gradient":""},"tablet":{"background-color":"var(--ast-global-color-5)","background-image":"","background-repeat":"repeat","background-position":"center center","background-size":"auto","background-attachment":"scroll","background-type":"","background-media":"","overlay-type":"","overlay-color":"","overlay-opacity":"","overlay-gradient":""},"mobile":{"background-color":"var(--ast-global-color-5)","background-image":"","background-repeat":"repeat","background-position":"center center","background-size":"auto","background-attachment":"scroll","background-type":"","background-media":"","overlay-type":"","overlay-color":"","overlay-opacity":"","overlay-gradient":""}}},"product_brand":[],"product_cat":[67],"product_tag":[],"class_list":{"0":"post-31583","1":"product","2":"type-product","3":"status-publish","5":"product_cat-cursos-i-tallers","6":"desktop-align-left","7":"tablet-align-left","8":"mobile-align-left","10":"first","11":"instock","12":"shipping-taxable","13":"purchasable","14":"product-type-simple"},"acf":[],"yoast_head":"<title>Contractaci\u00f3 internacional: els Smart Contracts. Automatitzar les relacions contractuals - Cambra de Comer\u00e7 de Terrassa<\/title>\n<meta name=\"description\" content=\"Formaci\u00f3 empresarial per con\u00e8ixer la contractaci\u00f3 Smart Contract, per qu\u00e8 els podem emprar i qu\u00e8 suposa per a l\u2019empresa automatitzar les seves relacions contractuals.\" \/>\n<meta name=\"robots\" content=\"noindex, follow\" \/>\n<meta property=\"og:locale\" content=\"es_ES\" \/>\n<meta property=\"og:type\" content=\"article\" \/>\n<meta property=\"og:title\" content=\"Contractaci\u00f3 internacional: els Smart Contracts. Automatitzar les relacions contractuals - Cambra de Comer\u00e7 de Terrassa\" \/>\n<meta property=\"og:description\" content=\"Formaci\u00f3 empresarial per con\u00e8ixer la contractaci\u00f3 Smart Contract, per qu\u00e8 els podem emprar i qu\u00e8 suposa per a l\u2019empresa automatitzar les seves relacions contractuals.\" \/>\n<meta property=\"og:url\" content=\"https:\/\/cambraterrassa.org\/producte\/contractacio-internacional-els-smart-contracts-automatitzar-les-relacions-contractuals\/\" \/>\n<meta property=\"og:site_name\" content=\"Cambra de Comer\u00e7 de Terrassa\" \/>\n<meta property=\"article:modified_time\" content=\"2025-12-29T10:08:42+00:00\" \/>\n<meta name=\"twitter:card\" content=\"summary_large_image\" \/>\n<meta name=\"twitter:label1\" content=\"Tiempo de lectura\" \/>\n\t<meta name=\"twitter:data1\" content=\"1 minuto\" \/>\n<script type=\"application\/ld+json\" class=\"yoast-schema-graph\">{\"@context\":\"https:\\\/\\\/schema.org\",\"@graph\":[{\"@type\":\"WebPage\",\"@id\":\"https:\\\/\\\/cambraterrassa.org\\\/producte\\\/contractacio-internacional-els-smart-contracts-automatitzar-les-relacions-contractuals\\\/\",\"url\":\"https:\\\/\\\/cambraterrassa.org\\\/producte\\\/contractacio-internacional-els-smart-contracts-automatitzar-les-relacions-contractuals\\\/\",\"name\":\"Contractaci\u00f3 internacional: els Smart Contracts. Automatitzar les relacions contractuals - Cambra de Comer\u00e7 de Terrassa\",\"isPartOf\":{\"@id\":\"https:\\\/\\\/cambraterrassa.org\\\/#website\"},\"datePublished\":\"2024-09-06T10:08:01+00:00\",\"dateModified\":\"2025-12-29T10:08:42+00:00\",\"description\":\"Formaci\u00f3 empresarial per con\u00e8ixer la contractaci\u00f3 Smart Contract, per qu\u00e8 els podem emprar i qu\u00e8 suposa per a l\u2019empresa automatitzar les seves relacions contractuals.\",\"breadcrumb\":{\"@id\":\"https:\\\/\\\/cambraterrassa.org\\\/producte\\\/contractacio-internacional-els-smart-contracts-automatitzar-les-relacions-contractuals\\\/#breadcrumb\"},\"inLanguage\":\"es\",\"potentialAction\":[{\"@type\":\"ReadAction\",\"target\":[\"https:\\\/\\\/cambraterrassa.org\\\/producte\\\/contractacio-internacional-els-smart-contracts-automatitzar-les-relacions-contractuals\\\/\"]}]},{\"@type\":\"BreadcrumbList\",\"@id\":\"https:\\\/\\\/cambraterrassa.org\\\/producte\\\/contractacio-internacional-els-smart-contracts-automatitzar-les-relacions-contractuals\\\/#breadcrumb\",\"itemListElement\":[{\"@type\":\"ListItem\",\"position\":1,\"name\":\"Inici\",\"item\":\"https:\\\/\\\/cambraterrassa.org\\\/\"},{\"@type\":\"ListItem\",\"position\":2,\"name\":\"Botiga\",\"item\":\"https:\\\/\\\/cambraterrassa.org\\\/botiga\\\/\"},{\"@type\":\"ListItem\",\"position\":3,\"name\":\"Contractaci\u00f3 internacional: els Smart Contracts. Automatitzar les relacions contractuals\"}]},{\"@type\":\"WebSite\",\"@id\":\"https:\\\/\\\/cambraterrassa.org\\\/#website\",\"url\":\"https:\\\/\\\/cambraterrassa.org\\\/\",\"name\":\"Cambra de Comer\u00e7 de Terrassa\",\"description\":\"\",\"potentialAction\":[{\"@type\":\"SearchAction\",\"target\":{\"@type\":\"EntryPoint\",\"urlTemplate\":\"https:\\\/\\\/cambraterrassa.org\\\/?s={search_term_string}\"},\"query-input\":{\"@type\":\"PropertyValueSpecification\",\"valueRequired\":true,\"valueName\":\"search_term_string\"}}],\"inLanguage\":\"es\"}]}<\/script>","yoast_head_json":{"title":"Contractaci\u00f3 internacional: els Smart Contracts. Automatitzar les relacions contractuals - Cambra de Comer\u00e7 de Terrassa","description":"Formaci\u00f3 empresarial per con\u00e8ixer la contractaci\u00f3 Smart Contract, per qu\u00e8 els podem emprar i qu\u00e8 suposa per a l\u2019empresa automatitzar les seves relacions contractuals.","robots":{"index":"noindex","follow":"follow"},"og_locale":"es_ES","og_type":"article","og_title":"Contractaci\u00f3 internacional: els Smart Contracts. Automatitzar les relacions contractuals - Cambra de Comer\u00e7 de Terrassa","og_description":"Formaci\u00f3 empresarial per con\u00e8ixer la contractaci\u00f3 Smart Contract, per qu\u00e8 els podem emprar i qu\u00e8 suposa per a l\u2019empresa automatitzar les seves relacions contractuals.","og_url":"https:\/\/cambraterrassa.org\/producte\/contractacio-internacional-els-smart-contracts-automatitzar-les-relacions-contractuals\/","og_site_name":"Cambra de Comer\u00e7 de Terrassa","article_modified_time":"2025-12-29T10:08:42+00:00","twitter_card":"summary_large_image","twitter_misc":{"Tiempo de lectura":"1 minuto"},"schema":{"@context":"https:\/\/schema.org","@graph":[{"@type":"WebPage","@id":"https:\/\/cambraterrassa.org\/producte\/contractacio-internacional-els-smart-contracts-automatitzar-les-relacions-contractuals\/","url":"https:\/\/cambraterrassa.org\/producte\/contractacio-internacional-els-smart-contracts-automatitzar-les-relacions-contractuals\/","name":"Contractaci\u00f3 internacional: els Smart Contracts. Automatitzar les relacions contractuals - Cambra de Comer\u00e7 de Terrassa","isPartOf":{"@id":"https:\/\/cambraterrassa.org\/#website"},"datePublished":"2024-09-06T10:08:01+00:00","dateModified":"2025-12-29T10:08:42+00:00","description":"Formaci\u00f3 empresarial per con\u00e8ixer la contractaci\u00f3 Smart Contract, per qu\u00e8 els podem emprar i qu\u00e8 suposa per a l\u2019empresa automatitzar les seves relacions contractuals.","breadcrumb":{"@id":"https:\/\/cambraterrassa.org\/producte\/contractacio-internacional-els-smart-contracts-automatitzar-les-relacions-contractuals\/#breadcrumb"},"inLanguage":"es","potentialAction":[{"@type":"ReadAction","target":["https:\/\/cambraterrassa.org\/producte\/contractacio-internacional-els-smart-contracts-automatitzar-les-relacions-contractuals\/"]}]},{"@type":"BreadcrumbList","@id":"https:\/\/cambraterrassa.org\/producte\/contractacio-internacional-els-smart-contracts-automatitzar-les-relacions-contractuals\/#breadcrumb","itemListElement":[{"@type":"ListItem","position":1,"name":"Inici","item":"https:\/\/cambraterrassa.org\/"},{"@type":"ListItem","position":2,"name":"Botiga","item":"https:\/\/cambraterrassa.org\/botiga\/"},{"@type":"ListItem","position":3,"name":"Contractaci\u00f3 internacional: els Smart Contracts. Automatitzar les relacions contractuals"}]},{"@type":"WebSite","@id":"https:\/\/cambraterrassa.org\/#website","url":"https:\/\/cambraterrassa.org\/","name":"Cambra de Comer\u00e7 de Terrassa","description":"","potentialAction":[{"@type":"SearchAction","target":{"@type":"EntryPoint","urlTemplate":"https:\/\/cambraterrassa.org\/?s={search_term_string}"},"query-input":{"@type":"PropertyValueSpecification","valueRequired":true,"valueName":"search_term_string"}}],"inLanguage":"es"}]}},"_links":{"self":[{"href":"https:\/\/cambraterrassa.org\/es\/wp-json\/wp\/v2\/product\/31583","targetHints":{"allow":["GET"]}}],"collection":[{"href":"https:\/\/cambraterrassa.org\/es\/wp-json\/wp\/v2\/product"}],"about":[{"href":"https:\/\/cambraterrassa.org\/es\/wp-json\/wp\/v2\/types\/product"}],"replies":[{"embeddable":true,"href":"https:\/\/cambraterrassa.org\/es\/wp-json\/wp\/v2\/comments?post=31583"}],"wp:attachment":[{"href":"https:\/\/cambraterrassa.org\/es\/wp-json\/wp\/v2\/media?parent=31583"}],"wp:term":[{"taxonomy":"product_brand","embeddable":true,"href":"https:\/\/cambraterrassa.org\/es\/wp-json\/wp\/v2\/product_brand?post=31583"},{"taxonomy":"product_cat","embeddable":true,"href":"https:\/\/cambraterrassa.org\/es\/wp-json\/wp\/v2\/product_cat?post=31583"},{"taxonomy":"product_tag","embeddable":true,"href":"https:\/\/cambraterrassa.org\/es\/wp-json\/wp\/v2\/product_tag?post=31583"}],"curies":[{"name":"wp","href":"https:\/\/api.w.org\/{rel}","templated":true}]}}