{"id":43157,"date":"2024-08-01T14:50:28","date_gmt":"2024-08-01T12:50:28","guid":{"rendered":"https:\/\/cambraterrassa.org\/tramits-de-loficina-de-gestio-empresarial-oge\/"},"modified":"2026-03-26T11:12:03","modified_gmt":"2026-03-26T10:12:03","slug":"tramites-de-la-oficina-de-gestion-empresarial-oge","status":"publish","type":"page","link":"https:\/\/cambraterrassa.org\/es\/tramites-de-la-oficina-de-gestion-empresarial-oge\/","title":{"rendered":"Tr\u00e1mites de la Oficina de Gesti\u00f3n Empresarial (OGE)"},"content":{"rendered":"\t\t<div data-elementor-type=\"wp-page\" data-elementor-id=\"43157\" class=\"elementor elementor-43157 elementor-31019\" data-elementor-post-type=\"page\">\n\t\t\t\t<div class=\"elementor-element elementor-element-d9ff111 e-con-full e-flex e-con e-parent\" data-id=\"d9ff111\" data-element_type=\"container\" data-e-type=\"container\">\n\t\t<div class=\"elementor-element elementor-element-01cec6e e-con-full e-flex e-con e-child\" data-id=\"01cec6e\" data-element_type=\"container\" data-e-type=\"container\" data-settings=\"{&quot;background_background&quot;:&quot;gradient&quot;}\">\n\t\t<div class=\"elementor-element elementor-element-b54434d e-flex e-con-boxed e-con e-child\" data-id=\"b54434d\" data-element_type=\"container\" data-e-type=\"container\">\n\t\t\t\t\t<div class=\"e-con-inner\">\n\t\t<div class=\"elementor-element elementor-element-f1b71e8 e-con-full e-flex e-con e-child\" data-id=\"f1b71e8\" data-element_type=\"container\" data-e-type=\"container\">\n\t\t\t\t<div class=\"elementor-element elementor-element-fed9d77 elementor-widget elementor-widget-heading\" data-id=\"fed9d77\" data-element_type=\"widget\" data-e-type=\"widget\" data-widget_type=\"heading.default\">\n\t\t\t\t<div class=\"elementor-widget-container\">\n\t\t\t\t\t<h2 class=\"elementor-heading-title elementor-size-default\">OFICINA DE GESTI\u00d3N EMPRESARIAL<\/h2>\t\t\t\t<\/div>\n\t\t\t\t<\/div>\n\t\t\t\t<div class=\"elementor-element elementor-element-45f9c09 elementor-widget elementor-widget-heading\" data-id=\"45f9c09\" data-element_type=\"widget\" data-e-type=\"widget\" data-widget_type=\"heading.default\">\n\t\t\t\t<div class=\"elementor-widget-container\">\n\t\t\t\t\t<h1 class=\"elementor-heading-title elementor-size-default\">\u00bfDudas con las gestiones con la Generalitat? Te facilitamos los tr\u00e1mites.<\/h1>\t\t\t\t<\/div>\n\t\t\t\t<\/div>\n\t\t\t\t<\/div>\n\t\t<div class=\"elementor-element elementor-element-47007bf e-con-full elementor-hidden-mobile e-flex e-con e-child\" data-id=\"47007bf\" data-element_type=\"container\" data-e-type=\"container\">\n\t\t\t\t<div class=\"elementor-element elementor-element-0ef08a1 elementor-widget elementor-widget-text-editor\" data-id=\"0ef08a1\" data-element_type=\"widget\" data-e-type=\"widget\" data-widget_type=\"text-editor.default\">\n\t\t\t\t<div class=\"elementor-widget-container\">\n\t\t\t\t\t\t\t\t\t<p>La Oficina de Gesti\u00f3n Empresarial de Terrassa, OGE Cambra Terrassa, funciona como una Ventanilla \u00danica Empresarial que da servicio a los empresarios y profesionales, facilitando el cumplimiento de sus obligaciones ante la Administraci\u00f3n.<\/p>\t\t\t\t\t\t\t\t<\/div>\n\t\t\t\t<\/div>\n\t\t\t\t<\/div>\n\t\t\t\t\t<\/div>\n\t\t\t\t<\/div>\n\t\t<div class=\"elementor-element elementor-element-d526c33 e-con-full e-flex e-con e-child\" data-id=\"d526c33\" data-element_type=\"container\" data-e-type=\"container\" data-settings=\"{&quot;position&quot;:&quot;absolute&quot;}\">\n\t\t\t\t<div class=\"elementor-element elementor-element-762aa55 elementor-widget elementor-widget-image\" data-id=\"762aa55\" data-element_type=\"widget\" data-e-type=\"widget\" data-widget_type=\"image.default\">\n\t\t\t\t<div class=\"elementor-widget-container\">\n\t\t\t\t\t\t\t\t\t\t\t\t\t\t\t<img fetchpriority=\"high\" decoding=\"async\" width=\"421\" height=\"331\" src=\"https:\/\/cambraterrassa.org\/wp-content\/uploads\/2024\/05\/Cambra-fons.webp\" class=\"attachment-large size-large wp-image-865\" alt=\"Cambra fons\" srcset=\"https:\/\/cambraterrassa.org\/wp-content\/uploads\/2024\/05\/Cambra-fons.webp 421w, https:\/\/cambraterrassa.org\/wp-content\/uploads\/2024\/05\/Cambra-fons-300x236.webp 300w\" sizes=\"(max-width: 421px) 100vw, 421px\" \/>\t\t\t\t\t\t\t\t\t\t\t\t\t\t\t<\/div>\n\t\t\t\t<\/div>\n\t\t\t\t<\/div>\n\t\t\t\t<\/div>\n\t\t\t\t<\/div>\n\t\t<div class=\"elementor-element elementor-element-173f072 e-flex e-con-boxed e-con e-parent\" data-id=\"173f072\" data-element_type=\"container\" data-e-type=\"container\">\n\t\t\t\t\t<div class=\"e-con-inner\">\n\t\t<div class=\"elementor-element elementor-element-1f6d8e1 e-con-full e-flex e-con e-child\" data-id=\"1f6d8e1\" data-element_type=\"container\" data-e-type=\"container\">\n\t\t\t\t<div class=\"elementor-element elementor-element-1ec889d elementor-widget elementor-widget-text-editor\" data-id=\"1ec889d\" data-element_type=\"widget\" data-e-type=\"widget\" data-widget_type=\"text-editor.default\">\n\t\t\t\t<div class=\"elementor-widget-container\">\n\t\t\t\t\t\t\t\t\t<p>Descripci\u00f3n del Servicio<\/p>\t\t\t\t\t\t\t\t<\/div>\n\t\t\t\t<\/div>\n\t\t\t\t<div class=\"elementor-element elementor-element-e1d8522 elementor-widget-divider--view-line elementor-widget elementor-widget-divider\" data-id=\"e1d8522\" data-element_type=\"widget\" data-e-type=\"widget\" data-widget_type=\"divider.default\">\n\t\t\t\t<div class=\"elementor-widget-container\">\n\t\t\t\t\t\t\t<div class=\"elementor-divider\">\n\t\t\t<span class=\"elementor-divider-separator\">\n\t\t\t\t\t\t<\/span>\n\t\t<\/div>\n\t\t\t\t\t\t<\/div>\n\t\t\t\t<\/div>\n\t\t\t\t<div class=\"elementor-element elementor-element-e989adc elementor-widget elementor-widget-text-editor\" data-id=\"e989adc\" data-element_type=\"widget\" data-e-type=\"widget\" data-widget_type=\"text-editor.default\">\n\t\t\t\t<div class=\"elementor-widget-container\">\n\t\t\t\t\t\t\t\t\t<p>La OGE C\u00e1mara Terrassa es una oficina de informaci\u00f3n, asesoramiento, inicio, gesti\u00f3n y\/o resoluci\u00f3n de tr\u00e1mites presenciales de diferentes \u00e1mbitos de competencia de la Generalitat de Catalu\u00f1a:<\/p>\t\t\t\t\t\t\t\t<\/div>\n\t\t\t\t<\/div>\n\t\t<div class=\"elementor-element elementor-element-3bd0a18 e-con-full e-flex e-con e-child\" data-id=\"3bd0a18\" data-element_type=\"container\" data-e-type=\"container\">\n\t\t<div class=\"elementor-element elementor-element-7a3e294 e-con-full e-flex e-con e-child\" data-id=\"7a3e294\" data-element_type=\"container\" data-e-type=\"container\" data-settings=\"{&quot;background_background&quot;:&quot;classic&quot;}\">\n\t\t\t\t<div class=\"elementor-element elementor-element-d679172 elementor-widget elementor-widget-text-editor\" data-id=\"d679172\" data-element_type=\"widget\" data-e-type=\"widget\" data-widget_type=\"text-editor.default\">\n\t\t\t\t<div class=\"elementor-widget-container\">\n\t\t\t\t\t\t\t\t\t<p>Seguridad Industrial<\/p>\t\t\t\t\t\t\t\t<\/div>\n\t\t\t\t<\/div>\n\t\t\t\t<\/div>\n\t\t<div class=\"elementor-element elementor-element-bfb25c2 e-con-full e-flex e-con e-child\" data-id=\"bfb25c2\" data-element_type=\"container\" data-e-type=\"container\" data-settings=\"{&quot;background_background&quot;:&quot;classic&quot;}\">\n\t\t\t\t<div class=\"elementor-element elementor-element-b0ff0fb elementor-widget elementor-widget-text-editor\" data-id=\"b0ff0fb\" data-element_type=\"widget\" data-e-type=\"widget\" data-widget_type=\"text-editor.default\">\n\t\t\t\t<div class=\"elementor-widget-container\">\n\t\t\t\t\t\t\t\t\t<p>Energ\u00eda<\/p>\t\t\t\t\t\t\t\t<\/div>\n\t\t\t\t<\/div>\n\t\t\t\t<\/div>\n\t\t<div class=\"elementor-element elementor-element-0e36b60 e-con-full e-flex e-con e-child\" data-id=\"0e36b60\" data-element_type=\"container\" data-e-type=\"container\" data-settings=\"{&quot;background_background&quot;:&quot;classic&quot;}\">\n\t\t\t\t<div class=\"elementor-element elementor-element-7fa5178 elementor-widget elementor-widget-text-editor\" data-id=\"7fa5178\" data-element_type=\"widget\" data-e-type=\"widget\" data-widget_type=\"text-editor.default\">\n\t\t\t\t<div class=\"elementor-widget-container\">\n\t\t\t\t\t\t\t\t\t<p>Minas<\/p>\t\t\t\t\t\t\t\t<\/div>\n\t\t\t\t<\/div>\n\t\t\t\t<\/div>\n\t\t<div class=\"elementor-element elementor-element-c7aebd6 e-con-full e-flex e-con e-child\" data-id=\"c7aebd6\" data-element_type=\"container\" data-e-type=\"container\" data-settings=\"{&quot;background_background&quot;:&quot;classic&quot;}\">\n\t\t\t\t<div class=\"elementor-element elementor-element-e25c02b elementor-widget elementor-widget-text-editor\" data-id=\"e25c02b\" data-element_type=\"widget\" data-e-type=\"widget\" data-widget_type=\"text-editor.default\">\n\t\t\t\t<div class=\"elementor-widget-container\">\n\t\t\t\t\t\t\t\t\t<p>Agricultura<\/p>\t\t\t\t\t\t\t\t<\/div>\n\t\t\t\t<\/div>\n\t\t\t\t<\/div>\n\t\t\t\t<\/div>\n\t\t<div class=\"elementor-element elementor-element-aea4173 e-con-full e-flex e-con e-child\" data-id=\"aea4173\" data-element_type=\"container\" data-e-type=\"container\">\n\t\t<div class=\"elementor-element elementor-element-8386f65 e-con-full e-flex e-con e-child\" data-id=\"8386f65\" data-element_type=\"container\" data-e-type=\"container\" data-settings=\"{&quot;background_background&quot;:&quot;classic&quot;}\">\n\t\t\t\t<div class=\"elementor-element elementor-element-2baa373 elementor-widget elementor-widget-text-editor\" data-id=\"2baa373\" data-element_type=\"widget\" data-e-type=\"widget\" data-widget_type=\"text-editor.default\">\n\t\t\t\t<div class=\"elementor-widget-container\">\n\t\t\t\t\t\t\t\t\t<p>Salud<\/p>\t\t\t\t\t\t\t\t<\/div>\n\t\t\t\t<\/div>\n\t\t\t\t<\/div>\n\t\t<div class=\"elementor-element elementor-element-1dbb896 e-con-full e-flex e-con e-child\" data-id=\"1dbb896\" data-element_type=\"container\" data-e-type=\"container\" data-settings=\"{&quot;background_background&quot;:&quot;classic&quot;}\">\n\t\t\t\t<div class=\"elementor-element elementor-element-d98579d elementor-widget elementor-widget-text-editor\" data-id=\"d98579d\" data-element_type=\"widget\" data-e-type=\"widget\" data-widget_type=\"text-editor.default\">\n\t\t\t\t<div class=\"elementor-widget-container\">\n\t\t\t\t\t\t\t\t\t<p>Medio Ambiente<\/p>\t\t\t\t\t\t\t\t<\/div>\n\t\t\t\t<\/div>\n\t\t\t\t<\/div>\n\t\t<div class=\"elementor-element elementor-element-fa771a7 e-con-full e-flex e-con e-child\" data-id=\"fa771a7\" data-element_type=\"container\" data-e-type=\"container\" data-settings=\"{&quot;background_background&quot;:&quot;classic&quot;}\">\n\t\t\t\t<div class=\"elementor-element elementor-element-03019c4 elementor-widget elementor-widget-text-editor\" data-id=\"03019c4\" data-element_type=\"widget\" data-e-type=\"widget\" data-widget_type=\"text-editor.default\">\n\t\t\t\t<div class=\"elementor-widget-container\">\n\t\t\t\t\t\t\t\t\t<p>Seguridad Privada<\/p>\t\t\t\t\t\t\t\t<\/div>\n\t\t\t\t<\/div>\n\t\t\t\t<\/div>\n\t\t\t\t<\/div>\n\t\t\t\t<\/div>\n\t\t\t\t\t<\/div>\n\t\t\t\t<\/div>\n\t\t<div class=\"elementor-element elementor-element-eab10e0 e-flex e-con-boxed e-con e-child\" data-id=\"eab10e0\" data-element_type=\"container\" data-e-type=\"container\">\n\t\t\t\t\t<div class=\"e-con-inner\">\n\t\t<div class=\"elementor-element elementor-element-36c97f1 e-con-full e-flex e-con e-child\" data-id=\"36c97f1\" data-element_type=\"container\" data-e-type=\"container\" data-settings=\"{&quot;background_background&quot;:&quot;classic&quot;}\">\n\t\t\t\t<div class=\"elementor-element elementor-element-974fd69 elementor-widget elementor-widget-text-editor\" data-id=\"974fd69\" data-element_type=\"widget\" data-e-type=\"widget\" data-widget_type=\"text-editor.default\">\n\t\t\t\t<div class=\"elementor-widget-container\">\n\t\t\t\t\t\t\t\t\t<p>Requisitos y documentaci\u00f3n<\/p>\t\t\t\t\t\t\t\t<\/div>\n\t\t\t\t<\/div>\n\t\t\t\t<div class=\"elementor-element elementor-element-c34256c elementor-widget elementor-widget-text-editor\" data-id=\"c34256c\" data-element_type=\"widget\" data-e-type=\"widget\" data-widget_type=\"text-editor.default\">\n\t\t\t\t<div class=\"elementor-widget-container\">\n\t\t\t\t\t\t\t\t\t<p>Los requisitos y la documentaci\u00f3n necesaria dependen de cada tr\u00e1mite a realizar y vienen determinados por el \u00f3rgano t\u00e9cnico competente de la Administraci\u00f3n. Se pueden consultar directamente en el cat\u00e1logo de tr\u00e1mites del <a href=\"https:\/\/canalempresa.gencat.cat\/ca\/inici\/\">Canal Empresa.<\/a><\/p>\t\t\t\t\t\t\t\t<\/div>\n\t\t\t\t<\/div>\n\t\t\t\t<\/div>\n\t\t<div class=\"elementor-element elementor-element-ba8e1fd e-con-full e-flex e-con e-child\" data-id=\"ba8e1fd\" data-element_type=\"container\" data-e-type=\"container\" data-settings=\"{&quot;background_background&quot;:&quot;classic&quot;}\">\n\t\t\t\t<div class=\"elementor-element elementor-element-6370d83 elementor-widget elementor-widget-text-editor\" data-id=\"6370d83\" data-element_type=\"widget\" data-e-type=\"widget\" data-widget_type=\"text-editor.default\">\n\t\t\t\t<div class=\"elementor-widget-container\">\n\t\t\t\t\t\t\t\t\t<p>Precio<\/p>\t\t\t\t\t\t\t\t<\/div>\n\t\t\t\t<\/div>\n\t\t\t\t<div class=\"elementor-element elementor-element-0d67eba elementor-widget elementor-widget-text-editor\" data-id=\"0d67eba\" data-element_type=\"widget\" data-e-type=\"widget\" data-widget_type=\"text-editor.default\">\n\t\t\t\t<div class=\"elementor-widget-container\">\n\t\t\t\t\t\t\t\t\t<p>Seg\u00fan tasas vigentes de la Generalidad de Catalu\u00f1a.<\/p>\t\t\t\t\t\t\t\t<\/div>\n\t\t\t\t<\/div>\n\t\t\t\t<\/div>\n\t\t<div class=\"elementor-element elementor-element-ad14f18 e-con-full e-flex e-con e-child\" data-id=\"ad14f18\" data-element_type=\"container\" data-e-type=\"container\" data-settings=\"{&quot;background_background&quot;:&quot;classic&quot;}\">\n\t\t\t\t<div class=\"elementor-element elementor-element-c679eec elementor-widget elementor-widget-text-editor\" data-id=\"c679eec\" data-element_type=\"widget\" data-e-type=\"widget\" data-widget_type=\"text-editor.default\">\n\t\t\t\t<div class=\"elementor-widget-container\">\n\t\t\t\t\t\t\t\t\t<p>Plazos de entrega<\/p>\t\t\t\t\t\t\t\t<\/div>\n\t\t\t\t<\/div>\n\t\t\t\t<div class=\"elementor-element elementor-element-b3bcb5b elementor-widget elementor-widget-text-editor\" data-id=\"b3bcb5b\" data-element_type=\"widget\" data-e-type=\"widget\" data-widget_type=\"text-editor.default\">\n\t\t\t\t<div class=\"elementor-widget-container\">\n\t\t\t\t\t\t\t\t\t<p>Para tramitar o solicitar informaci\u00f3n a la OGE C\u00e1mara Terrassa es necesario concertar cita previa.<\/p>\t\t\t\t\t\t\t\t<\/div>\n\t\t\t\t<\/div>\n\t\t\t\t<\/div>\n\t\t\t\t\t<\/div>\n\t\t\t\t<\/div>\n\t\t\t\t<\/div>\n\t\t","protected":false},"excerpt":{"rendered":"<p>OFICINA DE GESTI\u00d3N EMPRESARIAL \u00bfDudas con las gestiones con la Generalitat? Te facilitamos los tr\u00e1mites. La Oficina de Gesti\u00f3n Empresarial de Terrassa, OGE Cambra Terrassa, funciona como una Ventanilla \u00danica [&hellip;]<\/p>\n","protected":false},"author":1,"featured_media":0,"parent":0,"menu_order":0,"comment_status":"closed","ping_status":"closed","template":"","meta":{"_acf_changed":false,"site-sidebar-layout":"no-sidebar","site-content-layout":"","ast-site-content-layout":"full-width-container","site-content-style":"default","site-sidebar-style":"default","ast-global-header-display":"","ast-banner-title-visibility":"","ast-main-header-display":"","ast-hfb-above-header-display":"","ast-hfb-below-header-display":"","ast-hfb-mobile-header-display":"","site-post-title":"disabled","ast-breadcrumbs-content":"","ast-featured-img":"disabled","footer-sml-layout":"","ast-disable-related-posts":"","theme-transparent-header-meta":"","adv-header-id-meta":"","stick-header-meta":"","header-above-stick-meta":"","header-main-stick-meta":"","header-below-stick-meta":"","astra-migrate-meta-layouts":"default","ast-page-background-enabled":"default","ast-page-background-meta":{"desktop":{"background-color":"var(--ast-global-color-4)","background-image":"","background-repeat":"repeat","background-position":"center center","background-size":"auto","background-attachment":"scroll","background-type":"","background-media":"","overlay-type":"","overlay-color":"","overlay-opacity":"","overlay-gradient":""},"tablet":{"background-color":"","background-image":"","background-repeat":"repeat","background-position":"center center","background-size":"auto","background-attachment":"scroll","background-type":"","background-media":"","overlay-type":"","overlay-color":"","overlay-opacity":"","overlay-gradient":""},"mobile":{"background-color":"","background-image":"","background-repeat":"repeat","background-position":"center center","background-size":"auto","background-attachment":"scroll","background-type":"","background-media":"","overlay-type":"","overlay-color":"","overlay-opacity":"","overlay-gradient":""}},"ast-content-background-meta":{"desktop":{"background-color":"var(--ast-global-color-5)","background-image":"","background-repeat":"repeat","background-position":"center center","background-size":"auto","background-attachment":"scroll","background-type":"","background-media":"","overlay-type":"","overlay-color":"","overlay-opacity":"","overlay-gradient":""},"tablet":{"background-color":"var(--ast-global-color-5)","background-image":"","background-repeat":"repeat","background-position":"center center","background-size":"auto","background-attachment":"scroll","background-type":"","background-media":"","overlay-type":"","overlay-color":"","overlay-opacity":"","overlay-gradient":""},"mobile":{"background-color":"var(--ast-global-color-5)","background-image":"","background-repeat":"repeat","background-position":"center center","background-size":"auto","background-attachment":"scroll","background-type":"","background-media":"","overlay-type":"","overlay-color":"","overlay-opacity":"","overlay-gradient":""}},"footnotes":""},"class_list":["post-43157","page","type-page","status-publish","hentry"],"acf":[],"yoast_head":"<title>Tr\u00e1mites OGE para empresas - Cambra de Terrassa<\/title>\n<meta name=\"description\" content=\"Consulta los tr\u00e1mites de la Oficina de Gesti\u00f3n Empresarial (OGE) y gestiona procesos administrativos con apoyo experto para empresas.\" \/>\n<meta name=\"robots\" content=\"index, follow, max-snippet:-1, max-image-preview:large, max-video-preview:-1\" \/>\n<link rel=\"canonical\" href=\"https:\/\/cambraterrassa.org\/es\/wp-json\/wp\/v2\/pages\/43157\/\" \/>\n<meta property=\"og:locale\" content=\"es_ES\" \/>\n<meta property=\"og:type\" content=\"article\" \/>\n<meta property=\"og:title\" content=\"Tr\u00e1mites OGE para empresas - Cambra de Terrassa\" \/>\n<meta property=\"og:description\" content=\"Consulta los tr\u00e1mites de la Oficina de Gesti\u00f3n Empresarial (OGE) y gestiona procesos administrativos con apoyo experto para empresas.\" \/>\n<meta property=\"og:url\" content=\"https:\/\/cambraterrassa.org\/tramits-de-loficina-de-gestio-empresarial-oge\/\" \/>\n<meta property=\"og:site_name\" content=\"Cambra de Comer\u00e7 de Terrassa\" \/>\n<meta property=\"article:modified_time\" content=\"2026-03-26T10:12:03+00:00\" \/>\n<meta property=\"og:image\" content=\"https:\/\/cambraterrassa.org\/wp-content\/uploads\/2024\/05\/Cambra-fons.webp\" \/>\n\t<meta property=\"og:image:width\" content=\"421\" \/>\n\t<meta property=\"og:image:height\" content=\"331\" \/>\n\t<meta property=\"og:image:type\" content=\"image\/webp\" \/>\n<meta name=\"twitter:card\" content=\"summary_large_image\" \/>\n<meta name=\"twitter:label1\" content=\"Tiempo de lectura\" \/>\n\t<meta name=\"twitter:data1\" content=\"1 minuto\" \/>\n<script type=\"application\/ld+json\" class=\"yoast-schema-graph\">{\"@context\":\"https:\\\/\\\/schema.org\",\"@graph\":[{\"@type\":\"WebPage\",\"@id\":\"https:\\\/\\\/cambraterrassa.org\\\/tramits-de-loficina-de-gestio-empresarial-oge\\\/\",\"url\":\"https:\\\/\\\/cambraterrassa.org\\\/tramits-de-loficina-de-gestio-empresarial-oge\\\/\",\"name\":\"Tr\u00e1mites OGE para empresas - Cambra de Terrassa\",\"isPartOf\":{\"@id\":\"https:\\\/\\\/cambraterrassa.org\\\/#website\"},\"primaryImageOfPage\":{\"@id\":\"https:\\\/\\\/cambraterrassa.org\\\/tramits-de-loficina-de-gestio-empresarial-oge\\\/#primaryimage\"},\"image\":{\"@id\":\"https:\\\/\\\/cambraterrassa.org\\\/tramits-de-loficina-de-gestio-empresarial-oge\\\/#primaryimage\"},\"thumbnailUrl\":\"https:\\\/\\\/cambraterrassa.org\\\/wp-content\\\/uploads\\\/2024\\\/05\\\/Cambra-fons.webp\",\"datePublished\":\"2024-08-01T12:50:28+00:00\",\"dateModified\":\"2026-03-26T10:12:03+00:00\",\"description\":\"Consulta los tr\u00e1mites de la Oficina de Gesti\u00f3n Empresarial (OGE) y gestiona procesos administrativos con apoyo experto para empresas.\",\"breadcrumb\":{\"@id\":\"https:\\\/\\\/cambraterrassa.org\\\/tramits-de-loficina-de-gestio-empresarial-oge\\\/#breadcrumb\"},\"inLanguage\":\"es\",\"potentialAction\":[{\"@type\":\"ReadAction\",\"target\":[\"https:\\\/\\\/cambraterrassa.org\\\/tramits-de-loficina-de-gestio-empresarial-oge\\\/\"]}]},{\"@type\":\"ImageObject\",\"inLanguage\":\"es\",\"@id\":\"https:\\\/\\\/cambraterrassa.org\\\/tramits-de-loficina-de-gestio-empresarial-oge\\\/#primaryimage\",\"url\":\"https:\\\/\\\/cambraterrassa.org\\\/wp-content\\\/uploads\\\/2024\\\/05\\\/Cambra-fons.webp\",\"contentUrl\":\"https:\\\/\\\/cambraterrassa.org\\\/wp-content\\\/uploads\\\/2024\\\/05\\\/Cambra-fons.webp\"},{\"@type\":\"BreadcrumbList\",\"@id\":\"https:\\\/\\\/cambraterrassa.org\\\/tramits-de-loficina-de-gestio-empresarial-oge\\\/#breadcrumb\",\"itemListElement\":[{\"@type\":\"ListItem\",\"position\":1,\"name\":\"Inici\",\"item\":\"https:\\\/\\\/cambraterrassa.org\\\/\"},{\"@type\":\"ListItem\",\"position\":2,\"name\":\"Tr\u00e1mites de la Oficina de Gesti\u00f3n Empresarial (OGE)\"}]},{\"@type\":\"WebSite\",\"@id\":\"https:\\\/\\\/cambraterrassa.org\\\/#website\",\"url\":\"https:\\\/\\\/cambraterrassa.org\\\/\",\"name\":\"Cambra de Comer\u00e7 de Terrassa\",\"description\":\"\",\"potentialAction\":[{\"@type\":\"SearchAction\",\"target\":{\"@type\":\"EntryPoint\",\"urlTemplate\":\"https:\\\/\\\/cambraterrassa.org\\\/?s={search_term_string}\"},\"query-input\":{\"@type\":\"PropertyValueSpecification\",\"valueRequired\":true,\"valueName\":\"search_term_string\"}}],\"inLanguage\":\"es\"}]}<\/script>","yoast_head_json":{"title":"Tr\u00e1mites OGE para empresas - Cambra de Terrassa","description":"Consulta los tr\u00e1mites de la Oficina de Gesti\u00f3n Empresarial (OGE) y gestiona procesos administrativos con apoyo experto para empresas.","robots":{"index":"index","follow":"follow","max-snippet":"max-snippet:-1","max-image-preview":"max-image-preview:large","max-video-preview":"max-video-preview:-1"},"canonical":"https:\/\/cambraterrassa.org\/es\/wp-json\/wp\/v2\/pages\/43157\/","og_locale":"es_ES","og_type":"article","og_title":"Tr\u00e1mites OGE para empresas - Cambra de Terrassa","og_description":"Consulta los tr\u00e1mites de la Oficina de Gesti\u00f3n Empresarial (OGE) y gestiona procesos administrativos con apoyo experto para empresas.","og_url":"https:\/\/cambraterrassa.org\/tramits-de-loficina-de-gestio-empresarial-oge\/","og_site_name":"Cambra de Comer\u00e7 de Terrassa","article_modified_time":"2026-03-26T10:12:03+00:00","og_image":[{"width":421,"height":331,"url":"https:\/\/cambraterrassa.org\/wp-content\/uploads\/2024\/05\/Cambra-fons.webp","type":"image\/webp"}],"twitter_card":"summary_large_image","twitter_misc":{"Tiempo de lectura":"1 minuto"},"schema":{"@context":"https:\/\/schema.org","@graph":[{"@type":"WebPage","@id":"https:\/\/cambraterrassa.org\/tramits-de-loficina-de-gestio-empresarial-oge\/","url":"https:\/\/cambraterrassa.org\/tramits-de-loficina-de-gestio-empresarial-oge\/","name":"Tr\u00e1mites OGE para empresas - Cambra de Terrassa","isPartOf":{"@id":"https:\/\/cambraterrassa.org\/#website"},"primaryImageOfPage":{"@id":"https:\/\/cambraterrassa.org\/tramits-de-loficina-de-gestio-empresarial-oge\/#primaryimage"},"image":{"@id":"https:\/\/cambraterrassa.org\/tramits-de-loficina-de-gestio-empresarial-oge\/#primaryimage"},"thumbnailUrl":"https:\/\/cambraterrassa.org\/wp-content\/uploads\/2024\/05\/Cambra-fons.webp","datePublished":"2024-08-01T12:50:28+00:00","dateModified":"2026-03-26T10:12:03+00:00","description":"Consulta los tr\u00e1mites de la Oficina de Gesti\u00f3n Empresarial (OGE) y gestiona procesos administrativos con apoyo experto para empresas.","breadcrumb":{"@id":"https:\/\/cambraterrassa.org\/tramits-de-loficina-de-gestio-empresarial-oge\/#breadcrumb"},"inLanguage":"es","potentialAction":[{"@type":"ReadAction","target":["https:\/\/cambraterrassa.org\/tramits-de-loficina-de-gestio-empresarial-oge\/"]}]},{"@type":"ImageObject","inLanguage":"es","@id":"https:\/\/cambraterrassa.org\/tramits-de-loficina-de-gestio-empresarial-oge\/#primaryimage","url":"https:\/\/cambraterrassa.org\/wp-content\/uploads\/2024\/05\/Cambra-fons.webp","contentUrl":"https:\/\/cambraterrassa.org\/wp-content\/uploads\/2024\/05\/Cambra-fons.webp"},{"@type":"BreadcrumbList","@id":"https:\/\/cambraterrassa.org\/tramits-de-loficina-de-gestio-empresarial-oge\/#breadcrumb","itemListElement":[{"@type":"ListItem","position":1,"name":"Inici","item":"https:\/\/cambraterrassa.org\/"},{"@type":"ListItem","position":2,"name":"Tr\u00e1mites de la Oficina de Gesti\u00f3n Empresarial (OGE)"}]},{"@type":"WebSite","@id":"https:\/\/cambraterrassa.org\/#website","url":"https:\/\/cambraterrassa.org\/","name":"Cambra de Comer\u00e7 de Terrassa","description":"","potentialAction":[{"@type":"SearchAction","target":{"@type":"EntryPoint","urlTemplate":"https:\/\/cambraterrassa.org\/?s={search_term_string}"},"query-input":{"@type":"PropertyValueSpecification","valueRequired":true,"valueName":"search_term_string"}}],"inLanguage":"es"}]}},"_links":{"self":[{"href":"https:\/\/cambraterrassa.org\/es\/wp-json\/wp\/v2\/pages\/43157","targetHints":{"allow":["GET"]}}],"collection":[{"href":"https:\/\/cambraterrassa.org\/es\/wp-json\/wp\/v2\/pages"}],"about":[{"href":"https:\/\/cambraterrassa.org\/es\/wp-json\/wp\/v2\/types\/page"}],"author":[{"embeddable":true,"href":"https:\/\/cambraterrassa.org\/es\/wp-json\/wp\/v2\/users\/1"}],"replies":[{"embeddable":true,"href":"https:\/\/cambraterrassa.org\/es\/wp-json\/wp\/v2\/comments?post=43157"}],"version-history":[{"count":0,"href":"https:\/\/cambraterrassa.org\/es\/wp-json\/wp\/v2\/pages\/43157\/revisions"}],"wp:attachment":[{"href":"https:\/\/cambraterrassa.org\/es\/wp-json\/wp\/v2\/media?parent=43157"}],"curies":[{"name":"wp","href":"https:\/\/api.w.org\/{rel}","templated":true}]}}