{"id":43149,"date":"2024-08-01T13:50:57","date_gmt":"2024-08-01T11:50:57","guid":{"rendered":"https:\/\/cambraterrassa.org\/certificat-digital-i-signatura-electronica\/"},"modified":"2026-03-26T12:15:40","modified_gmt":"2026-03-26T11:15:40","slug":"certificado-digital-y-firma-electronica","status":"publish","type":"page","link":"https:\/\/cambraterrassa.org\/es\/certificado-digital-y-firma-electronica\/","title":{"rendered":"Certificado digital y firma electr\u00f3nica"},"content":{"rendered":"\t\t<div data-elementor-type=\"wp-page\" data-elementor-id=\"43149\" class=\"elementor elementor-43149 elementor-30983\" data-elementor-post-type=\"page\">\n\t\t\t\t<div class=\"elementor-element elementor-element-f78c564 e-con-full e-flex e-con e-parent\" data-id=\"f78c564\" data-element_type=\"container\" data-e-type=\"container\">\n\t\t<div class=\"elementor-element elementor-element-2fd3684 e-con-full e-flex e-con e-child\" data-id=\"2fd3684\" data-element_type=\"container\" data-e-type=\"container\" data-settings=\"{&quot;background_background&quot;:&quot;gradient&quot;}\">\n\t\t<div class=\"elementor-element elementor-element-d7ab401 e-flex e-con-boxed e-con e-child\" data-id=\"d7ab401\" data-element_type=\"container\" data-e-type=\"container\">\n\t\t\t\t\t<div class=\"e-con-inner\">\n\t\t<div class=\"elementor-element elementor-element-e747643 e-con-full e-flex e-con e-child\" data-id=\"e747643\" data-element_type=\"container\" data-e-type=\"container\">\n\t\t\t\t<div class=\"elementor-element elementor-element-a19e292 elementor-widget elementor-widget-heading\" data-id=\"a19e292\" data-element_type=\"widget\" data-e-type=\"widget\" data-widget_type=\"heading.default\">\n\t\t\t\t<div class=\"elementor-widget-container\">\n\t\t\t\t\t<h2 class=\"elementor-heading-title elementor-size-default\">CERTIFICADO DIGITAL Y FIRMA ELECTR\u00d3NICA<\/h2>\t\t\t\t<\/div>\n\t\t\t\t<\/div>\n\t\t\t\t<div class=\"elementor-element elementor-element-6443584 elementor-widget elementor-widget-heading\" data-id=\"6443584\" data-element_type=\"widget\" data-e-type=\"widget\" data-widget_type=\"heading.default\">\n\t\t\t\t<div class=\"elementor-widget-container\">\n\t\t\t\t\t<h1 class=\"elementor-heading-title elementor-size-default\">Camerfirma te hace la vida administrativa m\u00e1s sencilla<\/h1>\t\t\t\t<\/div>\n\t\t\t\t<\/div>\n\t\t\t\t<\/div>\n\t\t<div class=\"elementor-element elementor-element-28607fd e-con-full elementor-hidden-mobile e-flex e-con e-child\" data-id=\"28607fd\" data-element_type=\"container\" data-e-type=\"container\">\n\t\t\t\t<div class=\"elementor-element elementor-element-e294355 elementor-widget elementor-widget-text-editor\" data-id=\"e294355\" data-element_type=\"widget\" data-e-type=\"widget\" data-widget_type=\"text-editor.default\">\n\t\t\t\t<div class=\"elementor-widget-container\">\n\t\t\t\t\t\t\t\t\t<p>La C\u00e1mara de Comercio, Industria y Servicios de Terrassa pone a tu disposici\u00f3n el servicio de certificados digitales a trav\u00e9s de la entidad certificadora Camerfirma.<\/p>\t\t\t\t\t\t\t\t<\/div>\n\t\t\t\t<\/div>\n\t\t\t\t<\/div>\n\t\t\t\t\t<\/div>\n\t\t\t\t<\/div>\n\t\t<div class=\"elementor-element elementor-element-a07fc0d e-con-full e-flex e-con e-child\" data-id=\"a07fc0d\" data-element_type=\"container\" data-e-type=\"container\" data-settings=\"{&quot;position&quot;:&quot;absolute&quot;}\">\n\t\t\t\t<div class=\"elementor-element elementor-element-707dc26 elementor-widget elementor-widget-image\" data-id=\"707dc26\" data-element_type=\"widget\" data-e-type=\"widget\" data-widget_type=\"image.default\">\n\t\t\t\t<div class=\"elementor-widget-container\">\n\t\t\t\t\t\t\t\t\t\t\t\t\t\t\t<img fetchpriority=\"high\" decoding=\"async\" width=\"421\" height=\"331\" src=\"https:\/\/cambraterrassa.org\/wp-content\/uploads\/2024\/05\/Cambra-fons.webp\" class=\"attachment-large size-large wp-image-865\" alt=\"Cambra fons\" srcset=\"https:\/\/cambraterrassa.org\/wp-content\/uploads\/2024\/05\/Cambra-fons.webp 421w, https:\/\/cambraterrassa.org\/wp-content\/uploads\/2024\/05\/Cambra-fons-300x236.webp 300w\" sizes=\"(max-width: 421px) 100vw, 421px\" \/>\t\t\t\t\t\t\t\t\t\t\t\t\t\t\t<\/div>\n\t\t\t\t<\/div>\n\t\t\t\t<\/div>\n\t\t\t\t<\/div>\n\t\t\t\t<\/div>\n\t\t<div class=\"elementor-element elementor-element-2b2a532 e-flex e-con-boxed e-con e-parent\" data-id=\"2b2a532\" data-element_type=\"container\" data-e-type=\"container\">\n\t\t\t\t\t<div class=\"e-con-inner\">\n\t\t<div class=\"elementor-element elementor-element-5570eed e-con-full e-flex e-con e-child\" data-id=\"5570eed\" data-element_type=\"container\" data-e-type=\"container\">\n\t\t\t\t<div class=\"elementor-element elementor-element-4310e27 elementor-widget elementor-widget-text-editor\" data-id=\"4310e27\" data-element_type=\"widget\" data-e-type=\"widget\" data-widget_type=\"text-editor.default\">\n\t\t\t\t<div class=\"elementor-widget-container\">\n\t\t\t\t\t\t\t\t\t<p>\u00a1Consigue tu certificado digital en 24 horas!<\/p>\t\t\t\t\t\t\t\t<\/div>\n\t\t\t\t<\/div>\n\t\t\t\t<div class=\"elementor-element elementor-element-8ea783c elementor-widget-divider--view-line elementor-widget elementor-widget-divider\" data-id=\"8ea783c\" data-element_type=\"widget\" data-e-type=\"widget\" data-widget_type=\"divider.default\">\n\t\t\t\t<div class=\"elementor-widget-container\">\n\t\t\t\t\t\t\t<div class=\"elementor-divider\">\n\t\t\t<span class=\"elementor-divider-separator\">\n\t\t\t\t\t\t<\/span>\n\t\t<\/div>\n\t\t\t\t\t\t<\/div>\n\t\t\t\t<\/div>\n\t\t\t\t<div class=\"elementor-element elementor-element-2e33a8d elementor-widget elementor-widget-text-editor\" data-id=\"2e33a8d\" data-element_type=\"widget\" data-e-type=\"widget\" data-widget_type=\"text-editor.default\">\n\t\t\t\t<div class=\"elementor-widget-container\">\n\t\t\t\t\t\t\t\t\t<p>La C\u00e1mara de Comercio te ofrece Certificados Digitales Cualificados para personas f\u00edsicas y jur\u00eddicas. Simplifica tus gestiones ante las Administraciones P\u00fablicas y en otros organismos, de manera r\u00e1pida y segura.<\/p>\t\t\t\t\t\t\t\t<\/div>\n\t\t\t\t<\/div>\n\t\t\t\t<\/div>\n\t\t\t\t\t<\/div>\n\t\t\t\t<\/div>\n\t\t<div class=\"elementor-element elementor-element-9331825 e-flex e-con-boxed e-con e-child\" data-id=\"9331825\" data-element_type=\"container\" data-e-type=\"container\">\n\t\t\t\t\t<div class=\"e-con-inner\">\n\t\t<div class=\"elementor-element elementor-element-aa57c8e e-con-full e-flex e-con e-child\" data-id=\"aa57c8e\" data-element_type=\"container\" data-e-type=\"container\" data-settings=\"{&quot;background_background&quot;:&quot;classic&quot;}\">\n\t\t\t\t<div class=\"elementor-element elementor-element-b053dd1 elementor-widget elementor-widget-text-editor\" data-id=\"b053dd1\" data-element_type=\"widget\" data-e-type=\"widget\" data-widget_type=\"text-editor.default\">\n\t\t\t\t<div class=\"elementor-widget-container\">\n\t\t\t\t\t\t\t\t\t<p>Certificado Cualificado Corporativo De Persona F\u00edsica (PF)<\/p>\t\t\t\t\t\t\t\t<\/div>\n\t\t\t\t<\/div>\n\t\t\t\t<div class=\"elementor-element elementor-element-e8af19e elementor-widget elementor-widget-text-editor\" data-id=\"e8af19e\" data-element_type=\"widget\" data-e-type=\"widget\" data-widget_type=\"text-editor.default\">\n\t\t\t\t<div class=\"elementor-widget-container\">\n\t\t\t\t\t\t\t\t\t<p>Certificado Digital Cualificado de pertenencia a una empresa o entidad. Se emite a personas f\u00edsicas vinculadas a una empresa, entidad o aut\u00f3nomos. Accede a la solicitud <a href=\"https:\/\/www.camerfirma.com\/certificados-digitales\/certificado-digital-cualificado-corporativo\/\">AQU\u00cd<\/a><\/p>\t\t\t\t\t\t\t\t<\/div>\n\t\t\t\t<\/div>\n\t\t\t\t<\/div>\n\t\t<div class=\"elementor-element elementor-element-f493ad5 e-con-full e-flex e-con e-child\" data-id=\"f493ad5\" data-element_type=\"container\" data-e-type=\"container\" data-settings=\"{&quot;background_background&quot;:&quot;classic&quot;}\">\n\t\t\t\t<div class=\"elementor-element elementor-element-37942c5 elementor-widget elementor-widget-text-editor\" data-id=\"37942c5\" data-element_type=\"widget\" data-e-type=\"widget\" data-widget_type=\"text-editor.default\">\n\t\t\t\t<div class=\"elementor-widget-container\">\n\t\t\t\t\t\t\t\t\t<p>Certificado De Representante ante las Administraciones P\u00fablicas (PRAP)<\/p>\t\t\t\t\t\t\t\t<\/div>\n\t\t\t\t<\/div>\n\t\t\t\t<div class=\"elementor-element elementor-element-e4ec164 elementor-widget elementor-widget-text-editor\" data-id=\"e4ec164\" data-element_type=\"widget\" data-e-type=\"widget\" data-widget_type=\"text-editor.default\">\n\t\t\t\t<div class=\"elementor-widget-container\">\n\t\t\t\t\t\t\t\t\t<p>Certificado Digital Cualificado de representante, administrador o apoderado de una empresa, organizaci\u00f3n o entidad, para representar jur\u00eddicamente a \u00e9stas ante las administraciones p\u00fablicas y otros organismos. Accede a la solicitud <a href=\"https:\/\/www.camerfirma.com\/certificados-digitales\/certificado-digital-representante-ante-administraciones-publicas-aapp\/\">AQU\u00cd<\/a><\/p>\t\t\t\t\t\t\t\t<\/div>\n\t\t\t\t<\/div>\n\t\t\t\t<\/div>\n\t\t<div class=\"elementor-element elementor-element-c838d63 e-con-full e-flex e-con e-child\" data-id=\"c838d63\" data-element_type=\"container\" data-e-type=\"container\" data-settings=\"{&quot;background_background&quot;:&quot;classic&quot;}\">\n\t\t\t\t<div class=\"elementor-element elementor-element-cbf177c elementor-widget elementor-widget-text-editor\" data-id=\"cbf177c\" data-element_type=\"widget\" data-e-type=\"widget\" data-widget_type=\"text-editor.default\">\n\t\t\t\t<div class=\"elementor-widget-container\">\n\t\t\t\t\t\t\t\t\t<p>Otros<\/p>\t\t\t\t\t\t\t\t<\/div>\n\t\t\t\t<\/div>\n\t\t\t\t<div class=\"elementor-element elementor-element-96a8a12 elementor-widget elementor-widget-text-editor\" data-id=\"96a8a12\" data-element_type=\"widget\" data-e-type=\"widget\" data-widget_type=\"text-editor.default\">\n\t\t\t\t<div class=\"elementor-widget-container\">\n\t\t\t\t\t\t\t\t\t<p>Consulte en el siguiente enlace otros tipos de certificados que se encuentran a vuestra disposici\u00f3n <a href=\"https:\/\/www.camerfirma.com\/certificados-digitales\/\" target=\"_blank\" rel=\"noopener noreferrer\">AQU\u00cd<\/a><\/p>\t\t\t\t\t\t\t\t<\/div>\n\t\t\t\t<\/div>\n\t\t\t\t<\/div>\n\t\t\t\t\t<\/div>\n\t\t\t\t<\/div>\n\t\t<div class=\"elementor-element elementor-element-eff2310 e-flex e-con-boxed e-con e-child\" data-id=\"eff2310\" data-element_type=\"container\" data-e-type=\"container\">\n\t\t\t\t\t<div class=\"e-con-inner\">\n\t\t\t\t<div class=\"elementor-element elementor-element-cf7ee0e elementor-widget elementor-widget-text-editor\" data-id=\"cf7ee0e\" data-element_type=\"widget\" data-e-type=\"widget\" data-widget_type=\"text-editor.default\">\n\t\t\t\t<div class=\"elementor-widget-container\">\n\t\t\t\t\t\t\t\t\t<p>Con el fin de acelerar el proceso de obtenci\u00f3n del Certificado Digital, la C\u00e1mara gestionar\u00e1 directamente del Registro Mercantil la nota simple que acredite la vigencia de los poderes de la persona titular del certificado.<\/p>\t\t\t\t\t\t\t\t<\/div>\n\t\t\t\t<\/div>\n\t\t\t\t\t<\/div>\n\t\t\t\t<\/div>\n\t\t<div class=\"elementor-element elementor-element-ec80304 e-flex e-con-boxed e-con e-parent\" data-id=\"ec80304\" data-element_type=\"container\" data-e-type=\"container\">\n\t\t\t\t\t<div class=\"e-con-inner\">\n\t\t<div class=\"elementor-element elementor-element-87e2f4c e-con-full e-flex e-con e-child\" data-id=\"87e2f4c\" data-element_type=\"container\" data-e-type=\"container\">\n\t\t\t\t<div class=\"elementor-element elementor-element-486edd0 elementor-widget elementor-widget-text-editor\" data-id=\"486edd0\" data-element_type=\"widget\" data-e-type=\"widget\" data-widget_type=\"text-editor.default\">\n\t\t\t\t<div class=\"elementor-widget-container\">\n\t\t\t\t\t\t\t\t\t<p>Precios<\/p>\t\t\t\t\t\t\t\t<\/div>\n\t\t\t\t<\/div>\n\t\t\t\t<div class=\"elementor-element elementor-element-7368f0b elementor-widget-divider--view-line elementor-widget elementor-widget-divider\" data-id=\"7368f0b\" data-element_type=\"widget\" data-e-type=\"widget\" data-widget_type=\"divider.default\">\n\t\t\t\t<div class=\"elementor-widget-container\">\n\t\t\t\t\t\t\t<div class=\"elementor-divider\">\n\t\t\t<span class=\"elementor-divider-separator\">\n\t\t\t\t\t\t<\/span>\n\t\t<\/div>\n\t\t\t\t\t\t<\/div>\n\t\t\t\t<\/div>\n\t\t\t\t<div class=\"elementor-element elementor-element-fc5a549 elementor-widget elementor-widget-text-editor\" data-id=\"fc5a549\" data-element_type=\"widget\" data-e-type=\"widget\" data-widget_type=\"text-editor.default\">\n\t\t\t\t<div class=\"elementor-widget-container\">\n\t\t\t\t\t\t\t\t\t<p><span style=\"font-weight: 400;\">Certificado de PF: 40\u20ac + IVA + tramitaci\u00f3n*<\/span><span style=\"font-weight: 400;\"><br \/><\/span><span style=\"font-weight: 400;\">Certificado de PRAP: 60\u20ac + IVA + tramitaci\u00f3n*<\/span><span style=\"font-weight: 400;\"><br \/><\/span><span style=\"font-weight: 400;\">Certificado de PR : 80\u20ac + IVA + tramitaci\u00f3n**<\/span><span style=\"font-weight: 400;\"><br \/><\/span><span style=\"font-weight: 400;\">Tramitaci\u00f3n: a partir de 38 \u20ac + nota simple en caso de sociedades.<br \/><\/span><b><\/b><span style=\"font-weight: 400;\">*Nota: en caso de querer el certificado con formato hardware (nivel 4 de seguridad) habr\u00e1 que a\u00f1adir al precio 15,00\u20ac de la tarjeta + 20,00\u20ac del lector (token) en el supuesto de no disponer de ellos.<\/span><\/p>\t\t\t\t\t\t\t\t<\/div>\n\t\t\t\t<\/div>\n\t\t\t\t<\/div>\n\t\t<div class=\"elementor-element elementor-element-903cabf e-con-full e-flex e-con e-child\" data-id=\"903cabf\" data-element_type=\"container\" data-e-type=\"container\">\n\t\t\t\t<div class=\"elementor-element elementor-element-e4789b7 elementor-widget elementor-widget-image\" data-id=\"e4789b7\" data-element_type=\"widget\" data-e-type=\"widget\" data-widget_type=\"image.default\">\n\t\t\t\t<div class=\"elementor-widget-container\">\n\t\t\t\t\t\t\t\t\t\t\t\t\t\t\t<img decoding=\"async\" width=\"922\" height=\"387\" src=\"https:\/\/cambraterrassa.org\/wp-content\/uploads\/2024\/08\/CAMERFIRMA-logo.webp\" class=\"attachment-large size-large wp-image-31014\" alt=\"Camerfirma logo\" srcset=\"https:\/\/cambraterrassa.org\/wp-content\/uploads\/2024\/08\/CAMERFIRMA-logo.webp 922w, https:\/\/cambraterrassa.org\/wp-content\/uploads\/2024\/08\/CAMERFIRMA-logo-300x126.webp 300w, https:\/\/cambraterrassa.org\/wp-content\/uploads\/2024\/08\/CAMERFIRMA-logo-768x322.webp 768w, https:\/\/cambraterrassa.org\/wp-content\/uploads\/2024\/08\/CAMERFIRMA-logo-600x252.webp 600w\" sizes=\"(max-width: 922px) 100vw, 922px\" \/>\t\t\t\t\t\t\t\t\t\t\t\t\t\t\t<\/div>\n\t\t\t\t<\/div>\n\t\t\t\t<\/div>\n\t\t\t\t\t<\/div>\n\t\t\t\t<\/div>\n\t\t\t\t<\/div>\n\t\t","protected":false},"excerpt":{"rendered":"<p>CERTIFICADO DIGITAL Y FIRMA ELECTR\u00d3NICA Camerfirma te hace la vida administrativa m\u00e1s sencilla La C\u00e1mara de Comercio, Industria y Servicios de Terrassa pone a tu disposici\u00f3n el servicio de certificados [&hellip;]<\/p>\n","protected":false},"author":1,"featured_media":0,"parent":0,"menu_order":0,"comment_status":"closed","ping_status":"closed","template":"elementor_header_footer","meta":{"_acf_changed":false,"site-sidebar-layout":"no-sidebar","site-content-layout":"","ast-site-content-layout":"full-width-container","site-content-style":"default","site-sidebar-style":"default","ast-global-header-display":"","ast-banner-title-visibility":"","ast-main-header-display":"","ast-hfb-above-header-display":"","ast-hfb-below-header-display":"","ast-hfb-mobile-header-display":"","site-post-title":"disabled","ast-breadcrumbs-content":"","ast-featured-img":"disabled","footer-sml-layout":"","ast-disable-related-posts":"","theme-transparent-header-meta":"","adv-header-id-meta":"","stick-header-meta":"","header-above-stick-meta":"","header-main-stick-meta":"","header-below-stick-meta":"","astra-migrate-meta-layouts":"default","ast-page-background-enabled":"default","ast-page-background-meta":{"desktop":{"background-color":"var(--ast-global-color-4)","background-image":"","background-repeat":"repeat","background-position":"center center","background-size":"auto","background-attachment":"scroll","background-type":"","background-media":"","overlay-type":"","overlay-color":"","overlay-opacity":"","overlay-gradient":""},"tablet":{"background-color":"","background-image":"","background-repeat":"repeat","background-position":"center center","background-size":"auto","background-attachment":"scroll","background-type":"","background-media":"","overlay-type":"","overlay-color":"","overlay-opacity":"","overlay-gradient":""},"mobile":{"background-color":"","background-image":"","background-repeat":"repeat","background-position":"center center","background-size":"auto","background-attachment":"scroll","background-type":"","background-media":"","overlay-type":"","overlay-color":"","overlay-opacity":"","overlay-gradient":""}},"ast-content-background-meta":{"desktop":{"background-color":"var(--ast-global-color-5)","background-image":"","background-repeat":"repeat","background-position":"center center","background-size":"auto","background-attachment":"scroll","background-type":"","background-media":"","overlay-type":"","overlay-color":"","overlay-opacity":"","overlay-gradient":""},"tablet":{"background-color":"var(--ast-global-color-5)","background-image":"","background-repeat":"repeat","background-position":"center center","background-size":"auto","background-attachment":"scroll","background-type":"","background-media":"","overlay-type":"","overlay-color":"","overlay-opacity":"","overlay-gradient":""},"mobile":{"background-color":"var(--ast-global-color-5)","background-image":"","background-repeat":"repeat","background-position":"center center","background-size":"auto","background-attachment":"scroll","background-type":"","background-media":"","overlay-type":"","overlay-color":"","overlay-opacity":"","overlay-gradient":""}},"footnotes":""},"class_list":["post-43149","page","type-page","status-publish","hentry"],"acf":[],"yoast_head":"<title>Certificado digital y firma electr\u00f3nica - Cambra de Terrassa<\/title>\n<meta name=\"description\" content=\"Obt\u00e9n tu certificado digital y utiliza la firma electr\u00f3nica con apoyo experto para gestionar tr\u00e1mites online de forma segura y r\u00e1pida.\" \/>\n<meta name=\"robots\" content=\"index, follow, max-snippet:-1, max-image-preview:large, max-video-preview:-1\" \/>\n<link rel=\"canonical\" href=\"https:\/\/cambraterrassa.org\/es\/wp-json\/wp\/v2\/pages\/43149\/\" \/>\n<meta property=\"og:locale\" content=\"es_ES\" \/>\n<meta property=\"og:type\" content=\"article\" \/>\n<meta property=\"og:title\" content=\"Certificado digital y firma electr\u00f3nica - Cambra de Terrassa\" \/>\n<meta property=\"og:description\" content=\"Obt\u00e9n tu certificado digital y utiliza la firma electr\u00f3nica con apoyo experto para gestionar tr\u00e1mites online de forma segura y r\u00e1pida.\" \/>\n<meta property=\"og:url\" content=\"https:\/\/cambraterrassa.org\/certificat-digital-i-signatura-electronica\/\" \/>\n<meta property=\"og:site_name\" content=\"Cambra de Comer\u00e7 de Terrassa\" \/>\n<meta property=\"article:modified_time\" content=\"2026-03-26T11:15:40+00:00\" \/>\n<meta property=\"og:image\" content=\"https:\/\/cambraterrassa.org\/wp-content\/uploads\/2024\/05\/Cambra-fons.webp\" \/>\n\t<meta property=\"og:image:width\" content=\"421\" \/>\n\t<meta property=\"og:image:height\" content=\"331\" \/>\n\t<meta property=\"og:image:type\" content=\"image\/webp\" \/>\n<meta name=\"twitter:card\" content=\"summary_large_image\" \/>\n<meta name=\"twitter:label1\" content=\"Tiempo de lectura\" \/>\n\t<meta name=\"twitter:data1\" content=\"2 minutos\" \/>\n<script type=\"application\/ld+json\" class=\"yoast-schema-graph\">{\"@context\":\"https:\/\/schema.org\",\"@graph\":[{\"@type\":\"WebPage\",\"@id\":\"https:\/\/cambraterrassa.org\/certificat-digital-i-signatura-electronica\/\",\"url\":\"https:\/\/cambraterrassa.org\/certificat-digital-i-signatura-electronica\/\",\"name\":\"Certificado digital y firma electr\u00f3nica - Cambra de Terrassa\",\"isPartOf\":{\"@id\":\"https:\/\/cambraterrassa.org\/#website\"},\"primaryImageOfPage\":{\"@id\":\"https:\/\/cambraterrassa.org\/certificat-digital-i-signatura-electronica\/#primaryimage\"},\"image\":{\"@id\":\"https:\/\/cambraterrassa.org\/certificat-digital-i-signatura-electronica\/#primaryimage\"},\"thumbnailUrl\":\"https:\/\/cambraterrassa.org\/wp-content\/uploads\/2024\/05\/Cambra-fons.webp\",\"datePublished\":\"2024-08-01T11:50:57+00:00\",\"dateModified\":\"2026-03-26T11:15:40+00:00\",\"description\":\"Obt\u00e9n tu certificado digital y utiliza la firma electr\u00f3nica con apoyo experto para gestionar tr\u00e1mites online de forma segura y r\u00e1pida.\",\"breadcrumb\":{\"@id\":\"https:\/\/cambraterrassa.org\/certificat-digital-i-signatura-electronica\/#breadcrumb\"},\"inLanguage\":\"es\",\"potentialAction\":[{\"@type\":\"ReadAction\",\"target\":[\"https:\/\/cambraterrassa.org\/certificat-digital-i-signatura-electronica\/\"]}]},{\"@type\":\"ImageObject\",\"inLanguage\":\"es\",\"@id\":\"https:\/\/cambraterrassa.org\/certificat-digital-i-signatura-electronica\/#primaryimage\",\"url\":\"https:\/\/cambraterrassa.org\/wp-content\/uploads\/2024\/05\/Cambra-fons.webp\",\"contentUrl\":\"https:\/\/cambraterrassa.org\/wp-content\/uploads\/2024\/05\/Cambra-fons.webp\"},{\"@type\":\"BreadcrumbList\",\"@id\":\"https:\/\/cambraterrassa.org\/certificat-digital-i-signatura-electronica\/#breadcrumb\",\"itemListElement\":[{\"@type\":\"ListItem\",\"position\":1,\"name\":\"Inici\",\"item\":\"https:\/\/cambraterrassa.org\/\"},{\"@type\":\"ListItem\",\"position\":2,\"name\":\"Certificado digital y firma electr\u00f3nica\"}]},{\"@type\":\"WebSite\",\"@id\":\"https:\/\/cambraterrassa.org\/#website\",\"url\":\"https:\/\/cambraterrassa.org\/\",\"name\":\"Cambra de Comer\u00e7 de Terrassa\",\"description\":\"\",\"potentialAction\":[{\"@type\":\"SearchAction\",\"target\":{\"@type\":\"EntryPoint\",\"urlTemplate\":\"https:\/\/cambraterrassa.org\/?s={search_term_string}\"},\"query-input\":{\"@type\":\"PropertyValueSpecification\",\"valueRequired\":true,\"valueName\":\"search_term_string\"}}],\"inLanguage\":\"es\"}]}<\/script>","yoast_head_json":{"title":"Certificado digital y firma electr\u00f3nica - Cambra de Terrassa","description":"Obt\u00e9n tu certificado digital y utiliza la firma electr\u00f3nica con apoyo experto para gestionar tr\u00e1mites online de forma segura y r\u00e1pida.","robots":{"index":"index","follow":"follow","max-snippet":"max-snippet:-1","max-image-preview":"max-image-preview:large","max-video-preview":"max-video-preview:-1"},"canonical":"https:\/\/cambraterrassa.org\/es\/wp-json\/wp\/v2\/pages\/43149\/","og_locale":"es_ES","og_type":"article","og_title":"Certificado digital y firma electr\u00f3nica - Cambra de Terrassa","og_description":"Obt\u00e9n tu certificado digital y utiliza la firma electr\u00f3nica con apoyo experto para gestionar tr\u00e1mites online de forma segura y r\u00e1pida.","og_url":"https:\/\/cambraterrassa.org\/certificat-digital-i-signatura-electronica\/","og_site_name":"Cambra de Comer\u00e7 de Terrassa","article_modified_time":"2026-03-26T11:15:40+00:00","og_image":[{"width":421,"height":331,"url":"https:\/\/cambraterrassa.org\/wp-content\/uploads\/2024\/05\/Cambra-fons.webp","type":"image\/webp"}],"twitter_card":"summary_large_image","twitter_misc":{"Tiempo de lectura":"2 minutos"},"schema":{"@context":"https:\/\/schema.org","@graph":[{"@type":"WebPage","@id":"https:\/\/cambraterrassa.org\/certificat-digital-i-signatura-electronica\/","url":"https:\/\/cambraterrassa.org\/certificat-digital-i-signatura-electronica\/","name":"Certificado digital y firma electr\u00f3nica - Cambra de Terrassa","isPartOf":{"@id":"https:\/\/cambraterrassa.org\/#website"},"primaryImageOfPage":{"@id":"https:\/\/cambraterrassa.org\/certificat-digital-i-signatura-electronica\/#primaryimage"},"image":{"@id":"https:\/\/cambraterrassa.org\/certificat-digital-i-signatura-electronica\/#primaryimage"},"thumbnailUrl":"https:\/\/cambraterrassa.org\/wp-content\/uploads\/2024\/05\/Cambra-fons.webp","datePublished":"2024-08-01T11:50:57+00:00","dateModified":"2026-03-26T11:15:40+00:00","description":"Obt\u00e9n tu certificado digital y utiliza la firma electr\u00f3nica con apoyo experto para gestionar tr\u00e1mites online de forma segura y r\u00e1pida.","breadcrumb":{"@id":"https:\/\/cambraterrassa.org\/certificat-digital-i-signatura-electronica\/#breadcrumb"},"inLanguage":"es","potentialAction":[{"@type":"ReadAction","target":["https:\/\/cambraterrassa.org\/certificat-digital-i-signatura-electronica\/"]}]},{"@type":"ImageObject","inLanguage":"es","@id":"https:\/\/cambraterrassa.org\/certificat-digital-i-signatura-electronica\/#primaryimage","url":"https:\/\/cambraterrassa.org\/wp-content\/uploads\/2024\/05\/Cambra-fons.webp","contentUrl":"https:\/\/cambraterrassa.org\/wp-content\/uploads\/2024\/05\/Cambra-fons.webp"},{"@type":"BreadcrumbList","@id":"https:\/\/cambraterrassa.org\/certificat-digital-i-signatura-electronica\/#breadcrumb","itemListElement":[{"@type":"ListItem","position":1,"name":"Inici","item":"https:\/\/cambraterrassa.org\/"},{"@type":"ListItem","position":2,"name":"Certificado digital y firma electr\u00f3nica"}]},{"@type":"WebSite","@id":"https:\/\/cambraterrassa.org\/#website","url":"https:\/\/cambraterrassa.org\/","name":"Cambra de Comer\u00e7 de Terrassa","description":"","potentialAction":[{"@type":"SearchAction","target":{"@type":"EntryPoint","urlTemplate":"https:\/\/cambraterrassa.org\/?s={search_term_string}"},"query-input":{"@type":"PropertyValueSpecification","valueRequired":true,"valueName":"search_term_string"}}],"inLanguage":"es"}]}},"_links":{"self":[{"href":"https:\/\/cambraterrassa.org\/es\/wp-json\/wp\/v2\/pages\/43149","targetHints":{"allow":["GET"]}}],"collection":[{"href":"https:\/\/cambraterrassa.org\/es\/wp-json\/wp\/v2\/pages"}],"about":[{"href":"https:\/\/cambraterrassa.org\/es\/wp-json\/wp\/v2\/types\/page"}],"author":[{"embeddable":true,"href":"https:\/\/cambraterrassa.org\/es\/wp-json\/wp\/v2\/users\/1"}],"replies":[{"embeddable":true,"href":"https:\/\/cambraterrassa.org\/es\/wp-json\/wp\/v2\/comments?post=43149"}],"version-history":[{"count":9,"href":"https:\/\/cambraterrassa.org\/es\/wp-json\/wp\/v2\/pages\/43149\/revisions"}],"predecessor-version":[{"id":54044,"href":"https:\/\/cambraterrassa.org\/es\/wp-json\/wp\/v2\/pages\/43149\/revisions\/54044"}],"wp:attachment":[{"href":"https:\/\/cambraterrassa.org\/es\/wp-json\/wp\/v2\/media?parent=43149"}],"curies":[{"name":"wp","href":"https:\/\/api.w.org\/{rel}","templated":true}]}}