{"id":43141,"date":"2024-08-01T15:24:18","date_gmt":"2024-08-01T13:24:18","guid":{"rendered":"https:\/\/cambraterrassa.org\/informes-comercials\/"},"modified":"2025-06-19T08:52:40","modified_gmt":"2025-06-19T06:52:40","slug":"informes-comerciales","status":"publish","type":"page","link":"https:\/\/cambraterrassa.org\/es\/informes-comerciales\/","title":{"rendered":"Informes Comerciales"},"content":{"rendered":"\t\t<div data-elementor-type=\"wp-page\" data-elementor-id=\"43141\" class=\"elementor elementor-43141 elementor-31040\" data-elementor-post-type=\"page\">\n\t\t\t\t<div class=\"elementor-element elementor-element-f33d952 e-con-full e-flex e-con e-parent\" data-id=\"f33d952\" data-element_type=\"container\" data-e-type=\"container\">\n\t\t<div class=\"elementor-element elementor-element-d730ccd e-con-full e-flex e-con e-child\" data-id=\"d730ccd\" data-element_type=\"container\" data-e-type=\"container\" data-settings=\"{&quot;background_background&quot;:&quot;gradient&quot;}\">\n\t\t<div class=\"elementor-element elementor-element-ff991db e-flex e-con-boxed e-con e-child\" data-id=\"ff991db\" data-element_type=\"container\" data-e-type=\"container\">\n\t\t\t\t\t<div class=\"e-con-inner\">\n\t\t<div class=\"elementor-element elementor-element-1e688a6 e-con-full e-flex e-con e-child\" data-id=\"1e688a6\" data-element_type=\"container\" data-e-type=\"container\">\n\t\t\t\t<div class=\"elementor-element elementor-element-e327660 elementor-widget elementor-widget-heading\" data-id=\"e327660\" data-element_type=\"widget\" data-e-type=\"widget\" data-widget_type=\"heading.default\">\n\t\t\t\t<div class=\"elementor-widget-container\">\n\t\t\t\t\t<h2 class=\"elementor-heading-title elementor-size-default\">INFORMES COMERCIALES<\/h2>\t\t\t\t<\/div>\n\t\t\t\t<\/div>\n\t\t\t\t<div class=\"elementor-element elementor-element-273e0db elementor-widget elementor-widget-heading\" data-id=\"273e0db\" data-element_type=\"widget\" data-e-type=\"widget\" data-widget_type=\"heading.default\">\n\t\t\t\t<div class=\"elementor-widget-container\">\n\t\t\t\t\t<h1 class=\"elementor-heading-title elementor-size-default\">Informes sectoriales, geoposicionados y de mercado\n<\/h1>\t\t\t\t<\/div>\n\t\t\t\t<\/div>\n\t\t\t\t<\/div>\n\t\t<div class=\"elementor-element elementor-element-74287b6 e-con-full elementor-hidden-mobile e-flex e-con e-child\" data-id=\"74287b6\" data-element_type=\"container\" data-e-type=\"container\">\n\t\t\t\t<div class=\"elementor-element elementor-element-db1b2d1 elementor-widget elementor-widget-text-editor\" data-id=\"db1b2d1\" data-element_type=\"widget\" data-e-type=\"widget\" data-widget_type=\"text-editor.default\">\n\t\t\t\t<div class=\"elementor-widget-container\">\n\t\t\t\t\t\t\t\t\t<p><span style=\"font-weight: 400;\">Los informes comerciales ofrecen una visi\u00f3n gen\u00e9rica, pero tambi\u00e9n un an\u00e1lisis muy detallado de las actividades y la situaci\u00f3n financiera de una empresa.<\/span><\/p>\t\t\t\t\t\t\t\t<\/div>\n\t\t\t\t<\/div>\n\t\t\t\t<\/div>\n\t\t\t\t\t<\/div>\n\t\t\t\t<\/div>\n\t\t<div class=\"elementor-element elementor-element-3505933 e-con-full e-flex e-con e-child\" data-id=\"3505933\" data-element_type=\"container\" data-e-type=\"container\" data-settings=\"{&quot;position&quot;:&quot;absolute&quot;}\">\n\t\t\t\t<div class=\"elementor-element elementor-element-d8c1126 elementor-widget elementor-widget-image\" data-id=\"d8c1126\" data-element_type=\"widget\" data-e-type=\"widget\" data-widget_type=\"image.default\">\n\t\t\t\t<div class=\"elementor-widget-container\">\n\t\t\t\t\t\t\t\t\t\t\t\t\t\t\t<img fetchpriority=\"high\" decoding=\"async\" width=\"421\" height=\"331\" src=\"https:\/\/cambraterrassa.org\/wp-content\/uploads\/2024\/05\/Cambra-fons.webp\" class=\"attachment-large size-large wp-image-865\" alt=\"Cambra fons\" srcset=\"https:\/\/cambraterrassa.org\/wp-content\/uploads\/2024\/05\/Cambra-fons.webp 421w, https:\/\/cambraterrassa.org\/wp-content\/uploads\/2024\/05\/Cambra-fons-300x236.webp 300w\" sizes=\"(max-width: 421px) 100vw, 421px\" \/>\t\t\t\t\t\t\t\t\t\t\t\t\t\t\t<\/div>\n\t\t\t\t<\/div>\n\t\t\t\t<\/div>\n\t\t\t\t<\/div>\n\t\t\t\t<\/div>\n\t\t<div class=\"elementor-element elementor-element-8cd2f7e e-flex e-con-boxed e-con e-parent\" data-id=\"8cd2f7e\" data-element_type=\"container\" data-e-type=\"container\">\n\t\t\t\t\t<div class=\"e-con-inner\">\n\t\t<div class=\"elementor-element elementor-element-6865089 e-con-full e-flex e-con e-child\" data-id=\"6865089\" data-element_type=\"container\" data-e-type=\"container\">\n\t\t\t\t<div class=\"elementor-element elementor-element-f1ef5a6 elementor-widget elementor-widget-text-editor\" data-id=\"f1ef5a6\" data-element_type=\"widget\" data-e-type=\"widget\" data-widget_type=\"text-editor.default\">\n\t\t\t\t<div class=\"elementor-widget-container\">\n\t\t\t\t\t\t\t\t\t<p><span style=\"font-weight: 400;\">Los informes comerciales son fundamentales tanto para conocer el l\u00edmite de cr\u00e9dito que puedes ofrecer a un cliente, como para estudiar el estado financiero de los posibles competidores o descubrir la informaci\u00f3n p\u00fablica sobre su empresa.<\/span><\/p>\t\t\t\t\t\t\t\t<\/div>\n\t\t\t\t<\/div>\n\t\t\t\t<div class=\"elementor-element elementor-element-aba6ea6 elementor-widget elementor-widget-text-editor\" data-id=\"aba6ea6\" data-element_type=\"widget\" data-e-type=\"widget\" data-widget_type=\"text-editor.default\">\n\t\t\t\t<div class=\"elementor-widget-container\">\n\t\t\t\t\t\t\t\t\t<p>Tipolog\u00eda de los informes:<\/p>\t\t\t\t\t\t\t\t<\/div>\n\t\t\t\t<\/div>\n\t\t\t\t<div class=\"elementor-element elementor-element-f9eb114 elementor-widget-divider--view-line elementor-widget elementor-widget-divider\" data-id=\"f9eb114\" data-element_type=\"widget\" data-e-type=\"widget\" data-widget_type=\"divider.default\">\n\t\t\t\t<div class=\"elementor-widget-container\">\n\t\t\t\t\t\t\t<div class=\"elementor-divider\">\n\t\t\t<span class=\"elementor-divider-separator\">\n\t\t\t\t\t\t<\/span>\n\t\t<\/div>\n\t\t\t\t\t\t<\/div>\n\t\t\t\t<\/div>\n\t\t\t\t<\/div>\n\t\t\t\t\t<\/div>\n\t\t\t\t<\/div>\n\t\t<div class=\"elementor-element elementor-element-ba8a8c3 e-flex e-con-boxed e-con e-child\" data-id=\"ba8a8c3\" data-element_type=\"container\" data-e-type=\"container\">\n\t\t\t\t\t<div class=\"e-con-inner\">\n\t\t<div class=\"elementor-element elementor-element-def3c77 e-con-full e-flex e-con e-child\" data-id=\"def3c77\" data-element_type=\"container\" data-e-type=\"container\" data-settings=\"{&quot;background_background&quot;:&quot;classic&quot;}\">\n\t\t\t\t<div class=\"elementor-element elementor-element-c4bf954 elementor-widget elementor-widget-text-editor\" data-id=\"c4bf954\" data-element_type=\"widget\" data-e-type=\"widget\" data-widget_type=\"text-editor.default\">\n\t\t\t\t<div class=\"elementor-widget-container\">\n\t\t\t\t\t\t\t\t\t<p>Informaci\u00f3n oficial y comercial<\/p>\t\t\t\t\t\t\t\t<\/div>\n\t\t\t\t<\/div>\n\t\t\t\t<div class=\"elementor-element elementor-element-80d94d3 elementor-widget elementor-widget-text-editor\" data-id=\"80d94d3\" data-element_type=\"widget\" data-e-type=\"widget\" data-widget_type=\"text-editor.default\">\n\t\t\t\t<div class=\"elementor-widget-container\">\n\t\t\t\t\t\t\t\t\t<p>Recomendable para decisiones de bajo riesgo.<\/p>\t\t\t\t\t\t\t\t<\/div>\n\t\t\t\t<\/div>\n\t\t\t\t<\/div>\n\t\t<div class=\"elementor-element elementor-element-5408f42 e-con-full e-flex e-con e-child\" data-id=\"5408f42\" data-element_type=\"container\" data-e-type=\"container\" data-settings=\"{&quot;background_background&quot;:&quot;classic&quot;}\">\n\t\t\t\t<div class=\"elementor-element elementor-element-0e79cbb elementor-widget elementor-widget-text-editor\" data-id=\"0e79cbb\" data-element_type=\"widget\" data-e-type=\"widget\" data-widget_type=\"text-editor.default\">\n\t\t\t\t<div class=\"elementor-widget-container\">\n\t\t\t\t\t\t\t\t\t<p>Informaci\u00f3n comercial y econ\u00f3mica<\/p>\t\t\t\t\t\t\t\t<\/div>\n\t\t\t\t<\/div>\n\t\t\t\t<div class=\"elementor-element elementor-element-283616e elementor-widget elementor-widget-text-editor\" data-id=\"283616e\" data-element_type=\"widget\" data-e-type=\"widget\" data-widget_type=\"text-editor.default\">\n\t\t\t\t<div class=\"elementor-widget-container\">\n\t\t\t\t\t\t\t\t\t<p>Dirigida a transacciones comerciales de riesgo medio.<\/p>\t\t\t\t\t\t\t\t<\/div>\n\t\t\t\t<\/div>\n\t\t\t\t<\/div>\n\t\t<div class=\"elementor-element elementor-element-bb214f3 e-con-full e-flex e-con e-child\" data-id=\"bb214f3\" data-element_type=\"container\" data-e-type=\"container\" data-settings=\"{&quot;background_background&quot;:&quot;classic&quot;}\">\n\t\t\t\t<div class=\"elementor-element elementor-element-b921a25 elementor-widget elementor-widget-text-editor\" data-id=\"b921a25\" data-element_type=\"widget\" data-e-type=\"widget\" data-widget_type=\"text-editor.default\">\n\t\t\t\t<div class=\"elementor-widget-container\">\n\t\t\t\t\t\t\t\t\t<p>Informaci\u00f3n econ\u00f3mica, financiera y comercial<\/p>\t\t\t\t\t\t\t\t<\/div>\n\t\t\t\t<\/div>\n\t\t\t\t<div class=\"elementor-element elementor-element-a20f3b4 elementor-widget elementor-widget-text-editor\" data-id=\"a20f3b4\" data-element_type=\"widget\" data-e-type=\"widget\" data-widget_type=\"text-editor.default\">\n\t\t\t\t<div class=\"elementor-widget-container\">\n\t\t\t\t\t\t\t\t\t<p>Id\u00f3neo por transacciones comerciales que requieren una informaci\u00f3n m\u00e1s exhaustiva.<\/p>\t\t\t\t\t\t\t\t<\/div>\n\t\t\t\t<\/div>\n\t\t\t\t<\/div>\n\t\t\t\t\t<\/div>\n\t\t\t\t<\/div>\n\t\t\t\t<\/div>\n\t\t","protected":false},"excerpt":{"rendered":"<p>INFORMES COMERCIALES Informes sectoriales, geoposicionados y de mercado Los informes comerciales ofrecen una visi\u00f3n gen\u00e9rica, pero tambi\u00e9n un an\u00e1lisis muy detallado de las actividades y la situaci\u00f3n financiera de una [&hellip;]<\/p>\n","protected":false},"author":1,"featured_media":0,"parent":0,"menu_order":0,"comment_status":"closed","ping_status":"closed","template":"","meta":{"_acf_changed":false,"site-sidebar-layout":"no-sidebar","site-content-layout":"","ast-site-content-layout":"full-width-container","site-content-style":"default","site-sidebar-style":"default","ast-global-header-display":"","ast-banner-title-visibility":"","ast-main-header-display":"","ast-hfb-above-header-display":"","ast-hfb-below-header-display":"","ast-hfb-mobile-header-display":"","site-post-title":"disabled","ast-breadcrumbs-content":"","ast-featured-img":"disabled","footer-sml-layout":"","ast-disable-related-posts":"","theme-transparent-header-meta":"","adv-header-id-meta":"","stick-header-meta":"","header-above-stick-meta":"","header-main-stick-meta":"","header-below-stick-meta":"","astra-migrate-meta-layouts":"default","ast-page-background-enabled":"default","ast-page-background-meta":{"desktop":{"background-color":"var(--ast-global-color-4)","background-image":"","background-repeat":"repeat","background-position":"center center","background-size":"auto","background-attachment":"scroll","background-type":"","background-media":"","overlay-type":"","overlay-color":"","overlay-opacity":"","overlay-gradient":""},"tablet":{"background-color":"","background-image":"","background-repeat":"repeat","background-position":"center center","background-size":"auto","background-attachment":"scroll","background-type":"","background-media":"","overlay-type":"","overlay-color":"","overlay-opacity":"","overlay-gradient":""},"mobile":{"background-color":"","background-image":"","background-repeat":"repeat","background-position":"center center","background-size":"auto","background-attachment":"scroll","background-type":"","background-media":"","overlay-type":"","overlay-color":"","overlay-opacity":"","overlay-gradient":""}},"ast-content-background-meta":{"desktop":{"background-color":"var(--ast-global-color-5)","background-image":"","background-repeat":"repeat","background-position":"center center","background-size":"auto","background-attachment":"scroll","background-type":"","background-media":"","overlay-type":"","overlay-color":"","overlay-opacity":"","overlay-gradient":""},"tablet":{"background-color":"var(--ast-global-color-5)","background-image":"","background-repeat":"repeat","background-position":"center center","background-size":"auto","background-attachment":"scroll","background-type":"","background-media":"","overlay-type":"","overlay-color":"","overlay-opacity":"","overlay-gradient":""},"mobile":{"background-color":"var(--ast-global-color-5)","background-image":"","background-repeat":"repeat","background-position":"center center","background-size":"auto","background-attachment":"scroll","background-type":"","background-media":"","overlay-type":"","overlay-color":"","overlay-opacity":"","overlay-gradient":""}},"footnotes":""},"class_list":["post-43141","page","type-page","status-publish","hentry"],"acf":[],"yoast_head":"<title>Informes Comerciales - Cambra de Comer\u00e7 de Terrassa<\/title>\n<meta name=\"robots\" content=\"index, follow, max-snippet:-1, max-image-preview:large, max-video-preview:-1\" \/>\n<link rel=\"canonical\" href=\"https:\/\/cambraterrassa.org\/es\/wp-json\/wp\/v2\/pages\/43141\/\" \/>\n<meta property=\"og:locale\" content=\"es_ES\" \/>\n<meta property=\"og:type\" content=\"article\" \/>\n<meta property=\"og:title\" content=\"Informes Comerciales - Cambra de Comer\u00e7 de Terrassa\" \/>\n<meta property=\"og:description\" content=\"INFORMES COMERCIALES Informes sectoriales, geoposicionados y de mercado Los informes comerciales ofrecen una visi\u00f3n gen\u00e9rica, pero tambi\u00e9n un an\u00e1lisis muy detallado de las actividades y la situaci\u00f3n financiera de una [&hellip;]\" \/>\n<meta property=\"og:url\" content=\"https:\/\/cambraterrassa.org\/es\/informes-comerciales\/\" \/>\n<meta property=\"og:site_name\" content=\"Cambra de Comer\u00e7 de Terrassa\" \/>\n<meta property=\"article:modified_time\" content=\"2025-06-19T06:52:40+00:00\" \/>\n<meta property=\"og:image\" content=\"https:\/\/cambraterrassa.org\/wp-content\/uploads\/2024\/05\/Cambra-fons.webp\" \/>\n\t<meta property=\"og:image:width\" content=\"421\" \/>\n\t<meta property=\"og:image:height\" content=\"331\" \/>\n\t<meta property=\"og:image:type\" content=\"image\/webp\" \/>\n<meta name=\"twitter:card\" content=\"summary_large_image\" \/>\n<meta name=\"twitter:label1\" content=\"Tiempo de lectura\" \/>\n\t<meta name=\"twitter:data1\" content=\"1 minuto\" \/>\n<script type=\"application\/ld+json\" class=\"yoast-schema-graph\">{\"@context\":\"https:\/\/schema.org\",\"@graph\":[{\"@type\":\"WebPage\",\"@id\":\"https:\/\/cambraterrassa.org\/es\/informes-comerciales\/\",\"url\":\"https:\/\/cambraterrassa.org\/es\/informes-comerciales\/\",\"name\":\"Informes Comerciales - Cambra de Comer\u00e7 de Terrassa\",\"isPartOf\":{\"@id\":\"https:\/\/cambraterrassa.org\/#website\"},\"primaryImageOfPage\":{\"@id\":\"https:\/\/cambraterrassa.org\/es\/informes-comerciales\/#primaryimage\"},\"image\":{\"@id\":\"https:\/\/cambraterrassa.org\/es\/informes-comerciales\/#primaryimage\"},\"thumbnailUrl\":\"https:\/\/cambraterrassa.org\/wp-content\/uploads\/2024\/05\/Cambra-fons.webp\",\"datePublished\":\"2024-08-01T13:24:18+00:00\",\"dateModified\":\"2025-06-19T06:52:40+00:00\",\"breadcrumb\":{\"@id\":\"https:\/\/cambraterrassa.org\/es\/informes-comerciales\/#breadcrumb\"},\"inLanguage\":\"es\",\"potentialAction\":[{\"@type\":\"ReadAction\",\"target\":[\"https:\/\/cambraterrassa.org\/es\/informes-comerciales\/\"]}]},{\"@type\":\"ImageObject\",\"inLanguage\":\"es\",\"@id\":\"https:\/\/cambraterrassa.org\/es\/informes-comerciales\/#primaryimage\",\"url\":\"https:\/\/cambraterrassa.org\/wp-content\/uploads\/2024\/05\/Cambra-fons.webp\",\"contentUrl\":\"https:\/\/cambraterrassa.org\/wp-content\/uploads\/2024\/05\/Cambra-fons.webp\"},{\"@type\":\"BreadcrumbList\",\"@id\":\"https:\/\/cambraterrassa.org\/es\/informes-comerciales\/#breadcrumb\",\"itemListElement\":[{\"@type\":\"ListItem\",\"position\":1,\"name\":\"Inici\",\"item\":\"https:\/\/cambraterrassa.org\/\"},{\"@type\":\"ListItem\",\"position\":2,\"name\":\"Informes Comerciales\"}]},{\"@type\":\"WebSite\",\"@id\":\"https:\/\/cambraterrassa.org\/#website\",\"url\":\"https:\/\/cambraterrassa.org\/\",\"name\":\"Cambra de Comer\u00e7 de Terrassa\",\"description\":\"\",\"potentialAction\":[{\"@type\":\"SearchAction\",\"target\":{\"@type\":\"EntryPoint\",\"urlTemplate\":\"https:\/\/cambraterrassa.org\/?s={search_term_string}\"},\"query-input\":{\"@type\":\"PropertyValueSpecification\",\"valueRequired\":true,\"valueName\":\"search_term_string\"}}],\"inLanguage\":\"es\"}]}<\/script>","yoast_head_json":{"title":"Informes Comerciales - Cambra de Comer\u00e7 de Terrassa","robots":{"index":"index","follow":"follow","max-snippet":"max-snippet:-1","max-image-preview":"max-image-preview:large","max-video-preview":"max-video-preview:-1"},"canonical":"https:\/\/cambraterrassa.org\/es\/wp-json\/wp\/v2\/pages\/43141\/","og_locale":"es_ES","og_type":"article","og_title":"Informes Comerciales - Cambra de Comer\u00e7 de Terrassa","og_description":"INFORMES COMERCIALES Informes sectoriales, geoposicionados y de mercado Los informes comerciales ofrecen una visi\u00f3n gen\u00e9rica, pero tambi\u00e9n un an\u00e1lisis muy detallado de las actividades y la situaci\u00f3n financiera de una [&hellip;]","og_url":"https:\/\/cambraterrassa.org\/es\/informes-comerciales\/","og_site_name":"Cambra de Comer\u00e7 de Terrassa","article_modified_time":"2025-06-19T06:52:40+00:00","og_image":[{"width":421,"height":331,"url":"https:\/\/cambraterrassa.org\/wp-content\/uploads\/2024\/05\/Cambra-fons.webp","type":"image\/webp"}],"twitter_card":"summary_large_image","twitter_misc":{"Tiempo de lectura":"1 minuto"},"schema":{"@context":"https:\/\/schema.org","@graph":[{"@type":"WebPage","@id":"https:\/\/cambraterrassa.org\/es\/informes-comerciales\/","url":"https:\/\/cambraterrassa.org\/es\/informes-comerciales\/","name":"Informes Comerciales - Cambra de Comer\u00e7 de Terrassa","isPartOf":{"@id":"https:\/\/cambraterrassa.org\/#website"},"primaryImageOfPage":{"@id":"https:\/\/cambraterrassa.org\/es\/informes-comerciales\/#primaryimage"},"image":{"@id":"https:\/\/cambraterrassa.org\/es\/informes-comerciales\/#primaryimage"},"thumbnailUrl":"https:\/\/cambraterrassa.org\/wp-content\/uploads\/2024\/05\/Cambra-fons.webp","datePublished":"2024-08-01T13:24:18+00:00","dateModified":"2025-06-19T06:52:40+00:00","breadcrumb":{"@id":"https:\/\/cambraterrassa.org\/es\/informes-comerciales\/#breadcrumb"},"inLanguage":"es","potentialAction":[{"@type":"ReadAction","target":["https:\/\/cambraterrassa.org\/es\/informes-comerciales\/"]}]},{"@type":"ImageObject","inLanguage":"es","@id":"https:\/\/cambraterrassa.org\/es\/informes-comerciales\/#primaryimage","url":"https:\/\/cambraterrassa.org\/wp-content\/uploads\/2024\/05\/Cambra-fons.webp","contentUrl":"https:\/\/cambraterrassa.org\/wp-content\/uploads\/2024\/05\/Cambra-fons.webp"},{"@type":"BreadcrumbList","@id":"https:\/\/cambraterrassa.org\/es\/informes-comerciales\/#breadcrumb","itemListElement":[{"@type":"ListItem","position":1,"name":"Inici","item":"https:\/\/cambraterrassa.org\/"},{"@type":"ListItem","position":2,"name":"Informes Comerciales"}]},{"@type":"WebSite","@id":"https:\/\/cambraterrassa.org\/#website","url":"https:\/\/cambraterrassa.org\/","name":"Cambra de Comer\u00e7 de Terrassa","description":"","potentialAction":[{"@type":"SearchAction","target":{"@type":"EntryPoint","urlTemplate":"https:\/\/cambraterrassa.org\/?s={search_term_string}"},"query-input":{"@type":"PropertyValueSpecification","valueRequired":true,"valueName":"search_term_string"}}],"inLanguage":"es"}]}},"_links":{"self":[{"href":"https:\/\/cambraterrassa.org\/es\/wp-json\/wp\/v2\/pages\/43141","targetHints":{"allow":["GET"]}}],"collection":[{"href":"https:\/\/cambraterrassa.org\/es\/wp-json\/wp\/v2\/pages"}],"about":[{"href":"https:\/\/cambraterrassa.org\/es\/wp-json\/wp\/v2\/types\/page"}],"author":[{"embeddable":true,"href":"https:\/\/cambraterrassa.org\/es\/wp-json\/wp\/v2\/users\/1"}],"replies":[{"embeddable":true,"href":"https:\/\/cambraterrassa.org\/es\/wp-json\/wp\/v2\/comments?post=43141"}],"version-history":[{"count":6,"href":"https:\/\/cambraterrassa.org\/es\/wp-json\/wp\/v2\/pages\/43141\/revisions"}],"predecessor-version":[{"id":43148,"href":"https:\/\/cambraterrassa.org\/es\/wp-json\/wp\/v2\/pages\/43141\/revisions\/43148"}],"wp:attachment":[{"href":"https:\/\/cambraterrassa.org\/es\/wp-json\/wp\/v2\/media?parent=43141"}],"curies":[{"name":"wp","href":"https:\/\/api.w.org\/{rel}","templated":true}]}}