{"id":41134,"date":"2024-09-17T15:35:39","date_gmt":"2024-09-17T13:35:39","guid":{"rendered":"https:\/\/cambraterrassa.org\/condicions-de-compra-i-matriculacio\/"},"modified":"2025-04-16T15:26:36","modified_gmt":"2025-04-16T13:26:36","slug":"condiciones-de-compra-y-matriculacion","status":"publish","type":"page","link":"https:\/\/cambraterrassa.org\/es\/condiciones-de-compra-y-matriculacion\/","title":{"rendered":"Condiciones de compra y matriculaci\u00f3n"},"content":{"rendered":"\t\t<div data-elementor-type=\"wp-page\" data-elementor-id=\"41134\" class=\"elementor elementor-41134 elementor-32634\" data-elementor-post-type=\"page\">\n\t\t\t\t<div class=\"elementor-element elementor-element-d7e9c8e e-con-full e-flex e-con e-parent\" data-id=\"d7e9c8e\" data-element_type=\"container\" data-e-type=\"container\">\n\t\t<div class=\"elementor-element elementor-element-93b260d e-con-full e-flex e-con e-child\" data-id=\"93b260d\" data-element_type=\"container\" data-e-type=\"container\" data-settings=\"{&quot;background_background&quot;:&quot;gradient&quot;}\">\n\t\t<div class=\"elementor-element elementor-element-08b1f1d e-flex e-con-boxed e-con e-child\" data-id=\"08b1f1d\" data-element_type=\"container\" data-e-type=\"container\">\n\t\t\t\t\t<div class=\"e-con-inner\">\n\t\t<div class=\"elementor-element elementor-element-49309fa e-con-full e-flex e-con e-child\" data-id=\"49309fa\" data-element_type=\"container\" data-e-type=\"container\">\n\t\t\t\t<div class=\"elementor-element elementor-element-e2ba074 elementor-widget elementor-widget-heading\" data-id=\"e2ba074\" data-element_type=\"widget\" data-e-type=\"widget\" data-widget_type=\"heading.default\">\n\t\t\t\t<div class=\"elementor-widget-container\">\n\t\t\t\t\t<h1 class=\"elementor-heading-title elementor-size-default\">Condiciones de compra y matriculaci\u00f3n\n<\/h1>\t\t\t\t<\/div>\n\t\t\t\t<\/div>\n\t\t\t\t<\/div>\n\t\t<div class=\"elementor-element elementor-element-c97d80c e-con-full e-flex e-con e-child\" data-id=\"c97d80c\" data-element_type=\"container\" data-e-type=\"container\">\n\t\t\t\t<\/div>\n\t\t\t\t\t<\/div>\n\t\t\t\t<\/div>\n\t\t<div class=\"elementor-element elementor-element-3ca2e94 e-con-full e-flex e-con e-child\" data-id=\"3ca2e94\" data-element_type=\"container\" data-e-type=\"container\" data-settings=\"{&quot;position&quot;:&quot;absolute&quot;}\">\n\t\t\t\t<div class=\"elementor-element elementor-element-979875f elementor-widget elementor-widget-image\" data-id=\"979875f\" data-element_type=\"widget\" data-e-type=\"widget\" data-widget_type=\"image.default\">\n\t\t\t\t<div class=\"elementor-widget-container\">\n\t\t\t\t\t\t\t\t\t\t\t\t\t\t\t<img fetchpriority=\"high\" decoding=\"async\" width=\"421\" height=\"331\" src=\"https:\/\/cambraterrassa.org\/wp-content\/uploads\/2024\/05\/Cambra-fons.webp\" class=\"attachment-large size-large wp-image-865\" alt=\"Cambra fons\" srcset=\"https:\/\/cambraterrassa.org\/wp-content\/uploads\/2024\/05\/Cambra-fons.webp 421w, https:\/\/cambraterrassa.org\/wp-content\/uploads\/2024\/05\/Cambra-fons-300x236.webp 300w\" sizes=\"(max-width: 421px) 100vw, 421px\" \/>\t\t\t\t\t\t\t\t\t\t\t\t\t\t\t<\/div>\n\t\t\t\t<\/div>\n\t\t\t\t<\/div>\n\t\t\t\t<\/div>\n\t\t\t\t<\/div>\n\t\t<div class=\"elementor-element elementor-element-d03e3a7 e-flex e-con-boxed e-con e-parent\" data-id=\"d03e3a7\" data-element_type=\"container\" data-e-type=\"container\">\n\t\t\t\t\t<div class=\"e-con-inner\">\n\t\t<div class=\"elementor-element elementor-element-1768285 e-con-full e-flex e-con e-child\" data-id=\"1768285\" data-element_type=\"container\" data-e-type=\"container\">\n\t\t\t\t<div class=\"elementor-element elementor-element-2031e1c elementor-widget elementor-widget-heading\" data-id=\"2031e1c\" data-element_type=\"widget\" data-e-type=\"widget\" data-widget_type=\"heading.default\">\n\t\t\t\t<div class=\"elementor-widget-container\">\n\t\t\t\t\t<h2 class=\"elementor-heading-title elementor-size-default\">Condiciones de compra y matriculaci\u00f3n\n<\/h2>\t\t\t\t<\/div>\n\t\t\t\t<\/div>\n\t\t\t\t<div class=\"elementor-element elementor-element-38b5601 elementor-widget elementor-widget-text-editor\" data-id=\"38b5601\" data-element_type=\"widget\" data-e-type=\"widget\" data-widget_type=\"text-editor.default\">\n\t\t\t\t<div class=\"elementor-widget-container\">\n\t\t\t\t\t\t\t\t\t<p><b>Condiciones de compra<\/b><\/p><p><b>OBJETO<\/b><span style=\"font-weight: 400;\">:<\/span><\/p><p><span style=\"font-weight: 400;\">Las presentes Condiciones Generales, junto con la Pol\u00edtica de Privacidad y el Aviso Legal, tienen como objeto regular la contrataci\u00f3n de productos y\/o servicios a trav\u00e9s de nuestra tienda virtual ubicada en www.cambraterrassa.org, dominio del cual es titular CAMBRA DE COMER\u00c7, IND\u00daSTRIA I SERVEIS DE TERRASSA (en adelante, CAMBRA DE COMER\u00c7 DE TERRASSA o CAMBRA).<\/span><\/p><p class=\"p1\">\u00a0<\/p><p><b>CAPACIDAD DE CONTRATACI\u00d3N:<\/b><\/p><p><span style=\"font-weight: 400;\">El usuario declara bajo su responsabilidad ser mayor de edad y disponer de la capacidad legal necesaria para contratar los servicios ofrecidos por la C\u00e1mara de Comercio de Terrassa, manifestando haber le\u00eddo \u00edntegramente las presentes condiciones generales, as\u00ed como, en su caso, las condiciones particulares de los productos y\/o servicios ofrecidos objeto de contrataci\u00f3n, entendi\u00e9ndolas y acept\u00e1ndolas plenamente y sin ninguna reserva. El usuario tendr\u00e1 acceso en cualquier momento a las mencionadas condiciones e instrucciones, y se entender\u00e1n vigentes las publicadas en el momento de solicitar cada producto\/servicio.<\/span><\/p><p class=\"p1\">\u00a0<\/p><p><b>DESCRIPCI\u00d3N GENERAL DEL PRODUCTO O SERVICIO:<\/b><\/p><p><span style=\"font-weight: 400;\">La CAMBRA DE COMER\u00c7 DE TERRASSA, a trav\u00e9s de esta tienda virtual, ofrece cursos de formaci\u00f3n, jornadas, webinars y workshops.<\/span><\/p><p class=\"p1\">\u00a0<\/p><p><b>FORMAS DE PAGO:<\/b><\/p><p><span style=\"font-weight: 400;\">El <\/span><b>pago mediante tarjeta de cr\u00e9dito<\/b><span style=\"font-weight: 400;\"> utilizado en la CAMBRA DE COMER\u00c7 DE TERRASSA se realiza a trav\u00e9s de la pasarela de pago seguro de la entidad bancaria. Mediante esta modalidad de pago, la C\u00e1mara de Comercio de Terrassa nunca recoge ni manipula ning\u00fan dato del cliente relativo a su n\u00famero de tarjeta. Todos los datos son tratados directamente por la entidad bancaria garantizando la m\u00e1xima seguridad y cumpliendo con todas las normativas, de manera que la C\u00e1mara siempre pueda ofrecer la m\u00e1xima transparencia y confidencialidad en la transacci\u00f3n. Las tarjetas que actualmente admite la pasarela de pago son todas aquellas que ostentan el distintivo Visa y Mastercard.<\/span><\/p><p class=\"p1\">\u00a0<\/p><p><span style=\"font-weight: 400;\">El alumno tambi\u00e9n podr\u00e1 realizar el pago del curso a trav\u00e9s de Domiciliaci\u00f3n Bancaria o mediante Transferencia Bancaria. En este \u00faltimo caso, dado que el pago no es autom\u00e1tico, se debe hacer llegar una copia del comprobante de la transferencia como m\u00e1ximo 48 h. antes del inicio del curso a Correo formacio para agilizar todos los tr\u00e1mites.<\/span><\/p><p><span style=\"font-weight: 400;\">El compromiso de pago del curso \u00edntegro se adquiere en el momento de formalizar la matr\u00edcula, siendo los titulares de las tarjetas los responsables de las transacciones en el sitio web.<\/span><\/p><p class=\"p1\">\u00a0<\/p><p><b>CONFIRMACI\u00d3N Y DOCUMENTACI\u00d3N:<\/b><\/p><p><span style=\"font-weight: 400;\">Una vez recibida la orden de compra y comprobada su regularidad, la C\u00e1mara remitir\u00e1 al comprador, a la direcci\u00f3n de correo electr\u00f3nico que haya introducido en el formulario de inscripci\u00f3n, una comunicaci\u00f3n confirmando la realizaci\u00f3n de la transacci\u00f3n.<\/span><\/p><p class=\"p1\">\u00a0<\/p><p><b>PRECIOS Y MODIFICACIONES:<\/b><\/p><p><span style=\"font-weight: 400;\">Los precios aplicables a cada producto son los indicados en la p\u00e1gina web en la fecha de la solicitud del producto, incluyendo todos ellos los impuestos aplicables. Las ofertas estar\u00e1n debidamente marcadas e identificadas como tales, indicando convenientemente el precio anterior y el precio de la oferta, y ser\u00e1n v\u00e1lidas durante el per\u00edodo especificado o, en defecto de esto, durante todo el tiempo que permanezcan accesibles a los destinatarios del servicio.<\/span><\/p><p><span style=\"font-weight: 400;\">La C\u00e1mara se reserva el derecho de efectuar, en cualquier momento y sin previo aviso, las modificaciones que considere oportunas, pudiendo actualizar diariamente productos y servicios en funci\u00f3n del mercado. Estas modificaciones no afectar\u00e1n las contrataciones de servicios y productos ya realizadas.<\/span><\/p><p class=\"p1\">\u00a0<\/p><p><b>Condiciones de matriculaci\u00f3n<\/b><\/p><p class=\"p1\">\u00a0<\/p><ol><li style=\"font-weight: 400;\" aria-level=\"1\"><span style=\"font-weight: 400;\">El importe de la matr\u00edcula debe abonarse, como fecha m\u00e1xima, 48 h. antes del inicio del curso mediante cualquiera de las posibilidades especificadas en la inscripci\u00f3n (tarjeta, transferencia o domiciliaci\u00f3n bancaria).<\/span><\/li><\/ol><p><span style=\"font-weight: 400;\">En el caso de que la matr\u00edcula se haga efectiva mediante transferencia bancaria, dado que el pago no es autom\u00e1tico, se debe hacer llegar una copia del comprobante de la transferencia como m\u00e1ximo 48 h. antes del inicio del curso a Correo formacio para agilizar todos los tr\u00e1mites.<\/span><\/p><p class=\"p1\">\u00a0<\/p><p><span style=\"font-weight: 400;\">La fecha m\u00e1xima de inscripci\u00f3n es de 2 d\u00edas h\u00e1biles antes del inicio del curso. En caso de haber superado este plazo, contacte al tel\u00e9fono 937339833 o la direcci\u00f3n electr\u00f3nica Correo formacio.<\/span><\/p><p class=\"p1\">\u00a0<\/p><ol><li style=\"font-weight: 400;\" aria-level=\"1\"><span style=\"font-weight: 400;\">Anulaciones de la matr\u00edcula:<\/span><\/li><\/ol><ul><li style=\"font-weight: 400;\" aria-level=\"1\"><span style=\"font-weight: 400;\">Antes de las 48 h. del inicio del curso, devoluci\u00f3n del 90% del importe de la matr\u00edcula, el 10% restante es en concepto de los gastos de tramitaci\u00f3n.<\/span><\/li><li style=\"font-weight: 400;\" aria-level=\"1\"><span style=\"font-weight: 400;\">Entre 48 h. antes y el momento de inicio del curso, el participante puede optar por las siguientes opciones:<\/span><\/li><\/ul><ol><li style=\"font-weight: 400;\" aria-level=\"1\"><span style=\"font-weight: 400;\">Devoluci\u00f3n del 50% del importe de la matr\u00edcula.<\/span><\/li><li style=\"font-weight: 400;\" aria-level=\"1\"><span style=\"font-weight: 400;\">Ceder la plaza a otro participante de la misma empresa, comunicando los datos del nuevo participante a Correo formacio.<\/span><\/li><\/ol><ul><li style=\"font-weight: 400;\" aria-level=\"1\"><span style=\"font-weight: 400;\">Una vez comenzado el curso, las bajas sobrevenidas no dar\u00e1n derecho a la devoluci\u00f3n de ning\u00fan importe.<\/span><\/li><\/ul><p class=\"p1\">\u00a0<\/p><ol><li style=\"font-weight: 400;\" aria-level=\"1\"><span style=\"font-weight: 400;\">La plaza en un curso no se entender\u00e1 definitivamente reservada hasta que no se haya hecho efectivo el importe de su matr\u00edcula.<\/span><\/li><\/ol><p class=\"p1\">\u00a0<\/p><ul><li aria-level=\"1\"><b>IMPORTANTE! Bonificaciones por formaci\u00f3n<\/b><span style=\"font-weight: 400;\">. Seg\u00fan la normativa actual<\/span><b>, las acciones formativas a partir de 2h de duraci\u00f3n pueden ser bonificables<\/b><span style=\"font-weight: 400;\">. Actualmente, <\/span><b>la C\u00e1mara de Comercio de Terrassa no puede hacer esta gesti\u00f3n<\/b><span style=\"font-weight: 400;\">. Tal como indica la normativa, <\/span><b>las acciones deben comunicarse<\/b><span style=\"font-weight: 400;\"> a la Fundaci\u00f3n Estatal <\/span><b>2 d\u00edas naturales antes de la fecha de inicio.<\/b><b> <\/b><p>\u00a0<\/p><\/li><\/ul><ol><li style=\"font-weight: 400;\" aria-level=\"1\"><span style=\"font-weight: 400;\">Todos los cursos tienen un n\u00famero limitado de plazas para garantizar la calidad de la formaci\u00f3n. En el caso de que su inscripci\u00f3n se viera afectada por esta limitaci\u00f3n, lo har\u00edamos saber lo antes posible.<\/span><p>\u00a0<\/p><\/li><li style=\"font-weight: 400;\" aria-level=\"1\"><span style=\"font-weight: 400;\">La C\u00e1mara de Comercio de Terrassa se reserva el derecho a suspender el curso, en el caso de que no haya un n\u00famero de participantes suficientes, recomendables para el correcto funcionamiento del mismo, o bien por causas de fuerza mayor. En este caso, la C\u00e1mara de Comercio de Terrassa proceder\u00e1 al retorno del importe de la matr\u00edcula, cuando \u00e9sta ya se haya hecho efectiva por parte del alumno.<\/span><p>\u00a0<\/p><\/li><li style=\"font-weight: 400;\" aria-level=\"1\"><span style=\"font-weight: 400;\">Se entregar\u00e1 un certificado de asistencia a quien asista al m\u00ednimo de horas lectivas establecidas.<\/span><\/li><\/ol>\t\t\t\t\t\t\t\t<\/div>\n\t\t\t\t<\/div>\n\t\t\t\t<\/div>\n\t\t\t\t\t<\/div>\n\t\t\t\t<\/div>\n\t\t\t\t<\/div>\n\t\t","protected":false},"excerpt":{"rendered":"<p>Condiciones de compra y matriculaci\u00f3n Condiciones de compra y matriculaci\u00f3n Condiciones de compra OBJETO: Las presentes Condiciones Generales, junto con la Pol\u00edtica de Privacidad y el Aviso Legal, tienen como [&hellip;]<\/p>\n","protected":false},"author":1,"featured_media":0,"parent":0,"menu_order":0,"comment_status":"closed","ping_status":"closed","template":"","meta":{"_acf_changed":false,"site-sidebar-layout":"no-sidebar","site-content-layout":"","ast-site-content-layout":"full-width-container","site-content-style":"default","site-sidebar-style":"default","ast-global-header-display":"","ast-banner-title-visibility":"","ast-main-header-display":"","ast-hfb-above-header-display":"","ast-hfb-below-header-display":"","ast-hfb-mobile-header-display":"","site-post-title":"disabled","ast-breadcrumbs-content":"","ast-featured-img":"disabled","footer-sml-layout":"","ast-disable-related-posts":"","theme-transparent-header-meta":"","adv-header-id-meta":"","stick-header-meta":"","header-above-stick-meta":"","header-main-stick-meta":"","header-below-stick-meta":"","astra-migrate-meta-layouts":"default","ast-page-background-enabled":"default","ast-page-background-meta":{"desktop":{"background-color":"var(--ast-global-color-4)","background-image":"","background-repeat":"repeat","background-position":"center center","background-size":"auto","background-attachment":"scroll","background-type":"","background-media":"","overlay-type":"","overlay-color":"","overlay-opacity":"","overlay-gradient":""},"tablet":{"background-color":"","background-image":"","background-repeat":"repeat","background-position":"center center","background-size":"auto","background-attachment":"scroll","background-type":"","background-media":"","overlay-type":"","overlay-color":"","overlay-opacity":"","overlay-gradient":""},"mobile":{"background-color":"","background-image":"","background-repeat":"repeat","background-position":"center center","background-size":"auto","background-attachment":"scroll","background-type":"","background-media":"","overlay-type":"","overlay-color":"","overlay-opacity":"","overlay-gradient":""}},"ast-content-background-meta":{"desktop":{"background-color":"var(--ast-global-color-5)","background-image":"","background-repeat":"repeat","background-position":"center center","background-size":"auto","background-attachment":"scroll","background-type":"","background-media":"","overlay-type":"","overlay-color":"","overlay-opacity":"","overlay-gradient":""},"tablet":{"background-color":"var(--ast-global-color-5)","background-image":"","background-repeat":"repeat","background-position":"center center","background-size":"auto","background-attachment":"scroll","background-type":"","background-media":"","overlay-type":"","overlay-color":"","overlay-opacity":"","overlay-gradient":""},"mobile":{"background-color":"var(--ast-global-color-5)","background-image":"","background-repeat":"repeat","background-position":"center center","background-size":"auto","background-attachment":"scroll","background-type":"","background-media":"","overlay-type":"","overlay-color":"","overlay-opacity":"","overlay-gradient":""}},"footnotes":""},"class_list":["post-41134","page","type-page","status-publish","hentry"],"acf":[],"yoast_head":"<title>Condiciones de compra y matriculaci\u00f3n<\/title>\n<meta name=\"robots\" content=\"noindex, nofollow\" \/>\n<meta property=\"og:locale\" content=\"es_ES\" \/>\n<meta property=\"og:type\" content=\"article\" \/>\n<meta property=\"og:title\" content=\"Condiciones de compra y matriculaci\u00f3n\" \/>\n<meta property=\"og:description\" content=\"Condiciones de compra y matriculaci\u00f3n Condiciones de compra y matriculaci\u00f3n Condiciones de compra OBJETO: Las presentes Condiciones Generales, junto con la Pol\u00edtica de Privacidad y el Aviso Legal, tienen como [&hellip;]\" \/>\n<meta property=\"og:url\" content=\"https:\/\/cambraterrassa.org\/es\/condiciones-de-compra-y-matriculacion\/\" \/>\n<meta property=\"og:site_name\" content=\"Cambra de Comer\u00e7 de Terrassa\" \/>\n<meta property=\"article:modified_time\" content=\"2025-04-16T13:26:36+00:00\" \/>\n<meta property=\"og:image\" content=\"https:\/\/cambraterrassa.org\/wp-content\/uploads\/2024\/05\/Cambra-fons.webp\" \/>\n\t<meta property=\"og:image:width\" content=\"421\" \/>\n\t<meta property=\"og:image:height\" content=\"331\" \/>\n\t<meta property=\"og:image:type\" content=\"image\/webp\" \/>\n<meta name=\"twitter:card\" content=\"summary_large_image\" \/>\n<meta name=\"twitter:label1\" content=\"Tiempo de lectura\" \/>\n\t<meta name=\"twitter:data1\" content=\"5 minutos\" \/>\n<script type=\"application\/ld+json\" class=\"yoast-schema-graph\">{\"@context\":\"https:\/\/schema.org\",\"@graph\":[{\"@type\":\"WebPage\",\"@id\":\"https:\/\/cambraterrassa.org\/es\/condiciones-de-compra-y-matriculacion\/\",\"url\":\"https:\/\/cambraterrassa.org\/es\/condiciones-de-compra-y-matriculacion\/\",\"name\":\"Condiciones de compra y matriculaci\u00f3n\",\"isPartOf\":{\"@id\":\"https:\/\/cambraterrassa.org\/#website\"},\"primaryImageOfPage\":{\"@id\":\"https:\/\/cambraterrassa.org\/es\/condiciones-de-compra-y-matriculacion\/#primaryimage\"},\"image\":{\"@id\":\"https:\/\/cambraterrassa.org\/es\/condiciones-de-compra-y-matriculacion\/#primaryimage\"},\"thumbnailUrl\":\"https:\/\/cambraterrassa.org\/wp-content\/uploads\/2024\/05\/Cambra-fons.webp\",\"datePublished\":\"2024-09-17T13:35:39+00:00\",\"dateModified\":\"2025-04-16T13:26:36+00:00\",\"breadcrumb\":{\"@id\":\"https:\/\/cambraterrassa.org\/es\/condiciones-de-compra-y-matriculacion\/#breadcrumb\"},\"inLanguage\":\"es\",\"potentialAction\":[{\"@type\":\"ReadAction\",\"target\":[\"https:\/\/cambraterrassa.org\/es\/condiciones-de-compra-y-matriculacion\/\"]}]},{\"@type\":\"ImageObject\",\"inLanguage\":\"es\",\"@id\":\"https:\/\/cambraterrassa.org\/es\/condiciones-de-compra-y-matriculacion\/#primaryimage\",\"url\":\"https:\/\/cambraterrassa.org\/wp-content\/uploads\/2024\/05\/Cambra-fons.webp\",\"contentUrl\":\"https:\/\/cambraterrassa.org\/wp-content\/uploads\/2024\/05\/Cambra-fons.webp\"},{\"@type\":\"BreadcrumbList\",\"@id\":\"https:\/\/cambraterrassa.org\/es\/condiciones-de-compra-y-matriculacion\/#breadcrumb\",\"itemListElement\":[{\"@type\":\"ListItem\",\"position\":1,\"name\":\"Inici\",\"item\":\"https:\/\/cambraterrassa.org\/\"},{\"@type\":\"ListItem\",\"position\":2,\"name\":\"Condiciones de compra y matriculaci\u00f3n\"}]},{\"@type\":\"WebSite\",\"@id\":\"https:\/\/cambraterrassa.org\/#website\",\"url\":\"https:\/\/cambraterrassa.org\/\",\"name\":\"Cambra de Comer\u00e7 de Terrassa\",\"description\":\"\",\"potentialAction\":[{\"@type\":\"SearchAction\",\"target\":{\"@type\":\"EntryPoint\",\"urlTemplate\":\"https:\/\/cambraterrassa.org\/?s={search_term_string}\"},\"query-input\":{\"@type\":\"PropertyValueSpecification\",\"valueRequired\":true,\"valueName\":\"search_term_string\"}}],\"inLanguage\":\"es\"}]}<\/script>","yoast_head_json":{"title":"Condiciones de compra y matriculaci\u00f3n","robots":{"index":"noindex","follow":"nofollow"},"og_locale":"es_ES","og_type":"article","og_title":"Condiciones de compra y matriculaci\u00f3n","og_description":"Condiciones de compra y matriculaci\u00f3n Condiciones de compra y matriculaci\u00f3n Condiciones de compra OBJETO: Las presentes Condiciones Generales, junto con la Pol\u00edtica de Privacidad y el Aviso Legal, tienen como [&hellip;]","og_url":"https:\/\/cambraterrassa.org\/es\/condiciones-de-compra-y-matriculacion\/","og_site_name":"Cambra de Comer\u00e7 de Terrassa","article_modified_time":"2025-04-16T13:26:36+00:00","og_image":[{"width":421,"height":331,"url":"https:\/\/cambraterrassa.org\/wp-content\/uploads\/2024\/05\/Cambra-fons.webp","type":"image\/webp"}],"twitter_card":"summary_large_image","twitter_misc":{"Tiempo de lectura":"5 minutos"},"schema":{"@context":"https:\/\/schema.org","@graph":[{"@type":"WebPage","@id":"https:\/\/cambraterrassa.org\/es\/condiciones-de-compra-y-matriculacion\/","url":"https:\/\/cambraterrassa.org\/es\/condiciones-de-compra-y-matriculacion\/","name":"Condiciones de compra y matriculaci\u00f3n","isPartOf":{"@id":"https:\/\/cambraterrassa.org\/#website"},"primaryImageOfPage":{"@id":"https:\/\/cambraterrassa.org\/es\/condiciones-de-compra-y-matriculacion\/#primaryimage"},"image":{"@id":"https:\/\/cambraterrassa.org\/es\/condiciones-de-compra-y-matriculacion\/#primaryimage"},"thumbnailUrl":"https:\/\/cambraterrassa.org\/wp-content\/uploads\/2024\/05\/Cambra-fons.webp","datePublished":"2024-09-17T13:35:39+00:00","dateModified":"2025-04-16T13:26:36+00:00","breadcrumb":{"@id":"https:\/\/cambraterrassa.org\/es\/condiciones-de-compra-y-matriculacion\/#breadcrumb"},"inLanguage":"es","potentialAction":[{"@type":"ReadAction","target":["https:\/\/cambraterrassa.org\/es\/condiciones-de-compra-y-matriculacion\/"]}]},{"@type":"ImageObject","inLanguage":"es","@id":"https:\/\/cambraterrassa.org\/es\/condiciones-de-compra-y-matriculacion\/#primaryimage","url":"https:\/\/cambraterrassa.org\/wp-content\/uploads\/2024\/05\/Cambra-fons.webp","contentUrl":"https:\/\/cambraterrassa.org\/wp-content\/uploads\/2024\/05\/Cambra-fons.webp"},{"@type":"BreadcrumbList","@id":"https:\/\/cambraterrassa.org\/es\/condiciones-de-compra-y-matriculacion\/#breadcrumb","itemListElement":[{"@type":"ListItem","position":1,"name":"Inici","item":"https:\/\/cambraterrassa.org\/"},{"@type":"ListItem","position":2,"name":"Condiciones de compra y matriculaci\u00f3n"}]},{"@type":"WebSite","@id":"https:\/\/cambraterrassa.org\/#website","url":"https:\/\/cambraterrassa.org\/","name":"Cambra de Comer\u00e7 de Terrassa","description":"","potentialAction":[{"@type":"SearchAction","target":{"@type":"EntryPoint","urlTemplate":"https:\/\/cambraterrassa.org\/?s={search_term_string}"},"query-input":{"@type":"PropertyValueSpecification","valueRequired":true,"valueName":"search_term_string"}}],"inLanguage":"es"}]}},"_links":{"self":[{"href":"https:\/\/cambraterrassa.org\/es\/wp-json\/wp\/v2\/pages\/41134","targetHints":{"allow":["GET"]}}],"collection":[{"href":"https:\/\/cambraterrassa.org\/es\/wp-json\/wp\/v2\/pages"}],"about":[{"href":"https:\/\/cambraterrassa.org\/es\/wp-json\/wp\/v2\/types\/page"}],"author":[{"embeddable":true,"href":"https:\/\/cambraterrassa.org\/es\/wp-json\/wp\/v2\/users\/1"}],"replies":[{"embeddable":true,"href":"https:\/\/cambraterrassa.org\/es\/wp-json\/wp\/v2\/comments?post=41134"}],"version-history":[{"count":9,"href":"https:\/\/cambraterrassa.org\/es\/wp-json\/wp\/v2\/pages\/41134\/revisions"}],"predecessor-version":[{"id":41143,"href":"https:\/\/cambraterrassa.org\/es\/wp-json\/wp\/v2\/pages\/41134\/revisions\/41143"}],"wp:attachment":[{"href":"https:\/\/cambraterrassa.org\/es\/wp-json\/wp\/v2\/media?parent=41134"}],"curies":[{"name":"wp","href":"https:\/\/api.w.org\/{rel}","templated":true}]}}