{"id":40849,"date":"2024-05-15T14:04:55","date_gmt":"2024-05-15T12:04:55","guid":{"rendered":"https:\/\/cambraterrassa.org\/avis-legal\/"},"modified":"2025-04-11T12:51:05","modified_gmt":"2025-04-11T10:51:05","slug":"aviso-legal","status":"publish","type":"page","link":"https:\/\/cambraterrassa.org\/es\/aviso-legal\/","title":{"rendered":"Aviso Legal"},"content":{"rendered":"\t\t<div data-elementor-type=\"wp-page\" data-elementor-id=\"40849\" class=\"elementor elementor-40849 elementor-459\" data-elementor-post-type=\"page\">\n\t\t\t\t<div class=\"elementor-element elementor-element-d7e9c8e e-con-full e-flex e-con e-parent\" data-id=\"d7e9c8e\" data-element_type=\"container\" data-e-type=\"container\">\n\t\t<div class=\"elementor-element elementor-element-93b260d e-con-full e-flex e-con e-child\" data-id=\"93b260d\" data-element_type=\"container\" data-e-type=\"container\" data-settings=\"{&quot;background_background&quot;:&quot;gradient&quot;}\">\n\t\t<div class=\"elementor-element elementor-element-08b1f1d e-flex e-con-boxed e-con e-child\" data-id=\"08b1f1d\" data-element_type=\"container\" data-e-type=\"container\">\n\t\t\t\t\t<div class=\"e-con-inner\">\n\t\t<div class=\"elementor-element elementor-element-49309fa e-con-full e-flex e-con e-child\" data-id=\"49309fa\" data-element_type=\"container\" data-e-type=\"container\">\n\t\t\t\t<div class=\"elementor-element elementor-element-e2ba074 elementor-widget elementor-widget-heading\" data-id=\"e2ba074\" data-element_type=\"widget\" data-e-type=\"widget\" data-widget_type=\"heading.default\">\n\t\t\t\t<div class=\"elementor-widget-container\">\n\t\t\t\t\t<h1 class=\"elementor-heading-title elementor-size-default\">Aviso Legal<\/h1>\t\t\t\t<\/div>\n\t\t\t\t<\/div>\n\t\t\t\t<\/div>\n\t\t<div class=\"elementor-element elementor-element-c97d80c e-con-full e-flex e-con e-child\" data-id=\"c97d80c\" data-element_type=\"container\" data-e-type=\"container\">\n\t\t\t\t<\/div>\n\t\t\t\t\t<\/div>\n\t\t\t\t<\/div>\n\t\t<div class=\"elementor-element elementor-element-3ca2e94 e-con-full e-flex e-con e-child\" data-id=\"3ca2e94\" data-element_type=\"container\" data-e-type=\"container\" data-settings=\"{&quot;position&quot;:&quot;absolute&quot;}\">\n\t\t\t\t<div class=\"elementor-element elementor-element-979875f elementor-widget elementor-widget-image\" data-id=\"979875f\" data-element_type=\"widget\" data-e-type=\"widget\" data-widget_type=\"image.default\">\n\t\t\t\t<div class=\"elementor-widget-container\">\n\t\t\t\t\t\t\t\t\t\t\t\t\t\t\t<img fetchpriority=\"high\" decoding=\"async\" width=\"421\" height=\"331\" src=\"https:\/\/cambraterrassa.org\/wp-content\/uploads\/2024\/05\/Cambra-fons.webp\" class=\"attachment-large size-large wp-image-865\" alt=\"Cambra fons\" srcset=\"https:\/\/cambraterrassa.org\/wp-content\/uploads\/2024\/05\/Cambra-fons.webp 421w, https:\/\/cambraterrassa.org\/wp-content\/uploads\/2024\/05\/Cambra-fons-300x236.webp 300w\" sizes=\"(max-width: 421px) 100vw, 421px\" \/>\t\t\t\t\t\t\t\t\t\t\t\t\t\t\t<\/div>\n\t\t\t\t<\/div>\n\t\t\t\t<\/div>\n\t\t\t\t<\/div>\n\t\t\t\t<\/div>\n\t\t<div class=\"elementor-element elementor-element-d03e3a7 e-flex e-con-boxed e-con e-parent\" data-id=\"d03e3a7\" data-element_type=\"container\" data-e-type=\"container\">\n\t\t\t\t\t<div class=\"e-con-inner\">\n\t\t<div class=\"elementor-element elementor-element-1768285 e-con-full e-flex e-con e-child\" data-id=\"1768285\" data-element_type=\"container\" data-e-type=\"container\">\n\t\t\t\t<div class=\"elementor-element elementor-element-38b5601 elementor-widget elementor-widget-text-editor\" data-id=\"38b5601\" data-element_type=\"widget\" data-e-type=\"widget\" data-widget_type=\"text-editor.default\">\n\t\t\t\t<div class=\"elementor-widget-container\">\n\t\t\t\t\t\t\t\t\t<p><span style=\"font-weight: 400;\">Este portal, cuyo titular es la C\u00e1mara Oficial de Comercio, Industria y Servicios de Terrassa (en adelante, \u201cla C\u00e1mara\u201d), con NIF Q0873004F, domicilio en la calle Blasco de Garay, 29-49, y tel\u00e9fono 93.733.98.33, proporciona la siguiente informaci\u00f3n:\u00a0\u00a0<\/span><\/p><p><span style=\"font-weight: 400;\">Contenido del presente Aviso Legal:\u00a0\u00a0<\/span><\/p><ul><li style=\"font-weight: 400;\" aria-level=\"1\"><span style=\"font-weight: 400;\">Informaci\u00f3n legal sobre la C\u00e1mara\u00a0\u00a0<\/span><\/li><li style=\"font-weight: 400;\" aria-level=\"1\"><span style=\"font-weight: 400;\">Aceptaci\u00f3n del usuario\u00a0\u00a0<\/span><\/li><li style=\"font-weight: 400;\" aria-level=\"1\"><span style=\"font-weight: 400;\">R\u00e9gimen de responsabilidad\u00a0\u00a0<\/span><\/li><li style=\"font-weight: 400;\" aria-level=\"1\"><span style=\"font-weight: 400;\">Aviso sobre propiedad intelectual e industrial\u00a0\u00a0<\/span><\/li><li style=\"font-weight: 400;\" aria-level=\"1\"><span style=\"font-weight: 400;\">Validez de la informaci\u00f3n\u00a0\u00a0<\/span><\/li><li style=\"font-weight: 400;\" aria-level=\"1\"><span style=\"font-weight: 400;\">Legislaci\u00f3n aplicable y competencia judicial\u00a0\u00a0<\/span><\/li><li style=\"font-weight: 400;\" aria-level=\"1\"><span style=\"font-weight: 400;\">Condiciones generales socios \u00c9xito\u00a0\u00a0<\/span><\/li><\/ul><p><b>Informaci\u00f3n legal sobre la C\u00e1mara<\/b><\/p><p><span style=\"font-weight: 400;\">Como corporaci\u00f3n de Derecho p\u00fablico, la C\u00e1mara se rige por la Ley 4\/2014, de 1 de abril, b\u00e1sica de las c\u00e1maras oficiales de comercio, industria, servicios y navegaci\u00f3n, y la Ley 14\/2002, de 27 de junio, de las c\u00e1maras oficiales de comercio, industria, servicios y navegaci\u00f3n de Catalu\u00f1a y del Consejo General de las C\u00e1maras.\u00a0\u00a0<\/span><\/p><p>\u00a0<\/p><p><b>Aceptaci\u00f3n del usuario<\/b><\/p><p><span style=\"font-weight: 400;\">Este documento (en adelante, \u201cAviso Legal\u201d) tiene por objeto regular el uso de la web que la C\u00e1mara pone a disposici\u00f3n del p\u00fablico en la URL www.cambraterrassa.org.\u00a0\u00a0<\/span><\/p><p><span style=\"font-weight: 400;\">Toda persona que acceda a este sitio web y utilice sus servicios, o bien facilite sus datos, asume el papel de usuario, comprometi\u00e9ndose a la observancia y cumplimiento riguroso de las disposiciones aqu\u00ed contenidas, as\u00ed como de cualquier otra disposici\u00f3n legal aplicable.\u00a0\u00a0<\/span><\/p><p><span style=\"font-weight: 400;\">La aceptaci\u00f3n del presente documento implica que el usuario:\u00a0\u00a0<\/span><\/p><ul><li style=\"font-weight: 400;\" aria-level=\"1\"><span style=\"font-weight: 400;\">Ha le\u00eddo y comprende este Aviso Legal.\u00a0\u00a0<\/span><\/li><li style=\"font-weight: 400;\" aria-level=\"1\"><span style=\"font-weight: 400;\">Asume y acepta todas las obligaciones que aqu\u00ed se establecen.\u00a0\u00a0<\/span><\/li><\/ul><p><span style=\"font-weight: 400;\">Este Aviso Legal tendr\u00e1 un per\u00edodo de validez indefinido o, en todo caso, ser\u00e1 v\u00e1lido hasta que se modifique.\u00a0\u00a0<\/span><\/p><p><span style=\"font-weight: 400;\">La C\u00e1mara se reserva el derecho de modificar cualquier tipo de informaci\u00f3n que pudiera aparecer en el sitio web sin obligaci\u00f3n de preavisar a los usuarios, entendi\u00e9ndose suficiente su publicaci\u00f3n en el sitio web.\u00a0\u00a0<\/span><\/p><p>\u00a0<\/p><p><b>R\u00e9gimen de responsabilidad\u00a0<\/b><\/p><p><span style=\"font-weight: 400;\">Todos los derechos est\u00e1n reservados. Todo acceso a este sitio web est\u00e1 sujeto a las siguientes condiciones:\u00a0\u00a0<\/span><\/p><p><span style=\"font-weight: 400;\">La C\u00e1mara declina cualquier tipo de responsabilidad derivada de la informaci\u00f3n publicada en su sitio web, siempre que esta informaci\u00f3n haya sido manipulada o introducida por un tercero ajeno.\u00a0\u00a0<\/span><\/p><p><span style=\"font-weight: 400;\">La C\u00e1mara no se hace responsable de los da\u00f1os y perjuicios que puedan derivarse de la incorrecta, ileg\u00edtima o il\u00edcita utilizaci\u00f3n del sitio web o de los contenidos que se ofrecen.\u00a0\u00a0<\/span><\/p><p><span style=\"font-weight: 400;\">Se reserva el derecho de realizar cambios en el sitio web sin previo aviso para mantener actualizada la informaci\u00f3n, agregando, modificando, corrigiendo o eliminando contenidos.\u00a0\u00a0<\/span><\/p><p><span style=\"font-weight: 400;\">No garantiza la legalidad de otros sitios web de terceros que puedan estar vinculados a este portal, ni se hace responsable de la informaci\u00f3n obtenida a trav\u00e9s de dichos enlaces.\u00a0 No ser\u00e1 responsable de los da\u00f1os o p\u00e9rdidas econ\u00f3micas causadas directa o indirectamente por el uso de la informaci\u00f3n contenida en el sitio web.\u00a0\u00a0<\/span><\/p><p><span style=\"font-weight: 400;\">No obstante, la C\u00e1mara se compromete a retirar o bloquear aquellos contenidos que puedan afectar o contravenir la legislaci\u00f3n vigente, los derechos de terceros o la moral y el orden p\u00fablico.\u00a0\u00a0<\/span><\/p><p><span style=\"font-weight: 400;\">Se adoptan medidas de seguridad razonables en relaci\u00f3n con los virus inform\u00e1ticos, aunque no se puede garantizar que la informaci\u00f3n, software u otro material obtenido a trav\u00e9s del sitio web est\u00e9 totalmente libre de virus u otros componentes da\u00f1inos.\u00a0\u00a0<\/span><\/p><p><span style=\"font-weight: 400;\">La C\u00e1mara no se responsabilizar\u00e1 de los da\u00f1os y perjuicios causados por fallos o malas configuraciones del software instalado en el ordenador del usuario. Se excluye toda responsabilidad por cualquier incidencia t\u00e9cnica o fallo que se produzca cuando el usuario se conecte a Internet. Igualmente, no se garantiza la inexistencia de interrupciones o errores en el acceso al sitio web.<\/span><\/p><p>\u00a0<\/p><p><b>Propiedad intelectual e industrial\u00a0<\/b><\/p><p><span style=\"font-weight: 400;\">Todos los derechos de propiedad intelectual e industrial de la web y sus contenidos, incluyendo textos, documentos, fotograf\u00edas, dibujos, representaciones gr\u00e1ficas, bases de datos, programas inform\u00e1ticos, logotipos, marcas, nombres comerciales y otros signos distintivos, son propiedad de la C\u00e1mara o de terceros que han autorizado su inclusi\u00f3n en la web.\u00a0\u00a0<\/span><\/p><p><span style=\"font-weight: 400;\">Todos los contenidos del sitio web est\u00e1n debidamente protegidos por la normativa de propiedad intelectual y\/o industrial y, independientemente de la finalidad para la que fueran destinados dichos contenidos, queda expresamente prohibida su reproducci\u00f3n total o parcial, uso, explotaci\u00f3n, distribuci\u00f3n y comercializaci\u00f3n, sin la autorizaci\u00f3n escrita previa por parte de la C\u00e1mara.\u00a0<\/span><\/p><p><span style=\"font-weight: 400;\">Cualquier uso no autorizado previamente por parte de la C\u00e1mara ser\u00e1 considerado un incumplimiento grave de los derechos de propiedad intelectual o industrial del autor, as\u00ed como del derecho a la intimidad y la propia imagen de las personas que puedan aparecer.<\/span><\/p><p><span style=\"font-weight: 400;\">El usuario y\/o visitante del sitio web se compromete a respetar estos derechos y, en consecuencia, a no copiar, reproducir, modificar, distribuir, transmitir, publicar, exhibir o representar ninguno de sus contenidos, sin haber sido previamente autorizado, de forma expresa y por escrito, por la C\u00e1mara. Adem\u00e1s, se compromete a no realizar ninguna otra actividad que pudiera infringir los derechos de propiedad intelectual de la C\u00e1mara, colaboradores, patrocinadores o terceros.<\/span><\/p><p><span style=\"font-weight: 400;\">Asimismo, el usuario se compromete a hacer un uso correcto del sitio web de conformidad con las leyes, la buena fe, el orden p\u00fablico, los usos del tr\u00e1fico y este Aviso legal.<\/span><\/p><p>\u00a0<\/p><p><b>Protecci\u00f3n de datos\u00a0<\/b><\/p><p><span style=\"font-weight: 400;\">La C\u00e1mara tratar\u00e1 los datos personales de forma absolutamente confidencial y ha implantado medidas t\u00e9cnicas y organizativas adecuadas para garantizar su seguridad, evitando su destrucci\u00f3n, p\u00e9rdida, acceso o alteraci\u00f3n il\u00edcita.\u00a0\u00a0<\/span><\/p><p>\u00a0<\/p><p><b>Validez de la informaci\u00f3n<\/b><\/p><p><span style=\"font-weight: 400;\">La informaci\u00f3n contenida en esta p\u00e1gina es la vigente en la fecha de su \u00faltima actualizaci\u00f3n.\u00a0\u00a0<\/span><\/p><p><span style=\"font-weight: 400;\">La C\u00e1mara se reserva el derecho de modificarla en cualquier momento; en este caso, entrar\u00e1 en vigor desde su publicaci\u00f3n y ser\u00e1 aplicable a todos los usuarios.\u00a0\u00a0<\/span><\/p><p>\u00a0<\/p><p><b>Legislaci\u00f3n aplicable y competencia judicial<\/b><\/p><p><span style=\"font-weight: 400;\">Cualquier controversia surgida en la interpretaci\u00f3n o ejecuci\u00f3n de este Aviso Legal\/Pol\u00edtica de Privacidad, as\u00ed como cualquier cuesti\u00f3n relacionada con los servicios de este portal, se interpretar\u00e1 seg\u00fan la legislaci\u00f3n espa\u00f1ola.\u00a0\u00a0<\/span><\/p><p><span style=\"font-weight: 400;\">La C\u00e1mara y el usuario, si ninguna normativa lo impide, renuncian a cualquier otra jurisdicci\u00f3n y se someten a los juzgados y tribunales del domicilio de la C\u00e1mara Oficial de Comercio, Industria y Servicios de Terrassa para resolver cualquier controversia.\u00a0\u00a0<\/span><\/p><p><span style=\"font-weight: 400;\">Si el usuario tiene su domicilio fuera de Espa\u00f1a, la C\u00e1mara y el usuario se someten a los juzgados y tribunales de la ciudad de Terrassa.\u00a0<\/span><\/p><p>\u00a0<\/p><p><b>Condiciones generales socios \u00e9xito<\/b><\/p><p><span style=\"font-weight: 400;\">El programa de fidelizaci\u00f3n \u201cSocio \u00c9xito\u201d es propiedad de la C\u00e1mara Oficial de Comercio, Industria y Servicios de Terrassa, con NIF Q0873004F y domicilio en la calle Blasco de Garay, 29-49.\u00a0\u00a0<\/span><\/p><p><span style=\"font-weight: 400;\">El estatus de \u201cSocio \u00c9xito\u201d de la C\u00e1mara permite, en sus diferentes modalidades, disfrutar de descuentos o condiciones especiales en la contrataci\u00f3n de productos y\/o servicios ofrecidos por la corporaci\u00f3n, as\u00ed como ventajas relacionadas con el networking.\u00a0\u00a0<\/span><\/p><p><span style=\"font-weight: 400;\">Podr\u00e1n ser Socios \u00c9xito aquellas empresas o aut\u00f3nomos que pertenezcan a la demarcaci\u00f3n geogr\u00e1fica asignada legalmente a la C\u00e1mara o dispongan de actividades o intereses econ\u00f3micos en la misma.\u00a0<\/span><\/p>\t\t\t\t\t\t\t\t<\/div>\n\t\t\t\t<\/div>\n\t\t\t\t<\/div>\n\t\t\t\t\t<\/div>\n\t\t\t\t<\/div>\n\t\t\t\t<\/div>\n\t\t","protected":false},"excerpt":{"rendered":"<p>Aviso Legal Este portal, cuyo titular es la C\u00e1mara Oficial de Comercio, Industria y Servicios de Terrassa (en adelante, \u201cla C\u00e1mara\u201d), con NIF Q0873004F, domicilio en la calle Blasco de [&hellip;]<\/p>\n","protected":false},"author":1,"featured_media":0,"parent":0,"menu_order":0,"comment_status":"closed","ping_status":"closed","template":"","meta":{"_acf_changed":false,"site-sidebar-layout":"no-sidebar","site-content-layout":"","ast-site-content-layout":"full-width-container","site-content-style":"default","site-sidebar-style":"default","ast-global-header-display":"","ast-banner-title-visibility":"","ast-main-header-display":"","ast-hfb-above-header-display":"","ast-hfb-below-header-display":"","ast-hfb-mobile-header-display":"","site-post-title":"disabled","ast-breadcrumbs-content":"","ast-featured-img":"disabled","footer-sml-layout":"","ast-disable-related-posts":"","theme-transparent-header-meta":"","adv-header-id-meta":"","stick-header-meta":"","header-above-stick-meta":"","header-main-stick-meta":"","header-below-stick-meta":"","astra-migrate-meta-layouts":"default","ast-page-background-enabled":"default","ast-page-background-meta":{"desktop":{"background-color":"var(--ast-global-color-4)","background-image":"","background-repeat":"repeat","background-position":"center center","background-size":"auto","background-attachment":"scroll","background-type":"","background-media":"","overlay-type":"","overlay-color":"","overlay-opacity":"","overlay-gradient":""},"tablet":{"background-color":"","background-image":"","background-repeat":"repeat","background-position":"center center","background-size":"auto","background-attachment":"scroll","background-type":"","background-media":"","overlay-type":"","overlay-color":"","overlay-opacity":"","overlay-gradient":""},"mobile":{"background-color":"","background-image":"","background-repeat":"repeat","background-position":"center center","background-size":"auto","background-attachment":"scroll","background-type":"","background-media":"","overlay-type":"","overlay-color":"","overlay-opacity":"","overlay-gradient":""}},"ast-content-background-meta":{"desktop":{"background-color":"var(--ast-global-color-5)","background-image":"","background-repeat":"repeat","background-position":"center center","background-size":"auto","background-attachment":"scroll","background-type":"","background-media":"","overlay-type":"","overlay-color":"","overlay-opacity":"","overlay-gradient":""},"tablet":{"background-color":"var(--ast-global-color-5)","background-image":"","background-repeat":"repeat","background-position":"center center","background-size":"auto","background-attachment":"scroll","background-type":"","background-media":"","overlay-type":"","overlay-color":"","overlay-opacity":"","overlay-gradient":""},"mobile":{"background-color":"var(--ast-global-color-5)","background-image":"","background-repeat":"repeat","background-position":"center center","background-size":"auto","background-attachment":"scroll","background-type":"","background-media":"","overlay-type":"","overlay-color":"","overlay-opacity":"","overlay-gradient":""}},"footnotes":""},"class_list":["post-40849","page","type-page","status-publish","hentry"],"acf":[],"yoast_head":"<title>Aviso Legal - Cambra de Comer\u00e7 de Terrassa<\/title>\n<meta name=\"robots\" content=\"noindex, follow\" \/>\n<meta property=\"og:locale\" content=\"es_ES\" \/>\n<meta property=\"og:type\" content=\"article\" \/>\n<meta property=\"og:title\" content=\"Aviso Legal - Cambra de Comer\u00e7 de Terrassa\" \/>\n<meta property=\"og:description\" content=\"Aviso Legal Este portal, cuyo titular es la C\u00e1mara Oficial de Comercio, Industria y Servicios de Terrassa (en adelante, \u201cla C\u00e1mara\u201d), con NIF Q0873004F, domicilio en la calle Blasco de [&hellip;]\" \/>\n<meta property=\"og:url\" content=\"https:\/\/cambraterrassa.org\/es\/aviso-legal\/\" \/>\n<meta property=\"og:site_name\" content=\"Cambra de Comer\u00e7 de Terrassa\" \/>\n<meta property=\"article:modified_time\" content=\"2025-04-11T10:51:05+00:00\" \/>\n<meta property=\"og:image\" content=\"https:\/\/cambraterrassa.org\/wp-content\/uploads\/2024\/05\/Cambra-fons.webp\" \/>\n\t<meta property=\"og:image:width\" content=\"421\" \/>\n\t<meta property=\"og:image:height\" content=\"331\" \/>\n\t<meta property=\"og:image:type\" content=\"image\/webp\" \/>\n<meta name=\"twitter:card\" content=\"summary_large_image\" \/>\n<meta name=\"twitter:label1\" content=\"Tiempo de lectura\" \/>\n\t<meta name=\"twitter:data1\" content=\"6 minutos\" \/>\n<script type=\"application\/ld+json\" class=\"yoast-schema-graph\">{\"@context\":\"https:\/\/schema.org\",\"@graph\":[{\"@type\":\"WebPage\",\"@id\":\"https:\/\/cambraterrassa.org\/es\/aviso-legal\/\",\"url\":\"https:\/\/cambraterrassa.org\/es\/aviso-legal\/\",\"name\":\"Aviso Legal - Cambra de Comer\u00e7 de Terrassa\",\"isPartOf\":{\"@id\":\"https:\/\/cambraterrassa.org\/#website\"},\"primaryImageOfPage\":{\"@id\":\"https:\/\/cambraterrassa.org\/es\/aviso-legal\/#primaryimage\"},\"image\":{\"@id\":\"https:\/\/cambraterrassa.org\/es\/aviso-legal\/#primaryimage\"},\"thumbnailUrl\":\"https:\/\/cambraterrassa.org\/wp-content\/uploads\/2024\/05\/Cambra-fons.webp\",\"datePublished\":\"2024-05-15T12:04:55+00:00\",\"dateModified\":\"2025-04-11T10:51:05+00:00\",\"breadcrumb\":{\"@id\":\"https:\/\/cambraterrassa.org\/es\/aviso-legal\/#breadcrumb\"},\"inLanguage\":\"es\",\"potentialAction\":[{\"@type\":\"ReadAction\",\"target\":[\"https:\/\/cambraterrassa.org\/es\/aviso-legal\/\"]}]},{\"@type\":\"ImageObject\",\"inLanguage\":\"es\",\"@id\":\"https:\/\/cambraterrassa.org\/es\/aviso-legal\/#primaryimage\",\"url\":\"https:\/\/cambraterrassa.org\/wp-content\/uploads\/2024\/05\/Cambra-fons.webp\",\"contentUrl\":\"https:\/\/cambraterrassa.org\/wp-content\/uploads\/2024\/05\/Cambra-fons.webp\"},{\"@type\":\"BreadcrumbList\",\"@id\":\"https:\/\/cambraterrassa.org\/es\/aviso-legal\/#breadcrumb\",\"itemListElement\":[{\"@type\":\"ListItem\",\"position\":1,\"name\":\"Inici\",\"item\":\"https:\/\/cambraterrassa.org\/\"},{\"@type\":\"ListItem\",\"position\":2,\"name\":\"Aviso Legal\"}]},{\"@type\":\"WebSite\",\"@id\":\"https:\/\/cambraterrassa.org\/#website\",\"url\":\"https:\/\/cambraterrassa.org\/\",\"name\":\"Cambra de Comer\u00e7 de Terrassa\",\"description\":\"\",\"potentialAction\":[{\"@type\":\"SearchAction\",\"target\":{\"@type\":\"EntryPoint\",\"urlTemplate\":\"https:\/\/cambraterrassa.org\/?s={search_term_string}\"},\"query-input\":{\"@type\":\"PropertyValueSpecification\",\"valueRequired\":true,\"valueName\":\"search_term_string\"}}],\"inLanguage\":\"es\"}]}<\/script>","yoast_head_json":{"title":"Aviso Legal - Cambra de Comer\u00e7 de Terrassa","robots":{"index":"noindex","follow":"follow"},"og_locale":"es_ES","og_type":"article","og_title":"Aviso Legal - Cambra de Comer\u00e7 de Terrassa","og_description":"Aviso Legal Este portal, cuyo titular es la C\u00e1mara Oficial de Comercio, Industria y Servicios de Terrassa (en adelante, \u201cla C\u00e1mara\u201d), con NIF Q0873004F, domicilio en la calle Blasco de [&hellip;]","og_url":"https:\/\/cambraterrassa.org\/es\/aviso-legal\/","og_site_name":"Cambra de Comer\u00e7 de Terrassa","article_modified_time":"2025-04-11T10:51:05+00:00","og_image":[{"width":421,"height":331,"url":"https:\/\/cambraterrassa.org\/wp-content\/uploads\/2024\/05\/Cambra-fons.webp","type":"image\/webp"}],"twitter_card":"summary_large_image","twitter_misc":{"Tiempo de lectura":"6 minutos"},"schema":{"@context":"https:\/\/schema.org","@graph":[{"@type":"WebPage","@id":"https:\/\/cambraterrassa.org\/es\/aviso-legal\/","url":"https:\/\/cambraterrassa.org\/es\/aviso-legal\/","name":"Aviso Legal - Cambra de Comer\u00e7 de Terrassa","isPartOf":{"@id":"https:\/\/cambraterrassa.org\/#website"},"primaryImageOfPage":{"@id":"https:\/\/cambraterrassa.org\/es\/aviso-legal\/#primaryimage"},"image":{"@id":"https:\/\/cambraterrassa.org\/es\/aviso-legal\/#primaryimage"},"thumbnailUrl":"https:\/\/cambraterrassa.org\/wp-content\/uploads\/2024\/05\/Cambra-fons.webp","datePublished":"2024-05-15T12:04:55+00:00","dateModified":"2025-04-11T10:51:05+00:00","breadcrumb":{"@id":"https:\/\/cambraterrassa.org\/es\/aviso-legal\/#breadcrumb"},"inLanguage":"es","potentialAction":[{"@type":"ReadAction","target":["https:\/\/cambraterrassa.org\/es\/aviso-legal\/"]}]},{"@type":"ImageObject","inLanguage":"es","@id":"https:\/\/cambraterrassa.org\/es\/aviso-legal\/#primaryimage","url":"https:\/\/cambraterrassa.org\/wp-content\/uploads\/2024\/05\/Cambra-fons.webp","contentUrl":"https:\/\/cambraterrassa.org\/wp-content\/uploads\/2024\/05\/Cambra-fons.webp"},{"@type":"BreadcrumbList","@id":"https:\/\/cambraterrassa.org\/es\/aviso-legal\/#breadcrumb","itemListElement":[{"@type":"ListItem","position":1,"name":"Inici","item":"https:\/\/cambraterrassa.org\/"},{"@type":"ListItem","position":2,"name":"Aviso Legal"}]},{"@type":"WebSite","@id":"https:\/\/cambraterrassa.org\/#website","url":"https:\/\/cambraterrassa.org\/","name":"Cambra de Comer\u00e7 de Terrassa","description":"","potentialAction":[{"@type":"SearchAction","target":{"@type":"EntryPoint","urlTemplate":"https:\/\/cambraterrassa.org\/?s={search_term_string}"},"query-input":{"@type":"PropertyValueSpecification","valueRequired":true,"valueName":"search_term_string"}}],"inLanguage":"es"}]}},"_links":{"self":[{"href":"https:\/\/cambraterrassa.org\/es\/wp-json\/wp\/v2\/pages\/40849","targetHints":{"allow":["GET"]}}],"collection":[{"href":"https:\/\/cambraterrassa.org\/es\/wp-json\/wp\/v2\/pages"}],"about":[{"href":"https:\/\/cambraterrassa.org\/es\/wp-json\/wp\/v2\/types\/page"}],"author":[{"embeddable":true,"href":"https:\/\/cambraterrassa.org\/es\/wp-json\/wp\/v2\/users\/1"}],"replies":[{"embeddable":true,"href":"https:\/\/cambraterrassa.org\/es\/wp-json\/wp\/v2\/comments?post=40849"}],"version-history":[{"count":7,"href":"https:\/\/cambraterrassa.org\/es\/wp-json\/wp\/v2\/pages\/40849\/revisions"}],"predecessor-version":[{"id":40858,"href":"https:\/\/cambraterrassa.org\/es\/wp-json\/wp\/v2\/pages\/40849\/revisions\/40858"}],"wp:attachment":[{"href":"https:\/\/cambraterrassa.org\/es\/wp-json\/wp\/v2\/media?parent=40849"}],"curies":[{"name":"wp","href":"https:\/\/api.w.org\/{rel}","templated":true}]}}