{"id":39713,"date":"2024-05-15T13:42:09","date_gmt":"2024-05-15T11:42:09","guid":{"rendered":"https:\/\/cambraterrassa.org\/rdi\/"},"modified":"2026-03-24T15:16:38","modified_gmt":"2026-03-24T14:16:38","slug":"rdi","status":"publish","type":"page","link":"https:\/\/cambraterrassa.org\/es\/rdi\/","title":{"rendered":"R+D+I"},"content":{"rendered":"\t\t<div data-elementor-type=\"wp-page\" data-elementor-id=\"39713\" class=\"elementor elementor-39713 elementor-394\" data-elementor-post-type=\"page\">\n\t\t\t\t<div class=\"elementor-element elementor-element-83b4e12 e-con-full e-flex e-con e-parent\" data-id=\"83b4e12\" data-element_type=\"container\" data-e-type=\"container\">\n\t\t<div class=\"elementor-element elementor-element-6dfcc8c e-con-full e-flex e-con e-child\" data-id=\"6dfcc8c\" data-element_type=\"container\" data-e-type=\"container\">\n\t\t<div class=\"elementor-element elementor-element-92711af e-con-full e-flex e-con e-child\" data-id=\"92711af\" data-element_type=\"container\" data-e-type=\"container\" data-settings=\"{&quot;background_background&quot;:&quot;gradient&quot;}\">\n\t\t<div class=\"elementor-element elementor-element-12ef45d e-flex e-con-boxed e-con e-child\" data-id=\"12ef45d\" data-element_type=\"container\" data-e-type=\"container\">\n\t\t\t\t\t<div class=\"e-con-inner\">\n\t\t<div class=\"elementor-element elementor-element-5eddc1b e-con-full e-flex e-con e-child\" data-id=\"5eddc1b\" data-element_type=\"container\" data-e-type=\"container\">\n\t\t\t\t<div class=\"elementor-element elementor-element-6348bc4 elementor-widget elementor-widget-heading\" data-id=\"6348bc4\" data-element_type=\"widget\" data-e-type=\"widget\" data-widget_type=\"heading.default\">\n\t\t\t\t<div class=\"elementor-widget-container\">\n\t\t\t\t\t<h1 class=\"elementor-heading-title elementor-size-default\">R+D+I<\/h1>\t\t\t\t<\/div>\n\t\t\t\t<\/div>\n\t\t\t\t<\/div>\n\t\t<div class=\"elementor-element elementor-element-6b25402 e-con-full e-flex e-con e-child\" data-id=\"6b25402\" data-element_type=\"container\" data-e-type=\"container\">\n\t\t\t\t<div class=\"elementor-element elementor-element-754b9ef elementor-widget elementor-widget-text-editor\" data-id=\"754b9ef\" data-element_type=\"widget\" data-e-type=\"widget\" data-widget_type=\"text-editor.default\">\n\t\t\t\t<div class=\"elementor-widget-container\">\n\t\t\t\t\t\t\t\t\tTransforma ideas en realidades. Impulsamos tu capacidad de innovaci\u00f3n con estrategias de investigaci\u00f3n, desarrollo e innovaci\u00f3n.\t\t\t\t\t\t\t\t<\/div>\n\t\t\t\t<\/div>\n\t\t\t\t<\/div>\n\t\t\t\t\t<\/div>\n\t\t\t\t<\/div>\n\t\t<div class=\"elementor-element elementor-element-fd718fc e-con-full e-flex e-con e-child\" data-id=\"fd718fc\" data-element_type=\"container\" data-e-type=\"container\" data-settings=\"{&quot;position&quot;:&quot;absolute&quot;}\">\n\t\t\t\t<div class=\"elementor-element elementor-element-7e1a5be elementor-widget elementor-widget-image\" data-id=\"7e1a5be\" data-element_type=\"widget\" data-e-type=\"widget\" data-widget_type=\"image.default\">\n\t\t\t\t<div class=\"elementor-widget-container\">\n\t\t\t\t\t\t\t\t\t\t\t\t\t\t\t<img fetchpriority=\"high\" decoding=\"async\" width=\"421\" height=\"331\" src=\"https:\/\/cambraterrassa.org\/wp-content\/uploads\/2024\/05\/Cambra-fons.webp\" class=\"attachment-large size-large wp-image-865\" alt=\"Cambra fons\" srcset=\"https:\/\/cambraterrassa.org\/wp-content\/uploads\/2024\/05\/Cambra-fons.webp 421w, https:\/\/cambraterrassa.org\/wp-content\/uploads\/2024\/05\/Cambra-fons-300x236.webp 300w\" sizes=\"(max-width: 421px) 100vw, 421px\" \/>\t\t\t\t\t\t\t\t\t\t\t\t\t\t\t<\/div>\n\t\t\t\t<\/div>\n\t\t\t\t<\/div>\n\t\t\t\t<\/div>\n\t\t\t\t<\/div>\n\t\t\t\t<\/div>\n\t\t<div class=\"elementor-element elementor-element-70b3f77 enlacenosub e-flex e-con-boxed e-con e-parent\" data-id=\"70b3f77\" data-element_type=\"container\" data-e-type=\"container\">\n\t\t\t\t\t<div class=\"e-con-inner\">\n\t\t<div class=\"elementor-element elementor-element-4e50c2b e-con-full e-flex e-con e-child\" data-id=\"4e50c2b\" data-element_type=\"container\" data-e-type=\"container\">\n\t\t<a class=\"elementor-element elementor-element-cb9e0cc e-con-full e-flex e-con e-child\" data-id=\"cb9e0cc\" data-element_type=\"container\" data-e-type=\"container\" data-settings=\"{&quot;background_background&quot;:&quot;classic&quot;}\" href=\"\/es\/digitalitzacio-i-transformacio-digital\/\">\n\t\t\t\t<div class=\"elementor-element elementor-element-9e4b823 elementor-view-default elementor-widget elementor-widget-icon\" data-id=\"9e4b823\" data-element_type=\"widget\" data-e-type=\"widget\" data-widget_type=\"icon.default\">\n\t\t\t\t<div class=\"elementor-widget-container\">\n\t\t\t\t\t\t\t<div class=\"elementor-icon-wrapper\">\n\t\t\t<div class=\"elementor-icon\">\n\t\t\t<svg xmlns=\"http:\/\/www.w3.org\/2000\/svg\" id=\"Capa_3\" data-name=\"Capa 3\" viewBox=\"0 0 1080 1080\"><defs><style>      .cls-tradigital {        fill: none;        stroke: #e0071b;        stroke-miterlimit: 10;        stroke-width: 15.51px;      }    <\/style><\/defs><path class=\"cls-tradigital\" d=\"M631.52,832.69s-355.47,70.74-385.54-293.57c0,0,7.96-324.52,374.04-294.46V62.5h-155.63l-1.77,70.74s-109.65,28.3-139.71,67.2l-60.13-54.82-111.42,113.19,54.82,53.06s-53.06,81.35-58.36,145.02H62.94v162.7h88.43s14.15,79.58,53.06,141.48l-56.59,58.36,114.95,116.72,54.82-54.82s74.28,53.06,139.71,58.36v77.81h171.55l2.65-184.81Z\"><\/path><circle class=\"cls-tradigital\" cx=\"545.75\" cy=\"540\" r=\"233.44\"><\/circle><ellipse class=\"cls-tradigital\" cx=\"545.75\" cy=\"540\" rx=\"116.72\" ry=\"233.44\"><\/ellipse><line class=\"cls-tradigital\" x1=\"545.75\" y1=\"306.56\" x2=\"545.75\" y2=\"773.44\"><\/line><polyline class=\"cls-tradigital\" points=\"347.75 419.92 747.41 419.92 803.07 419.92 803.07 234.93 861.43 234.93\"><\/polyline><polyline class=\"cls-tradigital\" points=\"316.85 536.64 778.31 536.64 918.02 536.64\"><\/polyline><polyline class=\"cls-tradigital\" points=\"347.75 656.9 747.41 656.9 795.99 656.9 795.99 836.23 854.35 836.23\"><\/polyline><circle class=\"cls-tradigital\" cx=\"908.29\" cy=\"231.39\" r=\"48.63\"><\/circle><circle class=\"cls-tradigital\" cx=\"968.42\" cy=\"541.77\" r=\"48.63\"><\/circle><circle class=\"cls-tradigital\" cx=\"906.53\" cy=\"840.65\" r=\"48.63\"><\/circle><\/svg>\t\t\t<\/div>\n\t\t<\/div>\n\t\t\t\t\t\t<\/div>\n\t\t\t\t<\/div>\n\t\t\t\t<div class=\"elementor-element elementor-element-4efbc83 elementor-widget elementor-widget-heading\" data-id=\"4efbc83\" data-element_type=\"widget\" data-e-type=\"widget\" data-widget_type=\"heading.default\">\n\t\t\t\t<div class=\"elementor-widget-container\">\n\t\t\t\t\t<h2 class=\"elementor-heading-title elementor-size-default\">Transformaci\u00f3n digital<\/h2>\t\t\t\t<\/div>\n\t\t\t\t<\/div>\n\t\t\t\t<div class=\"elementor-element elementor-element-f98c965 elementor-widget elementor-widget-text-editor\" data-id=\"f98c965\" data-element_type=\"widget\" data-e-type=\"widget\" data-widget_type=\"text-editor.default\">\n\t\t\t\t<div class=\"elementor-widget-container\">\n\t\t\t\t\t\t\t\t\t<p>Ayudamos a solucionar las necesidades tecnol\u00f3gicas de empresas, aut\u00f3nomos y comercios. Les acompa\u00f1amos en su proceso de transformaci\u00f3n digital a trav\u00e9s de las mejores soluciones y servicios tecnol\u00f3gicos.<\/p>\t\t\t\t\t\t\t\t<\/div>\n\t\t\t\t<\/div>\n\t\t\t\t<div class=\"elementor-element elementor-element-10fa774 elementor-widget elementor-widget-text-editor\" data-id=\"10fa774\" data-element_type=\"widget\" data-e-type=\"widget\" data-widget_type=\"text-editor.default\">\n\t\t\t\t<div class=\"elementor-widget-container\">\n\t\t\t\t\t\t\t\t\t<p>SABER M\u00c1S \u2192<\/p>\t\t\t\t\t\t\t\t<\/div>\n\t\t\t\t<\/div>\n\t\t\t\t<\/a>\n\t\t<a class=\"elementor-element elementor-element-0eb4853 e-con-full e-flex e-con e-child\" data-id=\"0eb4853\" data-element_type=\"container\" data-e-type=\"container\" data-settings=\"{&quot;background_background&quot;:&quot;classic&quot;}\" href=\"\/es\/financiacion-ayudas-y-subvenciones\/\">\n\t\t\t\t<div class=\"elementor-element elementor-element-beb4fce elementor-view-default elementor-widget elementor-widget-icon\" data-id=\"beb4fce\" data-element_type=\"widget\" data-e-type=\"widget\" data-widget_type=\"icon.default\">\n\t\t\t\t<div class=\"elementor-widget-container\">\n\t\t\t\t\t\t\t<div class=\"elementor-icon-wrapper\">\n\t\t\t<div class=\"elementor-icon\">\n\t\t\t<svg xmlns=\"http:\/\/www.w3.org\/2000\/svg\" id=\"Capa_3\" data-name=\"Capa 3\" viewBox=\"0 0 1080 1080\"><defs><style>      .cls-1 {        fill: none;        stroke: #e0071b;        stroke-linecap: round;        stroke-miterlimit: 10;        stroke-width: 16px;      }      .cls-2 {        fill: #e0071b;        font-family: Baloo2-Regular, 'Baloo 2';        font-size: 252.35px;      }    <\/style><\/defs><path class=\"cls-1\" d=\"M310.5,918.95h44.89c13.37,0,26.43,3.96,37.56,11.37l18,12c16.85,11.23,36.61,17.32,56.86,17.52l175.94,1.71c16.73.16,33.35-2.58,49.14-8.12l205.64-72.06c18.95-6.64,28.91-27.4,22.22-46.33h0c-8.46-23.98-33.84-37.52-58.47-31.21l-192.34,49.32c-18.07,4.63-37.19,2.79-54.04-5.22l-64.12-30.46,100.1-3.45c17.61-.61,32.08-14.07,33.96-31.59h0c1.97-18.39-10.56-35.2-28.75-38.56l-129.7-23.97c-29.92-5.53-60.72-3.94-89.91,4.65l-37.38,10.99c-22.04,6.48-44.89,9.77-67.85,9.77h-17.23\"><\/path><rect class=\"cls-1\" x=\"157.17\" y=\"713.75\" width=\"151.08\" height=\"234.51\"><\/rect><line class=\"cls-1\" x1=\"468.35\" y1=\"819.73\" x2=\"551.78\" y2=\"817.48\"><\/line><path class=\"cls-1\" d=\"M242.85,431.88c-40.59-38.33-51.86-80.16-51.86-128.53,0-100.89,82.78-182.65,184.9-182.65,57.21,0,104.17,29.53,142.22,65.93q8.86,8.48,16.15-.16c34.41-40.8,84.47-68.03,141.54-68.03,100.89,0,182.65,82.78,182.65,184.9,0,29.4-5.8,56.13-17.09,79.96\"><\/path><path class=\"cls-1\" d=\"M242.36,431.81l277.85,236.84s40.79-30.92,92.45-71.55\"><\/path><path class=\"cls-1\" d=\"M878.74,484.87c0,86.54-70.17,156.72-156.72,156.72-42.55,0-81.13-16.96-109.36-44.49-29.22-28.46-47.35-68.23-47.35-112.23,0-86.54,70.17-156.72,156.72-156.72,47.8,0,90.6,21.4,119.33,55.16,23.32,27.35,37.39,62.82,37.39,101.56Z\"><\/path><text class=\"cls-2\" transform=\"translate(638.27 565.63)\"><tspan x=\"0\" y=\"0\">\u20ac<\/tspan><\/text><\/svg>\t\t\t<\/div>\n\t\t<\/div>\n\t\t\t\t\t\t<\/div>\n\t\t\t\t<\/div>\n\t\t\t\t<div class=\"elementor-element elementor-element-a12ee42 elementor-widget elementor-widget-heading\" data-id=\"a12ee42\" data-element_type=\"widget\" data-e-type=\"widget\" data-widget_type=\"heading.default\">\n\t\t\t\t<div class=\"elementor-widget-container\">\n\t\t\t\t\t<h2 class=\"elementor-heading-title elementor-size-default\">Financiaci\u00f3n, ayudas y subvenciones<\/h2>\t\t\t\t<\/div>\n\t\t\t\t<\/div>\n\t\t\t\t<div class=\"elementor-element elementor-element-01d07c3 elementor-widget elementor-widget-text-editor\" data-id=\"01d07c3\" data-element_type=\"widget\" data-e-type=\"widget\" data-widget_type=\"text-editor.default\">\n\t\t\t\t<div class=\"elementor-widget-container\">\n\t\t\t\t\t\t\t\t\t<p>La principal raz\u00f3n de ser de la C\u00e1mara de Comercio de Terrassa es dar servicio al tejido empresarial del conjunto de su demarcaci\u00f3n.<\/p>\t\t\t\t\t\t\t\t<\/div>\n\t\t\t\t<\/div>\n\t\t\t\t<div class=\"elementor-element elementor-element-0a81315 elementor-widget elementor-widget-text-editor\" data-id=\"0a81315\" data-element_type=\"widget\" data-e-type=\"widget\" data-widget_type=\"text-editor.default\">\n\t\t\t\t<div class=\"elementor-widget-container\">\n\t\t\t\t\t\t\t\t\t<p>SABER M\u00c1S \u2192<\/p>\t\t\t\t\t\t\t\t<\/div>\n\t\t\t\t<\/div>\n\t\t\t\t<\/a>\n\t\t<a class=\"elementor-element elementor-element-99504e1 e-con-full e-flex e-con e-child\" data-id=\"99504e1\" data-element_type=\"container\" data-e-type=\"container\" data-settings=\"{&quot;background_background&quot;:&quot;classic&quot;}\" href=\"\/es\/patentes-y-marcas\/\">\n\t\t\t\t<div class=\"elementor-element elementor-element-3124863 elementor-view-default elementor-widget elementor-widget-icon\" data-id=\"3124863\" data-element_type=\"widget\" data-e-type=\"widget\" data-widget_type=\"icon.default\">\n\t\t\t\t<div class=\"elementor-widget-container\">\n\t\t\t\t\t\t\t<div class=\"elementor-icon-wrapper\">\n\t\t\t<div class=\"elementor-icon\">\n\t\t\t<svg xmlns=\"http:\/\/www.w3.org\/2000\/svg\" id=\"Capa_3\" data-name=\"Capa 3\" viewBox=\"0 0 1080 1080\"><defs><style>      .cls-1 {        stroke-linejoin: round;      }      .cls-1, .cls-2, .cls-3 {        stroke-linecap: round;      }      .cls-1, .cls-2, .cls-3, .cls-4 {        fill: none;        stroke: #e0071b;      }      .cls-1, .cls-2, .cls-4 {        stroke-width: 14.92px;      }      .cls-2, .cls-3, .cls-4 {        stroke-miterlimit: 10;      }      .cls-3 {        stroke-width: 14.74px;      }    <\/style><\/defs><path class=\"cls-1\" d=\"M280.04,900.59v18.56c0,32.94,26.7,59.64,59.64,59.64h580.17c32.94,0,59.64-26.7,59.64-59.64V160.85c0-32.94-26.7-59.64-59.64-59.64h-472.55v122.77c0,16.18-13.11,29.29-29.29,29.29h-131.45v58.65\"><\/path><line class=\"cls-4\" x1=\"283.68\" y1=\"253.27\" x2=\"444.43\" y2=\"101.21\"><\/line><rect class=\"cls-4\" x=\"542.87\" y=\"181.59\" width=\"343.21\" height=\"195.5\" rx=\"25.44\" ry=\"25.44\"><\/rect><line class=\"cls-3\" x1=\"536.52\" y1=\"468.32\" x2=\"890.3\" y2=\"468.32\"><\/line><line class=\"cls-3\" x1=\"537.57\" y1=\"568.24\" x2=\"891.35\" y2=\"568.24\"><\/line><line class=\"cls-3\" x1=\"537.57\" y1=\"659.47\" x2=\"790.73\" y2=\"659.47\"><\/line><line class=\"cls-2\" x1=\"715.56\" y1=\"911.45\" x2=\"888.25\" y2=\"911.45\"><\/line><path class=\"cls-2\" d=\"M718.82,852.8s73.86-10.86,80.37-60.82c0,0,8.69-41.27-23.89-39.1-32.58,2.17-30.41,34.76-26.07,43.44,4.34,8.69,21.72,62.99,136.85,56.48\"><\/path><path class=\"cls-4\" d=\"M228.71,411.9l2.57-3.11c31.93-38.7,91.98-36.23,120.63,4.96l2.3,3.31,4.01-.38c49.94-4.79,90.66,39.42,81.79,88.8l-.71,3.97,3.11,2.57c38.7,31.93,36.23,91.98-4.96,120.63l-3.31,2.3.38,4.01c4.79,49.94-39.42,90.66-88.8,81.79l-3.97-.71-2.57,3.11c-31.93,38.7-91.98,36.23-120.63-4.96l-2.3-3.31-4.01.38c-49.94,4.79-90.66-39.42-81.79-88.8l.71-3.97-3.11-2.57c-38.7-31.93-36.23-91.98,4.96-120.63l3.31-2.3-.38-4.01c-4.79-49.94,39.42-90.66,88.8-81.79l3.97.71Z\"><\/path><circle class=\"cls-4\" cx=\"285.23\" cy=\"567.15\" r=\"94.49\"><\/circle><path class=\"cls-4\" d=\"M189.76,720.29v143.95c0,8.05,9.02,12.82,15.67,8.28l74.38-50.72c3.34-2.28,7.73-2.33,11.12-.11l78.82,51.41c6.67,4.35,15.5-.44,15.5-8.4v-142.24\"><\/path><\/svg>\t\t\t<\/div>\n\t\t<\/div>\n\t\t\t\t\t\t<\/div>\n\t\t\t\t<\/div>\n\t\t\t\t<div class=\"elementor-element elementor-element-2fc51f0 elementor-widget elementor-widget-heading\" data-id=\"2fc51f0\" data-element_type=\"widget\" data-e-type=\"widget\" data-widget_type=\"heading.default\">\n\t\t\t\t<div class=\"elementor-widget-container\">\n\t\t\t\t\t<h2 class=\"elementor-heading-title elementor-size-default\">Patentes y marcas<\/h2>\t\t\t\t<\/div>\n\t\t\t\t<\/div>\n\t\t\t\t<div class=\"elementor-element elementor-element-1f86ce0 elementor-widget elementor-widget-text-editor\" data-id=\"1f86ce0\" data-element_type=\"widget\" data-e-type=\"widget\" data-widget_type=\"text-editor.default\">\n\t\t\t\t<div class=\"elementor-widget-container\">\n\t\t\t\t\t\t\t\t\t<p>A trav\u00e9s del servicio de Patentes y Marcas de la C\u00e1mara te ofrecemos asesoramiento integral en todo lo que tiene que ver con la gesti\u00f3n y protecci\u00f3n de la marca de tu empresa.<\/p>\t\t\t\t\t\t\t\t<\/div>\n\t\t\t\t<\/div>\n\t\t\t\t<div class=\"elementor-element elementor-element-9f9dc15 elementor-widget elementor-widget-text-editor\" data-id=\"9f9dc15\" data-element_type=\"widget\" data-e-type=\"widget\" data-widget_type=\"text-editor.default\">\n\t\t\t\t<div class=\"elementor-widget-container\">\n\t\t\t\t\t\t\t\t\t<p>SABER M\u00c1S \u2192<\/p>\t\t\t\t\t\t\t\t<\/div>\n\t\t\t\t<\/div>\n\t\t\t\t<\/a>\n\t\t<div class=\"elementor-element elementor-element-7c9ea52 e-con-full elementor-hidden-tablet elementor-hidden-mobile e-flex e-con e-child\" data-id=\"7c9ea52\" data-element_type=\"container\" data-e-type=\"container\" data-settings=\"{&quot;background_background&quot;:&quot;classic&quot;}\">\n\t\t\t\t<\/div>\n\t\t\t\t<\/div>\n\t\t\t\t\t<\/div>\n\t\t\t\t<\/div>\n\t\t\t\t<\/div>\n\t\t","protected":false},"excerpt":{"rendered":"<p>R+D+I Transforma ideas en realidades. Impulsamos tu capacidad de innovaci\u00f3n con estrategias de investigaci\u00f3n, desarrollo e innovaci\u00f3n. Transformaci\u00f3n digital Ayudamos a solucionar las necesidades tecnol\u00f3gicas de empresas, aut\u00f3nomos y comercios. [&hellip;]<\/p>\n","protected":false},"author":1,"featured_media":0,"parent":0,"menu_order":0,"comment_status":"closed","ping_status":"closed","template":"","meta":{"_acf_changed":false,"site-sidebar-layout":"no-sidebar","site-content-layout":"","ast-site-content-layout":"full-width-container","site-content-style":"default","site-sidebar-style":"default","ast-global-header-display":"","ast-banner-title-visibility":"","ast-main-header-display":"","ast-hfb-above-header-display":"","ast-hfb-below-header-display":"","ast-hfb-mobile-header-display":"","site-post-title":"disabled","ast-breadcrumbs-content":"","ast-featured-img":"disabled","footer-sml-layout":"","ast-disable-related-posts":"","theme-transparent-header-meta":"","adv-header-id-meta":"","stick-header-meta":"","header-above-stick-meta":"","header-main-stick-meta":"","header-below-stick-meta":"","astra-migrate-meta-layouts":"default","ast-page-background-enabled":"default","ast-page-background-meta":{"desktop":{"background-color":"var(--ast-global-color-4)","background-image":"","background-repeat":"repeat","background-position":"center center","background-size":"auto","background-attachment":"scroll","background-type":"","background-media":"","overlay-type":"","overlay-color":"","overlay-opacity":"","overlay-gradient":""},"tablet":{"background-color":"","background-image":"","background-repeat":"repeat","background-position":"center center","background-size":"auto","background-attachment":"scroll","background-type":"","background-media":"","overlay-type":"","overlay-color":"","overlay-opacity":"","overlay-gradient":""},"mobile":{"background-color":"","background-image":"","background-repeat":"repeat","background-position":"center center","background-size":"auto","background-attachment":"scroll","background-type":"","background-media":"","overlay-type":"","overlay-color":"","overlay-opacity":"","overlay-gradient":""}},"ast-content-background-meta":{"desktop":{"background-color":"var(--ast-global-color-5)","background-image":"","background-repeat":"repeat","background-position":"center center","background-size":"auto","background-attachment":"scroll","background-type":"","background-media":"","overlay-type":"","overlay-color":"","overlay-opacity":"","overlay-gradient":""},"tablet":{"background-color":"var(--ast-global-color-5)","background-image":"","background-repeat":"repeat","background-position":"center center","background-size":"auto","background-attachment":"scroll","background-type":"","background-media":"","overlay-type":"","overlay-color":"","overlay-opacity":"","overlay-gradient":""},"mobile":{"background-color":"var(--ast-global-color-5)","background-image":"","background-repeat":"repeat","background-position":"center center","background-size":"auto","background-attachment":"scroll","background-type":"","background-media":"","overlay-type":"","overlay-color":"","overlay-opacity":"","overlay-gradient":""}},"footnotes":""},"class_list":["post-39713","page","type-page","status-publish","hentry"],"acf":[],"yoast_head":"<title>R+D+I: innovaci\u00f3n y desarrollo empresarial - Cambra de Terrassa<\/title>\n<meta name=\"description\" content=\"Impulsa la innovaci\u00f3n con los serviciosR+D+I de Cambra de Terrassa. Apoyo en investigaci\u00f3n, desarrollo y proyectos para tu empresa.\" \/>\n<meta name=\"robots\" content=\"index, follow, max-snippet:-1, max-image-preview:large, max-video-preview:-1\" \/>\n<link rel=\"canonical\" href=\"https:\/\/cambraterrassa.org\/rdi\/\" \/>\n<meta property=\"og:locale\" content=\"es_ES\" \/>\n<meta property=\"og:type\" content=\"article\" \/>\n<meta property=\"og:title\" content=\"R+D+I: innovaci\u00f3n y desarrollo empresarial - Cambra de Terrassa\" \/>\n<meta property=\"og:description\" content=\"Impulsa la innovaci\u00f3n con los serviciosR+D+I de Cambra de Terrassa. Apoyo en investigaci\u00f3n, desarrollo y proyectos para tu empresa.\" \/>\n<meta property=\"og:url\" content=\"https:\/\/cambraterrassa.org\/rdi\/\" \/>\n<meta property=\"og:site_name\" content=\"Cambra de Comer\u00e7 de Terrassa\" \/>\n<meta property=\"article:modified_time\" content=\"2026-03-24T14:16:38+00:00\" \/>\n<meta property=\"og:image\" content=\"https:\/\/cambraterrassa.org\/wp-content\/uploads\/2024\/05\/Cambra-fons.webp\" \/>\n\t<meta property=\"og:image:width\" content=\"421\" \/>\n\t<meta property=\"og:image:height\" content=\"331\" \/>\n\t<meta property=\"og:image:type\" content=\"image\/webp\" \/>\n<meta name=\"twitter:card\" content=\"summary_large_image\" \/>\n<meta name=\"twitter:label1\" content=\"Tiempo de lectura\" \/>\n\t<meta name=\"twitter:data1\" content=\"1 minuto\" \/>\n<script type=\"application\/ld+json\" class=\"yoast-schema-graph\">{\"@context\":\"https:\/\/schema.org\",\"@graph\":[{\"@type\":\"WebPage\",\"@id\":\"https:\/\/cambraterrassa.org\/rdi\/\",\"url\":\"https:\/\/cambraterrassa.org\/rdi\/\",\"name\":\"R+D+I: innovaci\u00f3n y desarrollo empresarial - Cambra de Terrassa\",\"isPartOf\":{\"@id\":\"https:\/\/cambraterrassa.org\/#website\"},\"primaryImageOfPage\":{\"@id\":\"https:\/\/cambraterrassa.org\/rdi\/#primaryimage\"},\"image\":{\"@id\":\"https:\/\/cambraterrassa.org\/rdi\/#primaryimage\"},\"thumbnailUrl\":\"https:\/\/cambraterrassa.org\/wp-content\/uploads\/2024\/05\/Cambra-fons.webp\",\"datePublished\":\"2024-05-15T11:42:09+00:00\",\"dateModified\":\"2026-03-24T14:16:38+00:00\",\"description\":\"Impulsa la innovaci\u00f3n con los serviciosR+D+I de Cambra de Terrassa. Apoyo en investigaci\u00f3n, desarrollo y proyectos para tu empresa.\",\"breadcrumb\":{\"@id\":\"https:\/\/cambraterrassa.org\/rdi\/#breadcrumb\"},\"inLanguage\":\"es\",\"potentialAction\":[{\"@type\":\"ReadAction\",\"target\":[\"https:\/\/cambraterrassa.org\/rdi\/\"]}]},{\"@type\":\"ImageObject\",\"inLanguage\":\"es\",\"@id\":\"https:\/\/cambraterrassa.org\/rdi\/#primaryimage\",\"url\":\"https:\/\/cambraterrassa.org\/wp-content\/uploads\/2024\/05\/Cambra-fons.webp\",\"contentUrl\":\"https:\/\/cambraterrassa.org\/wp-content\/uploads\/2024\/05\/Cambra-fons.webp\"},{\"@type\":\"BreadcrumbList\",\"@id\":\"https:\/\/cambraterrassa.org\/rdi\/#breadcrumb\",\"itemListElement\":[{\"@type\":\"ListItem\",\"position\":1,\"name\":\"Inici\",\"item\":\"https:\/\/cambraterrassa.org\/\"},{\"@type\":\"ListItem\",\"position\":2,\"name\":\"R+D+I\"}]},{\"@type\":\"WebSite\",\"@id\":\"https:\/\/cambraterrassa.org\/#website\",\"url\":\"https:\/\/cambraterrassa.org\/\",\"name\":\"Cambra de Comer\u00e7 de Terrassa\",\"description\":\"\",\"potentialAction\":[{\"@type\":\"SearchAction\",\"target\":{\"@type\":\"EntryPoint\",\"urlTemplate\":\"https:\/\/cambraterrassa.org\/?s={search_term_string}\"},\"query-input\":{\"@type\":\"PropertyValueSpecification\",\"valueRequired\":true,\"valueName\":\"search_term_string\"}}],\"inLanguage\":\"es\"}]}<\/script>","yoast_head_json":{"title":"R+D+I: innovaci\u00f3n y desarrollo empresarial - Cambra de Terrassa","description":"Impulsa la innovaci\u00f3n con los serviciosR+D+I de Cambra de Terrassa. Apoyo en investigaci\u00f3n, desarrollo y proyectos para tu empresa.","robots":{"index":"index","follow":"follow","max-snippet":"max-snippet:-1","max-image-preview":"max-image-preview:large","max-video-preview":"max-video-preview:-1"},"canonical":"https:\/\/cambraterrassa.org\/rdi\/","og_locale":"es_ES","og_type":"article","og_title":"R+D+I: innovaci\u00f3n y desarrollo empresarial - Cambra de Terrassa","og_description":"Impulsa la innovaci\u00f3n con los serviciosR+D+I de Cambra de Terrassa. Apoyo en investigaci\u00f3n, desarrollo y proyectos para tu empresa.","og_url":"https:\/\/cambraterrassa.org\/rdi\/","og_site_name":"Cambra de Comer\u00e7 de Terrassa","article_modified_time":"2026-03-24T14:16:38+00:00","og_image":[{"width":421,"height":331,"url":"https:\/\/cambraterrassa.org\/wp-content\/uploads\/2024\/05\/Cambra-fons.webp","type":"image\/webp"}],"twitter_card":"summary_large_image","twitter_misc":{"Tiempo de lectura":"1 minuto"},"schema":{"@context":"https:\/\/schema.org","@graph":[{"@type":"WebPage","@id":"https:\/\/cambraterrassa.org\/rdi\/","url":"https:\/\/cambraterrassa.org\/rdi\/","name":"R+D+I: innovaci\u00f3n y desarrollo empresarial - Cambra de Terrassa","isPartOf":{"@id":"https:\/\/cambraterrassa.org\/#website"},"primaryImageOfPage":{"@id":"https:\/\/cambraterrassa.org\/rdi\/#primaryimage"},"image":{"@id":"https:\/\/cambraterrassa.org\/rdi\/#primaryimage"},"thumbnailUrl":"https:\/\/cambraterrassa.org\/wp-content\/uploads\/2024\/05\/Cambra-fons.webp","datePublished":"2024-05-15T11:42:09+00:00","dateModified":"2026-03-24T14:16:38+00:00","description":"Impulsa la innovaci\u00f3n con los serviciosR+D+I de Cambra de Terrassa. Apoyo en investigaci\u00f3n, desarrollo y proyectos para tu empresa.","breadcrumb":{"@id":"https:\/\/cambraterrassa.org\/rdi\/#breadcrumb"},"inLanguage":"es","potentialAction":[{"@type":"ReadAction","target":["https:\/\/cambraterrassa.org\/rdi\/"]}]},{"@type":"ImageObject","inLanguage":"es","@id":"https:\/\/cambraterrassa.org\/rdi\/#primaryimage","url":"https:\/\/cambraterrassa.org\/wp-content\/uploads\/2024\/05\/Cambra-fons.webp","contentUrl":"https:\/\/cambraterrassa.org\/wp-content\/uploads\/2024\/05\/Cambra-fons.webp"},{"@type":"BreadcrumbList","@id":"https:\/\/cambraterrassa.org\/rdi\/#breadcrumb","itemListElement":[{"@type":"ListItem","position":1,"name":"Inici","item":"https:\/\/cambraterrassa.org\/"},{"@type":"ListItem","position":2,"name":"R+D+I"}]},{"@type":"WebSite","@id":"https:\/\/cambraterrassa.org\/#website","url":"https:\/\/cambraterrassa.org\/","name":"Cambra de Comer\u00e7 de Terrassa","description":"","potentialAction":[{"@type":"SearchAction","target":{"@type":"EntryPoint","urlTemplate":"https:\/\/cambraterrassa.org\/?s={search_term_string}"},"query-input":{"@type":"PropertyValueSpecification","valueRequired":true,"valueName":"search_term_string"}}],"inLanguage":"es"}]}},"_links":{"self":[{"href":"https:\/\/cambraterrassa.org\/es\/wp-json\/wp\/v2\/pages\/39713","targetHints":{"allow":["GET"]}}],"collection":[{"href":"https:\/\/cambraterrassa.org\/es\/wp-json\/wp\/v2\/pages"}],"about":[{"href":"https:\/\/cambraterrassa.org\/es\/wp-json\/wp\/v2\/types\/page"}],"author":[{"embeddable":true,"href":"https:\/\/cambraterrassa.org\/es\/wp-json\/wp\/v2\/users\/1"}],"replies":[{"embeddable":true,"href":"https:\/\/cambraterrassa.org\/es\/wp-json\/wp\/v2\/comments?post=39713"}],"version-history":[{"count":9,"href":"https:\/\/cambraterrassa.org\/es\/wp-json\/wp\/v2\/pages\/39713\/revisions"}],"predecessor-version":[{"id":53867,"href":"https:\/\/cambraterrassa.org\/es\/wp-json\/wp\/v2\/pages\/39713\/revisions\/53867"}],"wp:attachment":[{"href":"https:\/\/cambraterrassa.org\/es\/wp-json\/wp\/v2\/media?parent=39713"}],"curies":[{"name":"wp","href":"https:\/\/api.w.org\/{rel}","templated":true}]}}