{"id":38802,"date":"2024-09-23T14:10:52","date_gmt":"2024-09-23T12:10:52","guid":{"rendered":"https:\/\/cambraterrassa.org\/canal-denuncia-cambraterrassa\/"},"modified":"2025-02-04T10:24:54","modified_gmt":"2025-02-04T09:24:54","slug":"canal-de-denuncia-cambraterrassa","status":"publish","type":"page","link":"https:\/\/cambraterrassa.org\/es\/canal-de-denuncia-cambraterrassa\/","title":{"rendered":"Canal denuncia cambraterrassa"},"content":{"rendered":"\t\t<div data-elementor-type=\"wp-page\" data-elementor-id=\"38802\" class=\"elementor elementor-38802 elementor-32921\" data-elementor-post-type=\"page\">\n\t\t\t\t<div class=\"elementor-element elementor-element-225d5e5 e-con-full e-flex e-con e-parent\" data-id=\"225d5e5\" data-element_type=\"container\" data-e-type=\"container\">\n\t\t<div class=\"elementor-element elementor-element-9240edf e-con-full e-flex e-con e-child\" data-id=\"9240edf\" data-element_type=\"container\" data-e-type=\"container\" data-settings=\"{&quot;background_background&quot;:&quot;gradient&quot;}\">\n\t\t<div class=\"elementor-element elementor-element-c628a8e e-flex e-con-boxed e-con e-child\" data-id=\"c628a8e\" data-element_type=\"container\" data-e-type=\"container\">\n\t\t\t\t\t<div class=\"e-con-inner\">\n\t\t<div class=\"elementor-element elementor-element-448a022 e-con-full e-flex e-con e-child\" data-id=\"448a022\" data-element_type=\"container\" data-e-type=\"container\">\n\t\t\t\t<div class=\"elementor-element elementor-element-b9d81e1 elementor-widget elementor-widget-heading\" data-id=\"b9d81e1\" data-element_type=\"widget\" data-e-type=\"widget\" data-widget_type=\"heading.default\">\n\t\t\t\t<div class=\"elementor-widget-container\">\n\t\t\t\t\t<h1 class=\"elementor-heading-title elementor-size-default\">Canal de denuncia<\/h1>\t\t\t\t<\/div>\n\t\t\t\t<\/div>\n\t\t\t\t<\/div>\n\t\t<div class=\"elementor-element elementor-element-5257363 e-con-full e-flex e-con e-child\" data-id=\"5257363\" data-element_type=\"container\" data-e-type=\"container\">\n\t\t\t\t<\/div>\n\t\t\t\t\t<\/div>\n\t\t\t\t<\/div>\n\t\t<div class=\"elementor-element elementor-element-32021f2 e-con-full e-flex e-con e-child\" data-id=\"32021f2\" data-element_type=\"container\" data-e-type=\"container\" data-settings=\"{&quot;position&quot;:&quot;absolute&quot;}\">\n\t\t\t\t<div class=\"elementor-element elementor-element-7595f36 elementor-widget elementor-widget-image\" data-id=\"7595f36\" data-element_type=\"widget\" data-e-type=\"widget\" data-widget_type=\"image.default\">\n\t\t\t\t<div class=\"elementor-widget-container\">\n\t\t\t\t\t\t\t\t\t\t\t\t\t\t\t<img fetchpriority=\"high\" decoding=\"async\" width=\"421\" height=\"331\" src=\"https:\/\/cambraterrassa.org\/wp-content\/uploads\/2024\/05\/Cambra-fons.webp\" class=\"attachment-large size-large wp-image-865\" alt=\"Cambra fons\" srcset=\"https:\/\/cambraterrassa.org\/wp-content\/uploads\/2024\/05\/Cambra-fons.webp 421w, https:\/\/cambraterrassa.org\/wp-content\/uploads\/2024\/05\/Cambra-fons-300x236.webp 300w\" sizes=\"(max-width: 421px) 100vw, 421px\" \/>\t\t\t\t\t\t\t\t\t\t\t\t\t\t\t<\/div>\n\t\t\t\t<\/div>\n\t\t\t\t<\/div>\n\t\t\t\t<\/div>\n\t\t\t\t<\/div>\n\t\t<div class=\"elementor-element elementor-element-0135029 e-flex e-con-boxed e-con e-parent\" data-id=\"0135029\" data-element_type=\"container\" data-e-type=\"container\">\n\t\t\t\t\t<div class=\"e-con-inner\">\n\t\t<div class=\"elementor-element elementor-element-dfa211c e-con-full e-flex e-con e-child\" data-id=\"dfa211c\" data-element_type=\"container\" data-e-type=\"container\">\n\t\t\t\t<div class=\"elementor-element elementor-element-5ee4dc5 elementor-widget elementor-widget-heading\" data-id=\"5ee4dc5\" data-element_type=\"widget\" data-e-type=\"widget\" data-widget_type=\"heading.default\">\n\t\t\t\t<div class=\"elementor-widget-container\">\n\t\t\t\t\t<h2 class=\"elementor-heading-title elementor-size-default\">Canal de denuncia de la C\u00e1mara de Comercio de Terrassa<\/h2>\t\t\t\t<\/div>\n\t\t\t\t<\/div>\n\t\t\t\t<div class=\"elementor-element elementor-element-09dacbf elementor-widget elementor-widget-text-editor\" data-id=\"09dacbf\" data-element_type=\"widget\" data-e-type=\"widget\" data-widget_type=\"text-editor.default\">\n\t\t\t\t<div class=\"elementor-widget-container\">\n\t\t\t\t\t\t\t\t\t<div class=\"wpb_text_column wpb_content_element \"><div class=\"wpb_wrapper\"><p>El canal de denuncias ofrece un espacio de comunicaci\u00f3n, porque las personas que tengan un v\u00ednculo con la C\u00e1mara de Comercio de Terrassa, puedan facilitar informaci\u00f3n sin sufrir represalias. El buz\u00f3n \u00e9tico <strong>garantiza la confidencialidad<\/strong> de la persona que efect\u00faa la comunicaci\u00f3n.<\/p><\/div><\/div>\t\t\t\t\t\t\t\t<\/div>\n\t\t\t\t<\/div>\n\t\t\t\t<div class=\"elementor-element elementor-element-466147c elementor-icon-list--layout-traditional elementor-list-item-link-full_width elementor-widget elementor-widget-icon-list\" data-id=\"466147c\" data-element_type=\"widget\" data-e-type=\"widget\" data-widget_type=\"icon-list.default\">\n\t\t\t\t<div class=\"elementor-widget-container\">\n\t\t\t\t\t\t\t<ul class=\"elementor-icon-list-items\">\n\t\t\t\t\t\t\t<li class=\"elementor-icon-list-item\">\n\t\t\t\t\t\t\t\t\t\t\t<a href=\"https:\/\/cambraterrassa.org\/wp-content\/uploads\/2024\/09\/231227.-CEX-Sistema-intern-Procediment.pdf\">\n\n\t\t\t\t\t\t\t\t\t\t\t\t<span class=\"elementor-icon-list-icon\">\n\t\t\t\t\t\t\t<svg aria-hidden=\"true\" class=\"e-font-icon-svg e-fas-arrow-right\" viewBox=\"0 0 448 512\" xmlns=\"http:\/\/www.w3.org\/2000\/svg\"><path d=\"M190.5 66.9l22.2-22.2c9.4-9.4 24.6-9.4 33.9 0L441 239c9.4 9.4 9.4 24.6 0 33.9L246.6 467.3c-9.4 9.4-24.6 9.4-33.9 0l-22.2-22.2c-9.5-9.5-9.3-25 .4-34.3L311.4 296H24c-13.3 0-24-10.7-24-24v-32c0-13.3 10.7-24 24-24h287.4L190.9 101.2c-9.8-9.3-10-24.8-.4-34.3z\"><\/path><\/svg>\t\t\t\t\t\t<\/span>\n\t\t\t\t\t\t\t\t\t\t<span class=\"elementor-icon-list-text\">Sistema interno de informaci\u00f3n y pol\u00edtica de funcionamiento del canal \u00e9tico de la C\u00e1mara de Comercio de Terrassa<\/span>\n\t\t\t\t\t\t\t\t\t\t\t<\/a>\n\t\t\t\t\t\t\t\t\t<\/li>\n\t\t\t\t\t\t<\/ul>\n\t\t\t\t\t\t<\/div>\n\t\t\t\t<\/div>\n\t\t\t\t<\/div>\n\t\t<div class=\"elementor-element elementor-element-5c79ff2 e-con-full e-flex e-con e-child\" data-id=\"5c79ff2\" data-element_type=\"container\" data-e-type=\"container\">\n\t\t\t\t<div class=\"elementor-element elementor-element-2e48149 elementor-icon-list--layout-traditional elementor-list-item-link-full_width elementor-widget elementor-widget-icon-list\" data-id=\"2e48149\" data-element_type=\"widget\" data-e-type=\"widget\" data-widget_type=\"icon-list.default\">\n\t\t\t\t<div class=\"elementor-widget-container\">\n\t\t\t\t\t\t\t<ul class=\"elementor-icon-list-items\">\n\t\t\t\t\t\t\t<li class=\"elementor-icon-list-item\">\n\t\t\t\t\t\t\t\t\t\t\t<span class=\"elementor-icon-list-icon\">\n\t\t\t\t\t\t\t<svg aria-hidden=\"true\" class=\"e-font-icon-svg e-fas-user\" viewBox=\"0 0 448 512\" xmlns=\"http:\/\/www.w3.org\/2000\/svg\"><path d=\"M224 256c70.7 0 128-57.3 128-128S294.7 0 224 0 96 57.3 96 128s57.3 128 128 128zm89.6 32h-16.7c-22.2 10.2-46.9 16-72.9 16s-50.6-5.8-72.9-16h-16.7C60.2 288 0 348.2 0 422.4V464c0 26.5 21.5 48 48 48h352c26.5 0 48-21.5 48-48v-41.6c0-74.2-60.2-134.4-134.4-134.4z\"><\/path><\/svg>\t\t\t\t\t\t<\/span>\n\t\t\t\t\t\t\t\t\t\t<span class=\"elementor-icon-list-text\">Quien puede utilizar esta herramienta?<\/span>\n\t\t\t\t\t\t\t\t\t<\/li>\n\t\t\t\t\t\t<\/ul>\n\t\t\t\t\t\t<\/div>\n\t\t\t\t<\/div>\n\t\t\t\t<div class=\"elementor-element elementor-element-4a85519 elementor-widget elementor-widget-text-editor\" data-id=\"4a85519\" data-element_type=\"widget\" data-e-type=\"widget\" data-widget_type=\"text-editor.default\">\n\t\t\t\t<div class=\"elementor-widget-container\">\n\t\t\t\t\t\t\t\t\t<div class=\"wpb_text_column wpb_content_element \"><div class=\"wpb_wrapper\"><p>Aquellas personas con alguna relaci\u00f3n de colaboraci\u00f3n, profesional o laboral con la C\u00e1mara de Comercio de Terrassa, y los \u00f3rganos de gobierno, que hayan obtenido informaci\u00f3n sobre infracciones en este \u00e1mbito. Tambi\u00e9n aquellas persones voluntarias o estudiantes en pr\u00e1cticas.<\/p><\/div><\/div>\t\t\t\t\t\t\t\t<\/div>\n\t\t\t\t<\/div>\n\t\t\t\t<\/div>\n\t\t<div class=\"elementor-element elementor-element-c2398c7 e-con-full e-flex e-con e-child\" data-id=\"c2398c7\" data-element_type=\"container\" data-e-type=\"container\">\n\t\t\t\t<div class=\"elementor-element elementor-element-f44a046 elementor-icon-list--layout-traditional elementor-list-item-link-full_width elementor-widget elementor-widget-icon-list\" data-id=\"f44a046\" data-element_type=\"widget\" data-e-type=\"widget\" data-widget_type=\"icon-list.default\">\n\t\t\t\t<div class=\"elementor-widget-container\">\n\t\t\t\t\t\t\t<ul class=\"elementor-icon-list-items\">\n\t\t\t\t\t\t\t<li class=\"elementor-icon-list-item\">\n\t\t\t\t\t\t\t\t\t\t\t<span class=\"elementor-icon-list-icon\">\n\t\t\t\t\t\t\t<svg aria-hidden=\"true\" class=\"e-font-icon-svg e-far-list-alt\" viewBox=\"0 0 512 512\" xmlns=\"http:\/\/www.w3.org\/2000\/svg\"><path d=\"M464 32H48C21.49 32 0 53.49 0 80v352c0 26.51 21.49 48 48 48h416c26.51 0 48-21.49 48-48V80c0-26.51-21.49-48-48-48zm-6 400H54a6 6 0 0 1-6-6V86a6 6 0 0 1 6-6h404a6 6 0 0 1 6 6v340a6 6 0 0 1-6 6zm-42-92v24c0 6.627-5.373 12-12 12H204c-6.627 0-12-5.373-12-12v-24c0-6.627 5.373-12 12-12h200c6.627 0 12 5.373 12 12zm0-96v24c0 6.627-5.373 12-12 12H204c-6.627 0-12-5.373-12-12v-24c0-6.627 5.373-12 12-12h200c6.627 0 12 5.373 12 12zm0-96v24c0 6.627-5.373 12-12 12H204c-6.627 0-12-5.373-12-12v-24c0-6.627 5.373-12 12-12h200c6.627 0 12 5.373 12 12zm-252 12c0 19.882-16.118 36-36 36s-36-16.118-36-36 16.118-36 36-36 36 16.118 36 36zm0 96c0 19.882-16.118 36-36 36s-36-16.118-36-36 16.118-36 36-36 36 16.118 36 36zm0 96c0 19.882-16.118 36-36 36s-36-16.118-36-36 16.118-36 36-36 36 16.118 36 36z\"><\/path><\/svg>\t\t\t\t\t\t<\/span>\n\t\t\t\t\t\t\t\t\t\t<span class=\"elementor-icon-list-text\">Qu\u00e9 permite informar?<\/span>\n\t\t\t\t\t\t\t\t\t<\/li>\n\t\t\t\t\t\t<\/ul>\n\t\t\t\t\t\t<\/div>\n\t\t\t\t<\/div>\n\t\t\t\t<div class=\"elementor-element elementor-element-ce5fa5f elementor-widget elementor-widget-text-editor\" data-id=\"ce5fa5f\" data-element_type=\"widget\" data-e-type=\"widget\" data-widget_type=\"text-editor.default\">\n\t\t\t\t<div class=\"elementor-widget-container\">\n\t\t\t\t\t\t\t\t\t<ul><li>Infracciones del derecho de la Uni\u00f3n Europea.<\/li><li>Infracciones penales o administrativas graves o muy graves que supongan un<br \/>perjuicio econ\u00f3mico para la Hacienda P\u00fablica y la Seguridad Social.<\/li><li>Infracciones en el \u00e1mbito de Derecho laboral en materia de seguridad y salud.<\/li><li>Infracciones o riesgo de incumplimiento del C\u00f3digo \u00c9tico de la C\u00e1mara de<br \/>Comercio de Terrassa.<\/li><\/ul>\t\t\t\t\t\t\t\t<\/div>\n\t\t\t\t<\/div>\n\t\t\t\t<div class=\"elementor-element elementor-element-6915cad elementor-align-center elementor-widget elementor-widget-button\" data-id=\"6915cad\" data-element_type=\"widget\" data-e-type=\"widget\" data-widget_type=\"button.default\">\n\t\t\t\t<div class=\"elementor-widget-container\">\n\t\t\t\t\t\t\t\t\t<div class=\"elementor-button-wrapper\">\n\t\t\t\t\t<a class=\"elementor-button elementor-button-link elementor-size-sm elementor-animation-grow\" href=\"https:\/\/cambres.ulisesgrc.net\/#\/channels\/cambraterrassa\/CA_ES\" target=\"_blank\">\n\t\t\t\t\t\t<span class=\"elementor-button-content-wrapper\">\n\t\t\t\t\t\t\t\t\t<span class=\"elementor-button-text\">Acceder al canal de denuncia<\/span>\n\t\t\t\t\t<\/span>\n\t\t\t\t\t<\/a>\n\t\t\t\t<\/div>\n\t\t\t\t\t\t\t\t<\/div>\n\t\t\t\t<\/div>\n\t\t\t\t<\/div>\n\t\t\t\t\t<\/div>\n\t\t\t\t<\/div>\n\t\t\t\t<\/div>\n\t\t","protected":false},"excerpt":{"rendered":"<p>Canal de denuncia Canal de denuncia de la C\u00e1mara de Comercio de Terrassa El canal de denuncias ofrece un espacio de comunicaci\u00f3n, porque las personas que tengan un v\u00ednculo con [&hellip;]<\/p>\n","protected":false},"author":1,"featured_media":0,"parent":0,"menu_order":0,"comment_status":"closed","ping_status":"closed","template":"","meta":{"_acf_changed":false,"site-sidebar-layout":"no-sidebar","site-content-layout":"","ast-site-content-layout":"full-width-container","site-content-style":"default","site-sidebar-style":"default","ast-global-header-display":"","ast-banner-title-visibility":"","ast-main-header-display":"","ast-hfb-above-header-display":"","ast-hfb-below-header-display":"","ast-hfb-mobile-header-display":"","site-post-title":"disabled","ast-breadcrumbs-content":"","ast-featured-img":"disabled","footer-sml-layout":"","ast-disable-related-posts":"","theme-transparent-header-meta":"","adv-header-id-meta":"","stick-header-meta":"","header-above-stick-meta":"","header-main-stick-meta":"","header-below-stick-meta":"","astra-migrate-meta-layouts":"default","ast-page-background-enabled":"default","ast-page-background-meta":{"desktop":{"background-color":"var(--ast-global-color-4)","background-image":"","background-repeat":"repeat","background-position":"center center","background-size":"auto","background-attachment":"scroll","background-type":"","background-media":"","overlay-type":"","overlay-color":"","overlay-opacity":"","overlay-gradient":""},"tablet":{"background-color":"","background-image":"","background-repeat":"repeat","background-position":"center center","background-size":"auto","background-attachment":"scroll","background-type":"","background-media":"","overlay-type":"","overlay-color":"","overlay-opacity":"","overlay-gradient":""},"mobile":{"background-color":"","background-image":"","background-repeat":"repeat","background-position":"center center","background-size":"auto","background-attachment":"scroll","background-type":"","background-media":"","overlay-type":"","overlay-color":"","overlay-opacity":"","overlay-gradient":""}},"ast-content-background-meta":{"desktop":{"background-color":"var(--ast-global-color-5)","background-image":"","background-repeat":"repeat","background-position":"center center","background-size":"auto","background-attachment":"scroll","background-type":"","background-media":"","overlay-type":"","overlay-color":"","overlay-opacity":"","overlay-gradient":""},"tablet":{"background-color":"var(--ast-global-color-5)","background-image":"","background-repeat":"repeat","background-position":"center center","background-size":"auto","background-attachment":"scroll","background-type":"","background-media":"","overlay-type":"","overlay-color":"","overlay-opacity":"","overlay-gradient":""},"mobile":{"background-color":"var(--ast-global-color-5)","background-image":"","background-repeat":"repeat","background-position":"center center","background-size":"auto","background-attachment":"scroll","background-type":"","background-media":"","overlay-type":"","overlay-color":"","overlay-opacity":"","overlay-gradient":""}},"footnotes":""},"class_list":["post-38802","page","type-page","status-publish","hentry"],"acf":[],"yoast_head":"<title>Canal de denuncia de la C\u00e1mara de Comercio de Terrassa - Cambra de Comer\u00e7 de Terrassa<\/title>\n<meta name=\"robots\" content=\"index, follow, max-snippet:-1, max-image-preview:large, max-video-preview:-1\" \/>\n<link rel=\"canonical\" href=\"https:\/\/cambraterrassa.org\/canal-denuncia-cambraterrassa\/\" \/>\n<meta property=\"og:locale\" content=\"es_ES\" \/>\n<meta property=\"og:type\" content=\"article\" \/>\n<meta property=\"og:title\" content=\"Canal de denuncia de la C\u00e1mara de Comercio de Terrassa - Cambra de Comer\u00e7 de Terrassa\" \/>\n<meta property=\"og:description\" content=\"Canal de denuncia Canal de denuncia de la C\u00e1mara de Comercio de Terrassa El canal de denuncias ofrece un espacio de comunicaci\u00f3n, porque las personas que tengan un v\u00ednculo con [&hellip;]\" \/>\n<meta property=\"og:url\" content=\"https:\/\/cambraterrassa.org\/canal-denuncia-cambraterrassa\/\" \/>\n<meta property=\"og:site_name\" content=\"Cambra de Comer\u00e7 de Terrassa\" \/>\n<meta property=\"article:modified_time\" content=\"2025-02-04T09:24:54+00:00\" \/>\n<meta property=\"og:image\" content=\"https:\/\/cambraterrassa.org\/wp-content\/uploads\/2024\/05\/Cambra-fons.webp\" \/>\n\t<meta property=\"og:image:width\" content=\"421\" \/>\n\t<meta property=\"og:image:height\" content=\"331\" \/>\n\t<meta property=\"og:image:type\" content=\"image\/webp\" \/>\n<meta name=\"twitter:card\" content=\"summary_large_image\" \/>\n<meta name=\"twitter:label1\" content=\"Tiempo de lectura\" \/>\n\t<meta name=\"twitter:data1\" content=\"2 minutos\" \/>\n<script type=\"application\/ld+json\" class=\"yoast-schema-graph\">{\"@context\":\"https:\/\/schema.org\",\"@graph\":[{\"@type\":\"WebPage\",\"@id\":\"https:\/\/cambraterrassa.org\/canal-denuncia-cambraterrassa\/\",\"url\":\"https:\/\/cambraterrassa.org\/canal-denuncia-cambraterrassa\/\",\"name\":\"Canal de denuncia de la C\u00e1mara de Comercio de Terrassa - Cambra de Comer\u00e7 de Terrassa\",\"isPartOf\":{\"@id\":\"https:\/\/cambraterrassa.org\/#website\"},\"primaryImageOfPage\":{\"@id\":\"https:\/\/cambraterrassa.org\/canal-denuncia-cambraterrassa\/#primaryimage\"},\"image\":{\"@id\":\"https:\/\/cambraterrassa.org\/canal-denuncia-cambraterrassa\/#primaryimage\"},\"thumbnailUrl\":\"https:\/\/cambraterrassa.org\/wp-content\/uploads\/2024\/05\/Cambra-fons.webp\",\"datePublished\":\"2024-09-23T12:10:52+00:00\",\"dateModified\":\"2025-02-04T09:24:54+00:00\",\"breadcrumb\":{\"@id\":\"https:\/\/cambraterrassa.org\/canal-denuncia-cambraterrassa\/#breadcrumb\"},\"inLanguage\":\"es\",\"potentialAction\":[{\"@type\":\"ReadAction\",\"target\":[\"https:\/\/cambraterrassa.org\/canal-denuncia-cambraterrassa\/\"]}]},{\"@type\":\"ImageObject\",\"inLanguage\":\"es\",\"@id\":\"https:\/\/cambraterrassa.org\/canal-denuncia-cambraterrassa\/#primaryimage\",\"url\":\"https:\/\/cambraterrassa.org\/wp-content\/uploads\/2024\/05\/Cambra-fons.webp\",\"contentUrl\":\"https:\/\/cambraterrassa.org\/wp-content\/uploads\/2024\/05\/Cambra-fons.webp\"},{\"@type\":\"BreadcrumbList\",\"@id\":\"https:\/\/cambraterrassa.org\/canal-denuncia-cambraterrassa\/#breadcrumb\",\"itemListElement\":[{\"@type\":\"ListItem\",\"position\":1,\"name\":\"Inici\",\"item\":\"https:\/\/cambraterrassa.org\/\"},{\"@type\":\"ListItem\",\"position\":2,\"name\":\"Canal denuncia cambraterrassa\"}]},{\"@type\":\"WebSite\",\"@id\":\"https:\/\/cambraterrassa.org\/#website\",\"url\":\"https:\/\/cambraterrassa.org\/\",\"name\":\"Cambra de Comer\u00e7 de Terrassa\",\"description\":\"\",\"potentialAction\":[{\"@type\":\"SearchAction\",\"target\":{\"@type\":\"EntryPoint\",\"urlTemplate\":\"https:\/\/cambraterrassa.org\/?s={search_term_string}\"},\"query-input\":{\"@type\":\"PropertyValueSpecification\",\"valueRequired\":true,\"valueName\":\"search_term_string\"}}],\"inLanguage\":\"es\"}]}<\/script>","yoast_head_json":{"title":"Canal de denuncia de la C\u00e1mara de Comercio de Terrassa - Cambra de Comer\u00e7 de Terrassa","robots":{"index":"index","follow":"follow","max-snippet":"max-snippet:-1","max-image-preview":"max-image-preview:large","max-video-preview":"max-video-preview:-1"},"canonical":"https:\/\/cambraterrassa.org\/canal-denuncia-cambraterrassa\/","og_locale":"es_ES","og_type":"article","og_title":"Canal de denuncia de la C\u00e1mara de Comercio de Terrassa - Cambra de Comer\u00e7 de Terrassa","og_description":"Canal de denuncia Canal de denuncia de la C\u00e1mara de Comercio de Terrassa El canal de denuncias ofrece un espacio de comunicaci\u00f3n, porque las personas que tengan un v\u00ednculo con [&hellip;]","og_url":"https:\/\/cambraterrassa.org\/canal-denuncia-cambraterrassa\/","og_site_name":"Cambra de Comer\u00e7 de Terrassa","article_modified_time":"2025-02-04T09:24:54+00:00","og_image":[{"width":421,"height":331,"url":"https:\/\/cambraterrassa.org\/wp-content\/uploads\/2024\/05\/Cambra-fons.webp","type":"image\/webp"}],"twitter_card":"summary_large_image","twitter_misc":{"Tiempo de lectura":"2 minutos"},"schema":{"@context":"https:\/\/schema.org","@graph":[{"@type":"WebPage","@id":"https:\/\/cambraterrassa.org\/canal-denuncia-cambraterrassa\/","url":"https:\/\/cambraterrassa.org\/canal-denuncia-cambraterrassa\/","name":"Canal de denuncia de la C\u00e1mara de Comercio de Terrassa - Cambra de Comer\u00e7 de Terrassa","isPartOf":{"@id":"https:\/\/cambraterrassa.org\/#website"},"primaryImageOfPage":{"@id":"https:\/\/cambraterrassa.org\/canal-denuncia-cambraterrassa\/#primaryimage"},"image":{"@id":"https:\/\/cambraterrassa.org\/canal-denuncia-cambraterrassa\/#primaryimage"},"thumbnailUrl":"https:\/\/cambraterrassa.org\/wp-content\/uploads\/2024\/05\/Cambra-fons.webp","datePublished":"2024-09-23T12:10:52+00:00","dateModified":"2025-02-04T09:24:54+00:00","breadcrumb":{"@id":"https:\/\/cambraterrassa.org\/canal-denuncia-cambraterrassa\/#breadcrumb"},"inLanguage":"es","potentialAction":[{"@type":"ReadAction","target":["https:\/\/cambraterrassa.org\/canal-denuncia-cambraterrassa\/"]}]},{"@type":"ImageObject","inLanguage":"es","@id":"https:\/\/cambraterrassa.org\/canal-denuncia-cambraterrassa\/#primaryimage","url":"https:\/\/cambraterrassa.org\/wp-content\/uploads\/2024\/05\/Cambra-fons.webp","contentUrl":"https:\/\/cambraterrassa.org\/wp-content\/uploads\/2024\/05\/Cambra-fons.webp"},{"@type":"BreadcrumbList","@id":"https:\/\/cambraterrassa.org\/canal-denuncia-cambraterrassa\/#breadcrumb","itemListElement":[{"@type":"ListItem","position":1,"name":"Inici","item":"https:\/\/cambraterrassa.org\/"},{"@type":"ListItem","position":2,"name":"Canal denuncia cambraterrassa"}]},{"@type":"WebSite","@id":"https:\/\/cambraterrassa.org\/#website","url":"https:\/\/cambraterrassa.org\/","name":"Cambra de Comer\u00e7 de Terrassa","description":"","potentialAction":[{"@type":"SearchAction","target":{"@type":"EntryPoint","urlTemplate":"https:\/\/cambraterrassa.org\/?s={search_term_string}"},"query-input":{"@type":"PropertyValueSpecification","valueRequired":true,"valueName":"search_term_string"}}],"inLanguage":"es"}]}},"_links":{"self":[{"href":"https:\/\/cambraterrassa.org\/es\/wp-json\/wp\/v2\/pages\/38802","targetHints":{"allow":["GET"]}}],"collection":[{"href":"https:\/\/cambraterrassa.org\/es\/wp-json\/wp\/v2\/pages"}],"about":[{"href":"https:\/\/cambraterrassa.org\/es\/wp-json\/wp\/v2\/types\/page"}],"author":[{"embeddable":true,"href":"https:\/\/cambraterrassa.org\/es\/wp-json\/wp\/v2\/users\/1"}],"replies":[{"embeddable":true,"href":"https:\/\/cambraterrassa.org\/es\/wp-json\/wp\/v2\/comments?post=38802"}],"version-history":[{"count":3,"href":"https:\/\/cambraterrassa.org\/es\/wp-json\/wp\/v2\/pages\/38802\/revisions"}],"predecessor-version":[{"id":38805,"href":"https:\/\/cambraterrassa.org\/es\/wp-json\/wp\/v2\/pages\/38802\/revisions\/38805"}],"wp:attachment":[{"href":"https:\/\/cambraterrassa.org\/es\/wp-json\/wp\/v2\/media?parent=38802"}],"curies":[{"name":"wp","href":"https:\/\/api.w.org\/{rel}","templated":true}]}}