{"id":38764,"date":"2024-09-23T13:22:17","date_gmt":"2024-09-23T11:22:17","guid":{"rendered":"https:\/\/cambraterrassa.org\/perfil-del-contractant\/"},"modified":"2025-02-04T09:51:50","modified_gmt":"2025-02-04T08:51:50","slug":"perfil-del-contratante","status":"publish","type":"page","link":"https:\/\/cambraterrassa.org\/es\/perfil-del-contratante\/","title":{"rendered":"Perfil del contractant"},"content":{"rendered":"\t\t<div data-elementor-type=\"wp-page\" data-elementor-id=\"38764\" class=\"elementor elementor-38764 elementor-32892\" data-elementor-post-type=\"page\">\n\t\t\t\t<div class=\"elementor-element elementor-element-e39fe7e e-con-full e-flex e-con e-parent\" data-id=\"e39fe7e\" data-element_type=\"container\" data-e-type=\"container\">\n\t\t<div class=\"elementor-element elementor-element-baea59c e-con-full e-flex e-con e-child\" data-id=\"baea59c\" data-element_type=\"container\" data-e-type=\"container\" data-settings=\"{&quot;background_background&quot;:&quot;gradient&quot;}\">\n\t\t<div class=\"elementor-element elementor-element-d02a231 e-flex e-con-boxed e-con e-child\" data-id=\"d02a231\" data-element_type=\"container\" data-e-type=\"container\">\n\t\t\t\t\t<div class=\"e-con-inner\">\n\t\t<div class=\"elementor-element elementor-element-e7aee71 e-con-full e-flex e-con e-child\" data-id=\"e7aee71\" data-element_type=\"container\" data-e-type=\"container\">\n\t\t\t\t<div class=\"elementor-element elementor-element-83b2e87 elementor-widget elementor-widget-heading\" data-id=\"83b2e87\" data-element_type=\"widget\" data-e-type=\"widget\" data-widget_type=\"heading.default\">\n\t\t\t\t<div class=\"elementor-widget-container\">\n\t\t\t\t\t<h1 class=\"elementor-heading-title elementor-size-default\">Perfil del contratante<\/h1>\t\t\t\t<\/div>\n\t\t\t\t<\/div>\n\t\t\t\t<\/div>\n\t\t<div class=\"elementor-element elementor-element-aeea4ce e-con-full e-flex e-con e-child\" data-id=\"aeea4ce\" data-element_type=\"container\" data-e-type=\"container\">\n\t\t\t\t<\/div>\n\t\t\t\t\t<\/div>\n\t\t\t\t<\/div>\n\t\t<div class=\"elementor-element elementor-element-05be481 e-con-full e-flex e-con e-child\" data-id=\"05be481\" data-element_type=\"container\" data-e-type=\"container\" data-settings=\"{&quot;position&quot;:&quot;absolute&quot;}\">\n\t\t\t\t<div class=\"elementor-element elementor-element-b5abd02 elementor-widget elementor-widget-image\" data-id=\"b5abd02\" data-element_type=\"widget\" data-e-type=\"widget\" data-widget_type=\"image.default\">\n\t\t\t\t<div class=\"elementor-widget-container\">\n\t\t\t\t\t\t\t\t\t\t\t\t\t\t\t<img fetchpriority=\"high\" decoding=\"async\" width=\"421\" height=\"331\" src=\"https:\/\/cambraterrassa.org\/wp-content\/uploads\/2024\/05\/Cambra-fons.webp\" class=\"attachment-large size-large wp-image-865\" alt=\"Cambra fons\" srcset=\"https:\/\/cambraterrassa.org\/wp-content\/uploads\/2024\/05\/Cambra-fons.webp 421w, https:\/\/cambraterrassa.org\/wp-content\/uploads\/2024\/05\/Cambra-fons-300x236.webp 300w\" sizes=\"(max-width: 421px) 100vw, 421px\" \/>\t\t\t\t\t\t\t\t\t\t\t\t\t\t\t<\/div>\n\t\t\t\t<\/div>\n\t\t\t\t<\/div>\n\t\t\t\t<\/div>\n\t\t\t\t<\/div>\n\t\t<div class=\"elementor-element elementor-element-dc92891 e-flex e-con-boxed e-con e-parent\" data-id=\"dc92891\" data-element_type=\"container\" data-e-type=\"container\">\n\t\t\t\t\t<div class=\"e-con-inner\">\n\t\t<div class=\"elementor-element elementor-element-d17996a e-con-full e-flex e-con e-child\" data-id=\"d17996a\" data-element_type=\"container\" data-e-type=\"container\">\n\t\t<div class=\"elementor-element elementor-element-1e6d382 e-con-full e-flex e-con e-child\" data-id=\"1e6d382\" data-element_type=\"container\" data-e-type=\"container\">\n\t\t\t\t<div class=\"elementor-element elementor-element-061389b elementor-widget elementor-widget-heading\" data-id=\"061389b\" data-element_type=\"widget\" data-e-type=\"widget\" data-widget_type=\"heading.default\">\n\t\t\t\t<div class=\"elementor-widget-container\">\n\t\t\t\t\t<h2 class=\"elementor-heading-title elementor-size-default\">Instrucciones internas de contrataci\u00f3n<\/h2>\t\t\t\t<\/div>\n\t\t\t\t<\/div>\n\t\t\t\t<div class=\"elementor-element elementor-element-189ee07 elementor-widget elementor-widget-text-editor\" data-id=\"189ee07\" data-element_type=\"widget\" data-e-type=\"widget\" data-widget_type=\"text-editor.default\">\n\t\t\t\t<div class=\"elementor-widget-container\">\n\t\t\t\t\t\t\t\t\t<div class=\"wpb_text_column wpb_content_element \"><div class=\"wpb_wrapper\"><p>Las presentes instrucciones han sido aprobadas por el Pleno de la C\u00e1mara en sesi\u00f3n ordinaria celebrada en fecha 24 de noviembre de 2008, tienen por objeto regular los procedimientos de contrataci\u00f3n siendo de obligado cumplimiento y de aplicaci\u00f3n en cualquier contrato que celebre la C\u00e1mara en ejercicio de sus funciones.<\/p><\/div><\/div>\t\t\t\t\t\t\t\t<\/div>\n\t\t\t\t<\/div>\n\t\t\t\t<div class=\"elementor-element elementor-element-3265f67 elementor-align-center elementor-widget elementor-widget-button\" data-id=\"3265f67\" data-element_type=\"widget\" data-e-type=\"widget\" data-widget_type=\"button.default\">\n\t\t\t\t<div class=\"elementor-widget-container\">\n\t\t\t\t\t\t\t\t\t<div class=\"elementor-button-wrapper\">\n\t\t\t\t\t<a class=\"elementor-button elementor-button-link elementor-size-sm elementor-animation-grow\" href=\"https:\/\/cambraterrassa.org\/wp-content\/uploads\/2024\/09\/Instruccions-Internes-de-Contractacio-Cambra-de-Terrassa.pdf\" target=\"_blank\">\n\t\t\t\t\t\t<span class=\"elementor-button-content-wrapper\">\n\t\t\t\t\t\t\t\t\t<span class=\"elementor-button-text\">Instrucciones internas de contrataci\u00f3n<\/span>\n\t\t\t\t\t<\/span>\n\t\t\t\t\t<\/a>\n\t\t\t\t<\/div>\n\t\t\t\t\t\t\t\t<\/div>\n\t\t\t\t<\/div>\n\t\t\t\t<\/div>\n\t\t<div class=\"elementor-element elementor-element-82738d3 e-con-full e-flex e-con e-child\" data-id=\"82738d3\" data-element_type=\"container\" data-e-type=\"container\">\n\t\t\t\t<div class=\"elementor-element elementor-element-db2c363 elementor-widget elementor-widget-html\" data-id=\"db2c363\" data-element_type=\"widget\" data-e-type=\"widget\" data-widget_type=\"html.default\">\n\t\t\t\t<div class=\"elementor-widget-container\">\n\t\t\t\t\t<table>\n<tbody>\n<tr>\n<th class=\"PerfilCapcalera\" style=\"text-align: center;\" valign=\"top\">Expediente<\/th>\n<th class=\"PerfilCapcalera\" style=\"text-align: center;\" valign=\"top\">Objetivo<\/th>\n<th class=\"PerfilCapcalera\" style=\"text-align: center;\" valign=\"top\">Presupuesto<\/th>\n<th class=\"PerfilCapcalera\" style=\"text-align: center;\" valign=\"top\">Fecha de publicaci\u00f3n del anuncio de licitaci\u00f3n<\/th>\n<th class=\"PerfilCapcalera\" style=\"text-align: center;\" valign=\"top\">Fecha de finalizaci\u00f3n de presentaci\u00f3n de ofertas<\/th>\n<th class=\"PerfilCapcalera\" style=\"text-align: center;\" valign=\"top\">Data apertura de ofertas (Sobre 3)<\/th>\n<th class=\"PerfilCapcalera\" style=\"text-align: center;\" valign=\"top\">Adjudicaci\u00f3n definitiva<\/th>\n<th class=\"PerfilCapcalera1\" style=\"text-align: center;\" valign=\"top\">Informaci\u00f3n y documentaci\u00f3n<\/th>\n<\/tr>\n<tr>\n<td class=\"Perfil\" valign=\"top\">24-001<\/td>\n<td class=\"Perfil\" valign=\"top\">Acuerdo marco de Homologaci\u00f3n de proveedores para el Digital Impulso Hub (DIH)<\/td>\n<td class=\"Perfil\" style=\"text-align: center;\" valign=\"top\">450.000&nbsp;\u20ac<\/td>\n<td class=\"Perfil\" style=\"text-align: center;\" valign=\"top\">26\/02\/2024<\/td>\n<td class=\"Perfil\" style=\"text-align: center;\" valign=\"top\">27\/03\/2024<br>\n10:00 horas&nbsp;<p><\/p>\n<p><span style=\"color: #ff0000;\">Ampliaci\u00f3n de terminio<br>\n05\/04\/2024<br>\n10:00 horas<\/span><\/p><\/td>\n<td class=\"Perfil\" style=\"text-align: center;\" valign=\"top\"><\/td>\n<td class=\"Perfil\" style=\"text-align: center;\" valign=\"top\">24\/04\/2024<br>\n<a href=\"https:\/\/cambraterrassa.org\/wp-content\/uploads\/2024\/09\/Anunci-proveidors-homologats-DIH.pdf\" target=\"_blank\" rel=\"noopener\">Acurdo de proveedores homologados<\/a><\/td>\n<td class=\"Perfil1\" style=\"text-align: center;\" valign=\"top\"><a href=\"https:\/\/www.cambraterrassa.org\/perfil-del-contractant\/proces-contractacio-acord-proveidors-digital-impulse-hub\/\">M\u00e1s informaci\u00f3n<\/a><\/td>\n<\/tr>\n<tr>\n<td class=\"Perfil\" valign=\"top\">23-001_4<\/td>\n<td class=\"Perfil\" valign=\"top\">Proceso de contrataci\u00f3n del suministro, instalaci\u00f3n y montaje del equipamiento audiovisual y del mobiliario del proyecto de reforma del edificio de la C\u00e1mara de Terrassa, situado en la calle Blasco de Garay 29-49 de Terrassa, propiedad de la C\u00e1mara Oficial de Comercio, Industria y Servicios de Terrassa.<\/td>\n<td class=\"Perfil\" style=\"text-align: center;\" valign=\"top\">207.121,99 \u20ac<p><\/p>\n<p>(IVA incluido)<\/p><\/td>\n<td class=\"Perfil\" style=\"text-align: center;\" valign=\"top\">18\/01\/2023<\/td>\n<td class=\"Perfil\" style=\"text-align: center;\" valign=\"top\">02\/02\/2023<br>\n13:00 horas<\/td>\n<td class=\"Perfil\" style=\"text-align: center;\" valign=\"top\">07\/02\/2023<br>\n11:00 horas<br>\n<span style=\"color: #ff0000;\">Cambio de hora<\/span><\/td>\n<td class=\"Perfil\" style=\"text-align: center;\" valign=\"top\">21\/02\/2023<br>\n<a href=\"https:\/\/cambraterrassa.org\/wp-content\/uploads\/2024\/09\/Resolucio-Adjudicacio-LOT1-Exp-23_001_4.pdf\" target=\"_blank\" rel=\"noopener\">Resoluci\u00f3 de adjudicaci\u00f3n Lote 1<\/a><br>\n<a href=\"https:\/\/cambraterrassa.org\/wp-content\/uploads\/2024\/09\/Resolucio-Adjudicacio-LOT-2_23_001_4.pdf\" target=\"_blank\" rel=\"noopener\">Resoluci\u00f3n de adjudicaci\u00f3n Lote 2<\/a><\/td>\n<td class=\"Perfil1\" style=\"text-align: center;\" valign=\"top\"><a href=\"https:\/\/www.cambraterrassa.org\/perfil-del-contractant\/proces-de-contractacio-equipament-audiovisual-i-mobiliari\/\">M\u00e1s informaci\u00f3n<\/a><\/td>\n<\/tr>\n<tr>\n<td class=\"Perfil\" valign=\"top\">22-001_3<\/td>\n<td class=\"Perfil\" valign=\"top\">Proceso de contrataci\u00f3n del contrato de obras, para la reforma del edificio de la C\u00e1mara de Terrassa, situado en la calle Blasco de Garay 29- 49 de Terrassa, propiedad de la C\u00e1mara Oficial de Comercio, Industria y Servicios de Terrassa.<\/td>\n<td class=\"Perfil\" style=\"text-align: center;\" valign=\"top\">1.166.848,34 \u20ac<p><\/p>\n<p>(IVA incluido)<\/p><\/td>\n<td class=\"Perfil\" style=\"text-align: center;\" valign=\"top\">26\/08\/2022<\/td>\n<td class=\"Perfil\" style=\"text-align: center;\" valign=\"top\">22\/09\/2022<br>\n13:00 horas<\/td>\n<td class=\"Perfil\" style=\"text-align: center;\" valign=\"top\">27\/09\/2022<br>\n10:00 horas<\/td>\n<td class=\"Perfil\" style=\"text-align: center;\" valign=\"top\">05\/10\/2022<br>\n<a href=\"https:\/\/cambraterrassa.org\/wp-content\/uploads\/2024\/09\/220928_Resolucio-dAdjudicacio.pdf\" target=\"_blank\" rel=\"noopener\">Resoluci\u00f3n de adjudicaci\u00f3n<\/a><\/td>\n<td class=\"Perfil1\" style=\"text-align: center;\" valign=\"top\"><a href=\"https:\/\/www.cambraterrassa.org\/proces-contractacio-contracte-obres-reforma-edifici-cambra-de-terrassa\/\">M\u00e1s informaci\u00f3n<\/a><\/td>\n<\/tr>\n<\/tbody>\n<\/table>\t\t\t\t<\/div>\n\t\t\t\t<\/div>\n\t\t\t\t<\/div>\n\t\t\t\t<\/div>\n\t\t\t\t\t<\/div>\n\t\t\t\t<\/div>\n\t\t<div class=\"elementor-element elementor-element-c6df01a e-flex e-con-boxed e-con e-parent\" data-id=\"c6df01a\" data-element_type=\"container\" data-e-type=\"container\">\n\t\t\t\t\t<div class=\"e-con-inner\">\n\t\t\t\t\t<\/div>\n\t\t\t\t<\/div>\n\t\t\t\t<\/div>\n\t\t","protected":false},"excerpt":{"rendered":"<p>Perfil del contratante Instrucciones internas de contrataci\u00f3n Las presentes instrucciones han sido aprobadas por el Pleno de la C\u00e1mara en sesi\u00f3n ordinaria celebrada en fecha 24 de noviembre de 2008, [&hellip;]<\/p>\n","protected":false},"author":1,"featured_media":0,"parent":0,"menu_order":0,"comment_status":"closed","ping_status":"closed","template":"","meta":{"_acf_changed":false,"content-type":"","site-sidebar-layout":"no-sidebar","site-content-layout":"","ast-site-content-layout":"full-width-container","site-content-style":"default","site-sidebar-style":"default","ast-global-header-display":"","ast-banner-title-visibility":"","ast-main-header-display":"","ast-hfb-above-header-display":"","ast-hfb-below-header-display":"","ast-hfb-mobile-header-display":"","site-post-title":"disabled","ast-breadcrumbs-content":"","ast-featured-img":"disabled","footer-sml-layout":"","ast-disable-related-posts":"","theme-transparent-header-meta":"","adv-header-id-meta":"","stick-header-meta":"","header-above-stick-meta":"","header-main-stick-meta":"","header-below-stick-meta":"","astra-migrate-meta-layouts":"default","ast-page-background-enabled":"default","ast-page-background-meta":{"desktop":{"background-color":"var(--ast-global-color-4)","background-image":"","background-repeat":"repeat","background-position":"center center","background-size":"auto","background-attachment":"scroll","background-type":"","background-media":"","overlay-type":"","overlay-color":"","overlay-opacity":"","overlay-gradient":""},"tablet":{"background-color":"","background-image":"","background-repeat":"repeat","background-position":"center center","background-size":"auto","background-attachment":"scroll","background-type":"","background-media":"","overlay-type":"","overlay-color":"","overlay-opacity":"","overlay-gradient":""},"mobile":{"background-color":"","background-image":"","background-repeat":"repeat","background-position":"center center","background-size":"auto","background-attachment":"scroll","background-type":"","background-media":"","overlay-type":"","overlay-color":"","overlay-opacity":"","overlay-gradient":""}},"ast-content-background-meta":{"desktop":{"background-color":"var(--ast-global-color-5)","background-image":"","background-repeat":"repeat","background-position":"center center","background-size":"auto","background-attachment":"scroll","background-type":"","background-media":"","overlay-type":"","overlay-color":"","overlay-opacity":"","overlay-gradient":""},"tablet":{"background-color":"var(--ast-global-color-5)","background-image":"","background-repeat":"repeat","background-position":"center center","background-size":"auto","background-attachment":"scroll","background-type":"","background-media":"","overlay-type":"","overlay-color":"","overlay-opacity":"","overlay-gradient":""},"mobile":{"background-color":"var(--ast-global-color-5)","background-image":"","background-repeat":"repeat","background-position":"center center","background-size":"auto","background-attachment":"scroll","background-type":"","background-media":"","overlay-type":"","overlay-color":"","overlay-opacity":"","overlay-gradient":""}},"footnotes":""},"class_list":["post-38764","page","type-page","status-publish","hentry"],"acf":[],"yoast_head":"<title>Perfil del contratante - Cambra de Comer\u00e7 de Terrassa<\/title>\n<meta name=\"robots\" content=\"index, follow, max-snippet:-1, max-image-preview:large, max-video-preview:-1\" \/>\n<link rel=\"canonical\" href=\"https:\/\/cambraterrassa.org\/es\/wp-json\/wp\/v2\/pages\/38764\/\" \/>\n<meta property=\"og:locale\" content=\"es_ES\" \/>\n<meta property=\"og:type\" content=\"article\" \/>\n<meta property=\"og:title\" content=\"Perfil del contratante - Cambra de Comer\u00e7 de Terrassa\" \/>\n<meta property=\"og:description\" content=\"Perfil del contratante Instrucciones internas de contrataci\u00f3n Las presentes instrucciones han sido aprobadas por el Pleno de la C\u00e1mara en sesi\u00f3n ordinaria celebrada en fecha 24 de noviembre de 2008, [&hellip;]\" \/>\n<meta property=\"og:url\" content=\"https:\/\/cambraterrassa.org\/perfil-del-contractant\/\" \/>\n<meta property=\"og:site_name\" content=\"Cambra de Comer\u00e7 de Terrassa\" \/>\n<meta property=\"article:modified_time\" content=\"2025-02-04T08:51:50+00:00\" \/>\n<meta property=\"og:image\" content=\"https:\/\/cambraterrassa.org\/wp-content\/uploads\/2024\/05\/Cambra-fons.webp\" \/>\n\t<meta property=\"og:image:width\" content=\"421\" \/>\n\t<meta property=\"og:image:height\" content=\"331\" \/>\n\t<meta property=\"og:image:type\" content=\"image\/webp\" \/>\n<meta name=\"twitter:card\" content=\"summary_large_image\" \/>\n<meta name=\"twitter:label1\" content=\"Tiempo de lectura\" \/>\n\t<meta name=\"twitter:data1\" content=\"2 minutos\" \/>\n<script type=\"application\/ld+json\" class=\"yoast-schema-graph\">{\"@context\":\"https:\\\/\\\/schema.org\",\"@graph\":[{\"@type\":\"WebPage\",\"@id\":\"https:\\\/\\\/cambraterrassa.org\\\/perfil-del-contractant\\\/\",\"url\":\"https:\\\/\\\/cambraterrassa.org\\\/perfil-del-contractant\\\/\",\"name\":\"Perfil del contratante - Cambra de Comer\u00e7 de Terrassa\",\"isPartOf\":{\"@id\":\"https:\\\/\\\/cambraterrassa.org\\\/#website\"},\"primaryImageOfPage\":{\"@id\":\"https:\\\/\\\/cambraterrassa.org\\\/perfil-del-contractant\\\/#primaryimage\"},\"image\":{\"@id\":\"https:\\\/\\\/cambraterrassa.org\\\/perfil-del-contractant\\\/#primaryimage\"},\"thumbnailUrl\":\"https:\\\/\\\/cambraterrassa.org\\\/wp-content\\\/uploads\\\/2024\\\/05\\\/Cambra-fons.webp\",\"datePublished\":\"2024-09-23T11:22:17+00:00\",\"dateModified\":\"2025-02-04T08:51:50+00:00\",\"breadcrumb\":{\"@id\":\"https:\\\/\\\/cambraterrassa.org\\\/perfil-del-contractant\\\/#breadcrumb\"},\"inLanguage\":\"es\",\"potentialAction\":[{\"@type\":\"ReadAction\",\"target\":[\"https:\\\/\\\/cambraterrassa.org\\\/perfil-del-contractant\\\/\"]}]},{\"@type\":\"ImageObject\",\"inLanguage\":\"es\",\"@id\":\"https:\\\/\\\/cambraterrassa.org\\\/perfil-del-contractant\\\/#primaryimage\",\"url\":\"https:\\\/\\\/cambraterrassa.org\\\/wp-content\\\/uploads\\\/2024\\\/05\\\/Cambra-fons.webp\",\"contentUrl\":\"https:\\\/\\\/cambraterrassa.org\\\/wp-content\\\/uploads\\\/2024\\\/05\\\/Cambra-fons.webp\"},{\"@type\":\"BreadcrumbList\",\"@id\":\"https:\\\/\\\/cambraterrassa.org\\\/perfil-del-contractant\\\/#breadcrumb\",\"itemListElement\":[{\"@type\":\"ListItem\",\"position\":1,\"name\":\"Inici\",\"item\":\"https:\\\/\\\/cambraterrassa.org\\\/\"},{\"@type\":\"ListItem\",\"position\":2,\"name\":\"Perfil del contractant\"}]},{\"@type\":\"WebSite\",\"@id\":\"https:\\\/\\\/cambraterrassa.org\\\/#website\",\"url\":\"https:\\\/\\\/cambraterrassa.org\\\/\",\"name\":\"Cambra de Comer\u00e7 de Terrassa\",\"description\":\"\",\"potentialAction\":[{\"@type\":\"SearchAction\",\"target\":{\"@type\":\"EntryPoint\",\"urlTemplate\":\"https:\\\/\\\/cambraterrassa.org\\\/?s={search_term_string}\"},\"query-input\":{\"@type\":\"PropertyValueSpecification\",\"valueRequired\":true,\"valueName\":\"search_term_string\"}}],\"inLanguage\":\"es\"}]}<\/script>","yoast_head_json":{"title":"Perfil del contratante - Cambra de Comer\u00e7 de Terrassa","robots":{"index":"index","follow":"follow","max-snippet":"max-snippet:-1","max-image-preview":"max-image-preview:large","max-video-preview":"max-video-preview:-1"},"canonical":"https:\/\/cambraterrassa.org\/es\/wp-json\/wp\/v2\/pages\/38764\/","og_locale":"es_ES","og_type":"article","og_title":"Perfil del contratante - Cambra de Comer\u00e7 de Terrassa","og_description":"Perfil del contratante Instrucciones internas de contrataci\u00f3n Las presentes instrucciones han sido aprobadas por el Pleno de la C\u00e1mara en sesi\u00f3n ordinaria celebrada en fecha 24 de noviembre de 2008, [&hellip;]","og_url":"https:\/\/cambraterrassa.org\/perfil-del-contractant\/","og_site_name":"Cambra de Comer\u00e7 de Terrassa","article_modified_time":"2025-02-04T08:51:50+00:00","og_image":[{"width":421,"height":331,"url":"https:\/\/cambraterrassa.org\/wp-content\/uploads\/2024\/05\/Cambra-fons.webp","type":"image\/webp"}],"twitter_card":"summary_large_image","twitter_misc":{"Tiempo de lectura":"2 minutos"},"schema":{"@context":"https:\/\/schema.org","@graph":[{"@type":"WebPage","@id":"https:\/\/cambraterrassa.org\/perfil-del-contractant\/","url":"https:\/\/cambraterrassa.org\/perfil-del-contractant\/","name":"Perfil del contratante - Cambra de Comer\u00e7 de Terrassa","isPartOf":{"@id":"https:\/\/cambraterrassa.org\/#website"},"primaryImageOfPage":{"@id":"https:\/\/cambraterrassa.org\/perfil-del-contractant\/#primaryimage"},"image":{"@id":"https:\/\/cambraterrassa.org\/perfil-del-contractant\/#primaryimage"},"thumbnailUrl":"https:\/\/cambraterrassa.org\/wp-content\/uploads\/2024\/05\/Cambra-fons.webp","datePublished":"2024-09-23T11:22:17+00:00","dateModified":"2025-02-04T08:51:50+00:00","breadcrumb":{"@id":"https:\/\/cambraterrassa.org\/perfil-del-contractant\/#breadcrumb"},"inLanguage":"es","potentialAction":[{"@type":"ReadAction","target":["https:\/\/cambraterrassa.org\/perfil-del-contractant\/"]}]},{"@type":"ImageObject","inLanguage":"es","@id":"https:\/\/cambraterrassa.org\/perfil-del-contractant\/#primaryimage","url":"https:\/\/cambraterrassa.org\/wp-content\/uploads\/2024\/05\/Cambra-fons.webp","contentUrl":"https:\/\/cambraterrassa.org\/wp-content\/uploads\/2024\/05\/Cambra-fons.webp"},{"@type":"BreadcrumbList","@id":"https:\/\/cambraterrassa.org\/perfil-del-contractant\/#breadcrumb","itemListElement":[{"@type":"ListItem","position":1,"name":"Inici","item":"https:\/\/cambraterrassa.org\/"},{"@type":"ListItem","position":2,"name":"Perfil del contractant"}]},{"@type":"WebSite","@id":"https:\/\/cambraterrassa.org\/#website","url":"https:\/\/cambraterrassa.org\/","name":"Cambra de Comer\u00e7 de Terrassa","description":"","potentialAction":[{"@type":"SearchAction","target":{"@type":"EntryPoint","urlTemplate":"https:\/\/cambraterrassa.org\/?s={search_term_string}"},"query-input":{"@type":"PropertyValueSpecification","valueRequired":true,"valueName":"search_term_string"}}],"inLanguage":"es"}]}},"_links":{"self":[{"href":"https:\/\/cambraterrassa.org\/es\/wp-json\/wp\/v2\/pages\/38764","targetHints":{"allow":["GET"]}}],"collection":[{"href":"https:\/\/cambraterrassa.org\/es\/wp-json\/wp\/v2\/pages"}],"about":[{"href":"https:\/\/cambraterrassa.org\/es\/wp-json\/wp\/v2\/types\/page"}],"author":[{"embeddable":true,"href":"https:\/\/cambraterrassa.org\/es\/wp-json\/wp\/v2\/users\/1"}],"replies":[{"embeddable":true,"href":"https:\/\/cambraterrassa.org\/es\/wp-json\/wp\/v2\/comments?post=38764"}],"version-history":[{"count":0,"href":"https:\/\/cambraterrassa.org\/es\/wp-json\/wp\/v2\/pages\/38764\/revisions"}],"wp:attachment":[{"href":"https:\/\/cambraterrassa.org\/es\/wp-json\/wp\/v2\/media?parent=38764"}],"curies":[{"name":"wp","href":"https:\/\/api.w.org\/{rel}","templated":true}]}}